{"id":5028,"date":"2023-03-17T07:25:56","date_gmt":"2023-03-17T14:25:56","guid":{"rendered":"https:\/\/beacheden.com\/uncategorized\/womens-fashion-outer-wear-package-head-hole-shoes\/"},"modified":"2025-11-01T13:58:25","modified_gmt":"2025-11-01T20:58:25","slug":"chaussures-femmes-mode-outer-wear-package-head-hole-shoes","status":"publish","type":"product","link":"https:\/\/beacheden.com\/fr\/chaussures-femmes-mode-outer-wear-package-head-hole-shoes\/","title":{"rendered":"Chaussures \u00e0 t\u00eate trou\u00e9e pour femmes \u00e0 la mode de l'ext\u00e9rieur"},"content":{"rendered":"<p>\n <b>Informations sur le produit :<\/b><br \/>\n \n<\/p>\n<p>\n \u00c9l\u00e9ments populaires : \u00e9vider<br \/>\n <br \/>\n Mati\u00e8re sup\u00e9rieure : EVA<br \/>\n <br \/>\n Mat\u00e9riau de la semelle : EVA<br \/>\n <br \/>\n Processus unique : <a href=\"https:\/\/beacheden.com\/fr\/pantoufles-a-semelle-epaisse-a-la-mode-feminine-pour-la-salle-de-bains-antiderapantes-et-desodorisantes\/?wmc-currency=EUR\" title=\"Pantoufles \u00e0 semelles \u00e9paisses antid\u00e9rapantes pour femmes dans la salle de bain\" target=\"_blank\" rel=\"noopener\"  data-wpil-monitor-id=\"194\">chaussures de moulage par injection<\/a><br \/>\n <br \/>\n Fonction : Antid\u00e9rapant, r\u00e9sistant \u00e0 l'usure<br \/>\n <br \/>\n Size:35-36,37-38,39-40,41-42,43-44,45-46\n<\/p>\n<p>\n <br \/>\n <b>Informations sur la taille :<\/b><br \/>\n <br \/>\n <img decoding=\"async\" src=\"https:\/\/cc-west-usa.oss-accelerate.aliyuncs.com\/fcc58139-169b-46ba-b214-c546c8879fbf.png\" style=\"max-width:100%\" alt=\"\"><\/p>\n<p>\n <b>Liste d'emballage :<\/b>\n<\/p>\n<p>\n Chaussons*1(Paire)<br \/>\n <br \/>\n Accessoires*1(Set)\n<\/p>\n<p>\n \n<\/p>\n<p>\n <b>Image du produit :<\/b>\n<\/p>\n<p>\n <img decoding=\"async\" src=\"https:\/\/cc-west-usa.oss-accelerate.aliyuncs.com\/1653b0c3-ad8d-4eb1-abad-e230365bd707.jpg\" style=\"max-width:100%\" alt=\"\"><br \/>\n <img decoding=\"async\" src=\"https:\/\/cc-west-usa.oss-accelerate.aliyuncs.com\/4e57d08f-fd91-4cb3-bc52-5dc9223e8f57.jpg\" style=\"max-width: 100%\" alt=\"\"><br \/>\n <img decoding=\"async\" src=\"https:\/\/cc-west-usa.oss-accelerate.aliyuncs.com\/36c75b5d-1859-4d76-b32c-83801f35a120.jpg\" style=\"max-width: 100%\" alt=\"\"><br \/>\n <img decoding=\"async\" src=\"https:\/\/cc-west-usa.oss-accelerate.aliyuncs.com\/2d336edc-564c-405a-b93c-ef7fa2fb77b2.jpg\" style=\"max-width: 100%\" alt=\"\"><br \/>\n <img decoding=\"async\" src=\"https:\/\/cc-west-usa.oss-accelerate.aliyuncs.com\/07189edf-0dd1-465d-b770-cee1b5a08fb8.jpg\" style=\"max-width: 100%\" alt=\"\"><br \/>\n <img decoding=\"async\" src=\"https:\/\/cc-west-usa.oss-accelerate.aliyuncs.com\/6871c783-36fd-4d60-94f3-d72ab0e38574.jpg\" style=\"max-width: 100%\" alt=\"\"><br \/>\n <img decoding=\"async\" src=\"https:\/\/cc-west-usa.oss-accelerate.aliyuncs.com\/88c31c09-ca17-43c8-8f7a-e4725fecab37.jpg\" style=\"max-width: 100%\" alt=\"\"><br \/>\n <img decoding=\"async\" src=\"https:\/\/cc-west-usa.oss-accelerate.aliyuncs.com\/bac146ea-d8b9-4370-9eff-cd3f8014cf96.jpg\" style=\"max-width: 100%\" alt=\"\"><br \/>\n <img decoding=\"async\" src=\"https:\/\/cc-west-usa.oss-accelerate.aliyuncs.com\/842bb899-8980-4d6b-97dd-cf5b66543704.jpg\" style=\"max-width: 100%\" alt=\"\"><br \/>\n <\/p>","protected":false},"excerpt":{"rendered":"<p>Informations sur le produit : \u00c9l\u00e9ments populaires : creux Mat\u00e9riau sup\u00e9rieur : EVA Mat\u00e9riau de la semelle : EVA Proc\u00e9d\u00e9 de semelle : moulage par injection Fonction : Antid\u00e9rapant, r\u00e9sistant \u00e0 l'usure Taille:35-36,37-38,39-40,41-42,43-44,45-46 Informations sur la taille : Liste d'emballage : Chaussons*1(Paire) Accessoires*1(Set) Image du produit :<\/p>","protected":false},"featured_media":5019,"comment_status":"open","ping_status":"closed","template":"","meta":[],"product_brand":[],"product_cat":[19],"product_tag":[],"class_list":{"0":"post-5028","1":"product","2":"type-product","3":"status-publish","4":"has-post-thumbnail","6":"product_cat-accessories","8":"first","9":"instock","10":"taxable","11":"shipping-taxable","12":"purchasable","13":"product-type-variable"},"_links":{"self":[{"href":"https:\/\/beacheden.com\/fr\/wp-json\/wp\/v2\/product\/5028","targetHints":{"allow":["GET"]}}],"collection":[{"href":"https:\/\/beacheden.com\/fr\/wp-json\/wp\/v2\/product"}],"about":[{"href":"https:\/\/beacheden.com\/fr\/wp-json\/wp\/v2\/types\/product"}],"replies":[{"embeddable":true,"href":"https:\/\/beacheden.com\/fr\/wp-json\/wp\/v2\/comments?post=5028"}],"wp:featuredmedia":[{"embeddable":true,"href":"https:\/\/beacheden.com\/fr\/wp-json\/wp\/v2\/media\/5019"}],"wp:attachment":[{"href":"https:\/\/beacheden.com\/fr\/wp-json\/wp\/v2\/media?parent=5028"}],"wp:term":[{"taxonomy":"product_brand","embeddable":true,"href":"https:\/\/beacheden.com\/fr\/wp-json\/wp\/v2\/product_brand?post=5028"},{"taxonomy":"product_cat","embeddable":true,"href":"https:\/\/beacheden.com\/fr\/wp-json\/wp\/v2\/product_cat?post=5028"},{"taxonomy":"product_tag","embeddable":true,"href":"https:\/\/beacheden.com\/fr\/wp-json\/wp\/v2\/product_tag?post=5028"}],"curies":[{"name":"wp","href":"https:\/\/api.w.org\/{rel}","templated":true}]}}