{"id":4994,"date":"2023-03-17T07:22:39","date_gmt":"2023-03-17T14:22:39","guid":{"rendered":"https:\/\/beacheden.com\/uncategorized\/bubble-slippers-summer-flip-flops-women-indoor-outdoor-flat-sandals-beach-shoes\/"},"modified":"2023-03-17T07:23:34","modified_gmt":"2023-03-17T14:23:34","slug":"chaussons-a-bulles-tongs-dete-tongs-dexterieur-femmes-sandales-plates-de-plage","status":"publish","type":"product","link":"https:\/\/beacheden.com\/fr\/chaussons-a-bulles-tongs-dete-tongs-dexterieur-femmes-sandales-plates-de-plage\/","title":{"rendered":"Pantoufles \u00e0 bulles Tongs d'\u00e9t\u00e9 Tongs d'int\u00e9rieur Tongs d'ext\u00e9rieur Sandales plates Chaussures de plage"},"content":{"rendered":"<p>\n <b>Vue d'ensemble :<\/b><br \/>\n <br \/>\n Design unique, \u00e9l\u00e9gant et beau.<br \/>\n <br \/>\n Bonne mati\u00e8re, port confortable.<br \/>\n <br \/>\n Une vari\u00e9t\u00e9 de couleurs, au choix.<br \/>\n <b><br \/>\n  <br \/>\n <\/b>\n<\/p>\n<p>\n <b>Informations sur le produit :<\/b><br \/>\n <br \/>\n Cat\u00e9gorie de produits : Type de chevrons<br \/>\n <br \/>\n \u00c2ge d'application : adulte<br \/>\n <br \/>\n Style : D\u00e9contract\u00e9<br \/>\n <br \/>\n \u00c9l\u00e9ments populaires : Autres<br \/>\n <br \/>\n Mati\u00e8re sup\u00e9rieure :PVC<br \/>\n <br \/>\n Mat\u00e9riau de la semelle :PVC<br \/>\n <br \/>\n Motif : Couleur unie<br \/>\n <br \/>\n Sc\u00e9nario applicable : occasionnel<br \/>\n <br \/>\n Technologie des semelles : chaussures moul\u00e9es par injection<br \/>\n <br \/>\n Tailles :36\/37,38\/39,40\/41\n<\/p>\n<p>\n <img decoding=\"async\" src=\"https:\/\/cc-west-usa.oss-accelerate.aliyuncs.com\/f0d8cf08-9d22-452e-929a-88a08f7bdb41.jpg\" style=\"max-width:100%\" alt=\"\"><br \/>\n <b><br \/>\n  <br \/>\n <\/b>\n<\/p>\n<p>\n <b>Liste d'emballage : <\/b><br \/>\n 1* Pantoufles\n<\/p>\n<p>\n <img decoding=\"async\" src=\"https:\/\/cc-west-usa.oss-accelerate.aliyuncs.com\/da44f857-6e28-4684-aa48-a09749c3f33e.jpg\" style=\"max-width:100%\" alt=\"\"><br \/>\n \n<\/p>\n<p>\n <img decoding=\"async\" src=\"https:\/\/cc-west-usa.oss-accelerate.aliyuncs.com\/d61ab6aa-069f-4956-a190-ca358c59b276.jpg\" style=\"max-width:100%\" alt=\"\"><br \/>\n <br \/>\n <img decoding=\"async\" src=\"https:\/\/cc-west-usa.oss-accelerate.aliyuncs.com\/e1d0101e-29bb-4704-a9ea-263ab86ec4e4.jpg\" style=\"max-width:100%\" alt=\"\"><br \/>\n \n<\/p>\n<p>\n <img decoding=\"async\" src=\"https:\/\/cc-west-usa.oss-accelerate.aliyuncs.com\/b001ac41-1fd1-413d-8870-675ad9243ab3.jpg\" style=\"max-width:100%\" alt=\"\"><br \/>\n <br \/>\n <img decoding=\"async\" src=\"https:\/\/cc-west-usa.oss-accelerate.aliyuncs.com\/70edb7d3-5d61-4385-9441-691a274119d8.jpg\" style=\"max-width:100%\" alt=\"\"><br \/>\n \n<\/p>\n<p>\n <img decoding=\"async\" src=\"https:\/\/cc-west-usa.oss-accelerate.aliyuncs.com\/1c306799-4362-48e2-97a1-cc4e3e4c33e1.jpg\" style=\"max-width:100%\" alt=\"\"><br \/>\n <br \/>\n <img decoding=\"async\" src=\"https:\/\/cc-west-usa.oss-accelerate.aliyuncs.com\/75ab726f-6b44-40fc-9010-c374b80bbc55.jpg\" style=\"max-width:100%\" alt=\"\"><br \/>\n <br \/>\n <img decoding=\"async\" src=\"https:\/\/cc-west-usa.oss-accelerate.aliyuncs.com\/ed81f386-ac9f-421a-94fd-5e834d18861a.jpg\" style=\"max-width:100%\" alt=\"\"><\/p>","protected":false},"excerpt":{"rendered":"<p>Vue d'ensemble : Un design unique, \u00e9l\u00e9gant et beau. Mat\u00e9riau de qualit\u00e9, confortable \u00e0 porter. Une vari\u00e9t\u00e9 de couleurs, au choix. Informations sur le produit : Cat\u00e9gorie de produit : Type de chevrons \u00c2ge concern\u00e9 : adulte Style : Casual \u00c9l\u00e9ments populaires : Autres Mat\u00e9riau sup\u00e9rieur :PVC Mat\u00e9riau de la semelle :PVC Motif : Couleur unie Sc\u00e9nario applicable : d\u00e9contract\u00e9 Technologie de semelle : chaussures moul\u00e9es par injection Tailles :36\/37,38\/39,40\/41 Liste d'emballage : 1* Pantoufles<\/p>","protected":false},"featured_media":4974,"comment_status":"open","ping_status":"closed","template":"","meta":[],"product_brand":[],"product_cat":[19],"product_tag":[],"class_list":{"0":"post-4994","1":"product","2":"type-product","3":"status-publish","4":"has-post-thumbnail","6":"product_cat-accessories","8":"first","9":"instock","10":"taxable","11":"shipping-taxable","12":"purchasable","13":"product-type-variable"},"_links":{"self":[{"href":"https:\/\/beacheden.com\/fr\/wp-json\/wp\/v2\/product\/4994","targetHints":{"allow":["GET"]}}],"collection":[{"href":"https:\/\/beacheden.com\/fr\/wp-json\/wp\/v2\/product"}],"about":[{"href":"https:\/\/beacheden.com\/fr\/wp-json\/wp\/v2\/types\/product"}],"replies":[{"embeddable":true,"href":"https:\/\/beacheden.com\/fr\/wp-json\/wp\/v2\/comments?post=4994"}],"wp:featuredmedia":[{"embeddable":true,"href":"https:\/\/beacheden.com\/fr\/wp-json\/wp\/v2\/media\/4974"}],"wp:attachment":[{"href":"https:\/\/beacheden.com\/fr\/wp-json\/wp\/v2\/media?parent=4994"}],"wp:term":[{"taxonomy":"product_brand","embeddable":true,"href":"https:\/\/beacheden.com\/fr\/wp-json\/wp\/v2\/product_brand?post=4994"},{"taxonomy":"product_cat","embeddable":true,"href":"https:\/\/beacheden.com\/fr\/wp-json\/wp\/v2\/product_cat?post=4994"},{"taxonomy":"product_tag","embeddable":true,"href":"https:\/\/beacheden.com\/fr\/wp-json\/wp\/v2\/product_tag?post=4994"}],"curies":[{"name":"wp","href":"https:\/\/api.w.org\/{rel}","templated":true}]}}