{"id":4935,"date":"2023-03-17T07:20:48","date_gmt":"2023-03-17T14:20:48","guid":{"rendered":"https:\/\/beacheden.com\/uncategorized\/thick-soles-for-womens-household-bathroom\/"},"modified":"2023-03-17T07:22:31","modified_gmt":"2023-03-17T14:22:31","slug":"semelles-epaisses-pour-salle-de-bain-feminine","status":"publish","type":"product","link":"https:\/\/beacheden.com\/fr\/semelles-epaisses-pour-salle-de-bain-feminine\/","title":{"rendered":"Semelles \u00e9paisses pour la salle de bains des femmes"},"content":{"rendered":"<p>\n <b>Vue d'ensemble :<\/b><br \/>\n <br \/>\n Design unique, \u00e9l\u00e9gant et beau.<br \/>\n <br \/>\n Bonne mati\u00e8re, pieds confortables.<br \/>\n <br \/>\n A <a href=\"https:\/\/beacheden.com\/fr\/nouvelles-pantoufles-eva-a-semelle-epaisse-pour-le-tir-de-rue\/?wmc-currency=EUR\" title=\"Nouveau Street Shooting Fashion Thick Sole EVA Slippers\" target=\"_blank\" rel=\"noopener\"  data-wpil-monitor-id=\"203\">vari\u00e9t\u00e9 de couleurs<\/a>, au choix.<\/p>\n<p> <b>Sp\u00e9cification :<\/b><br \/>\n \n<\/p>\n<p>\n Mat\u00e9riau de la semelle : EVA<br \/>\n <br \/>\n Fonction : respirant, absorption des chocs<br \/>\n <br \/>\n Technologie de semelle : <a href=\"https:\/\/beacheden.com\/fr\/pantoufles-a-semelle-epaisse-a-la-mode-feminine-pour-la-salle-de-bains-antiderapantes-et-desodorisantes\/?wmc-currency=EUR\" title=\"Pantoufles \u00e0 semelles \u00e9paisses antid\u00e9rapantes pour femmes dans la salle de bain\" target=\"_blank\" rel=\"noopener\"  data-wpil-monitor-id=\"193\">chaussures de moulage par injection<\/a><br \/>\n <br \/>\n Couleur : vert, rose, jaune, orange, blanc, noir, serpilli\u00e8re de salle de bain - al\u00e9atoire<br \/>\n <br \/>\n Taille : 36-37, 38-39, 40-41, 42-43, 44-45\n<\/p>\n<p>\n \n<\/p>\n<p>\n <b>Informations sur la taille :<\/b>\n<\/p>\n<p>\n <img decoding=\"async\" src=\"https:\/\/cc-west-usa.oss-accelerate.aliyuncs.com\/ad4228d5-aff8-478a-a2fc-82b3ceefdd6c.png\" style=\"max-width:100%\" width=\"481\" height=\"261.34\" alt=\"\">\n<\/p>\n<p>\n <br \/>\n <b>Contenu de l'emballage :<\/b><br \/>\n <br \/>\n 1 paire de chaussures\n<\/p>\n<p>\n \n<\/p>\n<p>\n <img decoding=\"async\" src=\"https:\/\/cc-west-usa.oss-accelerate.aliyuncs.com\/c21f7505-9042-49db-b8fc-725a1e175ffa.jpg\" style=\"max-width:100%\" alt=\"\"><br \/>\n <img decoding=\"async\" src=\"https:\/\/cc-west-usa.oss-accelerate.aliyuncs.com\/e1ace8d6-045c-495b-b4b8-b97dd793a41e.jpg\" style=\"max-width: 100%\" alt=\"\"><br \/>\n <img decoding=\"async\" src=\"https:\/\/cc-west-usa.oss-accelerate.aliyuncs.com\/ba3144af-1651-4480-bd4b-d90fe188cdff.jpg\" style=\"max-width: 100%\" alt=\"\"><br \/>\n <img decoding=\"async\" src=\"https:\/\/cc-west-usa.oss-accelerate.aliyuncs.com\/582f255d-1e0e-413d-ac2f-3a1e202e2e0d.jpg\" style=\"max-width: 100%\" alt=\"\"><br \/>\n <img decoding=\"async\" src=\"https:\/\/cc-west-usa.oss-accelerate.aliyuncs.com\/fa8631ff-c4d9-48e7-b37f-d87373dc68d3.jpg\" style=\"max-width: 100%\" alt=\"\"><br \/>\n <img decoding=\"async\" src=\"https:\/\/cc-west-usa.oss-accelerate.aliyuncs.com\/e25f6913-1967-4679-a142-9f24605ee510.jpg\" style=\"max-width: 100%\" alt=\"\"><br \/>\n <img decoding=\"async\" src=\"https:\/\/cc-west-usa.oss-accelerate.aliyuncs.com\/15a00758-5acd-4c9f-ac1b-ee2c8fbd06b9.jpg\" style=\"max-width: 100%\" alt=\"\"><br \/>\n <img decoding=\"async\" src=\"https:\/\/cc-west-usa.oss-accelerate.aliyuncs.com\/50f903c2-97ad-49e5-8ccb-72c4817fc0f1.jpg\" style=\"max-width: 100%\" alt=\"\"><br \/>\n \n<\/p>\n<p>\n <img decoding=\"async\" src=\"https:\/\/cc-west-usa.oss-accelerate.aliyuncs.com\/92a6cacf-102c-469f-9ec2-1d12f782d4f9.png\" style=\"max-width:100%\" alt=\"\"><br \/>\n <img decoding=\"async\" src=\"https:\/\/cc-west-usa.oss-accelerate.aliyuncs.com\/b7aedfe8-fe60-4c8f-8764-eabc0ed07e2f.png\" style=\"max-width: 100%\" alt=\"\"><br \/>\n <\/p>","protected":false},"excerpt":{"rendered":"<p>Overview: Unique design, stylish and beautiful. Good material, comfortable feet. A variety of colors, any choice. Specification: Sole material: EVA Function: breathable, shock absorption Sole technology: injection molding shoes Color: green, pink, yellow, orange, white, black, bathroom mop &#8211; random Size: 36-37, 38-39, 40-41, 42-43, 44-45 Size information: Package Content: 1 pair x shoes<\/p>","protected":false},"featured_media":4928,"comment_status":"open","ping_status":"closed","template":"","meta":[],"product_brand":[],"product_cat":[19],"product_tag":[],"class_list":{"0":"post-4935","1":"product","2":"type-product","3":"status-publish","4":"has-post-thumbnail","6":"product_cat-accessories","8":"first","9":"instock","10":"taxable","11":"shipping-taxable","12":"purchasable","13":"product-type-variable"},"_links":{"self":[{"href":"https:\/\/beacheden.com\/fr\/wp-json\/wp\/v2\/product\/4935","targetHints":{"allow":["GET"]}}],"collection":[{"href":"https:\/\/beacheden.com\/fr\/wp-json\/wp\/v2\/product"}],"about":[{"href":"https:\/\/beacheden.com\/fr\/wp-json\/wp\/v2\/types\/product"}],"replies":[{"embeddable":true,"href":"https:\/\/beacheden.com\/fr\/wp-json\/wp\/v2\/comments?post=4935"}],"wp:featuredmedia":[{"embeddable":true,"href":"https:\/\/beacheden.com\/fr\/wp-json\/wp\/v2\/media\/4928"}],"wp:attachment":[{"href":"https:\/\/beacheden.com\/fr\/wp-json\/wp\/v2\/media?parent=4935"}],"wp:term":[{"taxonomy":"product_brand","embeddable":true,"href":"https:\/\/beacheden.com\/fr\/wp-json\/wp\/v2\/product_brand?post=4935"},{"taxonomy":"product_cat","embeddable":true,"href":"https:\/\/beacheden.com\/fr\/wp-json\/wp\/v2\/product_cat?post=4935"},{"taxonomy":"product_tag","embeddable":true,"href":"https:\/\/beacheden.com\/fr\/wp-json\/wp\/v2\/product_tag?post=4935"}],"curies":[{"name":"wp","href":"https:\/\/api.w.org\/{rel}","templated":true}]}}