{"id":4387,"date":"2023-03-17T06:33:31","date_gmt":"2023-03-17T13:33:31","guid":{"rendered":"https:\/\/beacheden.com\/uncategorized\/printed-swimsuit-sexy-digital-bikini-three-piece-set\/"},"modified":"2025-11-01T14:06:17","modified_gmt":"2025-11-01T21:06:17","slug":"bikini-a-imprime-geometrique","status":"publish","type":"product","link":"https:\/\/beacheden.com\/fr\/bikini-a-imprime-geometrique\/","title":{"rendered":"Maillot de bain imprim\u00e9 bikini num\u00e9rique sexy trois pi\u00e8ces"},"content":{"rendered":"<p>Faites des vagues cette saison avec le <strong>Bikini \u00e0 imprim\u00e9 g\u00e9om\u00e9trique <\/strong>, Ce bikini est un ajout indispensable \u00e0 votre collection de maillots de bain. Con\u00e7u pour celles qui aiment exprimer leur style unique, ce bikini pr\u00e9sente des motifs g\u00e9om\u00e9triques audacieux qui attirent le regard et flattent toutes les silhouettes. Fabriqu\u00e9 dans un tissu de haute qualit\u00e9 \u00e0 s\u00e9chage rapide, il assure un confort tout au long de la journ\u00e9e tout en conservant son aspect vibrant. Le bikini <a href=\"https:\/\/beacheden.com\/fr\/bikinis-dete\/?wmc-currency=EUR\" title=\"Maillot de bain Bikini Push Up pour femmes, couleur unie et fendue, en nylon avec anneaux en acier\" target=\"_blank\" rel=\"noopener\"  data-wpil-monitor-id=\"198\">bretelles r\u00e9glables et ajustement personnalis\u00e9<\/a> offrent une sensation personnalis\u00e9e, tandis que la coupe classique offre \u00e0 la fois soutien et confiance.<\/p>\n<p>Que vous vous pr\u00e9lassiez au bord de la piscine ou que vous preniez le soleil \u00e0 la plage, cette robe Geometric <a href=\"https:\/\/beacheden.com\/fr\/maillot-de-bain-une-piece-push-up\/?wmc-currency=EUR\" title=\"Maillot de bain une pi\u00e8ce pour dames, imprim\u00e9 push up\" target=\"_blank\" rel=\"noopener\"  data-wpil-monitor-id=\"17\">Le bikini imprim\u00e9 est l'accessoire indispensable de l'\u00e9t\u00e9<\/a>. Entrez dans la lumi\u00e8re et embrassez l'\u00e9l\u00e9gance sans effort - parce que vous m\u00e9ritez de briller !<\/p>\n<p>Nom du tissu : soie de lait<br \/>\n<img decoding=\"async\" style=\"max-width: 100%;\" src=\"https:\/\/cc-west-usa.oss-accelerate.aliyuncs.com\/28a0d3d7-4111-4093-9d16-049e694327b0.png\" alt=\"\"><br \/>\n<span style=\"font-size: 14px;\">1. Les tailles asiatiques sont 1 \u00e0 2 tailles plus petites que les tailles europ\u00e9ennes et am\u00e9ricaines. Choisissez la taille la plus grande si votre taille se situe entre deux tailles. Veuillez tenir compte d'une diff\u00e9rence de 2 \u00e0 3 cm due aux mesures manuelles.<\/span><\/p>\n<div>\n2. Si vous ne savez pas comment choisir votre taille, veuillez contacter notre service client\u00e8le.<\/p>\n<p>3. comme vous le savez, les ordinateurs affichent les couleurs diff\u00e9remment, la couleur de l'article r\u00e9el peut varier l\u00e9g\u00e8rement par rapport \u00e0 l'image suivante<br \/>\n<strong><br \/>\n<img loading=\"lazy\" decoding=\"async\" class=\"alignnone\" src=\"https:\/\/cc-west-usa.oss-accelerate.aliyuncs.com\/16778016\/1631636540742569984.jpg\" alt=\"Bikini \u00e0 imprim\u00e9 g\u00e9om\u00e9trique\" width=\"790\" height=\"933\" \/><br \/>\n<\/strong><\/p>\n<\/div>\n<p><strong><br \/>\n<img loading=\"lazy\" decoding=\"async\" src=\"https:\/\/cc-west-usa.oss-accelerate.aliyuncs.com\/16778016\/1631636550410440704.jpg\" alt=\"ind\u00e9fini\" width=\"790\" height=\"790\" \/><\/p>\n<p><img decoding=\"async\" src=\"https:\/\/cc-west-usa.oss-accelerate.aliyuncs.com\/16778016\/1631636556735451136.jpg\" alt=\"ind\u00e9fini\" \/><\/p>\n<p><img decoding=\"async\" src=\"https:\/\/cc-west-usa.oss-accelerate.aliyuncs.com\/16778016\/1631636563396005888.jpg\" alt=\"ind\u00e9fini\" \/><\/p>\n<p><img decoding=\"async\" src=\"https:\/\/cc-west-usa.oss-accelerate.aliyuncs.com\/16778016\/1631636569981063168.jpg\" alt=\"ind\u00e9fini\" \/><\/p>\n<p><img loading=\"lazy\" decoding=\"async\" src=\"https:\/\/cc-west-usa.oss-accelerate.aliyuncs.com\/16778016\/1631636576331239424.jpg\" alt=\"ind\u00e9fini\" width=\"790\" height=\"790\" \/><\/p>\n<p><img loading=\"lazy\" decoding=\"async\" src=\"https:\/\/cc-west-usa.oss-accelerate.aliyuncs.com\/16778016\/1631636582865965056.jpg\" alt=\"ind\u00e9fini\" width=\"790\" height=\"790\" \/><br \/>\n<\/strong><\/p>","protected":false},"excerpt":{"rendered":"<p>Le bikini \u00e0 imprim\u00e9 g\u00e9om\u00e9trique allie des motifs chics \u00e0 une coupe confortable, ce qui le rend id\u00e9al pour les journ\u00e9es \u00e0 la plage. Se d\u00e9marquer avec ce bikini \u00e9l\u00e9gant et <a href=\"https:\/\/beacheden.com\/fr\/maillot-de-bain-indien\/?wmc-currency=EUR\" title=\"Maillot de bain Plus Size Indian Style Bikini pour femmes\" target=\"_blank\" rel=\"noopener\"  data-wpil-monitor-id=\"24\">maillot de bain vibrant con\u00e7u<\/a> pour renforcer la confiance en soi sans effort.<\/p>","protected":false},"featured_media":4380,"comment_status":"open","ping_status":"closed","template":"","meta":[],"product_brand":[],"product_cat":[16],"product_tag":[],"class_list":{"0":"post-4387","1":"product","2":"type-product","3":"status-publish","4":"has-post-thumbnail","6":"product_cat-cover-ups","8":"first","9":"instock","10":"taxable","11":"shipping-taxable","12":"purchasable","13":"product-type-variable"},"_links":{"self":[{"href":"https:\/\/beacheden.com\/fr\/wp-json\/wp\/v2\/product\/4387","targetHints":{"allow":["GET"]}}],"collection":[{"href":"https:\/\/beacheden.com\/fr\/wp-json\/wp\/v2\/product"}],"about":[{"href":"https:\/\/beacheden.com\/fr\/wp-json\/wp\/v2\/types\/product"}],"replies":[{"embeddable":true,"href":"https:\/\/beacheden.com\/fr\/wp-json\/wp\/v2\/comments?post=4387"}],"wp:featuredmedia":[{"embeddable":true,"href":"https:\/\/beacheden.com\/fr\/wp-json\/wp\/v2\/media\/4380"}],"wp:attachment":[{"href":"https:\/\/beacheden.com\/fr\/wp-json\/wp\/v2\/media?parent=4387"}],"wp:term":[{"taxonomy":"product_brand","embeddable":true,"href":"https:\/\/beacheden.com\/fr\/wp-json\/wp\/v2\/product_brand?post=4387"},{"taxonomy":"product_cat","embeddable":true,"href":"https:\/\/beacheden.com\/fr\/wp-json\/wp\/v2\/product_cat?post=4387"},{"taxonomy":"product_tag","embeddable":true,"href":"https:\/\/beacheden.com\/fr\/wp-json\/wp\/v2\/product_tag?post=4387"}],"curies":[{"name":"wp","href":"https:\/\/api.w.org\/{rel}","templated":true}]}}