{"id":4359,"date":"2023-03-17T06:31:58","date_gmt":"2023-03-17T13:31:58","guid":{"rendered":"https:\/\/beacheden.com\/uncategorized\/european-and-american-new-style-womens-long-shawl-print-jumpsuit\/"},"modified":"2025-04-29T03:38:13","modified_gmt":"2025-04-29T10:38:13","slug":"combinaison-longue-a-imprime-chale-pour-femmes","status":"publish","type":"product","link":"https:\/\/beacheden.com\/fr\/combinaison-longue-a-imprime-chale-pour-femmes\/","title":{"rendered":"Combinaison \u00e0 imprim\u00e9 long ch\u00e2le pour femmes, nouveau style europ\u00e9en et am\u00e9ricain"},"content":{"rendered":"<p>Les <strong>Combinaison longue \u00e0 imprim\u00e9 ch\u00e2le pour femmes <\/strong> est la pi\u00e8ce de choix pour un style et une sophistication sans effort. Con\u00e7ue avec un ch\u00e2le fluide et un imprim\u00e9 accrocheur, cette combinaison se drape magnifiquement pour flatter toutes les silhouettes. Son design confortable mais chic la rend parfaite pour toutes les occasions, que vous assistiez \u00e0 une r\u00e9union d\u00e9contract\u00e9e ou \u00e0 une soir\u00e9e glamour.<\/p>\n<p>Le tissu l\u00e9ger assure un confort tout au long de la journ\u00e9e. <a href=\"https:\/\/beacheden.com\/fr\/robe-de-plage-a-fleurs\/?wmc-currency=EUR\" title=\"Robe de plage couleur tailleur pour femmes\" target=\"_blank\" rel=\"noopener\"  data-wpil-monitor-id=\"204\">lien r\u00e9glable \u00e0 la taille<\/a> ajoute une touche de personnalisation pour un ajustement parfait. Rehaussez votre garde-robe avec cet ensemble polyvalent qui fait tourner les t\u00eates et qui passe sans probl\u00e8me du jour \u00e0 la nuit. Adoptez une \u00e9l\u00e9gance audacieuse et faites une impression durable o\u00f9 que vous alliez !<\/p>\n<p><b>Informations sur le produit :<\/b><\/p>\n<p>Motif : Imprim\u00e9<\/p>\n<p>Style : costume pantalon<\/p>\n<p>Style du haut : manteau<\/p>\n<p>Longueur de la manche de la chemise : sept points<\/p>\n<p>Style de pantalon : combinaison<\/p>\n<p>Longueur du pantalon : short<\/p>\n<p>\u00c9l\u00e9ments populaires : impression<\/p>\n<p>Nom du tissu : fibre de polyester<\/p>\n<p>Couleur : orange, bleu<\/p>\n<p>&nbsp;<\/p>\n<p><b>Informations sur la taille :<\/b><\/p>\n<p>Taille : S, M, L, XL, XXL<\/p>\n<p>Unit\u00e9\uff1acm<\/p>\n<p><img decoding=\"async\" style=\"max-width: 100%;\" src=\"https:\/\/cc-west-usa.oss-accelerate.aliyuncs.com\/728b04d0-8993-4226-95f7-cd09c470be0a.png\" alt=\"\"><\/p>\n<p>&nbsp;<\/p>\n<p><b>Remarque :<\/b><\/p>\n<p>1. Les tailles asiatiques sont 1 \u00e0 2 tailles plus petites que les tailles europ\u00e9ennes et am\u00e9ricaines. Choisissez la taille la plus grande si votre taille se situe entre deux tailles. Veuillez tenir compte d'une diff\u00e9rence de 2 \u00e0 3 cm due aux mesures manuelles.<\/p>\n<p>2. Si vous ne savez pas comment choisir votre taille, veuillez contacter notre service client\u00e8le.<\/p>\n<p>3. comme vous le savez, les ordinateurs affichent les couleurs diff\u00e9remment, la couleur de l'article r\u00e9el peut varier l\u00e9g\u00e8rement par rapport aux images suivantes.<\/p>\n<p><b>Liste d'emballage :<\/b><\/p>\n<p>Combinaison*1<\/p>\n<p>&nbsp;<\/p>\n<p><b>Image du produit :<\/b><\/p>\n<p><img decoding=\"async\" style=\"max-width: 100%;\" src=\"https:\/\/cc-west-usa.oss-accelerate.aliyuncs.com\/ac58c0d6-2bad-447b-96f9-618be184f253.jpg\" alt=\"\"><br \/>\n<img decoding=\"async\" style=\"max-width: 100%;\" src=\"https:\/\/cc-west-usa.oss-accelerate.aliyuncs.com\/206e22a4-792f-4a98-964d-15d3867591fd.jpg\" alt=\"\"><br \/>\n<img decoding=\"async\" style=\"max-width: 100%;\" src=\"https:\/\/cc-west-usa.oss-accelerate.aliyuncs.com\/1480520f-e1ed-493a-8912-cf464ba59e10.jpg\" alt=\"\"><br \/>\n<img decoding=\"async\" style=\"max-width: 100%;\" src=\"https:\/\/cc-west-usa.oss-accelerate.aliyuncs.com\/02a3a034-5310-42c8-9abf-06d9967f6d00.jpg\" alt=\"\"><br \/>\n<img decoding=\"async\" style=\"max-width: 100%;\" src=\"https:\/\/cc-west-usa.oss-accelerate.aliyuncs.com\/8749070e-0e0f-4170-b2b1-47e78c9ecdc7.jpg\" alt=\"\"><br \/>\n<img loading=\"lazy\" decoding=\"async\" class=\"alignnone\" style=\"max-width: 100%;\" src=\"https:\/\/cc-west-usa.oss-accelerate.aliyuncs.com\/ac527ca8-5a47-40eb-90de-748a5f87db35.jpg\" alt=\"Combinaison longue \u00e0 imprim\u00e9 ch\u00e2le pour femmes\" width=\"1000\" height=\"1333\" \/><\/p>","protected":false},"excerpt":{"rendered":"<p>La combinaison longue \u00e0 imprim\u00e9 ch\u00e2le pour femme allie \u00e9l\u00e9gance et polyvalence. Avec son ch\u00e2le fluide et son imprim\u00e9 \u00e9l\u00e9gant, elle est parfaite pour toutes les occasions. Passez sans effort du jour \u00e0 la nuit tout en faisant preuve de sophistication.<\/p>","protected":false},"featured_media":4353,"comment_status":"open","ping_status":"closed","template":"","meta":[],"product_brand":[],"product_cat":[16],"product_tag":[],"class_list":{"0":"post-4359","1":"product","2":"type-product","3":"status-publish","4":"has-post-thumbnail","6":"product_cat-cover-ups","8":"first","9":"instock","10":"taxable","11":"shipping-taxable","12":"purchasable","13":"product-type-variable"},"_links":{"self":[{"href":"https:\/\/beacheden.com\/fr\/wp-json\/wp\/v2\/product\/4359","targetHints":{"allow":["GET"]}}],"collection":[{"href":"https:\/\/beacheden.com\/fr\/wp-json\/wp\/v2\/product"}],"about":[{"href":"https:\/\/beacheden.com\/fr\/wp-json\/wp\/v2\/types\/product"}],"replies":[{"embeddable":true,"href":"https:\/\/beacheden.com\/fr\/wp-json\/wp\/v2\/comments?post=4359"}],"wp:featuredmedia":[{"embeddable":true,"href":"https:\/\/beacheden.com\/fr\/wp-json\/wp\/v2\/media\/4353"}],"wp:attachment":[{"href":"https:\/\/beacheden.com\/fr\/wp-json\/wp\/v2\/media?parent=4359"}],"wp:term":[{"taxonomy":"product_brand","embeddable":true,"href":"https:\/\/beacheden.com\/fr\/wp-json\/wp\/v2\/product_brand?post=4359"},{"taxonomy":"product_cat","embeddable":true,"href":"https:\/\/beacheden.com\/fr\/wp-json\/wp\/v2\/product_cat?post=4359"},{"taxonomy":"product_tag","embeddable":true,"href":"https:\/\/beacheden.com\/fr\/wp-json\/wp\/v2\/product_tag?post=4359"}],"curies":[{"name":"wp","href":"https:\/\/api.w.org\/{rel}","templated":true}]}}