{"id":4292,"date":"2023-03-17T06:19:30","date_gmt":"2023-03-17T13:19:30","guid":{"rendered":"https:\/\/beacheden.com\/uncategorized\/beach-towel-and-veil-seaside-vacation-bikini-swimsuit-blouse\/"},"modified":"2023-03-22T05:12:46","modified_gmt":"2023-03-22T12:12:46","slug":"serviette-de-plage-et-voile-vacances-bikini-maillot-de-bain-chemisier","status":"publish","type":"product","link":"https:\/\/beacheden.com\/fr\/serviette-de-plage-et-voile-vacances-bikini-maillot-de-bain-chemisier\/","title":{"rendered":"Serviette de plage et voile de vacances bikini maillot de bain chemisier"},"content":{"rendered":"<p align=\"center\">\n Mat\u00e9riau : Tissu<br \/>\n <img decoding=\"async\" src=\"https:\/\/cc-west-usa.oss-accelerate.aliyuncs.com\/16778016\/1631610440754794496.jpg\" style=\"font-size: 14px\" alt=\"\"><br \/>\n <span style=\"font-size: 14px\">1. Les tailles asiatiques sont 1 \u00e0 2 tailles plus petites que les tailles europ\u00e9ennes et am\u00e9ricaines. Choisissez la taille la plus grande si votre taille se situe entre deux tailles. Veuillez tenir compte d'une diff\u00e9rence de 2 \u00e0 3 cm due aux mesures manuelles.&nbsp;<\/span>\n<\/p>\n<p>\n2. Si vous ne savez pas comment choisir votre taille, veuillez contacter notre service client\u00e8le.<\/p>\n<p align=\"center\">\n <span style=\"font-size: 14px\">3. comme vous le savez, les ordinateurs affichent les couleurs diff\u00e9remment, la couleur de l'article r\u00e9el peut varier l\u00e9g\u00e8rement par rapport aux images suivantes.<\/span><br \/>\n <img decoding=\"async\" src=\"https:\/\/cc-west-usa.oss-accelerate.aliyuncs.com\/16778016\/1631610441711095808.jpg\" alt=\"\">\n<\/p>\n<p align=\"center\">\n <img decoding=\"async\" src=\"https:\/\/cc-west-usa.oss-accelerate.aliyuncs.com\/16778016\/1631610445959925760.jpg\" alt=\"\">\n<\/p>\n<p align=\"center\">\n <img decoding=\"async\" src=\"https:\/\/cc-west-usa.oss-accelerate.aliyuncs.com\/16778016\/1631610449218899968.jpg\" alt=\"\">\n<\/p>\n<p align=\"center\">\n <img decoding=\"async\" src=\"https:\/\/cc-west-usa.oss-accelerate.aliyuncs.com\/16778016\/1631610453014745088.jpg\" alt=\"\">\n<\/p>\n<p align=\"center\">\n <img decoding=\"async\" src=\"https:\/\/cc-west-usa.oss-accelerate.aliyuncs.com\/16778016\/1631610455250309120.jpg\" alt=\"\">\n<\/p>\n<p align=\"center\">\n <img decoding=\"async\" src=\"https:\/\/cc-west-usa.oss-accelerate.aliyuncs.com\/16778016\/1631610461294301184.jpg\" alt=\"\"><\/p>","protected":false},"excerpt":{"rendered":"<p>Material: Cloth 1.&nbsp;Asian&nbsp;sizes&nbsp;are&nbsp;1&nbsp;to&nbsp;2&nbsp;sizes&nbsp;smaller&nbsp;than&nbsp;European&nbsp;and&nbsp;American&nbsp;people.&nbsp;Choose&nbsp;the&nbsp;larger&nbsp;size&nbsp;if&nbsp;your&nbsp;size&nbsp;between&nbsp;two&nbsp;sizes.&nbsp;Please&nbsp;allow&nbsp;2-3cm&nbsp;differences&nbsp;due&nbsp;to&nbsp;manual&nbsp;measurement.&nbsp; 2.&nbsp;Please&nbsp;check&nbsp;the&nbsp;size&nbsp;chart&nbsp;carefully&nbsp;before&nbsp;you&nbsp;buy&nbsp;the&nbsp;item,&nbsp;if&nbsp;you&nbsp;don&#8217;t&nbsp;know&nbsp;how&nbsp;to&nbsp;choose&nbsp;size,&nbsp;please&nbsp;contact&nbsp;our&nbsp;customer&nbsp;service. 3.As&nbsp;you&nbsp;know,&nbsp;the&nbsp;different&nbsp;computers&nbsp;display&nbsp;colors&nbsp;differently,&nbsp;&nbsp;the&nbsp;color&nbsp;of&nbsp;the&nbsp;actual&nbsp;item&nbsp;may&nbsp;vary&nbsp;slightly&nbsp;from&nbsp;the&nbsp;following&nbsp;images.<\/p>","protected":false},"featured_media":4283,"comment_status":"open","ping_status":"closed","template":"","meta":[],"product_brand":[],"product_cat":[16],"product_tag":[],"class_list":{"0":"post-4292","1":"product","2":"type-product","3":"status-publish","4":"has-post-thumbnail","6":"product_cat-cover-ups","8":"first","9":"instock","10":"taxable","11":"shipping-taxable","12":"purchasable","13":"product-type-variable"},"_links":{"self":[{"href":"https:\/\/beacheden.com\/fr\/wp-json\/wp\/v2\/product\/4292","targetHints":{"allow":["GET"]}}],"collection":[{"href":"https:\/\/beacheden.com\/fr\/wp-json\/wp\/v2\/product"}],"about":[{"href":"https:\/\/beacheden.com\/fr\/wp-json\/wp\/v2\/types\/product"}],"replies":[{"embeddable":true,"href":"https:\/\/beacheden.com\/fr\/wp-json\/wp\/v2\/comments?post=4292"}],"wp:featuredmedia":[{"embeddable":true,"href":"https:\/\/beacheden.com\/fr\/wp-json\/wp\/v2\/media\/4283"}],"wp:attachment":[{"href":"https:\/\/beacheden.com\/fr\/wp-json\/wp\/v2\/media?parent=4292"}],"wp:term":[{"taxonomy":"product_brand","embeddable":true,"href":"https:\/\/beacheden.com\/fr\/wp-json\/wp\/v2\/product_brand?post=4292"},{"taxonomy":"product_cat","embeddable":true,"href":"https:\/\/beacheden.com\/fr\/wp-json\/wp\/v2\/product_cat?post=4292"},{"taxonomy":"product_tag","embeddable":true,"href":"https:\/\/beacheden.com\/fr\/wp-json\/wp\/v2\/product_tag?post=4292"}],"curies":[{"name":"wp","href":"https:\/\/api.w.org\/{rel}","templated":true}]}}