{"id":4266,"date":"2023-03-17T06:11:47","date_gmt":"2023-03-17T13:11:47","guid":{"rendered":"https:\/\/beacheden.com\/uncategorized\/solid-color-stitching-double-layer-wrap-chest-swimsuit-bikini-two-piece-set\/"},"modified":"2025-09-05T16:54:38","modified_gmt":"2025-09-05T23:54:38","slug":"bikini-enveloppant-avec-materiel-dore","status":"publish","type":"product","link":"https:\/\/beacheden.com\/fr\/bikini-enveloppant-avec-materiel-dore\/","title":{"rendered":"Maillot de bain deux pi\u00e8ces avec surpiq\u00fbres de couleur unie Bikini deux pi\u00e8ces"},"content":{"rendered":"<p>Cette pi\u00e8ce luxueuse allie la coupe parfaite d'une silhouette enveloppante \u00e0 l'opulence d'une quincaillerie dor\u00e9e, cr\u00e9ant un look \u00e0 la fois audacieux et sophistiqu\u00e9. Les liens r\u00e9glables assurent un ajustement personnalis\u00e9, tandis que le tissu de haute qualit\u00e9 offre confort et durabilit\u00e9.<\/p>\n<p>Que vous vous pr\u00e9lassiez au bord de la piscine ou que vous preniez le soleil \u00e0 la plage, ce bikini vous permet d'afficher confiance et style. Am\u00e9liorez votre jeu de maillots de bain et embrassez l'allure de l'\u00e9l\u00e9gance intemporelle, car vous m\u00e9ritez de briller.<\/p>\n<p><b>Informations sur le produit :<\/b><\/p>\n<p>Mat\u00e9riau :<br \/>\n<span style=\"font-size: 1em;\">Fibre de polyester (Polyester)<\/span><\/p>\n<p>Style : <span style=\"font-size: 1em;\">Sexy<\/span><\/p>\n<p>Couleur:Noir\uff0cvert<\/p>\n<p><b>Informations sur la taille :<\/b><\/p>\n<p>Taille : S\/M\/L<\/p>\n<p><img decoding=\"async\" style=\"max-width: 100%;\" src=\"https:\/\/cc-west-usa.oss-accelerate.aliyuncs.com\/a44bd193-4c60-4996-9395-bdff30bfc4f4.png\" alt=\"\"><br \/>\n<b><\/b><\/p>\n<p>&nbsp;<\/p>\n<p>UNIT\u00c9:CM<b><\/b><\/p>\n<p><b>Remarque :<\/b><\/p>\n<p>1. Les tailles asiatiques sont 1 \u00e0 2 tailles plus petites que les tailles europ\u00e9ennes et am\u00e9ricaines. Choisissez la taille la plus grande si votre taille se situe entre deux tailles. Veuillez tenir compte d'une diff\u00e9rence de 2 \u00e0 3 cm due aux mesures manuelles.<\/p>\n<p>2. Si vous ne savez pas comment choisir votre taille, veuillez contacter notre service client\u00e8le.<\/p>\n<p>3. comme vous le savez, les ordinateurs affichent les couleurs diff\u00e9remment, la couleur de l'article r\u00e9el peut varier l\u00e9g\u00e8rement par rapport aux images suivantes.<br \/>\n<b><br \/>\n<\/b><\/p>\n<p><b>Liste d'emballage :<\/b><\/p>\n<p>Top + pantalon*1<\/p>\n<p><img loading=\"lazy\" decoding=\"async\" class=\"alignnone\" src=\"https:\/\/cbu01.alicdn.com\/img\/ibank\/O1CN01uKFRHm1Mkg9VWpfjx_!!2211766851473-0-cib.jpg\" alt=\"Bikini enveloppant avec mat\u00e9riel dor\u00e9\" width=\"800\" height=\"800\" \/><\/p>\n<p><img decoding=\"async\" src=\"https:\/\/cbu01.alicdn.com\/img\/ibank\/O1CN01iovZAl1Mkg9Qu47hX_!!2211766851473-0-cib.jpg\" alt=\"\"><\/p>\n<p><img decoding=\"async\" src=\"https:\/\/cbu01.alicdn.com\/img\/ibank\/O1CN01oFY2Pm1Mkg9RLQg9v_!!2211766851473-0-cib.jpg\" alt=\"\"><\/p>\n<p><img decoding=\"async\" src=\"https:\/\/cbu01.alicdn.com\/img\/ibank\/O1CN01jySCUk1Mkg9P6M3Vx_!!2211766851473-0-cib.jpg\" alt=\"\"><\/p>\n<p><img decoding=\"async\" src=\"https:\/\/cbu01.alicdn.com\/img\/ibank\/O1CN01sV0ssB1Mkg9WHAQTn_!!2211766851473-0-cib.jpg\" alt=\"\"><\/p>\n<p><img decoding=\"async\" src=\"https:\/\/cbu01.alicdn.com\/img\/ibank\/O1CN01GbCyBF1Mkg9WHDuhF_!!2211766851473-0-cib.jpg\" alt=\"\"><\/p>\n<p><img decoding=\"async\" src=\"https:\/\/cbu01.alicdn.com\/img\/ibank\/O1CN01M1DTLR1Mkg9YCfzI1_!!2211766851473-0-cib.jpg\" alt=\"\"><\/p>\n<p><img decoding=\"async\" src=\"https:\/\/cbu01.alicdn.com\/img\/ibank\/O1CN01tIcTh41Mkg9UIlHP7_!!2211766851473-0-cib.jpg\" alt=\"\"><\/p>\n<p><img decoding=\"async\" src=\"https:\/\/cbu01.alicdn.com\/img\/ibank\/O1CN011ch2Cq1Mkg9XQoqOZ_!!2211766851473-0-cib.jpg\" alt=\"\"><\/p>\n<p><img decoding=\"async\" src=\"https:\/\/cbu01.alicdn.com\/img\/ibank\/O1CN01L7gXw01Mkg9TZKRvV_!!2211766851473-0-cib.jpg\" alt=\"\"><\/p>\n<p><img decoding=\"async\" src=\"https:\/\/cbu01.alicdn.com\/img\/ibank\/O1CN01Jjy9Yn1Mkg9RLTUqa_!!2211766851473-0-cib.jpg\" alt=\"\"><\/p>\n<p><img decoding=\"async\" src=\"https:\/\/cbu01.alicdn.com\/img\/ibank\/O1CN01wyQDpR1Mkg9VWpwO6_!!2211766851473-0-cib.jpg\" alt=\"\"><\/p>\n<p><img decoding=\"async\" src=\"https:\/\/cbu01.alicdn.com\/img\/ibank\/O1CN01Um4e1j1Mkg9Fn72fu_!!2211766851473-0-cib.jpg\" alt=\"\"><\/p>\n<p><img decoding=\"async\" src=\"https:\/\/cbu01.alicdn.com\/img\/ibank\/O1CN01VpmUCK1Mkg9TZL3LI_!!2211766851473-0-cib.jpg\" alt=\"\"><\/p>\n<p><img decoding=\"async\" src=\"https:\/\/cbu01.alicdn.com\/img\/ibank\/O1CN01bc4KWj1Mkg9YCgajD_!!2211766851473-0-cib.jpg\" alt=\"\"><\/p>\n<p><img decoding=\"async\" src=\"https:\/\/cbu01.alicdn.com\/img\/ibank\/O1CN0165Qd681Mkg9UInQTl_!!2211766851473-0-cib.jpg\" alt=\"\"><\/p>\n<p><img decoding=\"async\" src=\"https:\/\/cbu01.alicdn.com\/img\/ibank\/O1CN01XDPf7o1Mkg9Mpl7rt_!!2211766851473-0-cib.jpg\" alt=\"\"><\/p>","protected":false},"excerpt":{"rendered":"<p>Le bikini enveloppant avec ornements en or allie \u00e9l\u00e9gance et confort pour une tenue impeccable. Ce mod\u00e8le luxueux, parfait pour la mer ou la piscine, permet de s'affirmer avec audace. Adoptez le glamour intemporel d\u00e8s aujourd'hui !<\/p>","protected":false},"featured_media":4260,"comment_status":"open","ping_status":"closed","template":"","meta":[],"product_brand":[],"product_cat":[40],"product_tag":[],"class_list":{"0":"post-4266","1":"product","2":"type-product","3":"status-publish","4":"has-post-thumbnail","6":"product_cat-bikini","8":"first","9":"instock","10":"taxable","11":"shipping-taxable","12":"purchasable","13":"product-type-variable"},"_links":{"self":[{"href":"https:\/\/beacheden.com\/fr\/wp-json\/wp\/v2\/product\/4266","targetHints":{"allow":["GET"]}}],"collection":[{"href":"https:\/\/beacheden.com\/fr\/wp-json\/wp\/v2\/product"}],"about":[{"href":"https:\/\/beacheden.com\/fr\/wp-json\/wp\/v2\/types\/product"}],"replies":[{"embeddable":true,"href":"https:\/\/beacheden.com\/fr\/wp-json\/wp\/v2\/comments?post=4266"}],"wp:featuredmedia":[{"embeddable":true,"href":"https:\/\/beacheden.com\/fr\/wp-json\/wp\/v2\/media\/4260"}],"wp:attachment":[{"href":"https:\/\/beacheden.com\/fr\/wp-json\/wp\/v2\/media?parent=4266"}],"wp:term":[{"taxonomy":"product_brand","embeddable":true,"href":"https:\/\/beacheden.com\/fr\/wp-json\/wp\/v2\/product_brand?post=4266"},{"taxonomy":"product_cat","embeddable":true,"href":"https:\/\/beacheden.com\/fr\/wp-json\/wp\/v2\/product_cat?post=4266"},{"taxonomy":"product_tag","embeddable":true,"href":"https:\/\/beacheden.com\/fr\/wp-json\/wp\/v2\/product_tag?post=4266"}],"curies":[{"name":"wp","href":"https:\/\/api.w.org\/{rel}","templated":true}]}}