{"id":4209,"date":"2023-03-17T06:07:49","date_gmt":"2023-03-17T13:07:49","guid":{"rendered":"https:\/\/beacheden.com\/uncategorized\/swimsuit-beach-sexy-swimsuit-cover\/"},"modified":"2023-03-22T05:16:03","modified_gmt":"2023-03-22T12:16:03","slug":"maillot-de-bain-plage-maillot-de-bain-sexy","status":"publish","type":"product","link":"https:\/\/beacheden.com\/fr\/maillot-de-bain-plage-maillot-de-bain-sexy\/","title":{"rendered":"Maillot de bain Beach Sexy Swimsuit Cover"},"content":{"rendered":"<p>\n <b>informations sur le produit :<\/b><br \/>\n <br \/>\n Cat\u00e9gorie de produit :Petit gilet<br \/>\n <br \/>\n Style : Europ\u00e9en et am\u00e9ricain<br \/>\n <br \/>\n Style : Type d'\u00e9charpe<br \/>\n <br \/>\n Type de col : col rond<br \/>\n <br \/>\n Version : Type droit<br \/>\n <br \/>\n motif : uni<br \/>\n <br \/>\n Mati\u00e8re : Nylon+Pearl<br \/>\n <br \/>\n Nom du tissu : coton<br \/>\n <br \/>\n Couleurs : Blanc, Noir\n<\/p>\n<p>\n <b><br \/>\n  <br \/>\n <\/b>\n<\/p>\n<p>\n <b>Information sur la taille\uff1a<\/b><br \/>\n <br \/>\n Taille : S, M, L, XL,\n<\/p>\n<p>\n <img decoding=\"async\" src=\"https:\/\/cc-west-usa.oss-accelerate.aliyuncs.com\/1619318801742.jpg\" style=\"max-width:100%\" alt=\"\"><br \/>\n \n<\/p>\n<p>\n <b><br \/>\n  <font style=\"vertical-align: inherit\"><br \/>\n   <font style=\"vertical-align: inherit\"><br \/>\n    <br \/>\n   <\/font><br \/>\n  <\/font><br \/>\n <\/b>\n<\/p>\n<p>\n <b>Remarque :<\/b><br \/>\n \n<\/p>\n<p>\n 1. Les tailles asiatiques sont 1 \u00e0 2 tailles plus petites que les tailles europ\u00e9ennes et am\u00e9ricaines. Choisissez la taille la plus grande si votre taille se situe entre deux tailles. Veuillez tenir compte d'une diff\u00e9rence de 2 \u00e0 3 cm due aux mesures manuelles.&nbsp;<\/p>\n<p> 2. Si vous ne savez pas comment choisir votre taille, veuillez contacter notre service client\u00e8le.<\/p>\n<p> 3. comme vous le savez, les ordinateurs affichent les couleurs diff\u00e9remment, la couleur de l'article r\u00e9el peut varier l\u00e9g\u00e8rement par rapport aux images suivantes.<br \/>\n <b><br \/>\n  <br \/>\n <\/b>\n<\/p>\n<p>\n <font style=\"vertical-align: inherit\"><br \/>\n  <font style=\"vertical-align: inherit\"><br \/>\n   <br \/>\n  <\/font><br \/>\n <\/font>\n<\/p>\n<p>\n <font style=\"vertical-align: inherit\"><br \/>\n  <font style=\"vertical-align: inherit\"><\/font><br \/>\n <\/font>\n<\/p>\n<p>\n <b>Liste d'emballage :<\/b><br \/>\n <br \/>\n Maillot de bain*1\n<\/p>\n<p>\n <img decoding=\"async\" src=\"https:\/\/cc-west-usa.oss-accelerate.aliyuncs.com\/1619318827213.jpg\" style=\"max-width:100%\" alt=\"\"><br \/>\n <img decoding=\"async\" src=\"https:\/\/cc-west-usa.oss-accelerate.aliyuncs.com\/1619318827239.jpg\" style=\"max-width: 100%\" alt=\"\"><br \/>\n <img decoding=\"async\" src=\"https:\/\/cc-west-usa.oss-accelerate.aliyuncs.com\/1619318827240.jpg\" style=\"max-width: 100%\" alt=\"\"><br \/>\n <img decoding=\"async\" src=\"https:\/\/cc-west-usa.oss-accelerate.aliyuncs.com\/1619318827243.jpg\" style=\"max-width: 100%\" alt=\"\"><br \/>\n <img decoding=\"async\" src=\"https:\/\/cc-west-usa.oss-accelerate.aliyuncs.com\/1619318827249.jpg\" style=\"max-width: 100%\" alt=\"\"><br \/>\n <img decoding=\"async\" src=\"https:\/\/cc-west-usa.oss-accelerate.aliyuncs.com\/1619318827250.jpg\" style=\"max-width: 100%\" alt=\"\"><br \/>\n <img decoding=\"async\" src=\"https:\/\/cc-west-usa.oss-accelerate.aliyuncs.com\/1619318827505.jpg\" style=\"max-width: 100%\" alt=\"\"><br \/>\n <\/p>","protected":false},"excerpt":{"rendered":"<p>product information: Product Category :Small Vest Style: European and American Style: Sling type Collar type: round neck Version: Straight type pattern: plain Material: Nylon+Pearl Fabric name: cotton Colors: White, Black Size&nbsp;Information\uff1a Size: S, M, L, XL, Note: 1.&nbsp;Asian&nbsp;sizes&nbsp;are&nbsp;1&nbsp;to&nbsp;2&nbsp;sizes&nbsp;smaller&nbsp;than&nbsp;European&nbsp;and&nbsp;American&nbsp;people.&nbsp;Choose&nbsp;the&nbsp;larger&nbsp;size&nbsp;if&nbsp;your&nbsp;size&nbsp;between&nbsp;two&nbsp;sizes.&nbsp;Please&nbsp;allow&nbsp;2-3cm&nbsp;differences&nbsp;due&nbsp;to&nbsp;manual&nbsp;measurement.&nbsp; 2.&nbsp;Please&nbsp;check&nbsp;the&nbsp;size&nbsp;chart&nbsp;carefully&nbsp;before&nbsp;you&nbsp;buy&nbsp;the&nbsp;item,&nbsp;if&nbsp;you&nbsp;don&#8217;t&nbsp;know&nbsp;how&nbsp;to&nbsp;choose&nbsp;size,&nbsp;please&nbsp;contact&nbsp;our&nbsp;customer&nbsp;service. 3.As&nbsp;you&nbsp;know,&nbsp;the&nbsp;different&nbsp;computers&nbsp;display&nbsp;colors&nbsp;differently,&nbsp;the&nbsp;color&nbsp;of&nbsp;the&nbsp;actual&nbsp;item&nbsp;may&nbsp;vary&nbsp;slightly&nbsp;from&nbsp;the&nbsp;following&nbsp;images. Packing list: Swimsuit*1<\/p>","protected":false},"featured_media":4202,"comment_status":"open","ping_status":"closed","template":"","meta":[],"product_brand":[],"product_cat":[16],"product_tag":[],"class_list":{"0":"post-4209","1":"product","2":"type-product","3":"status-publish","4":"has-post-thumbnail","6":"product_cat-cover-ups","8":"first","9":"instock","10":"taxable","11":"shipping-taxable","12":"purchasable","13":"product-type-variable"},"_links":{"self":[{"href":"https:\/\/beacheden.com\/fr\/wp-json\/wp\/v2\/product\/4209","targetHints":{"allow":["GET"]}}],"collection":[{"href":"https:\/\/beacheden.com\/fr\/wp-json\/wp\/v2\/product"}],"about":[{"href":"https:\/\/beacheden.com\/fr\/wp-json\/wp\/v2\/types\/product"}],"replies":[{"embeddable":true,"href":"https:\/\/beacheden.com\/fr\/wp-json\/wp\/v2\/comments?post=4209"}],"wp:featuredmedia":[{"embeddable":true,"href":"https:\/\/beacheden.com\/fr\/wp-json\/wp\/v2\/media\/4202"}],"wp:attachment":[{"href":"https:\/\/beacheden.com\/fr\/wp-json\/wp\/v2\/media?parent=4209"}],"wp:term":[{"taxonomy":"product_brand","embeddable":true,"href":"https:\/\/beacheden.com\/fr\/wp-json\/wp\/v2\/product_brand?post=4209"},{"taxonomy":"product_cat","embeddable":true,"href":"https:\/\/beacheden.com\/fr\/wp-json\/wp\/v2\/product_cat?post=4209"},{"taxonomy":"product_tag","embeddable":true,"href":"https:\/\/beacheden.com\/fr\/wp-json\/wp\/v2\/product_tag?post=4209"}],"curies":[{"name":"wp","href":"https:\/\/api.w.org\/{rel}","templated":true}]}}