{"id":4179,"date":"2023-03-17T06:07:27","date_gmt":"2023-03-17T13:07:27","guid":{"rendered":"https:\/\/beacheden.com\/uncategorized\/fashion-printed-ladies-split-swimsuit\/"},"modified":"2025-07-21T13:52:15","modified_gmt":"2025-07-21T20:52:15","slug":"maillot-de-bain-imprime-a-la-mode-pour-dames","status":"publish","type":"product","link":"https:\/\/beacheden.com\/fr\/maillot-de-bain-imprime-a-la-mode-pour-dames\/","title":{"rendered":"Maillot de bain fendu imprim\u00e9 \u00e0 la mode pour dames"},"content":{"rendered":"<p>Faites sensation cette saison avec le <strong>Maillot de bain fendu imprim\u00e9 \u00e0 la mode pour dames <\/strong>! Con\u00e7u pour la femme moderne qui aime se d\u00e9marquer, ce maillot de bain associe des imprim\u00e9s accrocheurs \u00e0 un design fendu \u00e9l\u00e9gant qui flatte toutes les morphologies. Fabriqu\u00e9 dans un tissu de qualit\u00e9 sup\u00e9rieure \u00e0 s\u00e9chage rapide, il offre \u00e0 la fois confort et durabilit\u00e9, pour que vous vous sentiez fabuleuse tout au long de la journ\u00e9e.<\/p>\n<p data-spm-anchor-id=\"a2ty_o01.29997173.0.i128.565e67f58Va4Tu\">Que vous soyez <a href=\"https:\/\/beacheden.com\/fr\/maillot-de-bain-fendu-grande-taille\/?wmc-currency=EUR\" title=\"Stylish Plus Size Split Swimsuit Veil (Maillot de bain fendu)\" target=\"_blank\" rel=\"noopener\"  data-wpil-monitor-id=\"49\">se pr\u00e9lasser au bord de la piscine<\/a> ou de profiter d'une journ\u00e9e ensoleill\u00e9e \u00e0 la plage, ce maillot de bain est votre compagnon id\u00e9al par temps chaud. La coupe ajustable et les motifs \u00e9clatants ajoutent une touche de sophistication, tandis que la fente chic met en valeur vos courbes naturelles.<\/p>\n<p data-spm-anchor-id=\"a2ty_o01.29997173.0.i128.565e67f58Va4Tu\">Rehaussez votre collection de maillots de bain et adoptez la confiance, le style et l'\u00e9l\u00e9gance sans effort avec le maillot de bain Fashion Printed. <a href=\"https:\/\/beacheden.com\/fr\/maillot-de-bain-coupe-haute\/?wmc-currency=EUR\" title=\"Ladies One Piece Swimsuit Beach Solid Color Swimsuit\" target=\"_blank\" rel=\"noopener\"  data-wpil-monitor-id=\"50\">Maillot de bain fendu pour dames<\/a>. Ne manquez pas votre look d'\u00e9t\u00e9 parfait, il commence ici !<\/p>\n<p><b>Informations sur le produit\uff1a<\/b><\/p>\n<p>Style du motif : sexy, europ\u00e9en et am\u00e9ricain<\/p>\n<p>Avec tra\u00een\u00e9e en acier : avec support en acier et coussinet thoracique<\/p>\n<p>Composition du tissu : Nylon<\/p>\n<p>Contenu de la composition du tissu : 82 (%)<\/p>\n<p>Couleur : ZTJ202-1#green<\/p>\n<p><b>Informations sur la taille\uff1a<\/b><\/p>\n<p><img decoding=\"async\" style=\"max-width: 100%;\" src=\"https:\/\/cc-west-usa.oss-accelerate.aliyuncs.com\/1618537063406.png\" alt=\"\"><br \/>\n<b><\/b><\/p>\n<p>&nbsp;<\/p>\n<p><b>Pr\u00e9cautions :<\/b><\/p>\n<p>1. Les tailles asiatiques sont 1 \u00e0 2 tailles plus petites que les tailles europ\u00e9ennes et am\u00e9ricaines. Choisissez la taille la plus grande si votre taille se situe entre deux tailles. Veuillez tenir compte d'une diff\u00e9rence de 2 \u00e0 3 cm due aux mesures manuelles.<\/p>\n<p>2. Si vous ne savez pas comment choisir votre taille, veuillez contacter notre service client\u00e8le.<\/p>\n<p>3. comme vous le savez, les ordinateurs affichent les couleurs diff\u00e9remment, la couleur de l'article r\u00e9el peut varier l\u00e9g\u00e8rement par rapport aux images suivantes.<\/p>\n<p><b>Liste de colisage\uff1a<\/b><\/p>\n<p>Maillot de bain X1<\/p>\n<p>&nbsp;<\/p>\n<p><img loading=\"lazy\" decoding=\"async\" class=\"alignnone\" style=\"max-width: 100%;\" src=\"https:\/\/cc-west-usa.oss-accelerate.aliyuncs.com\/1618537116597.jpg\" alt=\"Maillot de bain fendu imprim\u00e9 \u00e0 la mode pour dames\" width=\"800\" height=\"800\" \/><br \/>\n<img decoding=\"async\" style=\"max-width: 100%;\" src=\"https:\/\/cc-west-usa.oss-accelerate.aliyuncs.com\/1618537116602.jpg\" alt=\"\"><br \/>\n<img decoding=\"async\" style=\"max-width: 100%;\" src=\"https:\/\/cc-west-usa.oss-accelerate.aliyuncs.com\/1618537116595.jpg\" alt=\"\"><br \/>\n<img decoding=\"async\" style=\"max-width: 100%;\" src=\"https:\/\/cc-west-usa.oss-accelerate.aliyuncs.com\/1618537116558.jpg\" alt=\"\"><br \/>\n<img decoding=\"async\" style=\"max-width: 100%;\" src=\"https:\/\/cc-west-usa.oss-accelerate.aliyuncs.com\/1618537116587.jpg\" alt=\"\"><br \/>\n<img decoding=\"async\" style=\"max-width: 100%;\" src=\"https:\/\/cc-west-usa.oss-accelerate.aliyuncs.com\/1618537116598.jpg\" alt=\"\"><\/p>","protected":false},"excerpt":{"rendered":"<p>Le maillot de bain fendu Fashion Printed Ladies pr\u00e9sente des imprim\u00e9s audacieux et un design fendu flatteur. Confortable et \u00e9l\u00e9gant, il donne confiance en soi pour toute journ\u00e9e \u00e0 la plage ou \u00e0 la piscine. Achetez le v\u00f4tre d\u00e8s maintenant !<\/p>","protected":false},"featured_media":4196,"comment_status":"open","ping_status":"closed","template":"","meta":[],"product_brand":[],"product_cat":[40],"product_tag":[],"class_list":{"0":"post-4179","1":"product","2":"type-product","3":"status-publish","4":"has-post-thumbnail","6":"product_cat-bikini","8":"first","9":"instock","10":"taxable","11":"shipping-taxable","12":"purchasable","13":"product-type-variable"},"_links":{"self":[{"href":"https:\/\/beacheden.com\/fr\/wp-json\/wp\/v2\/product\/4179","targetHints":{"allow":["GET"]}}],"collection":[{"href":"https:\/\/beacheden.com\/fr\/wp-json\/wp\/v2\/product"}],"about":[{"href":"https:\/\/beacheden.com\/fr\/wp-json\/wp\/v2\/types\/product"}],"replies":[{"embeddable":true,"href":"https:\/\/beacheden.com\/fr\/wp-json\/wp\/v2\/comments?post=4179"}],"wp:featuredmedia":[{"embeddable":true,"href":"https:\/\/beacheden.com\/fr\/wp-json\/wp\/v2\/media\/4196"}],"wp:attachment":[{"href":"https:\/\/beacheden.com\/fr\/wp-json\/wp\/v2\/media?parent=4179"}],"wp:term":[{"taxonomy":"product_brand","embeddable":true,"href":"https:\/\/beacheden.com\/fr\/wp-json\/wp\/v2\/product_brand?post=4179"},{"taxonomy":"product_cat","embeddable":true,"href":"https:\/\/beacheden.com\/fr\/wp-json\/wp\/v2\/product_cat?post=4179"},{"taxonomy":"product_tag","embeddable":true,"href":"https:\/\/beacheden.com\/fr\/wp-json\/wp\/v2\/product_tag?post=4179"}],"curies":[{"name":"wp","href":"https:\/\/api.w.org\/{rel}","templated":true}]}}