{"id":4152,"date":"2023-03-17T06:07:08","date_gmt":"2023-03-17T13:07:08","guid":{"rendered":"https:\/\/beacheden.com\/uncategorized\/tropical-triangle-bikini-swimsuit-kimono\/"},"modified":"2023-03-19T05:06:16","modified_gmt":"2023-03-19T12:06:16","slug":"bikini-triangle-tropical-maillot-de-bain-kimono","status":"publish","type":"product","link":"https:\/\/beacheden.com\/fr\/bikini-triangle-tropical-maillot-de-bain-kimono\/","title":{"rendered":"Tropical Triangle Bikini Swimsuit Kimono"},"content":{"rendered":"<p>\n <b>D\u00e9tails du produit :<\/b><br \/>\n \n<\/p>\n<p>\n Style du mod\u00e8le : s\u00e9chage rapide, sexy, grande \u00e9lasticit\u00e9, petit frais, Europe et Am\u00e9rique<br \/>\n <br \/>\n Avec tra\u00een\u00e9e en acier : avec coussinet thoracique sans support en acier<br \/>\n <br \/>\n Nom du tissu : polyester<br \/>\n <br \/>\n Domaine d'application : natation et pataugeage<br \/>\n <br \/>\n Couleur : Vert,Image 2,Image 3,Image 4<br \/>\n <br \/>\n Taille : S, M, L, XL\n<\/p>\n<p>\n <b><br \/>\n  <br \/>\n  Informations sur la taille :<br \/>\n <\/b><br \/>\n <br \/>\n Taille : S, M, L, XL\n<\/p>\n<table>\n<colgroup>\n<col>\n<col>\n<col>\n<col>\n <\/colgroup>\n<tbody>\n<tr>\n<td>Unit\u00e9\uff1acm<\/td>\n<td>Taille<\/td>\n<td>Buste<\/td>\n<td>Taille<\/td>\n<\/tr>\n<tr>\n<td><\/td>\n<td>S<\/td>\n<td>32\/33<\/td>\n<td>24\/25<\/td>\n<\/tr>\n<tr>\n<td><\/td>\n<td>M<\/td>\n<td>34\/35<\/td>\n<td>26\/27<\/td>\n<\/tr>\n<tr>\n<td><\/td>\n<td>L<\/td>\n<td>36\/37<\/td>\n<td>28\/29<\/td>\n<\/tr>\n<tr>\n<td><\/td>\n<td>XL<\/td>\n<td>38.5\/40<\/td>\n<td>30.5\/32<\/td>\n<\/tr>\n<tr>\n<td><\/td>\n<td>2XL<\/td>\n<td>41.5\/43<\/td>\n<td>33.5\/35<\/td>\n<\/tr>\n<\/tbody>\n<\/table>\n<p>\n <br \/>\n <b>La pr\u00e9vention :<\/b><br \/>\n <br \/>\n 1. Les tailles asiatiques sont 1 \u00e0 2 tailles plus petites que les tailles europ\u00e9ennes et am\u00e9ricaines. Choisissez la taille la plus grande si votre taille se situe entre deux tailles. Veuillez tenir compte d'une diff\u00e9rence de 2 \u00e0 3 cm due aux mesures manuelles.<br \/>\n <br \/>\n 2. Si vous ne savez pas comment choisir votre taille, veuillez contacter notre service client\u00e8le.<br \/>\n <br \/>\n 3. comme vous le savez, les ordinateurs affichent les couleurs diff\u00e9remment, la couleur de l'article r\u00e9el peut varier l\u00e9g\u00e8rement par rapport aux images suivantes.<\/p>\n<p> <b>Contenu du paquet :<\/b><br \/>\n \n<\/p>\n<p>Top*1+pantalon*1+manteau*1<\/p>\n<p>\n <img decoding=\"async\" src=\"https:\/\/cc-west-usa.oss-accelerate.aliyuncs.com\/4adbb18b-1026-411b-b520-5a1eb37d3d7a.jpg\" style=\"max-width:100%\" alt=\"\"><br \/>\n <img decoding=\"async\" src=\"https:\/\/cc-west-usa.oss-accelerate.aliyuncs.com\/643dfb0c-5197-458c-9bdb-6adaa6d4cbba.jpg\" style=\"max-width: 100%\" alt=\"\"><br \/>\n <img decoding=\"async\" src=\"https:\/\/cc-west-usa.oss-accelerate.aliyuncs.com\/17a093d7-7d9e-4e4a-8446-3737793cf764.jpg\" style=\"max-width: 100%\" alt=\"\"><br \/>\n <img decoding=\"async\" src=\"https:\/\/cc-west-usa.oss-accelerate.aliyuncs.com\/3f9e8de0-477d-4893-9869-ad2f48bed02b.jpg\" style=\"max-width: 100%\" alt=\"\"><br \/>\n <img decoding=\"async\" src=\"https:\/\/cc-west-usa.oss-accelerate.aliyuncs.com\/31234bbe-3e6b-4b3c-9a2f-71d1c145bfff.jpg\" style=\"max-width: 100%\" alt=\"\"><br \/>\n <img decoding=\"async\" src=\"https:\/\/cc-west-usa.oss-accelerate.aliyuncs.com\/73319b33-80c1-4eb9-995e-e7cd1d2ac0f4.jpg\" style=\"max-width: 100%\" alt=\"\"><br \/>\n <img decoding=\"async\" src=\"https:\/\/cc-west-usa.oss-accelerate.aliyuncs.com\/89f1371b-d1ef-488c-848f-f728325f9e6c.jpg\" style=\"max-width: 100%\" alt=\"\"><br \/>\n <\/p>","protected":false},"excerpt":{"rendered":"<p>Product Details: Pattern style: quick-drying, sexy, high elasticity, small fresh, Europe and America Whether with steel drag: with chest pad without steel support Fabric name: polyester Applicable scene: swimming and wading Color: Green,Picture 2,Picture 3,Picture 4 Size: S, M, L, XL Size Information: Size: S, M, L, XL Unit\uff1acm Size Bust Waist S 32\/33 24\/25 [&#8230;]\n","protected":false},"featured_media":4145,"comment_status":"open","ping_status":"closed","template":"","meta":[],"product_brand":[],"product_cat":[16],"product_tag":[],"class_list":{"0":"post-4152","1":"product","2":"type-product","3":"status-publish","4":"has-post-thumbnail","6":"product_cat-cover-ups","8":"first","9":"instock","10":"taxable","11":"shipping-taxable","12":"purchasable","13":"product-type-variable"},"_links":{"self":[{"href":"https:\/\/beacheden.com\/fr\/wp-json\/wp\/v2\/product\/4152","targetHints":{"allow":["GET"]}}],"collection":[{"href":"https:\/\/beacheden.com\/fr\/wp-json\/wp\/v2\/product"}],"about":[{"href":"https:\/\/beacheden.com\/fr\/wp-json\/wp\/v2\/types\/product"}],"replies":[{"embeddable":true,"href":"https:\/\/beacheden.com\/fr\/wp-json\/wp\/v2\/comments?post=4152"}],"wp:featuredmedia":[{"embeddable":true,"href":"https:\/\/beacheden.com\/fr\/wp-json\/wp\/v2\/media\/4145"}],"wp:attachment":[{"href":"https:\/\/beacheden.com\/fr\/wp-json\/wp\/v2\/media?parent=4152"}],"wp:term":[{"taxonomy":"product_brand","embeddable":true,"href":"https:\/\/beacheden.com\/fr\/wp-json\/wp\/v2\/product_brand?post=4152"},{"taxonomy":"product_cat","embeddable":true,"href":"https:\/\/beacheden.com\/fr\/wp-json\/wp\/v2\/product_cat?post=4152"},{"taxonomy":"product_tag","embeddable":true,"href":"https:\/\/beacheden.com\/fr\/wp-json\/wp\/v2\/product_tag?post=4152"}],"curies":[{"name":"wp","href":"https:\/\/api.w.org\/{rel}","templated":true}]}}