{"id":4031,"date":"2023-03-17T06:05:12","date_gmt":"2023-03-17T13:05:12","guid":{"rendered":"https:\/\/beacheden.com\/uncategorized\/womens-fashion-solid-color-split-neck-high-waist-hollow-bikini\/"},"modified":"2025-11-01T13:31:21","modified_gmt":"2025-11-01T20:31:21","slug":"bikini-sexy-a-taille-haute-avec-decoupes-creuses","status":"publish","type":"product","link":"https:\/\/beacheden.com\/fr\/bikini-sexy-a-taille-haute-avec-decoupes-creuses\/","title":{"rendered":"Bikini \u00e0 la mode pour femmes, couleur unie, encolure fendue, taille haute et creuse"},"content":{"rendered":"<p>Faites parler de vous avec notre <em>Bikini sexy taille haute avec d\u00e9coupes creuses <\/em>. Con\u00e7u pour flatter, ce maillot de bain chic est dot\u00e9 d'une taille haute qui accentue les courbes et de d\u00e9coupes audacieuses pour une touche d'allure. Fabriqu\u00e9 dans un tissu de qualit\u00e9 sup\u00e9rieure \u00e0 s\u00e9chage rapide, il offre confort, soutien et une coupe personnalisable. Parfait pour <a href=\"https:\/\/beacheden.com\/fr\/bikini-asymetrique-avec-couleur-unie-2\/?wmc-currency=EUR\" title=\"Bikini \u00e0 armatures Impression num\u00e9rique\" target=\"_blank\" rel=\"noopener\"  data-wpil-monitor-id=\"143\">les journ\u00e9es \u00e0 la plage ou le farniente au bord de la piscine<\/a>, Ce bikini allie style et confiance en soi dans un ensemble irr\u00e9sistible.<\/p>\n<p><b>Informations sur le produit :<\/b><\/p>\n<p>Mati\u00e8re : Polyester<\/p>\n<p>Style:Mode minimaliste<\/p>\n<p>Caract\u00e9ristiques:Couleur unie<\/p>\n<p>Couleur:noir,bleu,bordeaux,vert arm\u00e9e,rose<\/p>\n<p><b>Informations sur la taille :<\/b><\/p>\n<table border=\"0\" width=\"100%\" cellspacing=\"0\" cellpadding=\"0\">\n<tbody>\n<tr>\n<th>Taille\/CM<\/th>\n<th>Buste<\/th>\n<th>Taille<\/th>\n<th>Hanches<\/th>\n<\/tr>\n<tr>\n<td>S<\/td>\n<td>66<\/td>\n<td>62-66<\/td>\n<td>74-76<\/td>\n<\/tr>\n<tr>\n<td>M<\/td>\n<td>70<\/td>\n<td>66-70<\/td>\n<td>78-80<\/td>\n<\/tr>\n<tr>\n<td>L<\/td>\n<td>74<\/td>\n<td>70-74<\/td>\n<td>82-84<\/td>\n<\/tr>\n<tr>\n<td>XL<\/td>\n<td>78<\/td>\n<td>74-78<\/td>\n<td>86-88<\/td>\n<\/tr>\n<\/tbody>\n<\/table>\n<p>&nbsp;<\/p>\n<p><b>Remarque :<\/b><\/p>\n<p>1. Les tailles asiatiques sont 1 \u00e0 2 tailles plus petites que les tailles europ\u00e9ennes et am\u00e9ricaines. Choisissez la taille la plus grande si votre taille se situe entre deux tailles. Veuillez tenir compte d'une diff\u00e9rence de 2 \u00e0 3 cm due aux mesures manuelles.<\/p>\n<p>2. Si vous ne savez pas comment choisir votre taille, veuillez contacter notre service client\u00e8le.<\/p>\n<p>3. comme vous le savez, les ordinateurs affichent les couleurs diff\u00e9remment, la couleur de l'article r\u00e9el peut varier l\u00e9g\u00e8rement par rapport aux images suivantes.<\/p>\n<p><b>Liste d'emballage :<\/b><\/p>\n<p>Haut*1<\/p>\n<p>Short*1<\/p>\n<p>&nbsp;<\/p>\n<p><b>Image du produit :<\/b><\/p>\n<p><img loading=\"lazy\" decoding=\"async\" class=\"alignnone\" style=\"max-width: 100%;\" src=\"https:\/\/cc-west-usa.oss-accelerate.aliyuncs.com\/c69d81ec-1320-466d-b888-8f2cc657aabe.jpg\" alt=\"Bikini sexy taille haute avec d\u00e9coupes creuses\" width=\"800\" height=\"800\" \/><br \/>\n<img decoding=\"async\" style=\"max-width: 100%;\" src=\"https:\/\/cc-west-usa.oss-accelerate.aliyuncs.com\/bb732d54-644d-45cf-b297-be61efa24bf2.jpg\" alt=\"\"><br \/>\n<img decoding=\"async\" style=\"max-width: 100%;\" src=\"https:\/\/cc-west-usa.oss-accelerate.aliyuncs.com\/c49db705-c559-4924-bfb6-484e500c57bd.jpg\" alt=\"\"><br \/>\n<img decoding=\"async\" style=\"max-width: 100%;\" src=\"https:\/\/cc-west-usa.oss-accelerate.aliyuncs.com\/6c0623aa-f8be-4b2e-a56c-812152ae25b7.jpg\" alt=\"\"><br \/>\n<img decoding=\"async\" style=\"max-width: 100%;\" src=\"https:\/\/cc-west-usa.oss-accelerate.aliyuncs.com\/756e639a-5c60-46ba-9f05-cffacded42e2.jpg\" alt=\"\"><br \/>\n<img decoding=\"async\" style=\"max-width: 100%;\" src=\"https:\/\/cc-west-usa.oss-accelerate.aliyuncs.com\/d328f132-21da-4ef6-a998-36a9c948f887.jpg\" alt=\"\"><\/p>","protected":false},"excerpt":{"rendered":"<p>Le bikini sexy \u00e0 taille haute avec d\u00e9coupes creuses offre un design \u00e9l\u00e9gant qui donne confiance en soi. Parfait pour l'\u00e9t\u00e9 et les courbes parfaites.<\/p>","protected":false},"featured_media":4025,"comment_status":"open","ping_status":"closed","template":"","meta":[],"product_brand":[],"product_cat":[40],"product_tag":[],"class_list":{"0":"post-4031","1":"product","2":"type-product","3":"status-publish","4":"has-post-thumbnail","6":"product_cat-bikini","8":"first","9":"instock","10":"taxable","11":"shipping-taxable","12":"purchasable","13":"product-type-variable"},"_links":{"self":[{"href":"https:\/\/beacheden.com\/fr\/wp-json\/wp\/v2\/product\/4031","targetHints":{"allow":["GET"]}}],"collection":[{"href":"https:\/\/beacheden.com\/fr\/wp-json\/wp\/v2\/product"}],"about":[{"href":"https:\/\/beacheden.com\/fr\/wp-json\/wp\/v2\/types\/product"}],"replies":[{"embeddable":true,"href":"https:\/\/beacheden.com\/fr\/wp-json\/wp\/v2\/comments?post=4031"}],"wp:featuredmedia":[{"embeddable":true,"href":"https:\/\/beacheden.com\/fr\/wp-json\/wp\/v2\/media\/4025"}],"wp:attachment":[{"href":"https:\/\/beacheden.com\/fr\/wp-json\/wp\/v2\/media?parent=4031"}],"wp:term":[{"taxonomy":"product_brand","embeddable":true,"href":"https:\/\/beacheden.com\/fr\/wp-json\/wp\/v2\/product_brand?post=4031"},{"taxonomy":"product_cat","embeddable":true,"href":"https:\/\/beacheden.com\/fr\/wp-json\/wp\/v2\/product_cat?post=4031"},{"taxonomy":"product_tag","embeddable":true,"href":"https:\/\/beacheden.com\/fr\/wp-json\/wp\/v2\/product_tag?post=4031"}],"curies":[{"name":"wp","href":"https:\/\/api.w.org\/{rel}","templated":true}]}}