{"id":3905,"date":"2023-03-17T05:53:20","date_gmt":"2023-03-17T12:53:20","guid":{"rendered":"https:\/\/beacheden.com\/uncategorized\/new-style-one-piece-bikini-swimsuit-sexy-multicolor-ladies-swimwear\/"},"modified":"2025-07-21T14:01:26","modified_gmt":"2025-07-21T21:01:26","slug":"maillot-de-bain-une-piece-nouveau-style","status":"publish","type":"product","link":"https:\/\/beacheden.com\/fr\/maillot-de-bain-une-piece-nouveau-style\/","title":{"rendered":"New Style One-Piece Bikini Swimsuit Sexy Multicolor Ladies Swimwear"},"content":{"rendered":"<p>Une coupe impeccable. Con\u00e7u pour flatter toutes les morphologies, ce maillot de bain chic pr\u00e9sente une coupe contemporaine qui met en valeur votre silhouette naturelle tout en vous offrant un confort et un soutien in\u00e9gal\u00e9s. Fabriqu\u00e9 dans un tissu de qualit\u00e9 sup\u00e9rieure \u00e0 s\u00e9chage rapide, il est parfait pour les longues journ\u00e9es \u00e0 la plage ou pour se d\u00e9tendre au bord de la piscine.<\/p>\n<p>Avec des d\u00e9tails bien pens\u00e9s comme des bretelles r\u00e9glables et une coupe ajust\u00e9e, ce maillot une pi\u00e8ce est aussi pratique qu'\u00e9l\u00e9gant. Que vous vous pr\u00e9lassiez au bord de l'eau ou que vous plongiez dans les vagues, ce maillot de bain est tr\u00e8s pratique. <em>Maillot de bain une pi\u00e8ce New Style <\/em> vous permet de para\u00eetre et de vous sentir confiante tout au long de la saison. \u00c9levez votre <a href=\"https:\/\/beacheden.com\/fr\/maillot-de-bain-une-piece-dos-nu\/?wmc-currency=EUR\" title=\"Maillot de bain une pi\u00e8ce dos nu sexy\" target=\"_blank\" rel=\"noopener\"  data-wpil-monitor-id=\"45\">collection de maillots de bain avec cette pi\u00e8ce incontournable<\/a> aujourd'hui !<\/p>\n<p><b>Informations sur le produit :<\/b><\/p>\n<p>Style : Maillot de bain une pi\u00e8ce<\/p>\n<p>Sexe applicable : f\u00e9minin<\/p>\n<p>\u00c2ge d'application : adulte<\/p>\n<p>Motif : uni<\/p>\n<p>Composition du tissu : Nylon<\/p>\n<p>Composition du tissu : 80 (%)<\/p>\n<p>Composition de la doublure : Spandex<\/p>\n<p>Teneur en ingr\u00e9dients de la doublure : 20 (%)<\/p>\n<p>Sc\u00e8ne applicable : <a href=\"https:\/\/beacheden.com\/fr\/maillot-de-bain-une-piece-patchwork\/?wmc-currency=EUR\" title=\"Maillot de bain une pi\u00e8ce Maillot de bain patchwork Bikini\" target=\"_blank\" rel=\"noopener\"  data-wpil-monitor-id=\"25\">la natation et le pataugeage<\/a> sports<\/p>\n<p>Couleur : blanc, rose, violet, vert<\/p>\n<p><b>Informations sur la taille :<\/b><\/p>\n<p>Taille : S\/M\/L\/XL<\/p>\n<p><img decoding=\"async\" style=\"max-width: 100%;\" src=\"https:\/\/cc-west-usa.oss-accelerate.aliyuncs.com\/1624088170829.png\" alt=\"\"><\/p>\n<p><b>Remarque :<\/b><\/p>\n<p>1. Les tailles asiatiques sont 1 \u00e0 2 tailles plus petites que les tailles europ\u00e9ennes et am\u00e9ricaines. Choisissez la taille la plus grande si votre taille se situe entre deux tailles. Veuillez tenir compte d'une diff\u00e9rence de 2 \u00e0 3 cm due aux mesures manuelles.<\/p>\n<p>2. Si vous ne savez pas comment choisir votre taille, veuillez contacter notre service client\u00e8le.<\/p>\n<p>3. comme vous le savez, les ordinateurs affichent les couleurs diff\u00e9remment, la couleur de l'article r\u00e9el peut varier l\u00e9g\u00e8rement par rapport aux images suivantes.<\/p>\n<p><b>Liste d'emballage :<\/b><\/p>\n<p>V\u00eatements pour femmes *1<\/p>\n<p><b>Image du produit :<\/b><\/p>\n<p>Image compl\u00e8te :<\/p>\n<p><img loading=\"lazy\" decoding=\"async\" class=\"alignnone\" style=\"max-width: 100%;\" src=\"https:\/\/cc-west-usa.oss-accelerate.aliyuncs.com\/1624088206527.jpg\" alt=\"Maillot de bain une pi\u00e8ce New Style\" width=\"1340\" height=\"1785\" \/><br \/>\n<img decoding=\"async\" style=\"max-width: 100%;\" src=\"https:\/\/cc-west-usa.oss-accelerate.aliyuncs.com\/1624088206506.jpg\" alt=\"\"><br \/>\n<img decoding=\"async\" style=\"max-width: 100%;\" src=\"https:\/\/cc-west-usa.oss-accelerate.aliyuncs.com\/1624088206535.jpg\" alt=\"\"><br \/>\n<img decoding=\"async\" style=\"max-width: 100%;\" src=\"https:\/\/cc-west-usa.oss-accelerate.aliyuncs.com\/1624088206542.jpg\" alt=\"\"><br \/>\n<img decoding=\"async\" style=\"max-width: 100%;\" src=\"https:\/\/cc-west-usa.oss-accelerate.aliyuncs.com\/1624088206541.jpg\" alt=\"\"><\/p>","protected":false},"excerpt":{"rendered":"<p>Ce nouveau maillot de bain une pi\u00e8ce allie un design moderne \u00e0 un confort ultime. Mettez votre silhouette en valeur tout en b\u00e9n\u00e9ficiant d'un soutien et d'un style. Id\u00e9al pour la plage ou la piscine, ce maillot de <a href=\"https:\/\/beacheden.com\/fr\/couverture-a-franges\/?wmc-currency=EUR\" title=\"Beach Crochet Fringed Swimsuit Cover-up\" target=\"_blank\" rel=\"noopener\"  data-wpil-monitor-id=\"58\">Le maillot de bain est un \u00e9l\u00e9ment essentiel de la garde-robe<\/a>. Adoptez l'\u00e9l\u00e9gance sans effort d\u00e8s aujourd'hui !<\/p>","protected":false},"featured_media":3920,"comment_status":"open","ping_status":"closed","template":"","meta":[],"product_brand":[],"product_cat":[37,39],"product_tag":[],"class_list":{"0":"post-3905","1":"product","2":"type-product","3":"status-publish","4":"has-post-thumbnail","6":"product_cat-sale","7":"product_cat-swimsuit","9":"first","10":"instock","11":"sale","12":"taxable","13":"shipping-taxable","14":"purchasable","15":"product-type-variable"},"_links":{"self":[{"href":"https:\/\/beacheden.com\/fr\/wp-json\/wp\/v2\/product\/3905","targetHints":{"allow":["GET"]}}],"collection":[{"href":"https:\/\/beacheden.com\/fr\/wp-json\/wp\/v2\/product"}],"about":[{"href":"https:\/\/beacheden.com\/fr\/wp-json\/wp\/v2\/types\/product"}],"replies":[{"embeddable":true,"href":"https:\/\/beacheden.com\/fr\/wp-json\/wp\/v2\/comments?post=3905"}],"wp:featuredmedia":[{"embeddable":true,"href":"https:\/\/beacheden.com\/fr\/wp-json\/wp\/v2\/media\/3920"}],"wp:attachment":[{"href":"https:\/\/beacheden.com\/fr\/wp-json\/wp\/v2\/media?parent=3905"}],"wp:term":[{"taxonomy":"product_brand","embeddable":true,"href":"https:\/\/beacheden.com\/fr\/wp-json\/wp\/v2\/product_brand?post=3905"},{"taxonomy":"product_cat","embeddable":true,"href":"https:\/\/beacheden.com\/fr\/wp-json\/wp\/v2\/product_cat?post=3905"},{"taxonomy":"product_tag","embeddable":true,"href":"https:\/\/beacheden.com\/fr\/wp-json\/wp\/v2\/product_tag?post=3905"}],"curies":[{"name":"wp","href":"https:\/\/api.w.org\/{rel}","templated":true}]}}