{"id":3876,"date":"2023-03-17T05:32:20","date_gmt":"2023-03-17T12:32:20","guid":{"rendered":"https:\/\/beacheden.com\/uncategorized\/summer-new-womens-sexy-inner-wear-vest-fashion-bag-hip-short-skirt-two-piece-suit-women\/"},"modified":"2023-03-22T05:29:38","modified_gmt":"2023-03-22T12:29:38","slug":"summer-new-womens-sexy-inner-wear-vest-fashion-bag-hip-short-skirt-two-piece-suit-women","status":"publish","type":"product","link":"https:\/\/beacheden.com\/fr\/summer-new-womens-sexy-inner-wear-vest-fashion-bag-hip-short-skirt-two-piece-suit-women\/","title":{"rendered":"Summer New Women's Sexy Inner Wear Vest Fashion Bag Hip Short Skirt Two-Piece Suit Women"},"content":{"rendered":"<p>\n <b>Informations sur le produit :&nbsp;&nbsp;&nbsp;&nbsp;&nbsp;<\/b>\n<\/p>\n<p>\n Style : sexy<br \/>\n <br \/>\n Mod\u00e8le : Impression<br \/>\n <br \/>\n Style : tailleur jupe<br \/>\n <br \/>\n Style haut de gamme : bretelles<br \/>\n <br \/>\n Longueur des manches du haut : sans manches<br \/>\n <br \/>\n Longueur de la jupe : jupe courte<br \/>\n <br \/>\n \u00c9l\u00e9ments populaires : impression<br \/>\n <br \/>\n Processus : Impression\/teinture<br \/>\n <br \/>\n Nom du tissu : coton m\u00e9lang\u00e9<br \/>\n <br \/>\n Composition du tissu principal : fibre de polyester (polyester)<br \/>\n <br \/>\n Contenu de l'ingr\u00e9dient principal du tissu : 81%-90%<br \/>\n <br \/>\n Composition du tissu principal 2 : coton<br \/>\n <br \/>\n Contenu de l'ingr\u00e9dient principal du tissu 2 : 10% ou moins<br \/>\n <br \/>\n Composition de la doublure : fibre de polyester (polyester)<br \/>\n <br \/>\n Teneur en ingr\u00e9dients de la doublure : 100%<br \/>\n <br \/>\n Couleur : rose, jaune, bleu<br \/>\n <br \/>\n Taille : S, M, L<br \/>\n <br \/>\n Type de style : temp\u00e9rament pendulaire\n<\/p>\n<p>\n \n<\/p>\n<p>\n <b><br \/>\n  Informations sur la taille :&nbsp;&nbsp;&nbsp;<br \/>\n  <br \/>\n <\/b><br \/>\n <img decoding=\"async\" src=\"https:\/\/cc-west-usa.oss-accelerate.aliyuncs.com\/1619328245579.png\" style=\"max-width:100%\" alt=\"\">\n<\/p>\n<p>\n <br \/>\n <b>Pr\u00e9cautions :<\/b><br \/>\n <br \/>\n 1. Les tailles asiatiques sont 1 \u00e0 2 tailles plus petites que les tailles europ\u00e9ennes et am\u00e9ricaines. Choisissez la taille la plus grande si votre taille se situe entre deux tailles. Veuillez tenir compte d'une diff\u00e9rence de 2 \u00e0 3 cm due aux mesures manuelles.<br \/>\n <br \/>\n 2. Si vous ne savez pas comment choisir votre taille, veuillez contacter notre service client\u00e8le.<br \/>\n <br \/>\n 3. comme vous le savez, les ordinateurs affichent les couleurs diff\u00e9remment, la couleur de l'article r\u00e9el peut varier l\u00e9g\u00e8rement par rapport aux images suivantes.<br \/>\n <br \/>\n &nbsp;&nbsp;<br \/>\n <br \/>\n <b>Liste d'emballage :<\/b><br \/>\n \n<\/p>\n<p>\n <span style=\"font-size: 1em\">Combinaison jupe<\/span><br \/>\n &nbsp;x1<br \/>\n \n<\/p>\n<p>\n \n<\/p>\n<p>\n <img decoding=\"async\" src=\"https:\/\/cc-west-usa.oss-accelerate.aliyuncs.com\/1619328321204.jpg\" style=\"max-width:100%\" alt=\"\"><br \/>\n <img decoding=\"async\" src=\"https:\/\/cc-west-usa.oss-accelerate.aliyuncs.com\/1619328321157.jpg\" style=\"max-width: 100%\" alt=\"\"><br \/>\n <img decoding=\"async\" src=\"https:\/\/cc-west-usa.oss-accelerate.aliyuncs.com\/1619328321199.jpg\" style=\"max-width: 100%\" alt=\"\"><br \/>\n <img decoding=\"async\" src=\"https:\/\/cc-west-usa.oss-accelerate.aliyuncs.com\/1619328321205.jpg\" style=\"max-width: 100%\" alt=\"\"><br \/>\n <img decoding=\"async\" src=\"https:\/\/cc-west-usa.oss-accelerate.aliyuncs.com\/1619328321450.jpg\" style=\"max-width: 100%\" alt=\"\"><br \/>\n <img decoding=\"async\" src=\"https:\/\/cc-west-usa.oss-accelerate.aliyuncs.com\/1619328321487.jpg\" style=\"max-width: 100%\" alt=\"\"><br \/>\n <img decoding=\"async\" src=\"https:\/\/cc-west-usa.oss-accelerate.aliyuncs.com\/1619328321496.jpg\" style=\"max-width: 100%\" alt=\"\"><br \/>\n <img decoding=\"async\" src=\"https:\/\/cc-west-usa.oss-accelerate.aliyuncs.com\/1619328321497.jpg\" style=\"max-width: 100%\" alt=\"\"><br \/>\n <img decoding=\"async\" src=\"https:\/\/cc-west-usa.oss-accelerate.aliyuncs.com\/1619328321214.jpg\" style=\"max-width: 100%\" alt=\"\"><br \/>\n <img decoding=\"async\" src=\"https:\/\/cc-west-usa.oss-accelerate.aliyuncs.com\/1619328321506.jpg\" style=\"max-width: 100%\" alt=\"\"><br \/>\n <img decoding=\"async\" src=\"https:\/\/cc-west-usa.oss-accelerate.aliyuncs.com\/1619328321213.jpg\" style=\"max-width: 100%\" alt=\"\"><br \/>\n <\/p>","protected":false},"excerpt":{"rendered":"<p>Product&nbsp;information:&nbsp;&nbsp;&nbsp;&nbsp;&nbsp; Style: sexy Pattern: Printing Style: skirt suit Top style: suspenders Top sleeve length: sleeveless Skirt length: short skirt Popular elements: printing Process: Printing\/Dyeing Fabric name: cotton blended Main fabric composition: polyester fiber (polyester) The content of the main fabric ingredient: 81%-90% Main fabric composition 2: Cotton The content of main fabric ingredient 2: 10% [&#8230;]\n","protected":false},"featured_media":3870,"comment_status":"open","ping_status":"closed","template":"","meta":[],"product_brand":[],"product_cat":[16],"product_tag":[],"class_list":{"0":"post-3876","1":"product","2":"type-product","3":"status-publish","4":"has-post-thumbnail","6":"product_cat-cover-ups","8":"first","9":"instock","10":"taxable","11":"shipping-taxable","12":"purchasable","13":"product-type-variable"},"_links":{"self":[{"href":"https:\/\/beacheden.com\/fr\/wp-json\/wp\/v2\/product\/3876","targetHints":{"allow":["GET"]}}],"collection":[{"href":"https:\/\/beacheden.com\/fr\/wp-json\/wp\/v2\/product"}],"about":[{"href":"https:\/\/beacheden.com\/fr\/wp-json\/wp\/v2\/types\/product"}],"replies":[{"embeddable":true,"href":"https:\/\/beacheden.com\/fr\/wp-json\/wp\/v2\/comments?post=3876"}],"wp:featuredmedia":[{"embeddable":true,"href":"https:\/\/beacheden.com\/fr\/wp-json\/wp\/v2\/media\/3870"}],"wp:attachment":[{"href":"https:\/\/beacheden.com\/fr\/wp-json\/wp\/v2\/media?parent=3876"}],"wp:term":[{"taxonomy":"product_brand","embeddable":true,"href":"https:\/\/beacheden.com\/fr\/wp-json\/wp\/v2\/product_brand?post=3876"},{"taxonomy":"product_cat","embeddable":true,"href":"https:\/\/beacheden.com\/fr\/wp-json\/wp\/v2\/product_cat?post=3876"},{"taxonomy":"product_tag","embeddable":true,"href":"https:\/\/beacheden.com\/fr\/wp-json\/wp\/v2\/product_tag?post=3876"}],"curies":[{"name":"wp","href":"https:\/\/api.w.org\/{rel}","templated":true}]}}