{"id":3755,"date":"2023-03-17T05:19:41","date_gmt":"2023-03-17T12:19:41","guid":{"rendered":"https:\/\/beacheden.com\/uncategorized\/bikini-set-sexy-halter-shiny-swimsuit\/"},"modified":"2025-11-01T13:31:43","modified_gmt":"2025-11-01T20:31:43","slug":"bikini-brillant-pour-lete","status":"publish","type":"product","link":"https:\/\/beacheden.com\/fr\/bikini-brillant-pour-lete\/","title":{"rendered":"Ensemble Bikini Sexy Halter Shiny Swimsuit"},"content":{"rendered":"<p>Sous les feux de la rampe avec notre <strong>bikini brillant pour l'\u00e9t\u00e9 <\/strong>Ce bikini est con\u00e7u pour faire des vagues cette saison. Fabriqu\u00e9 dans un tissu scintillant de haute qualit\u00e9, ce bikini capte la lumi\u00e8re du soleil pour un \u00e9clat radieux qu'il est impossible de manquer. Les bretelles r\u00e9glables et la mati\u00e8re douce et extensible garantissent un ajustement parfait et confortable pour toutes les morphologies.<\/p>\n<p>Que vous soyez <a href=\"https:\/\/beacheden.com\/fr\/bikini-deux-pieces-imprime\/?wmc-currency=EUR\" title=\"Bikini deux pi\u00e8ces imprim\u00e9\" target=\"_blank\" rel=\"noopener\"  data-wpil-monitor-id=\"111\">se pr\u00e9lasser au bord de la piscine<\/a> ou de prendre le soleil \u00e0 la plage, ce bikini est l'indispensable de l'\u00e9t\u00e9. Avec son design chic et sa brillance qui donne confiance, il est temps d'embrasser la d\u00e9esse qui est en vous et de briller plus que jamais cet \u00e9t\u00e9. Ne vous contentez pas de porter un maillot de bain, faites-vous remarquer !<\/p>\n<p>Style du motif : sexy, <a href=\"https:\/\/beacheden.com\/fr\/bikini-fluo\/?wmc-currency=EUR\" title=\"Chan Double New Swimsuit Solid Color Bikini Ladies Swimsuit European and American Swimwear Foreign Trade Beanies\" target=\"_blank\" rel=\"noopener\"  data-wpil-monitor-id=\"129\">Europ\u00e9en et am\u00e9ricain<\/a>couleur unie<br \/>\nSi l'on apporte une serpilli\u00e8re en acier : avec un tampon en acier sans support en acier<br \/>\nNom du tissu : Nylon<br \/>\nDomaine d'application : natation et pataugeage<\/p>\n<p><img decoding=\"async\" style=\"max-width: 100%;\" src=\"https:\/\/cc-west-usa.oss-us-west-1.aliyuncs.com\/f66ec54b-75cb-4fb5-814f-2e69ff2fba11.jpg\" alt=\"\"><\/p>\n<p>1. Les tailles asiatiques sont 1 \u00e0 2 tailles plus petites que les tailles europ\u00e9ennes et am\u00e9ricaines. Choisissez la taille la plus grande si votre taille se situe entre deux tailles. Veuillez tenir compte d'une diff\u00e9rence de 2 \u00e0 3 cm due aux mesures manuelles.<\/p>\n<p>2. Si vous ne savez pas comment choisir votre taille, veuillez contacter notre service client\u00e8le.<\/p>\n<p>3. comme vous le savez, les ordinateurs affichent les couleurs diff\u00e9remment, la couleur de l'article r\u00e9el peut varier l\u00e9g\u00e8rement par rapport aux images suivantes.<\/p>\n<p><strong><img loading=\"lazy\" decoding=\"async\" class=\"alignnone\" src=\"https:\/\/cc-west-usa.oss-accelerate.aliyuncs.com\/16778016\/1631650137640144896.jpg\" alt=\"Bikini brillant tendance pour l&#039;\u00e9t\u00e9\" width=\"790\" height=\"1534\" \/><\/strong><\/p>\n<p><img loading=\"lazy\" decoding=\"async\" src=\"https:\/\/cc-west-usa.oss-accelerate.aliyuncs.com\/16778016\/1631650143105323008.jpg\" alt=\"76325 (2)\" width=\"790\" height=\"790\" \/><\/p>\n<p><img loading=\"lazy\" decoding=\"async\" src=\"https:\/\/cc-west-usa.oss-accelerate.aliyuncs.com\/16778016\/1631650148062990336.jpg\" alt=\"76325 (3)\" width=\"790\" height=\"790\" \/><\/p>\n<p><img loading=\"lazy\" decoding=\"async\" src=\"https:\/\/cc-west-usa.oss-accelerate.aliyuncs.com\/16778016\/1631650148511780864.jpg\" alt=\"76325 (4)\" width=\"790\" height=\"790\" \/><\/p>\n<p><strong><img loading=\"lazy\" decoding=\"async\" src=\"https:\/\/cc-west-usa.oss-accelerate.aliyuncs.com\/16778016\/1631650156506124288.jpg\" alt=\"ind\u00e9fini\" width=\"790\" height=\"790\" \/><\/strong><\/p>\n<p><img loading=\"lazy\" decoding=\"async\" src=\"https:\/\/cc-west-usa.oss-accelerate.aliyuncs.com\/16778016\/1631650165515489280.jpg\" alt=\"ind\u00e9fini\" width=\"790\" height=\"790\" \/><\/p>\n<p><img loading=\"lazy\" decoding=\"async\" src=\"https:\/\/cc-west-usa.oss-accelerate.aliyuncs.com\/16778016\/1631650172381564928.jpg\" alt=\"ind\u00e9fini\" width=\"790\" height=\"790\" \/><\/p>\n<p><img loading=\"lazy\" decoding=\"async\" src=\"https:\/\/cc-west-usa.oss-accelerate.aliyuncs.com\/16778016\/1631650179432189952.jpg\" alt=\"ind\u00e9fini\" width=\"790\" height=\"790\" \/><\/p>\n<p><img loading=\"lazy\" decoding=\"async\" src=\"https:\/\/cc-west-usa.oss-accelerate.aliyuncs.com\/16778016\/1631650186189213696.jpg\" alt=\"ind\u00e9fini\" width=\"790\" height=\"790\" \/><\/p>\n<p><img loading=\"lazy\" decoding=\"async\" src=\"https:\/\/cc-west-usa.oss-accelerate.aliyuncs.com\/16778016\/1631650193881567232.jpg\" alt=\"ind\u00e9fini\" width=\"790\" height=\"790\" \/><\/p>\n<p><img loading=\"lazy\" decoding=\"async\" src=\"https:\/\/cc-west-usa.oss-accelerate.aliyuncs.com\/16778016\/1631650200646979584.jpg\" alt=\"ind\u00e9fini\" width=\"790\" height=\"790\" \/><\/p>\n<p><img loading=\"lazy\" decoding=\"async\" src=\"https:\/\/cc-west-usa.oss-accelerate.aliyuncs.com\/16778016\/1631650210088357888.jpg\" alt=\"ind\u00e9fini\" width=\"790\" height=\"790\" \/><\/p>\n<p><img loading=\"lazy\" decoding=\"async\" src=\"https:\/\/cc-west-usa.oss-accelerate.aliyuncs.com\/16778016\/1631650223002619904.jpg\" alt=\"ind\u00e9fini\" width=\"790\" height=\"790\" \/><strong><br \/>\n<\/strong><\/p>\n<p>&nbsp;<\/p>","protected":false},"excerpt":{"rendered":"<p>Le bikini brillant tendance pour l'\u00e9t\u00e9 allie style, confort et confiance. Sa brillance \u00e9blouissante fait tourner les t\u00eates, tandis que sa coupe parfaite assure une aisance tout au long de la journ\u00e9e. Soyez la star de chaque journ\u00e9e de plage !<\/p>","protected":false},"featured_media":3751,"comment_status":"open","ping_status":"closed","template":"","meta":[],"product_brand":[],"product_cat":[40],"product_tag":[],"class_list":{"0":"post-3755","1":"product","2":"type-product","3":"status-publish","4":"has-post-thumbnail","6":"product_cat-bikini","8":"first","9":"instock","10":"taxable","11":"shipping-taxable","12":"purchasable","13":"product-type-variable"},"_links":{"self":[{"href":"https:\/\/beacheden.com\/fr\/wp-json\/wp\/v2\/product\/3755","targetHints":{"allow":["GET"]}}],"collection":[{"href":"https:\/\/beacheden.com\/fr\/wp-json\/wp\/v2\/product"}],"about":[{"href":"https:\/\/beacheden.com\/fr\/wp-json\/wp\/v2\/types\/product"}],"replies":[{"embeddable":true,"href":"https:\/\/beacheden.com\/fr\/wp-json\/wp\/v2\/comments?post=3755"}],"wp:featuredmedia":[{"embeddable":true,"href":"https:\/\/beacheden.com\/fr\/wp-json\/wp\/v2\/media\/3751"}],"wp:attachment":[{"href":"https:\/\/beacheden.com\/fr\/wp-json\/wp\/v2\/media?parent=3755"}],"wp:term":[{"taxonomy":"product_brand","embeddable":true,"href":"https:\/\/beacheden.com\/fr\/wp-json\/wp\/v2\/product_brand?post=3755"},{"taxonomy":"product_cat","embeddable":true,"href":"https:\/\/beacheden.com\/fr\/wp-json\/wp\/v2\/product_cat?post=3755"},{"taxonomy":"product_tag","embeddable":true,"href":"https:\/\/beacheden.com\/fr\/wp-json\/wp\/v2\/product_tag?post=3755"}],"curies":[{"name":"wp","href":"https:\/\/api.w.org\/{rel}","templated":true}]}}