{"id":3741,"date":"2023-03-17T05:14:07","date_gmt":"2023-03-17T12:14:07","guid":{"rendered":"https:\/\/beacheden.com\/uncategorized\/womens-panelled-sexy-lace-up-split-bikini\/"},"modified":"2025-05-22T05:18:42","modified_gmt":"2025-05-22T12:18:42","slug":"bikini-fendu-a-lacets-sexy-pour-femmes","status":"publish","type":"product","link":"https:\/\/beacheden.com\/fr\/bikini-fendu-a-lacets-sexy-pour-femmes\/","title":{"rendered":"Bikini fendu lac\u00e9 sexy \u00e0 panneaux pour femmes"},"content":{"rendered":"<p><b>Informations sur le produit :<\/b><\/p>\n<p>Mat\u00e9riau : fibre de polyester<br \/>\nStyle : mode et simplicit\u00e9<br \/>\nCaract\u00e9ristiques : Dentelle<br \/>\nCouleur : Kaki<\/p>\n<p><b>Informations sur la taille :<\/b><\/p>\n<p><img decoding=\"async\" style=\"max-width: 100%;\" src=\"https:\/\/cc-west-usa.oss-accelerate.aliyuncs.com\/bd8778dd-feb8-4630-9eac-2ed2b57879b4.png\" alt=\"\"><\/p>\n<p>&nbsp;<\/p>\n<p><b>Remarque :<\/b><br \/>\n1. Les tailles asiatiques sont 1 \u00e0 2 tailles plus petites que les tailles europ\u00e9ennes et am\u00e9ricaines. Choisissez la taille la plus grande si votre taille se situe entre deux tailles. Veuillez tenir compte d'une diff\u00e9rence de 2 \u00e0 3 cm due aux mesures manuelles.<br \/>\n2. Si vous ne savez pas comment choisir votre taille, veuillez contacter notre service client\u00e8le.<br \/>\n3. comme vous le savez, les ordinateurs affichent les couleurs diff\u00e9remment, la couleur de l'article r\u00e9el peut varier l\u00e9g\u00e8rement par rapport aux images suivantes.<\/p>\n<p><b>Liste d'emballage :<\/b><\/p>\n<p>Haut*1<\/p>\n<p>Pantalon*1<\/p>\n<p>&nbsp;<\/p>\n<p><b>Image du produit :<\/b><\/p>\n<p><img decoding=\"async\" style=\"max-width: 100%;\" src=\"https:\/\/cc-west-usa.oss-accelerate.aliyuncs.com\/3337ebf0-7c1b-4735-b9f9-acfb8997f495.jpg\" alt=\"\"><img decoding=\"async\" style=\"max-width: 100%;\" src=\"https:\/\/cc-west-usa.oss-accelerate.aliyuncs.com\/6c51c525-269e-4d9d-af33-323c301e876a.jpg\" alt=\"\"><img loading=\"lazy\" decoding=\"async\" class=\"alignnone\" style=\"max-width: 100%;\" src=\"https:\/\/cc-west-usa.oss-accelerate.aliyuncs.com\/d60ca2b5-d5e6-4daf-ab84-f8c94adfc011.jpg\" alt=\"Bikini fendu lac\u00e9 sexy \u00e0 panneaux pour femmes\" width=\"1340\" height=\"1785\" \/><img decoding=\"async\" style=\"max-width: 100%;\" src=\"https:\/\/cc-west-usa.oss-accelerate.aliyuncs.com\/def45a1f-954c-473e-92ce-185c5e5ca7b7.jpg\" alt=\"\"><img decoding=\"async\" style=\"max-width: 100%;\" src=\"https:\/\/cc-west-usa.oss-accelerate.aliyuncs.com\/ad079a6c-c2b6-4096-9be1-867de1bb6b89.jpg\" alt=\"\"><img decoding=\"async\" style=\"max-width: 100%;\" src=\"https:\/\/cc-west-usa.oss-accelerate.aliyuncs.com\/f075bdc2-9f8c-445f-892f-f3ee8978ac8d.jpg\" alt=\"\"><\/p>","protected":false},"excerpt":{"rendered":"<p>Le bikini fendu \u00e0 lacets sexy pour femmes accentue votre silhouette gr\u00e2ce \u00e0 des d\u00e9tails de lacets r\u00e9glables et \u00e0 une fente audacieuse. Parfait pour les femmes s\u00fbres d'elles qui aiment les maillots de bain \u00e9l\u00e9gants. Faites sensation sans effort !<\/p>","protected":false},"featured_media":7272,"comment_status":"open","ping_status":"closed","template":"","meta":[],"product_brand":[],"product_cat":[40],"product_tag":[],"class_list":{"0":"post-3741","1":"product","2":"type-product","3":"status-publish","4":"has-post-thumbnail","6":"product_cat-bikini","8":"first","9":"instock","10":"taxable","11":"shipping-taxable","12":"purchasable","13":"product-type-variable"},"_links":{"self":[{"href":"https:\/\/beacheden.com\/fr\/wp-json\/wp\/v2\/product\/3741","targetHints":{"allow":["GET"]}}],"collection":[{"href":"https:\/\/beacheden.com\/fr\/wp-json\/wp\/v2\/product"}],"about":[{"href":"https:\/\/beacheden.com\/fr\/wp-json\/wp\/v2\/types\/product"}],"replies":[{"embeddable":true,"href":"https:\/\/beacheden.com\/fr\/wp-json\/wp\/v2\/comments?post=3741"}],"wp:featuredmedia":[{"embeddable":true,"href":"https:\/\/beacheden.com\/fr\/wp-json\/wp\/v2\/media\/7272"}],"wp:attachment":[{"href":"https:\/\/beacheden.com\/fr\/wp-json\/wp\/v2\/media?parent=3741"}],"wp:term":[{"taxonomy":"product_brand","embeddable":true,"href":"https:\/\/beacheden.com\/fr\/wp-json\/wp\/v2\/product_brand?post=3741"},{"taxonomy":"product_cat","embeddable":true,"href":"https:\/\/beacheden.com\/fr\/wp-json\/wp\/v2\/product_cat?post=3741"},{"taxonomy":"product_tag","embeddable":true,"href":"https:\/\/beacheden.com\/fr\/wp-json\/wp\/v2\/product_tag?post=3741"}],"curies":[{"name":"wp","href":"https:\/\/api.w.org\/{rel}","templated":true}]}}