{"id":3723,"date":"2023-03-17T05:11:24","date_gmt":"2023-03-17T12:11:24","guid":{"rendered":"https:\/\/beacheden.com\/uncategorized\/womens-split-large-european-and-american-style-swimsuit\/"},"modified":"2025-05-21T18:09:29","modified_gmt":"2025-05-22T01:09:29","slug":"maillot-de-bain-femme-split-large-european-and-american-style-swimsuit","status":"publish","type":"product","link":"https:\/\/beacheden.com\/fr\/maillot-de-bain-femme-split-large-european-and-american-style-swimsuit\/","title":{"rendered":"Maillot de bain fendu large \u00e0 l'europ\u00e9enne et \u00e0 l'am\u00e9ricaine pour femmes"},"content":{"rendered":"<p>Faites des vagues cette saison avec le <strong>Maillot de bain fendu large \u00e0 l'europ\u00e9enne et \u00e0 l'am\u00e9ricaine pour femmes <\/strong>Ce maillot de bain est un m\u00e9lange audacieux de sophistication et de design contemporain. Taill\u00e9 pour l'assurance et le confort, ce maillot de bain pr\u00e9sente une fente remarquable qui ajoute une touche d'allure tout en offrant une coupe flatteuse pour tous les types de corps.<\/p>\n<p>Fabriqu\u00e9 dans un tissu de qualit\u00e9 sup\u00e9rieure \u00e0 s\u00e9chage rapide, il garantit une durabilit\u00e9 et un port durable, que vous vous pr\u00e9lassiez au bord de la piscine ou que vous preniez le soleil \u00e0 la plage. Les motifs \u00e9clatants et l'esth\u00e9tique europ\u00e9enne-am\u00e9ricaine chic en font une pi\u00e8ce remarquable, parfaite pour ceux qui aiment exprimer leur style unique.<\/p>\n<p data-spm-anchor-id=\"a2ty_o01.29997173.0.i38.565e85c7Eb9ukG\">Avec son design r\u00e9fl\u00e9chi et sa fabrication impeccable, ce maillot de bain est plus qu'un simple maillot de bain - c'est une d\u00e9claration d'\u00e9l\u00e9gance et d'individualit\u00e9 qui donne du pouvoir. Plongez dans le luxe et adoptez votre meilleur look !<\/p>\n<p><b>Informations sur le produit :<\/b><br \/>\nSexe applicable : f\u00e9minin<br \/>\nMotif : couleur unie<br \/>\nNom du tissu : polyester<br \/>\nCouleur : noir<\/p>\n<p><b>Informations sur les dimensions :<\/b><br \/>\nTaille : XL, 1XL, 2XL, 3XL, 4XL<\/p>\n<table>\n<colgroup>\n<col \/>\n<col \/> <\/colgroup>\n<tbody>\n<tr>\n<td>Taille\uff08cm\uff09<\/td>\n<td>Taille<\/td>\n<td>Hanches<\/td>\n<td>Longueur<\/td>\n<\/tr>\n<tr>\n<td>S<\/td>\n<td>62-66<\/td>\n<td>74-78<\/td>\n<td>28<\/td>\n<\/tr>\n<tr>\n<td>M<\/td>\n<td>66-70<\/td>\n<td>78-82<\/td>\n<td>29<\/td>\n<\/tr>\n<tr>\n<td>L<\/td>\n<td>70-74<\/td>\n<td>82-86<\/td>\n<td>30<\/td>\n<\/tr>\n<tr>\n<td>XL<\/td>\n<td>74-78<\/td>\n<td>86-90<\/td>\n<td>31<\/td>\n<\/tr>\n<\/tbody>\n<\/table>\n<p>&nbsp;<\/p>\n<p><b>Note\uff1a<\/b><br \/>\n1. Les tailles asiatiques sont 1 \u00e0 2 tailles plus petites que les tailles europ\u00e9ennes et am\u00e9ricaines. Choisissez la taille la plus grande si votre taille se situe entre deux tailles. Veuillez tenir compte d'une diff\u00e9rence de 2 \u00e0 3 cm due aux mesures manuelles.<br \/>\n2. Si vous ne savez pas comment choisir votre taille, veuillez contacter notre service client\u00e8le.<br \/>\n3. comme vous le savez, les ordinateurs affichent les couleurs diff\u00e9remment, la couleur de l'article r\u00e9el peut varier l\u00e9g\u00e8rement par rapport aux images suivantes.<\/p>\n<p><b>Liste d'emballage :<\/b><br \/>\nTop*1+Pantalon*1<\/p>\n<p><img decoding=\"async\" style=\"max-width: 100%;\" src=\"https:\/\/cc-west-usa.oss-accelerate.aliyuncs.com\/623c2467-f72e-46c1-b466-784cce3a0352.jpg\" alt=\"\"><img loading=\"lazy\" decoding=\"async\" class=\"alignnone\" style=\"max-width: 100%;\" src=\"https:\/\/cc-west-usa.oss-accelerate.aliyuncs.com\/214c02f5-f866-4d0f-9f42-9d3361ab6dbf.jpg\" alt=\"Maillot de bain fendu large pour femmes, style europ\u00e9en et am\u00e9ricain\" width=\"750\" height=\"750\" \/><img decoding=\"async\" style=\"max-width: 100%;\" src=\"https:\/\/cc-west-usa.oss-accelerate.aliyuncs.com\/dde66303-458e-46c8-959b-ff65209ea81f.jpg\" alt=\"\"><img decoding=\"async\" style=\"max-width: 100%;\" src=\"https:\/\/cc-west-usa.oss-accelerate.aliyuncs.com\/8d6e3cff-7caa-443d-a8ec-cd01d81e7a29.jpg\" alt=\"\"><img decoding=\"async\" style=\"max-width: 100%;\" src=\"https:\/\/cc-west-usa.oss-accelerate.aliyuncs.com\/00058891-5176-455b-b762-0e9fdcf9cd17.jpg\" alt=\"\"><\/p>","protected":false},"excerpt":{"rendered":"<p>Le maillot de bain fendu large pour femmes, de style europ\u00e9en et am\u00e9ricain, red\u00e9finit l'\u00e9l\u00e9gance et la confiance en soi. Dot\u00e9 d'une coupe flatteuse, de motifs \u00e9clatants et d'un tissu de qualit\u00e9 sup\u00e9rieure, il vous permet de vous d\u00e9marquer sur la plage ou au bord de la piscine tout en b\u00e9n\u00e9ficiant d'un confort ultime.<\/p>","protected":false},"featured_media":3718,"comment_status":"open","ping_status":"closed","template":"","meta":[],"product_brand":[],"product_cat":[40],"product_tag":[],"class_list":{"0":"post-3723","1":"product","2":"type-product","3":"status-publish","4":"has-post-thumbnail","6":"product_cat-bikini","8":"first","9":"instock","10":"taxable","11":"shipping-taxable","12":"purchasable","13":"product-type-variable"},"_links":{"self":[{"href":"https:\/\/beacheden.com\/fr\/wp-json\/wp\/v2\/product\/3723","targetHints":{"allow":["GET"]}}],"collection":[{"href":"https:\/\/beacheden.com\/fr\/wp-json\/wp\/v2\/product"}],"about":[{"href":"https:\/\/beacheden.com\/fr\/wp-json\/wp\/v2\/types\/product"}],"replies":[{"embeddable":true,"href":"https:\/\/beacheden.com\/fr\/wp-json\/wp\/v2\/comments?post=3723"}],"wp:featuredmedia":[{"embeddable":true,"href":"https:\/\/beacheden.com\/fr\/wp-json\/wp\/v2\/media\/3718"}],"wp:attachment":[{"href":"https:\/\/beacheden.com\/fr\/wp-json\/wp\/v2\/media?parent=3723"}],"wp:term":[{"taxonomy":"product_brand","embeddable":true,"href":"https:\/\/beacheden.com\/fr\/wp-json\/wp\/v2\/product_brand?post=3723"},{"taxonomy":"product_cat","embeddable":true,"href":"https:\/\/beacheden.com\/fr\/wp-json\/wp\/v2\/product_cat?post=3723"},{"taxonomy":"product_tag","embeddable":true,"href":"https:\/\/beacheden.com\/fr\/wp-json\/wp\/v2\/product_tag?post=3723"}],"curies":[{"name":"wp","href":"https:\/\/api.w.org\/{rel}","templated":true}]}}