{"id":3689,"date":"2023-03-17T04:57:38","date_gmt":"2023-03-17T11:57:38","guid":{"rendered":"https:\/\/beacheden.com\/uncategorized\/split-swimsuit-summer-bikini-three-piece-print-beach-suit-swimming-sportswear\/"},"modified":"2025-09-23T12:21:25","modified_gmt":"2025-09-23T19:21:25","slug":"maillot-de-bain-fendu-ete-bikini-trois-pieces-imprime-maillot-de-plage-natation-sportswear","status":"publish","type":"product","link":"https:\/\/beacheden.com\/fr\/maillot-de-bain-fendu-ete-bikini-trois-pieces-imprime-maillot-de-plage-natation-sportswear\/","title":{"rendered":"Maillot de bain fendu Bikini d'\u00e9t\u00e9 trois pi\u00e8ces Maillot de plage imprim\u00e9 Maillot de bain Sportswear"},"content":{"rendered":"<p><b>Informations sur le produit :<br \/><\/b>Style de motif : floral, s\u00e9chage rapide, d\u00e9grad\u00e9, sexy, haute \u00e9lasticit\u00e9, durable, europ\u00e9en et am\u00e9ricain<br \/>Si avec tra\u00een\u00e9e en acier : pas de support en acier et pas de coussin thoracique<br \/>Nom du tissu : Nylon<br \/>Composition du tissu : nylon\/nylon<br \/>Composition du tissu : 80 (%)<br \/><b><br \/>Informations sur la taille :<\/b><\/p>\n<p><img decoding=\"async\" src=\"https:\/\/cc-west-usa.oss-accelerate.aliyuncs.com\/0f6c45fb-def6-4732-904b-2f184b51e200.png\" style=\"max-width:100%\" alt=\"\"><\/p>\n<p><b>Remarque :<\/b><br \/>1. Les tailles asiatiques sont 1 \u00e0 2 tailles plus petites que les tailles europ\u00e9ennes et am\u00e9ricaines. Choisissez la taille la plus grande si votre taille se situe entre deux tailles. Veuillez tenir compte d'une diff\u00e9rence de 2 \u00e0 3 cm due aux mesures manuelles.<br \/>2. Si vous ne savez pas comment choisir votre taille, veuillez contacter notre service client\u00e8le.<br \/>3. comme vous le savez, les ordinateurs affichent les couleurs diff\u00e9remment, la couleur de l'article r\u00e9el peut varier l\u00e9g\u00e8rement par rapport aux images suivantes.<\/p>\n<p><b>Liste d'emballage :<br \/><\/b>Bikini x1<\/p>\n<p><img decoding=\"async\" src=\"https:\/\/cc-west-usa.oss-accelerate.aliyuncs.com\/fbff8682-a63d-4374-8d25-09acd1de4a2e.jpg\" style=\"max-width:100%\" alt=\"\"><img decoding=\"async\" src=\"https:\/\/cc-west-usa.oss-accelerate.aliyuncs.com\/79a3bc70-39ca-4cc9-ac0e-5afaad774944.jpg\" style=\"max-width: 100%\" alt=\"\"><img decoding=\"async\" src=\"https:\/\/cc-west-usa.oss-accelerate.aliyuncs.com\/8394d261-ce72-461d-b481-c690ea447b09.jpg\" style=\"max-width: 100%\" alt=\"\"><img decoding=\"async\" src=\"https:\/\/cc-west-usa.oss-accelerate.aliyuncs.com\/0370bd1f-29fa-4769-83ae-93f458e419e2.jpg\" style=\"max-width: 100%\" alt=\"\"><img decoding=\"async\" src=\"https:\/\/cc-west-usa.oss-accelerate.aliyuncs.com\/dd84407d-7aaf-4d8b-b763-988cc7bb638d.jpg\" style=\"max-width: 100%\" alt=\"\"><img decoding=\"async\" src=\"https:\/\/cc-west-usa.oss-accelerate.aliyuncs.com\/caf7b1d4-fe98-493e-8034-2769925560a5.jpg\" style=\"max-width: 100%\" alt=\"\"><img decoding=\"async\" src=\"https:\/\/cc-west-usa.oss-accelerate.aliyuncs.com\/e5d4728a-6ca6-47b6-b55a-44abf44f7f92.jpg\" style=\"max-width: 100%\" alt=\"\"><\/p>","protected":false},"excerpt":{"rendered":"<p>Product information:Pattern style: floral, quick-drying, gradient, sexy, high elasticity, durable, European and AmericanWhether with steel drag: no steel support and no chest padFabric name: NylonFabric composition: nylon\/nylonFabric composition content: 80 (%)Size Information: Note:1. Asian sizes are 1 to 2 sizes smaller than European and American people. Choose the larger size if your size between two [&#8230;]\n","protected":false},"featured_media":3682,"comment_status":"open","ping_status":"closed","template":"","meta":[],"product_brand":[],"product_cat":[16],"product_tag":[],"class_list":{"0":"post-3689","1":"product","2":"type-product","3":"status-publish","4":"has-post-thumbnail","6":"product_cat-cover-ups","8":"first","9":"instock","10":"taxable","11":"shipping-taxable","12":"purchasable","13":"product-type-variable"},"_links":{"self":[{"href":"https:\/\/beacheden.com\/fr\/wp-json\/wp\/v2\/product\/3689","targetHints":{"allow":["GET"]}}],"collection":[{"href":"https:\/\/beacheden.com\/fr\/wp-json\/wp\/v2\/product"}],"about":[{"href":"https:\/\/beacheden.com\/fr\/wp-json\/wp\/v2\/types\/product"}],"replies":[{"embeddable":true,"href":"https:\/\/beacheden.com\/fr\/wp-json\/wp\/v2\/comments?post=3689"}],"wp:featuredmedia":[{"embeddable":true,"href":"https:\/\/beacheden.com\/fr\/wp-json\/wp\/v2\/media\/3682"}],"wp:attachment":[{"href":"https:\/\/beacheden.com\/fr\/wp-json\/wp\/v2\/media?parent=3689"}],"wp:term":[{"taxonomy":"product_brand","embeddable":true,"href":"https:\/\/beacheden.com\/fr\/wp-json\/wp\/v2\/product_brand?post=3689"},{"taxonomy":"product_cat","embeddable":true,"href":"https:\/\/beacheden.com\/fr\/wp-json\/wp\/v2\/product_cat?post=3689"},{"taxonomy":"product_tag","embeddable":true,"href":"https:\/\/beacheden.com\/fr\/wp-json\/wp\/v2\/product_tag?post=3689"}],"curies":[{"name":"wp","href":"https:\/\/api.w.org\/{rel}","templated":true}]}}