{"id":3487,"date":"2023-03-17T04:37:42","date_gmt":"2023-03-17T11:37:42","guid":{"rendered":"https:\/\/beacheden.com\/uncategorized\/swimsuit-female-split-three-piece-set-high-waist-long-sleeve-smock-drawstring-suit\/"},"modified":"2025-11-24T06:00:08","modified_gmt":"2025-11-24T14:00:08","slug":"maillot-de-bain-femme-trois-pieces-taille-haute-manches-longues-smock-drawtring-suit","status":"publish","type":"product","link":"https:\/\/beacheden.com\/fr\/maillot-de-bain-femme-trois-pieces-taille-haute-manches-longues-smock-drawtring-suit\/","title":{"rendered":"Maillot de bain Femme Ensemble trois pi\u00e8ces fendu Taille haute Manches longues Smock Drawstring Suit"},"content":{"rendered":"<p><b>Informations sur le produit :<\/b><\/p>\n<p>Origine : Xingcheng<br \/>\nSexe applicable : Femme<br \/>\n\u00c2ge d'application : adulte<br \/>\nStyle du mod\u00e8le : sexy, moulant, dos nu, haute \u00e9lasticit\u00e9, durable, europ\u00e9en et am\u00e9ricain<br \/>\nTra\u00een\u00e9e ou non avec de l'acier : avec coussinet thoracique sans support en acier<br \/>\nNiveau de qualit\u00e9 : Premi\u00e8re ann\u00e9e<br \/>\nNom du tissu : Polyester<br \/>\nComposition du tissu : Fibre de polyester (polyester)<br \/>\nContenu du tissu : 82 (%)<br \/>\nPoids en g : 343 (g)<br \/>\nNom du mat\u00e9riau de la doublure : polyester<br \/>\nComposition : Fibre polyester (polyester)<br \/>\nTeneur en ingr\u00e9dients : 82 (%)<br \/>\nSc\u00e8ne applicable : tendances sportives, lieux de divertissement<\/p>\n<p><b>Informations sur la taille :<\/b><br \/>\nTaille : S\/M\/L\/XL<\/p>\n<p><img decoding=\"async\" style=\"max-width: 100%;\" src=\"https:\/\/cc-west-usa.oss-accelerate.aliyuncs.com\/c1f863d0-4c63-46e4-bb77-83d76f405ade.jpg\" alt=\"\"><\/p>\n<p><b>Remarque :<\/b><br \/>\n1. Les tailles asiatiques sont 1 \u00e0 2 tailles plus petites que les tailles europ\u00e9ennes et am\u00e9ricaines. Choisissez la taille la plus grande si votre taille se situe entre deux tailles. Veuillez tenir compte d'une diff\u00e9rence de 2 \u00e0 3 cm due aux mesures manuelles.<br \/>\n2. Si vous ne savez pas comment choisir votre taille, veuillez contacter notre service client\u00e8le.<br \/>\n3. comme vous le savez, les ordinateurs affichent les couleurs diff\u00e9remment, la couleur de l'article r\u00e9el peut varier l\u00e9g\u00e8rement par rapport aux images suivantes.<\/p>\n<p><b>Liste d'emballage :<\/b><\/p>\n<p>Manteau*1<br \/>\nBra*1<br \/>\nShort*1<\/p>\n<p><b>Image du produit :<\/b><\/p>\n<p><img decoding=\"async\" style=\"max-width: 100%;\" src=\"https:\/\/cc-west-usa.oss-accelerate.aliyuncs.com\/9a7c9d50-8515-41cc-8b14-0e1914b83457.jpg\" alt=\"\"><img decoding=\"async\" style=\"max-width: 100%;\" src=\"https:\/\/cc-west-usa.oss-accelerate.aliyuncs.com\/918ff382-4058-4ded-9e52-e951f90ce19d.jpg\" alt=\"\"><img decoding=\"async\" style=\"max-width: 100%;\" src=\"https:\/\/cc-west-usa.oss-accelerate.aliyuncs.com\/db381f85-b2e0-4556-a214-72f1e16105a1.jpg\" alt=\"\"><img decoding=\"async\" style=\"max-width: 100%;\" src=\"https:\/\/cc-west-usa.oss-accelerate.aliyuncs.com\/f7b750e0-c06d-497e-93ca-3c2fca1535cb.jpg\" alt=\"\"><img decoding=\"async\" style=\"max-width: 100%;\" src=\"https:\/\/cc-west-usa.oss-accelerate.aliyuncs.com\/34e4863b-c8e0-49aa-bf68-69b37c46a9ef.jpg\" alt=\"\"><img decoding=\"async\" style=\"max-width: 100%;\" src=\"https:\/\/cc-west-usa.oss-accelerate.aliyuncs.com\/0580e5e7-97a3-4ba7-8158-8caacbca4a30.jpg\" alt=\"\"><img decoding=\"async\" style=\"max-width: 100%;\" src=\"https:\/\/cc-west-usa.oss-accelerate.aliyuncs.com\/48c2f3eb-c26c-49ea-9183-7530463de705.jpg\" alt=\"\"><img decoding=\"async\" style=\"max-width: 100%;\" src=\"https:\/\/cc-west-usa.oss-accelerate.aliyuncs.com\/ebad558e-cc4b-4664-9e75-858272b3e648.jpg\" alt=\"\"><\/p>","protected":false},"excerpt":{"rendered":"<p>Product information: Origin: Xingcheng Applicable gender: Female Applicable age: adult Pattern style: sexy, tight, backless, high elasticity, durable, European and American Whether to drag with steel: with chest pad without steel bracket Quality level: First grade Name of fabric: Polyester Fabric composition: Polyester fiber (polyester) Fabric content: 82 (%) g weight: 343 (g) Name of [&#8230;]\n","protected":false},"featured_media":3478,"comment_status":"open","ping_status":"closed","template":"","meta":[],"product_brand":[],"product_cat":[16],"product_tag":[],"class_list":{"0":"post-3487","1":"product","2":"type-product","3":"status-publish","4":"has-post-thumbnail","6":"product_cat-cover-ups","8":"first","9":"instock","10":"taxable","11":"shipping-taxable","12":"purchasable","13":"product-type-variable"},"_links":{"self":[{"href":"https:\/\/beacheden.com\/fr\/wp-json\/wp\/v2\/product\/3487","targetHints":{"allow":["GET"]}}],"collection":[{"href":"https:\/\/beacheden.com\/fr\/wp-json\/wp\/v2\/product"}],"about":[{"href":"https:\/\/beacheden.com\/fr\/wp-json\/wp\/v2\/types\/product"}],"replies":[{"embeddable":true,"href":"https:\/\/beacheden.com\/fr\/wp-json\/wp\/v2\/comments?post=3487"}],"wp:featuredmedia":[{"embeddable":true,"href":"https:\/\/beacheden.com\/fr\/wp-json\/wp\/v2\/media\/3478"}],"wp:attachment":[{"href":"https:\/\/beacheden.com\/fr\/wp-json\/wp\/v2\/media?parent=3487"}],"wp:term":[{"taxonomy":"product_brand","embeddable":true,"href":"https:\/\/beacheden.com\/fr\/wp-json\/wp\/v2\/product_brand?post=3487"},{"taxonomy":"product_cat","embeddable":true,"href":"https:\/\/beacheden.com\/fr\/wp-json\/wp\/v2\/product_cat?post=3487"},{"taxonomy":"product_tag","embeddable":true,"href":"https:\/\/beacheden.com\/fr\/wp-json\/wp\/v2\/product_tag?post=3487"}],"curies":[{"name":"wp","href":"https:\/\/api.w.org\/{rel}","templated":true}]}}