{"id":3369,"date":"2023-03-17T04:27:49","date_gmt":"2023-03-17T11:27:49","guid":{"rendered":"https:\/\/beacheden.com\/shop\/uncategorized\/two-piece-beach-club-with-sling-print\/"},"modified":"2025-06-10T05:10:19","modified_gmt":"2025-06-10T12:10:19","slug":"deux-pieces-club-de-plage-avec-imprime-echarpe","status":"publish","type":"product","link":"https:\/\/beacheden.com\/fr\/deux-pieces-club-de-plage-avec-imprime-echarpe\/","title":{"rendered":"Club de plage deux pi\u00e8ces avec impression de fronde"},"content":{"rendered":"<p>Motif : Floral\t<br \/>Proc\u00e9d\u00e9 : impression num\u00e9rique<br \/>Style : Harnais<br \/>Forme de combinaison : ensemble de deux pi\u00e8ces<br \/>Longueur de la jupe : jupe mi-longue<br \/>Type de jupe : jupe irr\u00e9guli\u00e8re<br \/>Type de taille : taille \u00e9lastique<br \/>Patte de boutonnage : couverture<br \/>\u00c9l\u00e9ments populaires : impression, irr\u00e9gulier, contrast\u00e9, trous, dos nu, coutures, nombril apparent<br \/>Nom du tissu : soie de lait<br \/>Couleur : 2282 jaune, 2282 violet<br \/>Taille : S, M, L, XL1. Les tailles asiatiques sont 1 \u00e0 2 tailles plus petites que les tailles europ\u00e9ennes et am\u00e9ricaines. Choisissez la taille la plus grande si votre taille se situe entre deux tailles. Veuillez tenir compte d'une diff\u00e9rence de 2 \u00e0 3 cm due aux mesures manuelles.&nbsp;<\/p>\n<p>2. Si vous ne savez pas comment choisir votre taille, veuillez contacter notre service client\u00e8le.<br \/>3. comme vous le savez, les ordinateurs affichent les couleurs diff\u00e9remment, la couleur de l'article r\u00e9el peut varier l\u00e9g\u00e8rement par rapport aux images suivantes.<img decoding=\"async\" src=\"https:\/\/cc-west-usa.oss-accelerate.aliyuncs.com\/9c5f28ee-3d22-41e5-88f4-daee6e09b149.jpg\" style=\"font-size: 14px;max-width: 100%\" alt=\"\"><img decoding=\"async\" src=\"https:\/\/cc-west-usa.oss-accelerate.aliyuncs.com\/c79ef800-edd1-4387-a8a1-a1809b7eee9c.jpg\" style=\"font-size: 14px;max-width: 100%\" alt=\"\"><img decoding=\"async\" src=\"https:\/\/cc-west-usa.oss-accelerate.aliyuncs.com\/284c99f8-4127-41f1-be8e-fdfa2252ed19.jpg\" style=\"font-size: 14px;max-width: 100%\" alt=\"\"><img decoding=\"async\" src=\"https:\/\/cc-west-usa.oss-accelerate.aliyuncs.com\/bdfa6cac-aa9a-4244-b2ab-bbee42935fb2.jpg\" style=\"font-size: 14px;max-width: 100%\" alt=\"\"><img decoding=\"async\" src=\"https:\/\/cc-west-usa.oss-accelerate.aliyuncs.com\/041eb8db-4cb0-4431-9ee5-1588d20f4c50.jpg\" style=\"font-size: 14px;max-width: 100%\" alt=\"\"><img decoding=\"async\" src=\"https:\/\/cc-west-usa.oss-accelerate.aliyuncs.com\/9790b67e-2cc0-4a3b-8b89-170ec87a8389.jpg\" style=\"font-size: 14px;max-width: 100%\" alt=\"\"><img decoding=\"async\" src=\"https:\/\/cc-west-usa.oss-accelerate.aliyuncs.com\/f79bdf28-38ad-41a6-a222-c27a2cc10fb0.jpg\" style=\"font-size: 14px;max-width: 100%\" alt=\"\"><img decoding=\"async\" src=\"https:\/\/cc-west-usa.oss-accelerate.aliyuncs.com\/c4a2cc07-397c-4f12-8987-c36f6730bd90.jpg\" style=\"font-size: 14px;max-width: 100%\" alt=\"\"><img decoding=\"async\" src=\"https:\/\/cc-west-usa.oss-accelerate.aliyuncs.com\/f36e5a16-2c36-4184-9168-9cd5ed700fe6.jpg\" style=\"font-size: 14px;max-width: 100%\" alt=\"\"><img decoding=\"async\" src=\"https:\/\/cc-west-usa.oss-accelerate.aliyuncs.com\/15e3743d-7196-4b22-b401-3f4997f2cd00.jpg\" style=\"font-size: 14px;max-width: 100%\" alt=\"\"><img decoding=\"async\" src=\"https:\/\/cc-west-usa.oss-accelerate.aliyuncs.com\/21ab57d7-e3cc-499b-a578-c197c7118b52.jpg\" style=\"font-size: 14px;max-width: 100%\" alt=\"\"><img decoding=\"async\" src=\"https:\/\/cc-west-usa.oss-accelerate.aliyuncs.com\/426884c1-883c-461a-8938-fab217886152.jpg\" style=\"font-size: 14px;max-width: 100%\" alt=\"\"><img decoding=\"async\" src=\"https:\/\/cc-west-usa.oss-accelerate.aliyuncs.com\/ccdf77bd-6dbe-419c-8b9b-83c560cb0631.jpg\" style=\"font-size: 14px;max-width: 100%\" alt=\"\"><img decoding=\"async\" src=\"https:\/\/cc-west-usa.oss-accelerate.aliyuncs.com\/103e364c-a0f4-4514-a417-20a35cbaafa1.jpg\" style=\"font-size: 14px;max-width: 100%\" alt=\"\"><img decoding=\"async\" src=\"https:\/\/cc-west-usa.oss-accelerate.aliyuncs.com\/bfa70030-ce9c-4e31-86a2-95a91d18d293.jpg\" style=\"font-size: 14px;max-width: 100%\" alt=\"\"><img decoding=\"async\" src=\"https:\/\/cc-west-usa.oss-accelerate.aliyuncs.com\/62d34877-c6d4-42c6-ab34-291b64e14742.jpg\" style=\"font-size: 14px;max-width: 100%\" alt=\"\"><\/p>","protected":false},"excerpt":{"rendered":"<p>Pattern: Floral Process: digital printingStyle: SlingCombination form: two-piece setSkirt length: mid-length skirtSkirt type: irregular skirtWaist type: elastic waistClothing placket: hedgingPopular elements: printing, irregular, contrasting, holes, backless, stitching, exposed navelFabric name: milk silkColor: 2282 yellow, 2282 purpleSize: S, M, L, XL1. Asian sizes are 1 to 2 sizes smaller than European and American people. Choose the [&#8230;]\n","protected":false},"featured_media":3359,"comment_status":"open","ping_status":"closed","template":"","meta":[],"product_brand":[],"product_cat":[16],"product_tag":[],"class_list":{"0":"post-3369","1":"product","2":"type-product","3":"status-publish","4":"has-post-thumbnail","6":"product_cat-cover-ups","8":"first","9":"instock","10":"taxable","11":"shipping-taxable","12":"purchasable","13":"product-type-variable"},"_links":{"self":[{"href":"https:\/\/beacheden.com\/fr\/wp-json\/wp\/v2\/product\/3369","targetHints":{"allow":["GET"]}}],"collection":[{"href":"https:\/\/beacheden.com\/fr\/wp-json\/wp\/v2\/product"}],"about":[{"href":"https:\/\/beacheden.com\/fr\/wp-json\/wp\/v2\/types\/product"}],"replies":[{"embeddable":true,"href":"https:\/\/beacheden.com\/fr\/wp-json\/wp\/v2\/comments?post=3369"}],"wp:featuredmedia":[{"embeddable":true,"href":"https:\/\/beacheden.com\/fr\/wp-json\/wp\/v2\/media\/3359"}],"wp:attachment":[{"href":"https:\/\/beacheden.com\/fr\/wp-json\/wp\/v2\/media?parent=3369"}],"wp:term":[{"taxonomy":"product_brand","embeddable":true,"href":"https:\/\/beacheden.com\/fr\/wp-json\/wp\/v2\/product_brand?post=3369"},{"taxonomy":"product_cat","embeddable":true,"href":"https:\/\/beacheden.com\/fr\/wp-json\/wp\/v2\/product_cat?post=3369"},{"taxonomy":"product_tag","embeddable":true,"href":"https:\/\/beacheden.com\/fr\/wp-json\/wp\/v2\/product_tag?post=3369"}],"curies":[{"name":"wp","href":"https:\/\/api.w.org\/{rel}","templated":true}]}}