{"id":3132,"date":"2023-03-16T11:30:42","date_gmt":"2023-03-16T18:30:42","guid":{"rendered":"https:\/\/beacheden.com\/shop\/uncategorized\/get-the-best-deals-on-large-round-beach-towels\/"},"modified":"2025-08-03T19:34:26","modified_gmt":"2025-08-04T02:34:26","slug":"serviettes-de-plage-rondes-pour-lete","status":"publish","type":"product","link":"https:\/\/beacheden.com\/fr\/serviettes-de-plage-rondes-pour-lete\/","title":{"rendered":"Serviettes de plage rondes et \u00e9l\u00e9gantes pour l'\u00e9t\u00e9"},"content":{"rendered":"<h2>Serviettes de plage rondes et \u00e9l\u00e9gantes pour l'\u00e9t\u00e9<\/h2>\n<p>\u00c0 la recherche de la solution id\u00e9ale <strong>serviette de plage<\/strong>\u00a0pour rendre votre exp\u00e9rience au bord de la mer inoubliable ? Ne cherchez pas plus loin que notre serviette de plage ronde Sunscape. Nos serviettes de plage ne sont pas des serviettes ordinaires, mais elles sont fabriqu\u00e9es avec des mat\u00e9riaux de premi\u00e8re qualit\u00e9 qui garantissent une exp\u00e9rience luxueuse.<\/p>\n<p>Avec un design magnifique et vibrant, notre <a href=\"https:\/\/beacheden.com\/fr\/serviette-de-plage-ronde-a-pompons\/?wmc-currency=EUR\" title=\"Serviette de plage ronde \u00e0 pompons\" target=\"_blank\" rel=\"noopener\"  data-wpil-monitor-id=\"77\">serviettes de plage rondes<\/a> Non seulement vous vous distinguerez sur la plage, mais vous disposerez \u00e9galement d'un vaste espace pour vous d\u00e9tendre. Nos <a href=\"https:\/\/beacheden.com\/fr\/serviette-de-plage-frangee-serviette-de-bain-ronde-serviette-de-plage\/?wmc-currency=EUR\" title=\"Serviette de plage \u00e0 franges Serviette de bain ronde Serviette de plage\" target=\"_blank\" rel=\"noopener\"  data-wpil-monitor-id=\"114\">les serviettes sont fabriqu\u00e9es en microfibre de haute qualit\u00e9<\/a> qui garantit un s\u00e9chage rapide et l'absence de sable, ce qui vous laisse plus de temps pour profiter de votre journ\u00e9e au soleil.<\/p>\n<p>Notre paysage solaire <a href=\"https:\/\/beacheden.com\/fr\/serviette-de-plage-imprimee-ronde-microfibre-serviette-de-bain\/?wmc-currency=EUR\" title=\"Serviette de plage imprim\u00e9e ronde Serviette de bain en microfibre\" target=\"_blank\" rel=\"noopener\"  data-wpil-monitor-id=\"126\">Serviette de plage ronde<\/a> est parfaite pour tout amateur de plage ou de piscine \u00e0 la recherche d'une serviette confortable, \u00e9l\u00e9gante et durable qui rendra leur journ\u00e9e au soleil encore plus agr\u00e9able. <em>Ne vous contentez pas de n'importe quelle serviette, am\u00e9liorez votre exp\u00e9rience de la plage avec notre serviette de plage ronde Sunscape de premi\u00e8re qualit\u00e9 d\u00e8s aujourd'hui !<\/em><\/p>\n<p>Mati\u00e8re : Microfibre<br \/>\nSp\u00e9cification (longueur * largeur cm) : 150*150<br \/>\nContenu de l'ingr\u00e9dient principal : 100<br \/>\nComposant secondaire : fibre de polyester (polyester)<br \/>\nComposant principal : fibre de polyester (polyester)<br \/>\nContenu des composants mineurs : 100<\/p>\n<p><img decoding=\"async\" style=\"max-width: 100%;\" src=\"https:\/\/cc-west-usa.oss-accelerate.aliyuncs.com\/1622697091114.jpg\" alt=\"\"><img decoding=\"async\" style=\"max-width: 100%;\" src=\"https:\/\/cc-west-usa.oss-accelerate.aliyuncs.com\/1622697090832.jpg\" alt=\"\"><img decoding=\"async\" style=\"max-width: 100%;\" src=\"https:\/\/cc-west-usa.oss-accelerate.aliyuncs.com\/1622697091098.jpg\" alt=\"\"><img decoding=\"async\" style=\"max-width: 100%;\" src=\"https:\/\/cc-west-usa.oss-accelerate.aliyuncs.com\/1622697090821.jpg\" alt=\"\"><img decoding=\"async\" style=\"max-width: 100%;\" src=\"https:\/\/cc-west-usa.oss-accelerate.aliyuncs.com\/1622697090798.jpg\" alt=\"\"><img decoding=\"async\" style=\"max-width: 100%;\" src=\"https:\/\/cc-west-usa.oss-accelerate.aliyuncs.com\/1622697090819.jpg\" alt=\"\"><img decoding=\"async\" style=\"max-width: 100%;\" src=\"https:\/\/cc-west-usa.oss-accelerate.aliyuncs.com\/1622697090823.jpg?imgInfringementPass=true\" alt=\"\"><img decoding=\"async\" style=\"max-width: 100%;\" src=\"https:\/\/cc-west-usa.oss-accelerate.aliyuncs.com\/1622697090816.jpg\" alt=\"\"><\/p>\n<p>&nbsp;<\/p>","protected":false},"excerpt":{"rendered":"<p>Stylish Round Beach Towels for Summer Looking for the perfect beach towel\u00a0to make your seaside experience unforgettable? Look no further than our Sunscape Round Beach Towel. Our beach towels are not just any ordinary towels, but rather they are crafted with premium quality materials that ensure a luxurious experience. With a beautiful and vibrant design, [&#8230;]\n","protected":false},"featured_media":3122,"comment_status":"open","ping_status":"closed","template":"","meta":[],"product_brand":[],"product_cat":[41],"product_tag":[],"class_list":{"0":"post-3132","1":"product","2":"type-product","3":"status-publish","4":"has-post-thumbnail","6":"product_cat-beach-towels","8":"first","9":"instock","10":"taxable","11":"shipping-taxable","12":"purchasable","13":"product-type-variable"},"_links":{"self":[{"href":"https:\/\/beacheden.com\/fr\/wp-json\/wp\/v2\/product\/3132","targetHints":{"allow":["GET"]}}],"collection":[{"href":"https:\/\/beacheden.com\/fr\/wp-json\/wp\/v2\/product"}],"about":[{"href":"https:\/\/beacheden.com\/fr\/wp-json\/wp\/v2\/types\/product"}],"replies":[{"embeddable":true,"href":"https:\/\/beacheden.com\/fr\/wp-json\/wp\/v2\/comments?post=3132"}],"wp:featuredmedia":[{"embeddable":true,"href":"https:\/\/beacheden.com\/fr\/wp-json\/wp\/v2\/media\/3122"}],"wp:attachment":[{"href":"https:\/\/beacheden.com\/fr\/wp-json\/wp\/v2\/media?parent=3132"}],"wp:term":[{"taxonomy":"product_brand","embeddable":true,"href":"https:\/\/beacheden.com\/fr\/wp-json\/wp\/v2\/product_brand?post=3132"},{"taxonomy":"product_cat","embeddable":true,"href":"https:\/\/beacheden.com\/fr\/wp-json\/wp\/v2\/product_cat?post=3132"},{"taxonomy":"product_tag","embeddable":true,"href":"https:\/\/beacheden.com\/fr\/wp-json\/wp\/v2\/product_tag?post=3132"}],"curies":[{"name":"wp","href":"https:\/\/api.w.org\/{rel}","templated":true}]}}