{"id":3096,"date":"2023-03-16T11:14:18","date_gmt":"2023-03-16T18:14:18","guid":{"rendered":"https:\/\/beacheden.com\/shop\/uncategorized\/bronzing-fabric-ladies-split-swimwear\/"},"modified":"2025-11-02T11:55:33","modified_gmt":"2025-11-02T19:55:33","slug":"bikini-metallique-2","status":"publish","type":"product","link":"https:\/\/beacheden.com\/fr\/bikini-metallique-2\/","title":{"rendered":"Maillot de bain fendu pour femmes en tissu bronzant"},"content":{"rendered":"<p>Sous les feux de la rampe avec notre superbe bikini m\u00e9tallique, con\u00e7u pour vous donner l'impression d'\u00eatre inarr\u00eatable. Ce maillot de bain \u00e9blouissant associe des teintes audacieuses et chatoyantes \u00e0 une silhouette \u00e9l\u00e9gante et moderne, pour que tous les regards se tournent vers vous. Fabriqu\u00e9 dans un tissu extensible de haute qualit\u00e9, ce bikini offre \u00e0 la fois confort et assurance pour vos aventures sur la plage ou au bord de la piscine.<\/p>\n<p>La finition m\u00e9tallique refl\u00e8te magnifiquement la lumi\u00e8re, cr\u00e9ant un effet accrocheur qui est parfait pour faire une d\u00e9claration. <a href=\"https:\/\/beacheden.com\/fr\/bikini-a-imprime-geometrique\/?wmc-currency=EUR\" title=\"Maillot de bain imprim\u00e9 bikini num\u00e9rique sexy trois pi\u00e8ces\" target=\"_blank\" rel=\"noopener\"  data-wpil-monitor-id=\"226\">Bretelles r\u00e9glables et ajustement personnalis\u00e9<\/a> Il flatte ainsi toutes les morphologies. Que vous vous pr\u00e9lassiez au soleil ou que vous plongiez dans les vagues, ce mod\u00e8le m\u00e9tallique est id\u00e9al pour les femmes. <a href=\"https:\/\/beacheden.com\/fr\/bikini-brillant-pour-lete\/?wmc-currency=EUR\" title=\"Ensemble Bikini Sexy Halter Shiny Swimsuit\" target=\"_blank\" rel=\"noopener\"  data-wpil-monitor-id=\"121\">Le bikini est l'accessoire indispensable de l'\u00e9t\u00e9<\/a>. Brillez de mille feux, car vous m\u00e9ritez de vous distinguer !<\/p>\n<p>Sexe applicable : f\u00e9minin<br \/>\nAvec tra\u00een\u00e9e en acier : avec coussinet thoracique sans support en acier<br \/>\nNom du tissu : Nylon<br \/>\nComposition du tissu : nylon\/nylon<br \/>\nComposition du tissu : 80 (%)<br \/>\nDomaine d'application : natation et pataugeage<img decoding=\"async\" style=\"font-size: 14px; max-width: 100%;\" src=\"https:\/\/cc-west-usa.oss-accelerate.aliyuncs.com\/07db822c-cd66-491f-ae32-b38c475f383b.jpg\" alt=\"\"><span style=\"font-size: 14px;\">1. Les tailles asiatiques sont 1 \u00e0 2 tailles plus petites que les tailles europ\u00e9ennes et am\u00e9ricaines. Choisissez la taille la plus grande si votre taille se situe entre deux tailles. Veuillez tenir compte d'une diff\u00e9rence de 2 \u00e0 3 cm due aux mesures manuelles.\u00a0<\/span><\/p>\n<p>2. Si vous ne savez pas comment choisir votre taille, veuillez contacter notre service client\u00e8le.<\/p>\n<p>3. comme vous le savez, les ordinateurs affichent les couleurs diff\u00e9remment, la couleur de l'article r\u00e9el peut varier l\u00e9g\u00e8rement par rapport aux images suivantes.<img loading=\"lazy\" decoding=\"async\" class=\"alignnone\" style=\"max-width: 100%;\" src=\"https:\/\/cc-west-usa.oss-accelerate.aliyuncs.com\/e0a28cc5-71c1-4267-b8d8-58e8ab3311df.jpg\" alt=\"Bikini m\u00e9tallique\" width=\"750\" height=\"750\" \/><img decoding=\"async\" style=\"max-width: 100%;\" src=\"https:\/\/cc-west-usa.oss-accelerate.aliyuncs.com\/7b8328a1-1c44-450f-8bb7-98b41fb962b4.jpg\" alt=\"\"><img decoding=\"async\" style=\"max-width: 100%;\" src=\"https:\/\/cc-west-usa.oss-accelerate.aliyuncs.com\/257385a9-f5a0-4fd9-b0d4-857a78498df6.jpg\" alt=\"\"><img decoding=\"async\" style=\"max-width: 100%;\" src=\"https:\/\/cc-west-usa.oss-accelerate.aliyuncs.com\/b8907589-5392-4129-aa42-f977de7d7a0a.jpg\" alt=\"\"><img decoding=\"async\" style=\"max-width: 100%;\" src=\"https:\/\/cc-west-usa.oss-accelerate.aliyuncs.com\/8bb65bbe-eafa-4924-8f3d-f5b2f76fcfa3.jpg\" alt=\"\"><img decoding=\"async\" style=\"max-width: 100%;\" src=\"https:\/\/cc-west-usa.oss-accelerate.aliyuncs.com\/9f16b619-a920-4c6b-b482-b8510f47edcc.jpg\" alt=\"\"><\/p>","protected":false},"excerpt":{"rendered":"<p>Le bikini m\u00e9tallis\u00e9 ouvre la voie \u00e0 des moments inoubliables. Avec sa brillance \u00e9blouissante et ses motifs \u00e9l\u00e9gants, il est parfait pour les moments inoubliables. <a href=\"https:\/\/beacheden.com\/fr\/bikini-sexy-en-maille\/?wmc-currency=EUR\" title=\"Bikini sexy en maille\" target=\"_blank\" rel=\"noopener\"  data-wpil-monitor-id=\"73\">les journ\u00e9es \u00e0 la plage ou les f\u00eates au bord de la piscine<\/a>Les chaussures de la collection \" Le Monde \" offrent confort et glamour. Rehaussez votre look sans effort.<\/p>","protected":false},"featured_media":3090,"comment_status":"open","ping_status":"closed","template":"","meta":[],"product_brand":[],"product_cat":[40],"product_tag":[],"class_list":{"0":"post-3096","1":"product","2":"type-product","3":"status-publish","4":"has-post-thumbnail","6":"product_cat-bikini","8":"first","9":"instock","10":"taxable","11":"shipping-taxable","12":"purchasable","13":"product-type-variable"},"_links":{"self":[{"href":"https:\/\/beacheden.com\/fr\/wp-json\/wp\/v2\/product\/3096","targetHints":{"allow":["GET"]}}],"collection":[{"href":"https:\/\/beacheden.com\/fr\/wp-json\/wp\/v2\/product"}],"about":[{"href":"https:\/\/beacheden.com\/fr\/wp-json\/wp\/v2\/types\/product"}],"replies":[{"embeddable":true,"href":"https:\/\/beacheden.com\/fr\/wp-json\/wp\/v2\/comments?post=3096"}],"wp:featuredmedia":[{"embeddable":true,"href":"https:\/\/beacheden.com\/fr\/wp-json\/wp\/v2\/media\/3090"}],"wp:attachment":[{"href":"https:\/\/beacheden.com\/fr\/wp-json\/wp\/v2\/media?parent=3096"}],"wp:term":[{"taxonomy":"product_brand","embeddable":true,"href":"https:\/\/beacheden.com\/fr\/wp-json\/wp\/v2\/product_brand?post=3096"},{"taxonomy":"product_cat","embeddable":true,"href":"https:\/\/beacheden.com\/fr\/wp-json\/wp\/v2\/product_cat?post=3096"},{"taxonomy":"product_tag","embeddable":true,"href":"https:\/\/beacheden.com\/fr\/wp-json\/wp\/v2\/product_tag?post=3096"}],"curies":[{"name":"wp","href":"https:\/\/api.w.org\/{rel}","templated":true}]}}