{"id":2956,"date":"2023-03-16T11:08:17","date_gmt":"2023-03-16T18:08:17","guid":{"rendered":"https:\/\/beacheden.com\/shop\/uncategorized\/ladies-european-and-american-solid-color-split-swimsuit\/"},"modified":"2025-11-01T13:48:11","modified_gmt":"2025-11-01T20:48:11","slug":"bikini-asymetrique-avec-couleur-unie","status":"publish","type":"product","link":"https:\/\/beacheden.com\/fr\/bikini-asymetrique-avec-couleur-unie\/","title":{"rendered":"Maillot de bain fendu de couleur unie pour dames europ\u00e9ennes et am\u00e9ricaines"},"content":{"rendered":"<p>Faites des vagues avec notre <strong>Bikini asym\u00e9trique de couleur unie <\/strong>Ce maillot de bain a \u00e9t\u00e9 con\u00e7u pour faire tourner les t\u00eates et renforcer votre confiance en vous. Ce maillot de bain saisissant associe une coupe asym\u00e9trique moderne \u00e0 une palette de couleurs unies pour un look \u00e0 la fois audacieux et sophistiqu\u00e9.<\/p>\n<p>Fabriqu\u00e9 dans un tissu extensible de haute qualit\u00e9, il assure une coupe confortable et flatteuse pour toutes les morphologies. Son design unique met en valeur vos courbes tout en offrant une touche d'\u00e9l\u00e9gance, ce qui le rend parfait pour <a href=\"https:\/\/beacheden.com\/fr\/bikini-asymetrique-avec-couleur-unie-2\/?wmc-currency=EUR\" title=\"Bikini \u00e0 armatures Impression num\u00e9rique\" target=\"_blank\" rel=\"noopener\"  data-wpil-monitor-id=\"141\">les journ\u00e9es \u00e0 la plage ou le farniente au bord de la piscine<\/a>. Sortez du lot et assumez votre individualit\u00e9. <a href=\"https:\/\/beacheden.com\/fr\/bikini-brillant-pour-lete\/?wmc-currency=EUR\" title=\"Ensemble Bikini Sexy Halter Shiny Swimsuit\" target=\"_blank\" rel=\"noopener\"  data-wpil-monitor-id=\"124\">Le bikini est l'accessoire indispensable de l'\u00e9t\u00e9<\/a>!<\/p>\n<p><b>Informations sur le produit :<\/b><br \/>\nSexe applicable : f\u00e9minin<br \/>\nMotif : couleur unie, taille haute, sexy, moulant, dos nu<br \/>\nComposition du tissu : Nylon<br \/>\nCouleur : rouge, noir, kaki, vert, rouge ros\u00e9<\/p>\n<p><b>Informations sur la taille :<\/b><br \/>\nTaille : S, M, L<\/p>\n<p><img decoding=\"async\" style=\"max-width: 100%;\" src=\"https:\/\/cc-west-usa.oss-accelerate.aliyuncs.com\/332f79cb-2096-467d-9143-bda1462f81b1.png\" alt=\"\"><\/p>\n<p>&nbsp;<\/p>\n<p><b>Note\uff1a<\/b><\/p>\n<p>1. Les tailles asiatiques sont 1 \u00e0 2 tailles plus petites que les tailles europ\u00e9ennes et am\u00e9ricaines. Choisissez la taille la plus grande si votre taille se situe entre deux tailles. Veuillez tenir compte d'une diff\u00e9rence de 2 \u00e0 3 cm due aux mesures manuelles.<br \/>\n2. Si vous ne savez pas comment choisir votre taille, veuillez contacter notre service client\u00e8le.<br \/>\n3. comme vous le savez, les ordinateurs affichent les couleurs diff\u00e9remment, la couleur de l'article r\u00e9el peut varier l\u00e9g\u00e8rement par rapport aux images suivantes.<\/p>\n<p>&nbsp;<\/p>\n<p><b>Liste d'emballage :<\/b><br \/>\nEnsemble femme : haut + pantalon*1<\/p>\n<p>&nbsp;<\/p>\n<p>&nbsp;<\/p>\n<p><img loading=\"lazy\" decoding=\"async\" class=\"alignnone\" style=\"max-width: 100%;\" src=\"https:\/\/cc-west-usa.oss-accelerate.aliyuncs.com\/a3bebc12-eb95-4c6d-9b1b-8535aa4122c2.jpg\" alt=\"Bikini asym\u00e9trique de couleur unie\" width=\"800\" height=\"800\" \/><img decoding=\"async\" style=\"max-width: 100%;\" src=\"https:\/\/cc-west-usa.oss-accelerate.aliyuncs.com\/5df08e9b-94e7-4fd6-8757-1369cb37be9c.jpg\" alt=\"\"><img decoding=\"async\" style=\"max-width: 100%;\" src=\"https:\/\/cc-west-usa.oss-accelerate.aliyuncs.com\/6df016d0-36c8-4ae4-a8f9-56c988705696.jpg\" alt=\"\"><img decoding=\"async\" style=\"max-width: 100%;\" src=\"https:\/\/cc-west-usa.oss-accelerate.aliyuncs.com\/986139fe-343d-436a-957b-f81778da728a.jpg\" alt=\"\"><img decoding=\"async\" style=\"max-width: 100%;\" src=\"https:\/\/cc-west-usa.oss-accelerate.aliyuncs.com\/dda08654-7b9d-42ea-b42b-2e30abdfab9b.jpg\" alt=\"\"><img decoding=\"async\" style=\"max-width: 100%;\" src=\"https:\/\/cc-west-usa.oss-accelerate.aliyuncs.com\/7a192959-dc1a-490a-b0f1-03d54336410f.jpg\" alt=\"\"><img decoding=\"async\" style=\"max-width: 100%;\" src=\"https:\/\/cc-west-usa.oss-accelerate.aliyuncs.com\/9cc8f56f-724d-401a-be52-c989d76c9c59.jpg\" alt=\"\"><img decoding=\"async\" style=\"max-width: 100%;\" src=\"https:\/\/cc-west-usa.oss-accelerate.aliyuncs.com\/699535c8-cc30-4e0c-8b9b-22d0158509f5.jpg\" alt=\"\"><img decoding=\"async\" style=\"max-width: 100%;\" src=\"https:\/\/cc-west-usa.oss-accelerate.aliyuncs.com\/3f1b2b88-a9a4-40f1-831f-dd9db5e3ecc5.jpg\" alt=\"\"><img decoding=\"async\" style=\"max-width: 100%;\" src=\"https:\/\/cc-west-usa.oss-accelerate.aliyuncs.com\/8943e1a6-fbc1-437d-aa87-521ce33f7e37.jpg\" alt=\"\"><\/p>","protected":false},"excerpt":{"rendered":"<p>Le bikini asym\u00e9trique de couleur unie red\u00e9finit l'\u00e9l\u00e9gance et le style. Son design unique offre une coupe flatteuse, parfaite pour se d\u00e9marquer \u00e0 la plage ou au bord de la piscine. Embrasser <a href=\"https:\/\/beacheden.com\/fr\/bikini-grande-taille\/?wmc-currency=EUR\" title=\"Maillot de bain bikini fendu \u00e0 imprim\u00e9 mode pour femmes\" target=\"_blank\" rel=\"noopener\"  data-wpil-monitor-id=\"178\">confiance en soi avec ce maillot de bain audacieux et sophistiqu\u00e9<\/a> pi\u00e8ce.<\/p>","protected":false},"featured_media":2946,"comment_status":"open","ping_status":"closed","template":"","meta":[],"product_brand":[],"product_cat":[40],"product_tag":[],"class_list":{"0":"post-2956","1":"product","2":"type-product","3":"status-publish","4":"has-post-thumbnail","6":"product_cat-bikini","8":"first","9":"instock","10":"taxable","11":"shipping-taxable","12":"purchasable","13":"product-type-variable"},"_links":{"self":[{"href":"https:\/\/beacheden.com\/fr\/wp-json\/wp\/v2\/product\/2956","targetHints":{"allow":["GET"]}}],"collection":[{"href":"https:\/\/beacheden.com\/fr\/wp-json\/wp\/v2\/product"}],"about":[{"href":"https:\/\/beacheden.com\/fr\/wp-json\/wp\/v2\/types\/product"}],"replies":[{"embeddable":true,"href":"https:\/\/beacheden.com\/fr\/wp-json\/wp\/v2\/comments?post=2956"}],"wp:featuredmedia":[{"embeddable":true,"href":"https:\/\/beacheden.com\/fr\/wp-json\/wp\/v2\/media\/2946"}],"wp:attachment":[{"href":"https:\/\/beacheden.com\/fr\/wp-json\/wp\/v2\/media?parent=2956"}],"wp:term":[{"taxonomy":"product_brand","embeddable":true,"href":"https:\/\/beacheden.com\/fr\/wp-json\/wp\/v2\/product_brand?post=2956"},{"taxonomy":"product_cat","embeddable":true,"href":"https:\/\/beacheden.com\/fr\/wp-json\/wp\/v2\/product_cat?post=2956"},{"taxonomy":"product_tag","embeddable":true,"href":"https:\/\/beacheden.com\/fr\/wp-json\/wp\/v2\/product_tag?post=2956"}],"curies":[{"name":"wp","href":"https:\/\/api.w.org\/{rel}","templated":true}]}}