{"id":2851,"date":"2023-03-16T10:59:18","date_gmt":"2023-03-16T17:59:18","guid":{"rendered":"https:\/\/beacheden.com\/shop\/uncategorized\/two-piece-printed-bikini\/"},"modified":"2025-11-02T11:13:07","modified_gmt":"2025-11-02T19:13:07","slug":"bikini-deux-pieces-imprime","status":"publish","type":"product","link":"https:\/\/beacheden.com\/fr\/bikini-deux-pieces-imprime\/","title":{"rendered":"Bikini deux pi\u00e8ces imprim\u00e9"},"content":{"rendered":"<p>Faites des vagues cette saison avec notre <strong>Bikini deux pi\u00e8ces imprim\u00e9 <\/strong>Ce bikini a \u00e9t\u00e9 con\u00e7u pour allier style, confort et confiance en soi. Con\u00e7u pour les adeptes modernes de la plage, ce bikini pr\u00e9sente un imprim\u00e9 vibrant et accrocheur qui flatte toutes les morphologies.<\/p>\n<p>Les bretelles r\u00e9glables et le tissu doux et r\u00e9sistant garantissent un ajustement parfait tout en assurant un confort tout au long de la journ\u00e9e. Que vous soyez <a href=\"https:\/\/beacheden.com\/fr\/bikini-a-motifs\/?wmc-currency=EUR\" title=\"Maillot de bain une pi\u00e8ce Amazon Positioning Print Sexy Bikini Swimsuit\" target=\"_blank\" rel=\"noopener\"  data-wpil-monitor-id=\"37\">se pr\u00e9lasser au bord de la piscine<\/a> ou prendre le soleil \u00e0 la plage, ce bikini est l'indispensable de l'\u00e9t\u00e9. Adoptez l'\u00e9l\u00e9gance sans effort et faites tourner les t\u00eates partout o\u00f9 vous allez, car vous m\u00e9ritez de vous sentir aussi fabuleuse que vous \u00eates belle !<\/p>\n<p>Nom du tissu : soie de lait<\/p>\n<p><img decoding=\"async\" style=\"max-width: 100%;\" src=\"https:\/\/cc-west-usa.oss-accelerate.aliyuncs.com\/3a9a9603-ddc7-436f-bfd3-0a2d27cc29d4.jpg\" alt=\"\"><\/p>\n<p>1. Les tailles asiatiques sont 1 \u00e0 2 tailles plus petites que les tailles europ\u00e9ennes et am\u00e9ricaines. Choisissez la taille la plus grande si votre taille se situe entre deux tailles. Veuillez tenir compte d'une diff\u00e9rence de 2 \u00e0 3 cm due aux mesures manuelles.<\/p>\n<p>2. Si vous ne savez pas comment choisir votre taille, veuillez contacter notre service client\u00e8le.<\/p>\n<p>3. comme vous le savez, les ordinateurs affichent les couleurs diff\u00e9remment, la couleur de l'article r\u00e9el peut varier l\u00e9g\u00e8rement par rapport \u00e0 l'image suivante.<\/p>\n<ul>\n<li>\n<div>\n<p><img loading=\"lazy\" decoding=\"async\" class=\"alignnone\" src=\"https:\/\/cc-west-usa.oss-accelerate.aliyuncs.com\/20200829\/5740563377401.jpg\" alt=\"Bikini deux pi\u00e8ces imprim\u00e9\" width=\"1000\" height=\"1000\" \/><\/p>\n<div>\n<div><a href=\"\/fr\/void(0);\/?wmc-currency=EUR\">\u9884\u89c8<\/a><a href=\"\/fr\/void(0);\/?wmc-currency=EUR\">\u5220\u9664<\/a><\/div>\n<\/div>\n<\/div>\n<\/li>\n<li>\n<div><img decoding=\"async\" src=\"https:\/\/cc-west-usa.oss-accelerate.aliyuncs.com\/20200829\/2783218755933.jpg\" alt=\"\"><\/div>\n<\/li>\n<li>\n<div><img decoding=\"async\" src=\"https:\/\/cc-west-usa.oss-accelerate.aliyuncs.com\/20200829\/2864358209580.jpg\" alt=\"\"><\/div>\n<\/li>\n<li>\n<div><img decoding=\"async\" src=\"https:\/\/cc-west-usa.oss-accelerate.aliyuncs.com\/20200829\/6452957547446.jpg\" alt=\"\"><\/div>\n<\/li>\n<li>\n<div><img decoding=\"async\" src=\"https:\/\/cc-west-usa.oss-accelerate.aliyuncs.com\/20200829\/175653199258.jpg\" alt=\"\"><strong><img loading=\"lazy\" decoding=\"async\" src=\"https:\/\/cc-west-usa.oss-accelerate.aliyuncs.com\/16778016\/1631651277035409408.jpg\" alt=\"615202 (3).jpg\" width=\"790\" height=\"790\" \/><\/strong><\/div>\n<p><strong><br \/>\n<img loading=\"lazy\" decoding=\"async\" src=\"https:\/\/cc-west-usa.oss-accelerate.aliyuncs.com\/16778016\/1631651282794188800.jpg\" alt=\"615202 (4).jpg\" width=\"790\" height=\"790\" \/><\/strong><\/p>\n<p><img loading=\"lazy\" decoding=\"async\" src=\"https:\/\/cc-west-usa.oss-accelerate.aliyuncs.com\/16778016\/1631651287210790912.jpg\" alt=\"615202 (5).jpg\" width=\"790\" height=\"790\" \/><\/p>\n<p><img loading=\"lazy\" decoding=\"async\" src=\"https:\/\/cc-west-usa.oss-accelerate.aliyuncs.com\/16778016\/1631651291581255680.jpg\" alt=\"615202 (6).jpg\" width=\"790\" height=\"790\" \/><\/p>\n<p><img loading=\"lazy\" decoding=\"async\" src=\"https:\/\/cc-west-usa.oss-accelerate.aliyuncs.com\/16778016\/1631651296517951488.jpg\" alt=\"615202 (7).jpg\" width=\"790\" height=\"790\" \/><\/p>\n<p><img loading=\"lazy\" decoding=\"async\" src=\"https:\/\/cc-west-usa.oss-accelerate.aliyuncs.com\/16778016\/1631651300682895360.jpg\" alt=\"615202 (8).jpg\" width=\"790\" height=\"790\" \/><\/p>\n<p><img loading=\"lazy\" decoding=\"async\" src=\"https:\/\/cc-west-usa.oss-accelerate.aliyuncs.com\/16778016\/1631651305774780416.jpg\" alt=\"615202 (9).jpg\" width=\"790\" height=\"790\" \/><\/p>\n<p><img loading=\"lazy\" decoding=\"async\" src=\"https:\/\/cc-west-usa.oss-accelerate.aliyuncs.com\/16778016\/1631651311336427520.jpg\" alt=\"615203 (3).jpg\" width=\"790\" height=\"790\" \/><\/p>\n<p><img loading=\"lazy\" decoding=\"async\" src=\"https:\/\/cc-west-usa.oss-accelerate.aliyuncs.com\/16778016\/1631651315623006208.jpg\" alt=\"615203 (4).jpg\" width=\"790\" height=\"790\" \/><\/p>\n<p><img loading=\"lazy\" decoding=\"async\" src=\"https:\/\/cc-west-usa.oss-accelerate.aliyuncs.com\/16778016\/1631651321838964736.jpg\" alt=\"615203 (5).jpg\" width=\"790\" height=\"790\" \/><\/p>\n<p><img loading=\"lazy\" decoding=\"async\" src=\"https:\/\/cc-west-usa.oss-accelerate.aliyuncs.com\/16778016\/1631651327559995392.jpg\" alt=\"615203 (6).jpg\" width=\"790\" height=\"790\" \/><\/p>\n<p><img loading=\"lazy\" decoding=\"async\" src=\"https:\/\/cc-west-usa.oss-accelerate.aliyuncs.com\/16778016\/1631651332316336128.jpg\" alt=\"615203 (7).JPG\" width=\"790\" height=\"790\" \/><\/p>\n<p><img loading=\"lazy\" decoding=\"async\" src=\"https:\/\/cc-west-usa.oss-accelerate.aliyuncs.com\/16778016\/1631651337324335104.jpg\" alt=\"615203 (8).jpg\" width=\"790\" height=\"790\" \/><\/p>\n<p><img loading=\"lazy\" decoding=\"async\" src=\"https:\/\/cc-west-usa.oss-accelerate.aliyuncs.com\/16778016\/1631651343611596800.jpg\" alt=\"615203 (9).jpg\" width=\"790\" height=\"790\" \/><\/p>\n<p><img loading=\"lazy\" decoding=\"async\" src=\"https:\/\/cc-west-usa.oss-accelerate.aliyuncs.com\/16778016\/1631651350515421184.jpg\" alt=\"615204 (3).jpg\" width=\"790\" height=\"790\" \/><\/p>\n<p><img loading=\"lazy\" decoding=\"async\" src=\"https:\/\/cc-west-usa.oss-accelerate.aliyuncs.com\/16778016\/1631651355041075200.jpg\" alt=\"615204 (4).jpg\" width=\"790\" height=\"790\" \/><\/p>\n<p><img loading=\"lazy\" decoding=\"async\" src=\"https:\/\/cc-west-usa.oss-accelerate.aliyuncs.com\/16778016\/1631651361076678656.jpg\" alt=\"615204 (5).jpg\" width=\"790\" height=\"790\" \/><\/p>\n<p><img loading=\"lazy\" decoding=\"async\" src=\"https:\/\/cc-west-usa.oss-accelerate.aliyuncs.com\/16778016\/1631651365489086464.jpg\" alt=\"615204 (6).jpg\" width=\"790\" height=\"790\" \/><\/p>\n<p><img loading=\"lazy\" decoding=\"async\" src=\"https:\/\/cc-west-usa.oss-accelerate.aliyuncs.com\/16778016\/1631651370484502528.jpg\" alt=\"615204 (7).jpg\" width=\"790\" height=\"790\" \/><\/p>\n<p><img loading=\"lazy\" decoding=\"async\" src=\"https:\/\/cc-west-usa.oss-accelerate.aliyuncs.com\/16778016\/1631651375358283776.jpg\" alt=\"615204 (8).jpg\" width=\"790\" height=\"790\" \/><\/p>\n<p><img loading=\"lazy\" decoding=\"async\" src=\"https:\/\/cc-west-usa.oss-accelerate.aliyuncs.com\/16778016\/1631651380680855552.jpg\" alt=\"615204 (9).jpg\" width=\"790\" height=\"790\" \/><\/p>\n<p><img loading=\"lazy\" decoding=\"async\" src=\"https:\/\/cc-west-usa.oss-accelerate.aliyuncs.com\/16778016\/1631651389031714816.jpg\" alt=\"615205 (3).jpg\" width=\"790\" height=\"790\" \/><\/p>\n<p><img loading=\"lazy\" decoding=\"async\" src=\"https:\/\/cc-west-usa.oss-accelerate.aliyuncs.com\/16778016\/1631651393439928320.jpg\" alt=\"615205 (4).jpg\" width=\"790\" height=\"790\" \/><\/p>\n<p><img loading=\"lazy\" decoding=\"async\" src=\"https:\/\/cc-west-usa.oss-accelerate.aliyuncs.com\/16778016\/1631651398041079808.jpg\" alt=\"615205 (5).jpg\" width=\"790\" height=\"790\" \/><\/p>\n<p><img loading=\"lazy\" decoding=\"async\" src=\"https:\/\/cc-west-usa.oss-accelerate.aliyuncs.com\/16778016\/1631651402264743936.jpg\" alt=\"615205 (6).jpg\" width=\"790\" height=\"790\" \/><\/p>\n<p><img loading=\"lazy\" decoding=\"async\" src=\"https:\/\/cc-west-usa.oss-accelerate.aliyuncs.com\/16778016\/1631651408489091072.jpg\" alt=\"615205 (7).jpg\" width=\"790\" height=\"790\" \/><\/p>\n<p><img loading=\"lazy\" decoding=\"async\" src=\"https:\/\/cc-west-usa.oss-accelerate.aliyuncs.com\/16778016\/1631651413228654592.jpg\" alt=\"615205 (8).jpg\" width=\"790\" height=\"790\" \/><\/p>\n<p><img loading=\"lazy\" decoding=\"async\" src=\"https:\/\/cc-west-usa.oss-accelerate.aliyuncs.com\/16778016\/1631651417842388992.jpg\" alt=\"615205 (9).jpg\" width=\"790\" height=\"790\" \/><\/p>\n<p><strong><img loading=\"lazy\" decoding=\"async\" src=\"https:\/\/cc-west-usa.oss-accelerate.aliyuncs.com\/16778016\/1631651423353704448.jpg\" alt=\"615201 (1).jpg\" width=\"790\" height=\"790\" \/><\/strong><\/p>\n<p><strong><br \/>\n<img loading=\"lazy\" decoding=\"async\" src=\"https:\/\/cc-west-usa.oss-accelerate.aliyuncs.com\/16778016\/1631651429087318016.jpg\" alt=\"615201 (2).jpg\" width=\"790\" height=\"790\" \/><br \/>\n<img loading=\"lazy\" decoding=\"async\" src=\"https:\/\/cc-west-usa.oss-accelerate.aliyuncs.com\/16778016\/1631651434430861312.jpg\" alt=\"615201 (3).jpg\" width=\"790\" height=\"790\" \/><br \/>\n<img loading=\"lazy\" decoding=\"async\" src=\"https:\/\/cc-west-usa.oss-accelerate.aliyuncs.com\/16778016\/1631651439443054592.jpg\" alt=\"615201 (4).jpg\" width=\"790\" height=\"790\" \/><\/strong><\/li>\n<\/ul>","protected":false},"excerpt":{"rendered":"<p>Deux pi\u00e8ces imprim\u00e9es <a href=\"https:\/\/beacheden.com\/fr\/bikini-sexy-en-corde-fendue\/?wmc-currency=EUR\" title=\"Bikini sexy en corde fendue\" target=\"_blank\" rel=\"noopener\"  data-wpil-monitor-id=\"223\">bikini con\u00e7u pour le style et le confort<\/a>. Avec des motifs accrocheurs, cette <a href=\"https:\/\/beacheden.com\/fr\/bikini-brode-dos-nu-lingerie-sexy-bikini-siamois\/?wmc-currency=EUR\" title=\"Brod\u00e9e Halter Sexy Lingerie Siamese Bikini\" target=\"_blank\" rel=\"noopener\"  data-wpil-monitor-id=\"11\">Le bikini est parfait pour la plage<\/a> ou des f\u00eates au bord de la piscine. Profitez d'une <a href=\"https:\/\/beacheden.com\/fr\/bikini-fluo\/?wmc-currency=EUR\" title=\"Chan Double New Swimsuit Solid Color Bikini Ladies Swimsuit European and American Swimwear Foreign Trade Beanies\" target=\"_blank\" rel=\"noopener\"  data-wpil-monitor-id=\"130\">ajustement parfait gr\u00e2ce aux bretelles r\u00e9glables<\/a> et un tissu doux qui donne une sensation agr\u00e9able sur la peau.<\/p>","protected":false},"featured_media":2844,"comment_status":"open","ping_status":"closed","template":"","meta":[],"product_brand":[],"product_cat":[40],"product_tag":[],"class_list":{"0":"post-2851","1":"product","2":"type-product","3":"status-publish","4":"has-post-thumbnail","6":"product_cat-bikini","8":"first","9":"instock","10":"taxable","11":"shipping-taxable","12":"purchasable","13":"product-type-variable"},"_links":{"self":[{"href":"https:\/\/beacheden.com\/fr\/wp-json\/wp\/v2\/product\/2851","targetHints":{"allow":["GET"]}}],"collection":[{"href":"https:\/\/beacheden.com\/fr\/wp-json\/wp\/v2\/product"}],"about":[{"href":"https:\/\/beacheden.com\/fr\/wp-json\/wp\/v2\/types\/product"}],"replies":[{"embeddable":true,"href":"https:\/\/beacheden.com\/fr\/wp-json\/wp\/v2\/comments?post=2851"}],"wp:featuredmedia":[{"embeddable":true,"href":"https:\/\/beacheden.com\/fr\/wp-json\/wp\/v2\/media\/2844"}],"wp:attachment":[{"href":"https:\/\/beacheden.com\/fr\/wp-json\/wp\/v2\/media?parent=2851"}],"wp:term":[{"taxonomy":"product_brand","embeddable":true,"href":"https:\/\/beacheden.com\/fr\/wp-json\/wp\/v2\/product_brand?post=2851"},{"taxonomy":"product_cat","embeddable":true,"href":"https:\/\/beacheden.com\/fr\/wp-json\/wp\/v2\/product_cat?post=2851"},{"taxonomy":"product_tag","embeddable":true,"href":"https:\/\/beacheden.com\/fr\/wp-json\/wp\/v2\/product_tag?post=2851"}],"curies":[{"name":"wp","href":"https:\/\/api.w.org\/{rel}","templated":true}]}}