{"id":2766,"date":"2023-03-16T04:48:31","date_gmt":"2023-03-16T11:48:31","guid":{"rendered":"https:\/\/beacheden.com\/shop\/uncategorized\/ladies-split-solid-color-nylon-steel-rings-push-up-bikini-swimwear\/"},"modified":"2025-11-01T13:35:51","modified_gmt":"2025-11-01T20:35:51","slug":"bikinis-dete","status":"publish","type":"product","link":"https:\/\/beacheden.com\/fr\/bikinis-dete\/","title":{"rendered":"Maillot de bain Bikini Push Up pour femmes, couleur unie et fendue, en nylon avec anneaux en acier"},"content":{"rendered":"<p>Les bikinis d'\u00e9t\u00e9 sont l\u00e0 pour rehausser votre style par temps chaud ! Con\u00e7ue dans un souci de confort et d'assurance, notre collection pr\u00e9sente des imprim\u00e9s attrayants, des coupes flatteuses et des tissus de haute qualit\u00e9 qui sont aussi agr\u00e9ables \u00e0 porter qu'\u00e0 regarder. Que vous vous pr\u00e9lassiez au bord de la piscine ou que vous preniez le soleil \u00e0 la plage, ces bikinis sont con\u00e7us pour convenir \u00e0 toutes les morphologies et \u00e0 toutes les occasions.<\/p>\n<p>Avec ses bretelles r\u00e9glables, ses coupes personnalis\u00e9es et ses motifs \u00e9clatants, ce maillot de bain est bien plus qu'un simple maillot de bain : c'est votre indispensable pour l'\u00e9t\u00e9. Plongez dans une \u00e9l\u00e9gance sans effort et faites sensation cette saison !<\/p>\n<p><b>Informations sur le produit :<\/b><\/p>\n<p>Sexe applicable : f\u00e9minin<br \/>\nMod\u00e8le : dos nu, grande \u00e9lasticit\u00e9, Europe et Am\u00e9rique<br \/>\nAvec remorque en acier : avec support en acier sans coussin thoracique<br \/>\nNom du tissu : Nylon, Spandex<br \/>\nSc\u00e8ne applicable : <a href=\"https:\/\/beacheden.com\/fr\/bikini-imprime-africain\/?wmc-currency=EUR\" title=\"New Style Swimsuit Ladies Multi-strap Lace Ethnic Print Half-sleeve Sexy Split Bikini\" target=\"_blank\" rel=\"noopener\"  data-wpil-monitor-id=\"161\">la natation et le pataugeage<\/a><br \/>\nCouleur : noir, imprim\u00e9 l\u00e9opard, imprim\u00e9 bleu, couleur unie bleue<\/p>\n<p>&nbsp;<\/p>\n<p><b>Informations sur la taille :<\/b><br \/>\nTaille : S, M, L<\/p>\n<p>Unit\u00e9\uff1aCM<\/p>\n<p><img decoding=\"async\" src=\"https:\/\/ae01.alicdn.com\/kf\/Hf32861d28c0a4055bfb328a735bed979x.jpg?width=763&amp;height=217&amp;hash=980\" alt=\"\"><\/p>\n<p>&nbsp;<\/p>\n<p><b>\u00a0<\/b><\/p>\n<p><b>Remarque :<\/b><br \/>\n1. Les tailles asiatiques sont 1 \u00e0 2 tailles plus petites que les tailles <a href=\"https:\/\/beacheden.com\/fr\/bikini-triangle-2\/?wmc-currency=EUR\" title=\"Bikini europ\u00e9en et am\u00e9ricain \u00e0 triangle suspendu et \u00e0 encolure crois\u00e9e\" target=\"_blank\" rel=\"noopener\"  data-wpil-monitor-id=\"95\">Europ\u00e9en et am\u00e9ricain<\/a> personnes. Choisissez la taille la plus grande si votre taille se situe entre deux tailles. Veuillez tenir compte d'une diff\u00e9rence de 2 \u00e0 3 cm due aux mesures manuelles.<br \/>\n2. Si vous ne savez pas comment choisir votre taille, veuillez contacter notre service client\u00e8le.<br \/>\n3. comme vous le savez, les ordinateurs affichent les couleurs diff\u00e9remment, la couleur de l'article r\u00e9el peut varier l\u00e9g\u00e8rement par rapport aux images suivantes.<\/p>\n<p><b>Liste d'emballage :<\/b><\/p>\n<p>Soutien-gorge*1 Culotte*1<\/p>\n<p>&nbsp;<\/p>\n<p><b>Image du produit :<\/b><\/p>\n<p>Image compl\u00e8te :<\/p>\n<p><img decoding=\"async\" style=\"max-width: 100%;\" src=\"https:\/\/cc-west-usa.oss-accelerate.aliyuncs.com\/13202979-3d93-46b2-85ae-5daff789b86f.jpg\" alt=\"\"><img loading=\"lazy\" decoding=\"async\" class=\"alignnone\" style=\"max-width: 100%;\" src=\"https:\/\/cc-west-usa.oss-accelerate.aliyuncs.com\/0cdb36e1-4758-4d69-8727-e5cdb37ad5b8.jpg\" alt=\"Bikinis \u00e0 la mode d&#039;\u00e9t\u00e9\" width=\"1600\" height=\"1600\" \/><img decoding=\"async\" style=\"max-width: 100%;\" src=\"https:\/\/cc-west-usa.oss-accelerate.aliyuncs.com\/2a631acb-ffb4-40f4-aeab-440535b8bb8a.jpg\" alt=\"\"><img decoding=\"async\" style=\"max-width: 100%;\" src=\"https:\/\/cc-west-usa.oss-accelerate.aliyuncs.com\/0b35f22d-0c92-4655-835d-9d0c673b7be2.jpg\" alt=\"\"><img decoding=\"async\" style=\"max-width: 100%;\" src=\"https:\/\/cc-west-usa.oss-accelerate.aliyuncs.com\/cefefa78-bf64-499b-99bb-87277f9267f6.jpg\" alt=\"\"><img decoding=\"async\" style=\"max-width: 100%;\" src=\"https:\/\/cc-west-usa.oss-accelerate.aliyuncs.com\/bea59b01-811a-44a7-882e-a5b293868598.jpg\" alt=\"\"><br \/>\nImage de d\u00e9tail :<\/p>\n<p><strong><img decoding=\"async\" src=\"https:\/\/cbu01.alicdn.com\/img\/ibank\/O1CN01Ckqejm29zFw4WRMce_!!3841498138-0-cib.jpg\" alt=\"ind\u00e9fini\" \/><\/strong><\/p>\n<p><img decoding=\"async\" src=\"https:\/\/cbu01.alicdn.com\/img\/ibank\/O1CN01fGDc0W29zFvzm16Pq_!!3841498138-0-cib.jpg\" alt=\"ind\u00e9fini\" \/><\/p>\n<p><img decoding=\"async\" src=\"https:\/\/cbu01.alicdn.com\/img\/ibank\/O1CN01vOu9nt29zFtRJUwL0_!!3841498138-0-cib.jpg\" alt=\"ind\u00e9fini\" \/><\/p>\n<p><img decoding=\"async\" src=\"https:\/\/cbu01.alicdn.com\/img\/ibank\/O1CN01ALpZQ029zFtYbn93D_!!3841498138-0-cib.jpg\" alt=\"ind\u00e9fini\" \/><\/p>\n<p><img decoding=\"async\" src=\"https:\/\/cbu01.alicdn.com\/img\/ibank\/O1CN01Cn0baq29zFtRJSBow_!!3841498138-0-cib.jpg\" alt=\"ind\u00e9fini\" \/><\/p>\n<p><img decoding=\"async\" src=\"https:\/\/cbu01.alicdn.com\/img\/ibank\/O1CN01NiKm3629zFtZJQaqr_!!3841498138-0-cib.jpg\" alt=\"ind\u00e9fini\" \/><\/p>\n<p><img decoding=\"async\" src=\"https:\/\/cbu01.alicdn.com\/img\/ibank\/O1CN01aoSr2229zFtPAXEky_!!3841498138-0-cib.jpg\" alt=\"ind\u00e9fini\" \/><\/p>\n<p><img decoding=\"async\" src=\"https:\/\/cbu01.alicdn.com\/img\/ibank\/O1CN01CSgNB229zFuldXULL_!!3841498138-0-cib.jpg\" alt=\"ind\u00e9fini\" \/><\/p>\n<p><img decoding=\"async\" src=\"https:\/\/cbu01.alicdn.com\/img\/ibank\/O1CN017RT3K829zFuimLfyW_!!3841498138-0-cib.jpg\" alt=\"ind\u00e9fini\" \/><\/p>\n<p><img decoding=\"async\" src=\"https:\/\/cbu01.alicdn.com\/img\/ibank\/O1CN016kSr9P29zFugYJue9_!!3841498138-0-cib.jpg\" alt=\"ind\u00e9fini\" \/><\/p>\n<p><img decoding=\"async\" src=\"https:\/\/cbu01.alicdn.com\/img\/ibank\/O1CN01NH6RN429zFun13ldo_!!3841498138-0-cib.jpg\" alt=\"ind\u00e9fini\" \/><\/p>\n<p><img decoding=\"async\" src=\"https:\/\/cbu01.alicdn.com\/img\/ibank\/O1CN01Jj4GJ029zFuldY1dg_!!3841498138-0-cib.jpg\" alt=\"ind\u00e9fini\" \/><\/p>\n<p><img decoding=\"async\" src=\"https:\/\/cbu01.alicdn.com\/img\/ibank\/O1CN01zqSEnn29zFuldbBCd_!!3841498138-0-cib.jpg\" alt=\"ind\u00e9fini\" \/><\/p>\n<p><img decoding=\"async\" src=\"https:\/\/cbu01.alicdn.com\/img\/ibank\/O1CN01P30UdV29zFumc1cU8_!!3841498138-0-cib.jpg\" alt=\"ind\u00e9fini\" \/><\/p>\n<p><img decoding=\"async\" src=\"https:\/\/cbu01.alicdn.com\/img\/ibank\/O1CN01k5RhN729zFurj5f6a_!!3841498138-0-cib.jpg\" alt=\"ind\u00e9fini\" \/><\/p>\n<p><img decoding=\"async\" src=\"https:\/\/cbu01.alicdn.com\/img\/ibank\/O1CN01H6hmCh29zFubjXBc3_!!3841498138-0-cib.jpg\" alt=\"ind\u00e9fini\" \/><\/p>\n<p><img decoding=\"async\" src=\"https:\/\/cbu01.alicdn.com\/img\/ibank\/O1CN01TU1uTu29zFubjUVIo_!!3841498138-0-cib.jpg\" alt=\"ind\u00e9fini\" \/><\/p>","protected":false},"excerpt":{"rendered":"<p>Les bikinis de la mode estivale sont indispensables \u00e0 votre garde-robe des beaux jours. D\u00e9couvrez les styles chics, les couleurs vives et les <a href=\"https:\/\/beacheden.com\/fr\/vetements-de-plage-grande-taille\/?wmc-currency=EUR\" title=\"Chemisier de bikini de plage irr\u00e9gulier en crochet avec patchwork pour femmes de taille sup\u00e9rieure\" target=\"_blank\" rel=\"noopener\"  data-wpil-monitor-id=\"63\">des ajustements parfaits<\/a> pour faire des vagues \u00e0 la plage ou au bord de la piscine tout en restant \u00e0 l'aise et confiant toute la journ\u00e9e.<\/p>","protected":false},"featured_media":2760,"comment_status":"open","ping_status":"closed","template":"","meta":[],"product_brand":[],"product_cat":[40],"product_tag":[],"class_list":{"0":"post-2766","1":"product","2":"type-product","3":"status-publish","4":"has-post-thumbnail","6":"product_cat-bikini","8":"first","9":"instock","10":"taxable","11":"shipping-taxable","12":"purchasable","13":"product-type-variable"},"_links":{"self":[{"href":"https:\/\/beacheden.com\/fr\/wp-json\/wp\/v2\/product\/2766","targetHints":{"allow":["GET"]}}],"collection":[{"href":"https:\/\/beacheden.com\/fr\/wp-json\/wp\/v2\/product"}],"about":[{"href":"https:\/\/beacheden.com\/fr\/wp-json\/wp\/v2\/types\/product"}],"replies":[{"embeddable":true,"href":"https:\/\/beacheden.com\/fr\/wp-json\/wp\/v2\/comments?post=2766"}],"wp:featuredmedia":[{"embeddable":true,"href":"https:\/\/beacheden.com\/fr\/wp-json\/wp\/v2\/media\/2760"}],"wp:attachment":[{"href":"https:\/\/beacheden.com\/fr\/wp-json\/wp\/v2\/media?parent=2766"}],"wp:term":[{"taxonomy":"product_brand","embeddable":true,"href":"https:\/\/beacheden.com\/fr\/wp-json\/wp\/v2\/product_brand?post=2766"},{"taxonomy":"product_cat","embeddable":true,"href":"https:\/\/beacheden.com\/fr\/wp-json\/wp\/v2\/product_cat?post=2766"},{"taxonomy":"product_tag","embeddable":true,"href":"https:\/\/beacheden.com\/fr\/wp-json\/wp\/v2\/product_tag?post=2766"}],"curies":[{"name":"wp","href":"https:\/\/api.w.org\/{rel}","templated":true}]}}