{"id":2741,"date":"2023-03-16T04:44:44","date_gmt":"2023-03-16T11:44:44","guid":{"rendered":"https:\/\/beacheden.com\/shop\/uncategorized\/european-and-american-womens-net-gauze-cover-one-piece-swimsuit\/"},"modified":"2025-11-01T13:31:36","modified_gmt":"2025-11-01T20:31:36","slug":"maillot-de-bain-en-gaze-filet","status":"publish","type":"product","link":"https:\/\/beacheden.com\/fr\/maillot-de-bain-en-gaze-filet\/","title":{"rendered":"Maillot de bain une pi\u00e8ce en gaze filet pour femmes europ\u00e9ennes et am\u00e9ricaines"},"content":{"rendered":"<p>Sous les feux de la rampe avec notre <strong>Maillot de bain en gaze nette <\/strong>Ce maillot de bain est un must pour votre prochaine aventure sur la plage. Con\u00e7u pour allier confort et style sans effort, ce maillot de bain est dot\u00e9 d'un tissu en gaze filet respirant qui vous garde au frais sous le soleil tout en accentuant vos courbes naturelles.<\/p>\n<p>Sa texture unique et son design chic en font une pi\u00e8ce \u00e0 part, parfaite pour ceux qui aiment exprimer leur individualit\u00e9. Que vous vous pr\u00e9lassiez au bord de l'eau ou que vous plongiez dans les vagues, cette <a href=\"https:\/\/beacheden.com\/fr\/bikini-torsade-avec-couleurs-unies\/?wmc-currency=EUR\" title=\"New Foreign Trade Swimsuit Bikini une pi\u00e8ce en nylon de couleur unie avec pochette torsad\u00e9e pour femmes\" target=\"_blank\" rel=\"noopener\"  data-wpil-monitor-id=\"153\">Le maillot de bain assure une coupe flatteuse<\/a> et un confort tout au long de la journ\u00e9e. Am\u00e9liorez votre jeu de maillots de bain et prenez confiance en vous avec un look aussi audacieux et vibrant que vous l'\u00eates.<\/p>\n<p><b>Informations sur le produit :<\/b><\/p>\n<p>Style : Maillot de bain une pi\u00e8ce<br \/>\nSexe applicable : f\u00e9minin<br \/>\nAvec remorque en acier : avec coussin thoracique sans support en acier<br \/>\nNom du tissu : polyester<br \/>\nComposition du tissu : nylon\/nylon<br \/>\nCouleur : impression<\/p>\n<p><b>Informations sur la taille :<\/b><br \/>\nTaille : S, M, L<\/p>\n<table style=\"text-align: center;\" border=\"0\" width=\"100%\" cellspacing=\"0\" cellpadding=\"0\">\n<tbody>\n<tr>\n<th>Taille\uff08Unit\uff1acm\uff09<\/th>\n<th>Longueur<\/th>\n<th>Buste<\/th>\n<th>Taille<\/th>\n<\/tr>\n<tr>\n<td>S<\/td>\n<td>73<\/td>\n<td>74<\/td>\n<td>72<\/td>\n<\/tr>\n<tr>\n<td>M<\/td>\n<td>75<\/td>\n<td>78<\/td>\n<td>76<\/td>\n<\/tr>\n<tr>\n<td>L<\/td>\n<td>77<\/td>\n<td>83<\/td>\n<td>81<\/td>\n<\/tr>\n<\/tbody>\n<\/table>\n<p>&nbsp;<\/p>\n<p><b>Remarque :<\/b><br \/>\n1. Les tailles asiatiques sont 1 \u00e0 2 tailles plus petites que les tailles europ\u00e9ennes et am\u00e9ricaines. Choisissez la taille la plus grande si votre taille se situe entre deux tailles. Veuillez tenir compte d'une diff\u00e9rence de 2 \u00e0 3 cm due aux mesures manuelles.<br \/>\n2. Si vous ne savez pas comment choisir votre taille, veuillez contacter notre service client\u00e8le.<br \/>\n3. comme vous le savez, les ordinateurs affichent les couleurs diff\u00e9remment, la couleur de l'article r\u00e9el peut varier l\u00e9g\u00e8rement par rapport aux images suivantes.<\/p>\n<p><b>Liste d'emballage :<\/b><\/p>\n<p>Maillot de bain une pi\u00e8ce*1<br \/>\nChemisier*1<\/p>\n<p><b>Image du produit :<\/b><\/p>\n<p><img loading=\"lazy\" decoding=\"async\" class=\"alignnone\" src=\"https:\/\/cc-west-usa.oss-accelerate.aliyuncs.com\/16403040\/1640311619546.jpg\" alt=\"Maillot de bain en gaze nette\" width=\"800\" height=\"800\" \/><\/p>\n<p><img decoding=\"async\" src=\"https:\/\/cc-west-usa.oss-accelerate.aliyuncs.com\/16403040\/1640311619624.jpg\" alt=\"ind\u00e9fini\" \/><\/p>\n<p><img decoding=\"async\" src=\"https:\/\/cc-west-usa.oss-accelerate.aliyuncs.com\/16403040\/1640311619661.jpg\" alt=\"ind\u00e9fini\" \/><\/p>\n<p><img decoding=\"async\" src=\"https:\/\/cc-west-usa.oss-accelerate.aliyuncs.com\/16403040\/1640311619737.jpg\" alt=\"ind\u00e9fini\" \/><\/p>\n<p><img decoding=\"async\" src=\"https:\/\/cc-west-usa.oss-accelerate.aliyuncs.com\/16403040\/1640311619808.jpg\" alt=\"ind\u00e9fini\" \/><\/p>\n<p><img decoding=\"async\" src=\"https:\/\/cc-west-usa.oss-accelerate.aliyuncs.com\/16403040\/1640311619861.jpg\" alt=\"ind\u00e9fini\" \/><\/p>\n<p><img decoding=\"async\" src=\"https:\/\/cc-west-usa.oss-accelerate.aliyuncs.com\/16403040\/1640311619901.jpg\" alt=\"ind\u00e9fini\" \/><\/p>","protected":false},"excerpt":{"rendered":"<p>Le maillot de bain en gaze filet allie confort et design chic, et offre une coupe flatteuse. La mati\u00e8re l\u00e9g\u00e8re assure une bonne respirabilit\u00e9, ce qui le rend id\u00e9al pour les journ\u00e9es ensoleill\u00e9es. D\u00e9marquez-vous avec une \u00e9l\u00e9gance sans effort !<\/p>","protected":false},"featured_media":2736,"comment_status":"open","ping_status":"closed","template":"","meta":[],"product_brand":[],"product_cat":[37,39],"product_tag":[],"class_list":{"0":"post-2741","1":"product","2":"type-product","3":"status-publish","4":"has-post-thumbnail","6":"product_cat-sale","7":"product_cat-swimsuit","9":"first","10":"instock","11":"sale","12":"taxable","13":"shipping-taxable","14":"purchasable","15":"product-type-variable"},"_links":{"self":[{"href":"https:\/\/beacheden.com\/fr\/wp-json\/wp\/v2\/product\/2741","targetHints":{"allow":["GET"]}}],"collection":[{"href":"https:\/\/beacheden.com\/fr\/wp-json\/wp\/v2\/product"}],"about":[{"href":"https:\/\/beacheden.com\/fr\/wp-json\/wp\/v2\/types\/product"}],"replies":[{"embeddable":true,"href":"https:\/\/beacheden.com\/fr\/wp-json\/wp\/v2\/comments?post=2741"}],"wp:featuredmedia":[{"embeddable":true,"href":"https:\/\/beacheden.com\/fr\/wp-json\/wp\/v2\/media\/2736"}],"wp:attachment":[{"href":"https:\/\/beacheden.com\/fr\/wp-json\/wp\/v2\/media?parent=2741"}],"wp:term":[{"taxonomy":"product_brand","embeddable":true,"href":"https:\/\/beacheden.com\/fr\/wp-json\/wp\/v2\/product_brand?post=2741"},{"taxonomy":"product_cat","embeddable":true,"href":"https:\/\/beacheden.com\/fr\/wp-json\/wp\/v2\/product_cat?post=2741"},{"taxonomy":"product_tag","embeddable":true,"href":"https:\/\/beacheden.com\/fr\/wp-json\/wp\/v2\/product_tag?post=2741"}],"curies":[{"name":"wp","href":"https:\/\/api.w.org\/{rel}","templated":true}]}}