{"id":2719,"date":"2023-03-16T04:43:50","date_gmt":"2023-03-16T11:43:50","guid":{"rendered":"https:\/\/beacheden.com\/shop\/uncategorized\/japanese-fashion-swimwear-bikini-one-piece-conservative-swimsuit-ladies\/"},"modified":"2025-05-17T12:35:17","modified_gmt":"2025-05-17T19:35:17","slug":"maillots-de-bain-japonais","status":"publish","type":"product","link":"https:\/\/beacheden.com\/fr\/maillots-de-bain-japonais\/","title":{"rendered":"Maillot de bain \u00e0 la mode japonaise Bikini une pi\u00e8ce Maillot de bain conservateur Dames"},"content":{"rendered":"<p><b>Informations sur le produit :<\/b><br \/>\nStyle : maillot de bain une pi\u00e8ce<br \/>\nSexe applicable : f\u00e9minin<br \/>\nTra\u00een\u00e9e ou non avec de l'acier : avec coussinet thoracique sans support en acier<br \/>\nMotif : uni<br \/>\nNom du tissu : polyester<br \/>\nCouleur : blanc, rose<br \/>\nTaille:S,M,L,XL<br \/>\nManches : sans manches<\/p>\n<p><b>Informations sur la taille :<\/b><br \/>\nUnit\u00e9 : cm<\/p>\n<p><img decoding=\"async\" style=\"max-width: 100%;\" src=\"https:\/\/cc-west-usa.oss-accelerate.aliyuncs.com\/b1900f56-38d0-4ce7-9628-886ebb37cf16.png\" alt=\"\"><\/p>\n<p><b>La pr\u00e9vention :<\/b><\/p>\n<p>1. Les tailles asiatiques sont 1 \u00e0 2 tailles plus petites que les tailles europ\u00e9ennes et am\u00e9ricaines. Choisissez la taille la plus grande si votre taille se situe entre deux tailles. Veuillez tenir compte d'une diff\u00e9rence de 2 \u00e0 3 cm due aux mesures manuelles.<br \/>\n2. Si vous ne savez pas comment choisir votre taille, veuillez contacter notre service client\u00e8le.<br \/>\n3. comme vous le savez, les ordinateurs affichent les couleurs diff\u00e9remment, la couleur de l'article r\u00e9el peut varier l\u00e9g\u00e8rement par rapport aux images suivantes.<\/p>\n<p><b><br \/>\nListe d'emballage :<\/b><br \/>\n<a href=\"https:\/\/beacheden.com\/fr\/maillots-de-bain-japonais\/?wmc-currency=EUR\" title=\"Maillot de bain \u00e0 la mode japonaise Bikini une pi\u00e8ce Maillot de bain conservateur Dames\" target=\"_blank\" rel=\"noopener\"  data-wpil-monitor-id=\"105\">Maillot de bain pour dames en polyester<\/a> x1<\/p>\n<p>&nbsp;<\/p>\n<p><img loading=\"lazy\" decoding=\"async\" class=\"alignnone\" style=\"max-width: 100%;\" src=\"https:\/\/cc-west-usa.oss-accelerate.aliyuncs.com\/71996f69-8034-41e4-8e61-3f4953e21652.jpg\" alt=\"Maillots de bain japonais\" width=\"800\" height=\"800\" \/><img decoding=\"async\" style=\"max-width: 100%;\" src=\"https:\/\/cc-west-usa.oss-accelerate.aliyuncs.com\/08667674-cb8f-46e0-b73c-2a8b041ebd8b.jpg\" alt=\"\"><img decoding=\"async\" style=\"max-width: 100%;\" src=\"https:\/\/cc-west-usa.oss-accelerate.aliyuncs.com\/b4c098a8-f491-4fe6-909d-b53f463362d9.jpg\" alt=\"\"><img decoding=\"async\" style=\"max-width: 100%;\" src=\"https:\/\/cc-west-usa.oss-accelerate.aliyuncs.com\/e6058f24-9e5e-454c-9dc5-092146b42f9b.jpg\" alt=\"\"><img decoding=\"async\" style=\"max-width: 100%;\" src=\"https:\/\/cc-west-usa.oss-accelerate.aliyuncs.com\/d0e69a92-1427-4ebc-9bc7-251d05ab517b.jpg\" alt=\"\"><img decoding=\"async\" style=\"max-width: 100%;\" src=\"https:\/\/cc-west-usa.oss-accelerate.aliyuncs.com\/63ba9e74-22bc-495d-afb4-5dd70ad0fa3f.jpg\" alt=\"\"><img decoding=\"async\" style=\"max-width: 100%;\" src=\"https:\/\/cc-west-usa.oss-accelerate.aliyuncs.com\/77811181-45fe-4ba9-affd-c9f3b4171f15.jpg\" alt=\"\"><img decoding=\"async\" style=\"max-width: 100%;\" src=\"https:\/\/cc-west-usa.oss-accelerate.aliyuncs.com\/a9368aad-ff1d-4160-b25f-85da955c1500.jpg\" alt=\"\"><\/p>","protected":false},"excerpt":{"rendered":"<p>Les maillots de bain japonais allient l'\u00e9l\u00e9gance, l'innovation et l'art culturel pour un style unique sur la plage. Profitez d'une qualit\u00e9 et d'un style in\u00e9gal\u00e9s.<\/p>","protected":false},"featured_media":2711,"comment_status":"open","ping_status":"closed","template":"","meta":[],"product_brand":[],"product_cat":[37,39],"product_tag":[],"class_list":{"0":"post-2719","1":"product","2":"type-product","3":"status-publish","4":"has-post-thumbnail","6":"product_cat-sale","7":"product_cat-swimsuit","9":"first","10":"instock","11":"sale","12":"taxable","13":"shipping-taxable","14":"purchasable","15":"product-type-variable"},"_links":{"self":[{"href":"https:\/\/beacheden.com\/fr\/wp-json\/wp\/v2\/product\/2719","targetHints":{"allow":["GET"]}}],"collection":[{"href":"https:\/\/beacheden.com\/fr\/wp-json\/wp\/v2\/product"}],"about":[{"href":"https:\/\/beacheden.com\/fr\/wp-json\/wp\/v2\/types\/product"}],"replies":[{"embeddable":true,"href":"https:\/\/beacheden.com\/fr\/wp-json\/wp\/v2\/comments?post=2719"}],"wp:featuredmedia":[{"embeddable":true,"href":"https:\/\/beacheden.com\/fr\/wp-json\/wp\/v2\/media\/2711"}],"wp:attachment":[{"href":"https:\/\/beacheden.com\/fr\/wp-json\/wp\/v2\/media?parent=2719"}],"wp:term":[{"taxonomy":"product_brand","embeddable":true,"href":"https:\/\/beacheden.com\/fr\/wp-json\/wp\/v2\/product_brand?post=2719"},{"taxonomy":"product_cat","embeddable":true,"href":"https:\/\/beacheden.com\/fr\/wp-json\/wp\/v2\/product_cat?post=2719"},{"taxonomy":"product_tag","embeddable":true,"href":"https:\/\/beacheden.com\/fr\/wp-json\/wp\/v2\/product_tag?post=2719"}],"curies":[{"name":"wp","href":"https:\/\/api.w.org\/{rel}","templated":true}]}}