{"id":2587,"date":"2023-03-16T04:39:57","date_gmt":"2023-03-16T11:39:57","guid":{"rendered":"https:\/\/beacheden.com\/shop\/uncategorized\/printed-swimsuit-mesh-two-piece-set\/"},"modified":"2025-05-22T04:25:45","modified_gmt":"2025-05-22T11:25:45","slug":"maillot-de-bain-imprime-mesh-ensemble-deux-pieces","status":"publish","type":"product","link":"https:\/\/beacheden.com\/fr\/maillot-de-bain-imprime-mesh-ensemble-deux-pieces\/","title":{"rendered":"Maillot de bain deux pi\u00e8ces en maille imprim\u00e9e"},"content":{"rendered":"<p>Motif : impression<br \/>\nStyle : costume pantalon<br \/>\nStyle du haut : chemise en dentelle<br \/>\nLongueur des manches : sans manches<br \/>\nStyle de pantalon : pantalon droit<br \/>\nLongueur : pantalon<br \/>\n\u00c9l\u00e9ments populaires : creux, imprim\u00e9<br \/>\nProc\u00e9d\u00e9 ; impression\/impression<br \/>\nCouleur : blanc, rose, jaune, rouge, violet, rouge ros\u00e9, bleu, vert, multicolore, orange<br \/>\nTaille ; S, M, L, XL, XXL<img decoding=\"async\" style=\"font-size: 14px; max-width: 100%;\" src=\"https:\/\/cc-west-usa.oss-accelerate.aliyuncs.com\/38fde8a0-58a7-48b6-b58c-c45168f1c29f.png\" alt=\"\"><\/p>\n<p>1. Les tailles asiatiques sont 1 \u00e0 2 tailles plus petites que les tailles europ\u00e9ennes et am\u00e9ricaines. Choisissez la taille la plus grande si votre taille se situe entre deux tailles. Veuillez tenir compte d'une diff\u00e9rence de 2 \u00e0 3 cm due aux mesures manuelles.<br \/>\n2. Si vous ne savez pas comment choisir votre taille, veuillez contacter notre service client\u00e8le.<br \/>\n3. comme vous le savez, les ordinateurs affichent les couleurs diff\u00e9remment, la couleur de l'article r\u00e9el peut varier l\u00e9g\u00e8rement par rapport aux images suivantes.<img decoding=\"async\" style=\"font-size: 14px; max-width: 100%;\" src=\"https:\/\/cc-west-usa.oss-accelerate.aliyuncs.com\/838c538f-b783-483e-87d7-75bc951dc33d.jpg\" alt=\"\"><img decoding=\"async\" style=\"font-size: 14px; max-width: 100%;\" src=\"https:\/\/cc-west-usa.oss-accelerate.aliyuncs.com\/f061ebee-0733-4e32-b6a5-267717dbae8e.jpg\" alt=\"\"><img decoding=\"async\" style=\"font-size: 14px; max-width: 100%;\" src=\"https:\/\/cc-west-usa.oss-accelerate.aliyuncs.com\/a888bc44-863e-4fe3-980c-1ddd21f6fcd7.jpg\" alt=\"\"><img decoding=\"async\" style=\"font-size: 14px; max-width: 100%;\" src=\"https:\/\/cc-west-usa.oss-accelerate.aliyuncs.com\/44b81c8f-6969-42ac-a74d-7dea81f4b970.jpg\" alt=\"\"><img decoding=\"async\" style=\"font-size: 14px; max-width: 100%;\" src=\"https:\/\/cc-west-usa.oss-accelerate.aliyuncs.com\/2d6d78ee-660c-45c1-85f6-f2f1e7dcda6c.jpg\" alt=\"\"><img decoding=\"async\" style=\"font-size: 14px; max-width: 100%;\" src=\"https:\/\/cc-west-usa.oss-accelerate.aliyuncs.com\/74f9672b-deb0-4951-9ddf-ecce7f95b27b.jpg\" alt=\"\"><img decoding=\"async\" style=\"font-size: 14px; max-width: 100%;\" src=\"https:\/\/cc-west-usa.oss-accelerate.aliyuncs.com\/25a35dfa-a8cd-48bb-8ffc-a2b52a28dde1.jpg\" alt=\"\"><img decoding=\"async\" style=\"font-size: 14px; max-width: 100%;\" src=\"https:\/\/cc-west-usa.oss-accelerate.aliyuncs.com\/133b134c-626e-48f8-b554-546299dd3fac.jpg\" alt=\"\"><img decoding=\"async\" style=\"font-size: 14px; max-width: 100%;\" src=\"https:\/\/cc-west-usa.oss-accelerate.aliyuncs.com\/a3c2dd21-24c0-4c2f-8812-ccc6648af3fa.jpg\" alt=\"\"><img decoding=\"async\" style=\"font-size: 14px; max-width: 100%;\" src=\"https:\/\/cc-west-usa.oss-accelerate.aliyuncs.com\/c22050e8-0f13-40f9-a3d4-36fda8302e6f.jpg\" alt=\"\"><img decoding=\"async\" style=\"font-size: 14px; max-width: 100%;\" src=\"https:\/\/cc-west-usa.oss-accelerate.aliyuncs.com\/c2953fd6-028d-45c9-a2bb-572f3f10430d.jpg\" alt=\"\"><img decoding=\"async\" style=\"font-size: 14px; max-width: 100%;\" src=\"https:\/\/cc-west-usa.oss-accelerate.aliyuncs.com\/a7bb3f59-adf1-4e88-bc0a-113cb406d3f9.jpg\" alt=\"\"><img decoding=\"async\" style=\"font-size: 14px; max-width: 100%;\" src=\"https:\/\/cc-west-usa.oss-accelerate.aliyuncs.com\/8033fab1-68e1-4b18-8239-51781fe6e84c.jpg\" alt=\"\"><img decoding=\"async\" style=\"font-size: 14px; max-width: 100%;\" src=\"https:\/\/cc-west-usa.oss-accelerate.aliyuncs.com\/8b2f43aa-3206-46e2-b7e3-1de3ef7f88c1.jpg\" alt=\"\"><img decoding=\"async\" style=\"font-size: 14px; max-width: 100%;\" src=\"https:\/\/cc-west-usa.oss-accelerate.aliyuncs.com\/1bbc29f9-8753-4e37-949c-ea96111bf80e.jpg\" alt=\"\"><img decoding=\"async\" style=\"font-size: 14px; max-width: 100%;\" src=\"https:\/\/cc-west-usa.oss-accelerate.aliyuncs.com\/303e177f-ed47-439f-b939-0fda688f1d05.jpg\" alt=\"\"><img decoding=\"async\" style=\"font-size: 14px; max-width: 100%;\" src=\"https:\/\/cc-west-usa.oss-accelerate.aliyuncs.com\/7cbf6877-fbe4-4554-a632-0221c99d7f57.jpg\" alt=\"\"><img decoding=\"async\" style=\"font-size: 14px; max-width: 100%;\" src=\"https:\/\/cc-west-usa.oss-accelerate.aliyuncs.com\/821331ed-4340-400b-9fc0-dfad09a5baab.jpg\" alt=\"\"><img decoding=\"async\" style=\"font-size: 14px; max-width: 100%;\" src=\"https:\/\/cc-west-usa.oss-accelerate.aliyuncs.com\/760d4398-6ad1-42c3-a966-e6b073c5370e.jpg\" alt=\"\"><img decoding=\"async\" style=\"font-size: 14px; max-width: 100%;\" src=\"https:\/\/cc-west-usa.oss-accelerate.aliyuncs.com\/27c4f30c-c324-4303-bcce-dded53827063.jpg\" alt=\"\"><img decoding=\"async\" style=\"font-size: 14px; max-width: 100%;\" src=\"https:\/\/cc-west-usa.oss-accelerate.aliyuncs.com\/5111f40f-2413-4525-8c4c-2838a215cfaa.jpg\" alt=\"\"><img decoding=\"async\" style=\"font-size: 14px; max-width: 100%;\" src=\"https:\/\/cc-west-usa.oss-accelerate.aliyuncs.com\/9dc012f8-4d4e-4018-8321-cd3a0888376b.jpg\" alt=\"\"><img decoding=\"async\" style=\"font-size: 14px; max-width: 100%;\" src=\"https:\/\/cc-west-usa.oss-accelerate.aliyuncs.com\/e5c98ba8-7629-40ad-b709-5358c61d918d.jpg\" alt=\"\"><img decoding=\"async\" style=\"font-size: 14px; max-width: 100%;\" src=\"https:\/\/cc-west-usa.oss-accelerate.aliyuncs.com\/a32d925a-b0da-4b67-a08d-94f37276f634.jpg\" alt=\"\"><img decoding=\"async\" style=\"font-size: 14px; max-width: 100%;\" src=\"https:\/\/cc-west-usa.oss-accelerate.aliyuncs.com\/41b65fb6-1ac2-4c41-8b6c-6f03042eefe7.jpg\" alt=\"\"><img decoding=\"async\" style=\"font-size: 14px; max-width: 100%;\" src=\"https:\/\/cc-west-usa.oss-accelerate.aliyuncs.com\/63973656-afd5-4458-9bba-a26d09bdb6c3.jpg\" alt=\"\"><img decoding=\"async\" style=\"font-size: 14px; max-width: 100%;\" src=\"https:\/\/cc-west-usa.oss-accelerate.aliyuncs.com\/ba35d864-6126-4c2c-83e8-a153d4e8cead.jpg\" alt=\"\"><img decoding=\"async\" style=\"font-size: 14px; max-width: 100%;\" src=\"https:\/\/cc-west-usa.oss-accelerate.aliyuncs.com\/ca167dfa-23ee-4dc2-b5c6-e191e89cc97c.jpg\" alt=\"\"><img decoding=\"async\" style=\"font-size: 14px; max-width: 100%;\" src=\"https:\/\/cc-west-usa.oss-accelerate.aliyuncs.com\/f3bfeb7a-d49a-4030-b8dc-7fad3dc986fc.jpg\" alt=\"\"><img decoding=\"async\" style=\"font-size: 14px; max-width: 100%;\" src=\"https:\/\/cc-west-usa.oss-accelerate.aliyuncs.com\/a06ea35e-16d7-40d2-ac79-e0f70f054f97.jpg\" alt=\"\"><img decoding=\"async\" style=\"font-size: 14px; max-width: 100%;\" src=\"https:\/\/cc-west-usa.oss-accelerate.aliyuncs.com\/ed832c71-5f1e-402a-9b1c-dbbc0e5d9e9e.jpg\" alt=\"\"><img decoding=\"async\" style=\"font-size: 14px; max-width: 100%;\" src=\"https:\/\/cc-west-usa.oss-accelerate.aliyuncs.com\/e33cbe78-5d9d-4952-a637-9b446854f7e0.jpg\" alt=\"\"><img decoding=\"async\" style=\"font-size: 14px; max-width: 100%;\" src=\"https:\/\/cc-west-usa.oss-accelerate.aliyuncs.com\/6a59a260-d31a-4fd6-83f9-be7827cc6ef4.jpg\" alt=\"\"><img decoding=\"async\" style=\"font-size: 14px; max-width: 100%;\" src=\"https:\/\/cc-west-usa.oss-accelerate.aliyuncs.com\/bac527f6-641b-49ab-85b1-6fbb84f84f0f.jpg\" alt=\"\"><img decoding=\"async\" style=\"font-size: 14px; max-width: 100%;\" src=\"https:\/\/cc-west-usa.oss-accelerate.aliyuncs.com\/8ff34bf4-5f5c-4430-9815-e72d9de2b315.jpg\" alt=\"\"><img decoding=\"async\" style=\"font-size: 14px; max-width: 100%;\" src=\"https:\/\/cc-west-usa.oss-accelerate.aliyuncs.com\/cb22d1d2-9290-46a9-8991-a0bd5f9ac67b.jpg\" alt=\"\"><img decoding=\"async\" style=\"font-size: 14px; max-width: 100%;\" src=\"https:\/\/cc-west-usa.oss-accelerate.aliyuncs.com\/e798a023-1fa6-4b4b-8873-50ddfc182abe.jpg\" alt=\"\"><img decoding=\"async\" style=\"font-size: 14px; max-width: 100%;\" src=\"https:\/\/cc-west-usa.oss-accelerate.aliyuncs.com\/e82bb2f4-6e5e-4eb5-a4bf-4e33e5c95b25.jpg\" alt=\"\"><img decoding=\"async\" style=\"font-size: 14px; max-width: 100%;\" src=\"https:\/\/cc-west-usa.oss-accelerate.aliyuncs.com\/30213000-2648-499b-aecd-400dc6bba7f2.jpg\" alt=\"\"><img decoding=\"async\" style=\"font-size: 14px; max-width: 100%;\" src=\"https:\/\/cc-west-usa.oss-accelerate.aliyuncs.com\/3e3c4c4b-93e8-4f96-ae58-f312d03e489c.jpg\" alt=\"\"><img decoding=\"async\" style=\"font-size: 14px; max-width: 100%;\" src=\"https:\/\/cc-west-usa.oss-accelerate.aliyuncs.com\/97a82fce-1eca-46bb-89c7-29209c076244.jpg\" alt=\"\"><img decoding=\"async\" style=\"font-size: 14px; max-width: 100%;\" src=\"https:\/\/cc-west-usa.oss-accelerate.aliyuncs.com\/e1c26bec-75e2-4954-a7ce-3cba6c8db94c.jpg\" alt=\"\"><img decoding=\"async\" style=\"font-size: 14px; max-width: 100%;\" src=\"https:\/\/cc-west-usa.oss-accelerate.aliyuncs.com\/5caab321-0041-4a82-8b7d-61e5506ee79c.jpg\" alt=\"\"><img decoding=\"async\" style=\"font-size: 14px; max-width: 100%;\" src=\"https:\/\/cc-west-usa.oss-accelerate.aliyuncs.com\/d6568591-f0a8-429a-958c-693ef38317d9.jpg\" alt=\"\"><img decoding=\"async\" style=\"font-size: 14px; max-width: 100%;\" src=\"https:\/\/cc-west-usa.oss-accelerate.aliyuncs.com\/0dc675a9-a738-41aa-a1f0-46b3b1baf2d4.jpg\" alt=\"\"><img decoding=\"async\" style=\"font-size: 14px; max-width: 100%;\" src=\"https:\/\/cc-west-usa.oss-accelerate.aliyuncs.com\/a37a786d-b3bb-4831-8f6e-25f5be4d894d.jpg\" alt=\"\"><img decoding=\"async\" style=\"font-size: 14px; max-width: 100%;\" src=\"https:\/\/cc-west-usa.oss-accelerate.aliyuncs.com\/459717dc-29e6-4963-aa6d-298560e66dba.jpg\" alt=\"\"><img decoding=\"async\" style=\"font-size: 14px; max-width: 100%;\" src=\"https:\/\/cc-west-usa.oss-accelerate.aliyuncs.com\/8851d696-cd22-447d-b747-734b281aae1b.jpg\" alt=\"\"><img decoding=\"async\" style=\"font-size: 14px; max-width: 100%;\" src=\"https:\/\/cc-west-usa.oss-accelerate.aliyuncs.com\/06f1c6f2-01c6-4164-82c7-6436d203f461.jpg\" alt=\"\"><img decoding=\"async\" style=\"font-size: 14px; max-width: 100%;\" src=\"https:\/\/cc-west-usa.oss-accelerate.aliyuncs.com\/a939584d-2896-49aa-a28d-f48fc0edef71.jpg\" alt=\"\"><img decoding=\"async\" style=\"font-size: 14px; max-width: 100%;\" src=\"https:\/\/cc-west-usa.oss-accelerate.aliyuncs.com\/dc199c49-0510-4573-974e-5d9ce88d9599.jpg\" alt=\"\"><img decoding=\"async\" style=\"font-size: 14px; max-width: 100%;\" src=\"https:\/\/cc-west-usa.oss-accelerate.aliyuncs.com\/7ea36ecf-5a09-420d-a675-2d62702425ea.jpg\" alt=\"\"><img decoding=\"async\" style=\"font-size: 14px; max-width: 100%;\" src=\"https:\/\/cc-west-usa.oss-accelerate.aliyuncs.com\/2bb10962-ed8f-4e8b-88c8-8a64f66581ef.jpg\" alt=\"\"><img decoding=\"async\" style=\"font-size: 14px; max-width: 100%;\" src=\"https:\/\/cc-west-usa.oss-accelerate.aliyuncs.com\/5b65df57-ed01-4fb0-8848-5e5d99b0d7a8.jpg\" alt=\"\"><img decoding=\"async\" style=\"font-size: 14px; max-width: 100%;\" src=\"https:\/\/cc-west-usa.oss-accelerate.aliyuncs.com\/5bc6e1bf-91b3-487c-81c2-f488b95d17d2.jpg\" alt=\"\"><img decoding=\"async\" style=\"font-size: 14px; max-width: 100%;\" src=\"https:\/\/cc-west-usa.oss-accelerate.aliyuncs.com\/0914e9cf-b967-4969-b08a-338f45e5d5bd.jpg\" alt=\"\"><img decoding=\"async\" style=\"font-size: 14px; max-width: 100%;\" src=\"https:\/\/cc-west-usa.oss-accelerate.aliyuncs.com\/0c073b7c-10c8-4eac-b998-54af2bc803b9.jpg\" alt=\"\"><img decoding=\"async\" style=\"font-size: 14px; max-width: 100%;\" src=\"https:\/\/cc-west-usa.oss-accelerate.aliyuncs.com\/4f8d682a-83c5-4f6b-b2ec-684409430c17.jpg\" alt=\"\"><img decoding=\"async\" style=\"font-size: 14px; max-width: 100%;\" src=\"https:\/\/cc-west-usa.oss-accelerate.aliyuncs.com\/ee419739-94d1-46d3-81bb-7f1768d46e8c.jpg\" alt=\"\"><img decoding=\"async\" style=\"font-size: 14px; max-width: 100%;\" src=\"https:\/\/cc-west-usa.oss-accelerate.aliyuncs.com\/e4aff70e-686d-4e9f-a1ab-6637899bcee3.jpg\" alt=\"\"><img decoding=\"async\" style=\"font-size: 14px; max-width: 100%;\" src=\"https:\/\/cc-west-usa.oss-accelerate.aliyuncs.com\/c1b3d68f-869b-4c7e-8474-a4c43c98c9fc.jpg\" alt=\"\"><\/p>","protected":false},"excerpt":{"rendered":"<p>Pattern: printing Style: pants suit Top style: lace shirt Sleeve length: sleeveless Pants style: straight pants Length: trousers Popular elements: hollow, printed Process; printing\/printing Color: white, pink, yellow, red, purple, rose red, blue, green, multi-color, orange Size; S, M, L, XL, XXL 1. Asian sizes are 1 to 2 sizes smaller than European and American [&#8230;]\n","protected":false},"featured_media":2578,"comment_status":"open","ping_status":"closed","template":"","meta":[],"product_brand":[],"product_cat":[16],"product_tag":[],"class_list":{"0":"post-2587","1":"product","2":"type-product","3":"status-publish","4":"has-post-thumbnail","6":"product_cat-cover-ups","8":"first","9":"instock","10":"taxable","11":"shipping-taxable","12":"purchasable","13":"product-type-variable"},"_links":{"self":[{"href":"https:\/\/beacheden.com\/fr\/wp-json\/wp\/v2\/product\/2587","targetHints":{"allow":["GET"]}}],"collection":[{"href":"https:\/\/beacheden.com\/fr\/wp-json\/wp\/v2\/product"}],"about":[{"href":"https:\/\/beacheden.com\/fr\/wp-json\/wp\/v2\/types\/product"}],"replies":[{"embeddable":true,"href":"https:\/\/beacheden.com\/fr\/wp-json\/wp\/v2\/comments?post=2587"}],"wp:featuredmedia":[{"embeddable":true,"href":"https:\/\/beacheden.com\/fr\/wp-json\/wp\/v2\/media\/2578"}],"wp:attachment":[{"href":"https:\/\/beacheden.com\/fr\/wp-json\/wp\/v2\/media?parent=2587"}],"wp:term":[{"taxonomy":"product_brand","embeddable":true,"href":"https:\/\/beacheden.com\/fr\/wp-json\/wp\/v2\/product_brand?post=2587"},{"taxonomy":"product_cat","embeddable":true,"href":"https:\/\/beacheden.com\/fr\/wp-json\/wp\/v2\/product_cat?post=2587"},{"taxonomy":"product_tag","embeddable":true,"href":"https:\/\/beacheden.com\/fr\/wp-json\/wp\/v2\/product_tag?post=2587"}],"curies":[{"name":"wp","href":"https:\/\/api.w.org\/{rel}","templated":true}]}}