{"id":2558,"date":"2023-03-16T04:36:29","date_gmt":"2023-03-16T11:36:29","guid":{"rendered":"https:\/\/beacheden.com\/shop\/uncategorized\/womens-mesh-panel-one-piece-swimsuit-bikini\/"},"modified":"2025-12-07T15:45:28","modified_gmt":"2025-12-07T23:45:28","slug":"maillot-de-bain-a-mailles","status":"publish","type":"product","link":"https:\/\/beacheden.com\/fr\/maillot-de-bain-a-mailles\/","title":{"rendered":"Maillot de bain une pi\u00e8ce \u00e0 panneaux en maille pour femmes Bikini"},"content":{"rendered":"<p>Sous les feux de la rampe avec notre <strong>Maillot de bain \u00e0 empi\u00e8cements en maille <\/strong>Ce maillot de bain a \u00e9t\u00e9 con\u00e7u pour faire des vagues cette saison. Ce maillot de bain remarquable est dot\u00e9 d'empi\u00e8cements en maille strat\u00e9giquement plac\u00e9s qui cr\u00e9ent un look audacieux mais sophistiqu\u00e9, vous permettant de vous d\u00e9marquer o\u00f9 que vous alliez. Fabriqu\u00e9 dans un tissu de qualit\u00e9 sup\u00e9rieure \u00e0 s\u00e9chage rapide, il offre une coupe impeccable tout en assurant un confort et un soutien tout au long de la journ\u00e9e.<\/p>\n<p>La silhouette \u00e9l\u00e9gante flatte toutes les morphologies, tandis que les bretelles r\u00e9glables et la doublure renforc\u00e9e garantissent une sensation de s\u00e9curit\u00e9 et de confiance. Que vous vous pr\u00e9lassiez au bord de la piscine ou que vous preniez le soleil \u00e0 la plage, cette <a href=\"https:\/\/beacheden.com\/fr\/maillot-de-bain-en-nylon\/?wmc-currency=EUR\" title=\"Maillot de bain une pi\u00e8ce pour femmes, couleur unie Nylon\" target=\"_blank\" rel=\"noopener\"  data-wpil-monitor-id=\"2\">Le maillot de bain est l'accessoire indispensable de l'\u00e9t\u00e9<\/a>. \u00c9levez votre <a href=\"https:\/\/beacheden.com\/fr\/maillot-de-bain-une-piece-push-up\/?wmc-currency=EUR\" title=\"Maillot de bain une pi\u00e8ce pour dames, imprim\u00e9 push up\" target=\"_blank\" rel=\"noopener\"  data-wpil-monitor-id=\"23\">jeu de maillots de bain<\/a> et embrassez une \u00e9l\u00e9gance audacieuse avec notre incontournable maillot de bain \u00e0 empi\u00e8cements en maille !<\/p>\n<p><b>Informations sur le produit :<\/b><\/p>\n<p>Style : <a href=\"https:\/\/beacheden.com\/fr\/maillot-de-bain-indien\/?wmc-currency=EUR\" title=\"Maillot de bain Plus Size Indian Style Bikini pour femmes\" target=\"_blank\" rel=\"noopener\"  data-wpil-monitor-id=\"22\">Maillot de bain une pi\u00e8ce<\/a><br \/>\nSexe applicable : f\u00e9minin<br \/>\nStyle de motif : couleur unie, serr\u00e9, Europe et Am\u00e9rique<br \/>\nAvec tra\u00een\u00e9e en acier : avec coussinet thoracique sans support en acier<br \/>\nComposition du tissu : Fibre de polyester (polyester)<br \/>\nSc\u00e8ne applicable : <a href=\"https:\/\/beacheden.com\/fr\/maillot-de-bain-une-piece-patchwork\/?wmc-currency=EUR\" title=\"Maillot de bain une pi\u00e8ce Maillot de bain patchwork Bikini\" target=\"_blank\" rel=\"noopener\"  data-wpil-monitor-id=\"27\">la natation et le pataugeage<\/a><br \/>\nCouleur : rouge, gris, noir<\/p>\n<p><b>Informations sur la taille :<\/b><br \/>\nTaille : S\/M\/L\/XL\/XXL\/3XL<br \/>\n<img decoding=\"async\" style=\"max-width: 100%;\" src=\"https:\/\/cc-west-usa.oss-accelerate.aliyuncs.com\/52b5ba4c-d31e-4d5f-8ac7-0a5278774196.jpg\" alt=\"\"><\/p>\n<p>&nbsp;<\/p>\n<p><b>Remarque :<\/b><br \/>\n1. Les tailles asiatiques sont 1 \u00e0 2 tailles plus petites que les tailles <a href=\"https:\/\/beacheden.com\/fr\/maillot-de-bain-une-piece-avec-decoupes\/?wmc-currency=EUR\" title=\"New Women&#039;s Printed One-piece Swimsuit European And American Hollow Swimwear\" target=\"_blank\" rel=\"noopener\"  data-wpil-monitor-id=\"146\">Europ\u00e9en et am\u00e9ricain<\/a> personnes. Choisissez la taille la plus grande si votre taille se situe entre deux tailles. Veuillez tenir compte d'une diff\u00e9rence de 2 \u00e0 3 cm due aux mesures manuelles.<br \/>\n2. Si vous ne savez pas comment choisir votre taille, veuillez contacter notre service client\u00e8le.<br \/>\n3. comme vous le savez, les ordinateurs affichent les couleurs diff\u00e9remment, la couleur de l'article r\u00e9el peut varier l\u00e9g\u00e8rement par rapport aux images suivantes.<\/p>\n<p><b>Liste d'emballage :<\/b><\/p>\n<p>Maillot de bain une pi\u00e8ce*1<\/p>\n<p>&nbsp;<\/p>\n<p><b>Image du produit :<\/b><\/p>\n<p>Image compl\u00e8te :<\/p>\n<p><img loading=\"lazy\" decoding=\"async\" class=\"alignnone\" style=\"max-width: 100%;\" src=\"https:\/\/cc-west-usa.oss-accelerate.aliyuncs.com\/46b4fa51-e293-4ff5-8f29-824095fd59b1.jpg\" alt=\"Maillot de bain \u00e0 empi\u00e8cements en maille\" width=\"800\" height=\"800\" \/><img decoding=\"async\" style=\"max-width: 100%;\" src=\"https:\/\/cc-west-usa.oss-accelerate.aliyuncs.com\/cbee2439-8376-46b8-8669-1b19da5a72e7.jpg\" alt=\"\"><img decoding=\"async\" style=\"max-width: 100%;\" src=\"https:\/\/cc-west-usa.oss-accelerate.aliyuncs.com\/21fbf40b-acdd-4cb1-9ee8-3f7f8fd03d41.jpg\" alt=\"\"><img decoding=\"async\" style=\"max-width: 100%;\" src=\"https:\/\/cc-west-usa.oss-accelerate.aliyuncs.com\/7a51074a-98b8-4243-a5d7-9c8d94bc8575.jpg\" alt=\"\"><img decoding=\"async\" style=\"max-width: 100%;\" src=\"https:\/\/cc-west-usa.oss-accelerate.aliyuncs.com\/5b33681e-57f9-492e-9133-de9deba23c36.jpg\" alt=\"\"><img decoding=\"async\" style=\"max-width: 100%;\" src=\"https:\/\/cc-west-usa.oss-accelerate.aliyuncs.com\/7cf6deb4-ff53-4af7-a243-84aa64433f2e.jpg\" alt=\"\"><img decoding=\"async\" style=\"max-width: 100%;\" src=\"https:\/\/cc-west-usa.oss-accelerate.aliyuncs.com\/4b49b305-4a6f-47f1-8a44-93d6531f6937.jpg\" alt=\"\"><img decoding=\"async\" style=\"max-width: 100%;\" src=\"https:\/\/cc-west-usa.oss-accelerate.aliyuncs.com\/e53be6cf-f360-4c0e-aaaa-122bc85ed018.jpg\" alt=\"\"><\/p>","protected":false},"excerpt":{"rendered":"<p>Le maillot de bain \u00e0 empi\u00e8cements en maille allie \u00e9l\u00e9gance audacieuse et confort ultime. Avec ses d\u00e9coupes uniques et son tissu de qualit\u00e9 sup\u00e9rieure, il met en valeur votre silhouette sans effort, que ce soit \u00e0 la plage ou au bord de la piscine.<\/p>","protected":false},"featured_media":2550,"comment_status":"open","ping_status":"closed","template":"","meta":[],"product_brand":[],"product_cat":[37,39],"product_tag":[],"class_list":{"0":"post-2558","1":"product","2":"type-product","3":"status-publish","4":"has-post-thumbnail","6":"product_cat-sale","7":"product_cat-swimsuit","9":"first","10":"instock","11":"sale","12":"taxable","13":"shipping-taxable","14":"purchasable","15":"product-type-variable"},"_links":{"self":[{"href":"https:\/\/beacheden.com\/fr\/wp-json\/wp\/v2\/product\/2558","targetHints":{"allow":["GET"]}}],"collection":[{"href":"https:\/\/beacheden.com\/fr\/wp-json\/wp\/v2\/product"}],"about":[{"href":"https:\/\/beacheden.com\/fr\/wp-json\/wp\/v2\/types\/product"}],"replies":[{"embeddable":true,"href":"https:\/\/beacheden.com\/fr\/wp-json\/wp\/v2\/comments?post=2558"}],"wp:featuredmedia":[{"embeddable":true,"href":"https:\/\/beacheden.com\/fr\/wp-json\/wp\/v2\/media\/2550"}],"wp:attachment":[{"href":"https:\/\/beacheden.com\/fr\/wp-json\/wp\/v2\/media?parent=2558"}],"wp:term":[{"taxonomy":"product_brand","embeddable":true,"href":"https:\/\/beacheden.com\/fr\/wp-json\/wp\/v2\/product_brand?post=2558"},{"taxonomy":"product_cat","embeddable":true,"href":"https:\/\/beacheden.com\/fr\/wp-json\/wp\/v2\/product_cat?post=2558"},{"taxonomy":"product_tag","embeddable":true,"href":"https:\/\/beacheden.com\/fr\/wp-json\/wp\/v2\/product_tag?post=2558"}],"curies":[{"name":"wp","href":"https:\/\/api.w.org\/{rel}","templated":true}]}}