{"id":2479,"date":"2023-03-16T04:33:07","date_gmt":"2023-03-16T11:33:07","guid":{"rendered":"https:\/\/beacheden.com\/shop\/uncategorized\/womens-split-high-waist-boxer-tie-print-solid-color-swimsuit\/"},"modified":"2025-11-24T05:56:02","modified_gmt":"2025-11-24T13:56:02","slug":"bikini-imprime-cravate-boxer","status":"publish","type":"product","link":"https:\/\/beacheden.com\/fr\/bikini-imprime-cravate-boxer\/","title":{"rendered":"Maillot de bain fendu taille haute pour femmes, avec n\u0153ud de cravate imprim\u00e9, couleur unie"},"content":{"rendered":"<p>Faites des vagues cette saison avec le <strong>Bikini \u00e0 nouettes Boxer <\/strong>Ce maillot de bain est un m\u00e9lange \u00e9tonnant de design audacieux et de confort sans effort. Ce maillot de bain accrocheur pr\u00e9sente un motif \u00e0 nouer unique qui inspire confiance et style, vous permettant de vous d\u00e9marquer sur la plage ou au bord de la piscine. Con\u00e7u avec pr\u00e9cision, le bikini offre une coupe flatteuse pour toutes les morphologies, tandis que les attaches r\u00e9glables offrent une sensation de s\u00e9curit\u00e9 et de personnalisation.<\/p>\n<p>Fabriqu\u00e9 dans un tissu de haute qualit\u00e9 \u00e0 s\u00e9chage rapide, il est aussi pratique que tendance. Que vous vous pr\u00e9lassiez au soleil ou que vous partiez \u00e0 l'aventure, le Boxer Tie <a href=\"https:\/\/beacheden.com\/fr\/maillot-de-bain-une-piece-push-up\/?wmc-currency=EUR\" title=\"Maillot de bain une pi\u00e8ce pour dames, imprim\u00e9 push up\" target=\"_blank\" rel=\"noopener\"  data-wpil-monitor-id=\"18\">Le bikini imprim\u00e9 est l'accessoire indispensable de l'\u00e9t\u00e9<\/a>. Am\u00e9liorez votre jeu de maillots de bain et adoptez le m\u00e9lange parfait de chic et de fonctionnalit\u00e9 d\u00e8s aujourd'hui !<\/p>\n<p><b>Informations sur le produit :<\/b><\/p>\n<p>Sexe applicable : f\u00e9minin<br \/>\nNom du tissu : polyester<br \/>\nSc\u00e9narios applicables : tendances sportives, \u00e9quipement de divertissement, <a href=\"https:\/\/beacheden.com\/fr\/bikini-imprime-cravate-boxer\/?wmc-currency=EUR\" title=\"Maillot de bain fendu taille haute pour femmes, avec n\u0153ud de cravate imprim\u00e9, couleur unie\" target=\"_blank\" rel=\"noopener\"  data-wpil-monitor-id=\"127\">la natation et le pataugeage<\/a><br \/>\nCouleur : blanc, vert arm\u00e9e, vert fruit, noir, vert fonc\u00e9<\/p>\n<p><b>Informations sur la taille :<\/b><br \/>\nTaille : S\/M\/L\/XL<br \/>\n<img decoding=\"async\" style=\"max-width: 100%;\" src=\"https:\/\/cc-west-usa.oss-accelerate.aliyuncs.com\/69ce229e-6773-43d3-a4c3-6507ecabbc6b.jpg\" alt=\"\"><\/p>\n<p><b>\u00a0<\/b><\/p>\n<p><b>Remarque :<\/b><br \/>\n1. Les tailles asiatiques sont 1 \u00e0 2 tailles plus petites que les tailles europ\u00e9ennes et am\u00e9ricaines. Choisissez la taille la plus grande si votre taille se situe entre deux tailles. Veuillez tenir compte d'une diff\u00e9rence de 2 \u00e0 3 cm due aux mesures manuelles.<br \/>\n2. Si vous ne savez pas comment choisir votre taille, veuillez contacter notre service client\u00e8le.<br \/>\n3. comme vous le savez, les ordinateurs affichent les couleurs diff\u00e9remment, la couleur de l'article r\u00e9el peut varier l\u00e9g\u00e8rement par rapport aux images suivantes.<\/p>\n<p><b>Liste d'emballage :<\/b><\/p>\n<p>Haut+pantalon*1<\/p>\n<p><b>\u00a0<\/b><\/p>\n<p><b>Image du produit :<\/b><\/p>\n<p><img loading=\"lazy\" decoding=\"async\" class=\"alignnone\" style=\"max-width: 100%;\" src=\"https:\/\/cc-west-usa.oss-accelerate.aliyuncs.com\/7c2a0e8d-8298-4322-821e-d98395fc2422.jpg\" alt=\"Bikini \u00e0 nouettes Boxer\" width=\"1200\" height=\"1200\" \/><img loading=\"lazy\" decoding=\"async\" class=\"alignnone\" style=\"max-width: 100%;\" src=\"https:\/\/cc-west-usa.oss-accelerate.aliyuncs.com\/31685d21-5313-4869-be57-55bccb302d2b.jpg\" alt=\"Bikini \u00e0 nouettes Boxer\" width=\"1000\" height=\"1000\" \/><img decoding=\"async\" style=\"max-width: 100%;\" src=\"https:\/\/cc-west-usa.oss-accelerate.aliyuncs.com\/c5cf859a-cd76-45f7-ac9d-97b4dbfb55c9.jpg\" alt=\"\"><img decoding=\"async\" style=\"max-width: 100%;\" src=\"https:\/\/cc-west-usa.oss-accelerate.aliyuncs.com\/09d1d172-688c-4d57-866e-2df2900424dd.jpg\" alt=\"\"><img decoding=\"async\" style=\"max-width: 100%;\" src=\"https:\/\/cc-west-usa.oss-accelerate.aliyuncs.com\/1bacac89-bf5e-406e-b314-6875dedef010.jpg\" alt=\"\"><img decoding=\"async\" style=\"max-width: 100%;\" src=\"https:\/\/cc-west-usa.oss-accelerate.aliyuncs.com\/3d583d5a-1560-4ecd-830b-547591df0889.jpg\" alt=\"\"><b><\/b><\/p>\n<p><img decoding=\"async\" src=\"https:\/\/cbu01.alicdn.com\/img\/ibank\/O1CN01nMMEXR22mhlxt2KEL_!!2212843417163-0-cib.jpg\" alt=\"1 (5).jpg\" \/><\/p>\n<p><img decoding=\"async\" src=\"https:\/\/cbu01.alicdn.com\/img\/ibank\/O1CN01zIpz3y22mhlwozBrE_!!2212843417163-0-cib.jpg\" alt=\"1 (6).jpg\" \/><\/p>\n<p><img decoding=\"async\" src=\"https:\/\/cbu01.alicdn.com\/img\/ibank\/O1CN01Cilkyy22mhm2b5gvj_!!2212843417163-0-cib.jpg\" alt=\"\u4e00\u952e\u590d\u5236_20220503125456\" \/><b><br \/>\n<\/b><\/p>","protected":false},"excerpt":{"rendered":"<p>Le bikini \u00e0 imprim\u00e9 cravate Boxer offre un m\u00e9lange \u00e9l\u00e9gant de confort et d'\u00e9l\u00e9gance. Son design accrocheur garantit un look original, tandis que sa coupe ajust\u00e9e flatte toutes les morphologies. Parfait pour une escapade ensoleill\u00e9e !<\/p>","protected":false},"featured_media":2473,"comment_status":"open","ping_status":"closed","template":"","meta":[],"product_brand":[],"product_cat":[40],"product_tag":[],"class_list":{"0":"post-2479","1":"product","2":"type-product","3":"status-publish","4":"has-post-thumbnail","6":"product_cat-bikini","8":"first","9":"instock","10":"taxable","11":"shipping-taxable","12":"purchasable","13":"product-type-variable"},"_links":{"self":[{"href":"https:\/\/beacheden.com\/fr\/wp-json\/wp\/v2\/product\/2479","targetHints":{"allow":["GET"]}}],"collection":[{"href":"https:\/\/beacheden.com\/fr\/wp-json\/wp\/v2\/product"}],"about":[{"href":"https:\/\/beacheden.com\/fr\/wp-json\/wp\/v2\/types\/product"}],"replies":[{"embeddable":true,"href":"https:\/\/beacheden.com\/fr\/wp-json\/wp\/v2\/comments?post=2479"}],"wp:featuredmedia":[{"embeddable":true,"href":"https:\/\/beacheden.com\/fr\/wp-json\/wp\/v2\/media\/2473"}],"wp:attachment":[{"href":"https:\/\/beacheden.com\/fr\/wp-json\/wp\/v2\/media?parent=2479"}],"wp:term":[{"taxonomy":"product_brand","embeddable":true,"href":"https:\/\/beacheden.com\/fr\/wp-json\/wp\/v2\/product_brand?post=2479"},{"taxonomy":"product_cat","embeddable":true,"href":"https:\/\/beacheden.com\/fr\/wp-json\/wp\/v2\/product_cat?post=2479"},{"taxonomy":"product_tag","embeddable":true,"href":"https:\/\/beacheden.com\/fr\/wp-json\/wp\/v2\/product_tag?post=2479"}],"curies":[{"name":"wp","href":"https:\/\/api.w.org\/{rel}","templated":true}]}}