{"id":2410,"date":"2023-03-16T04:25:07","date_gmt":"2023-03-16T11:25:07","guid":{"rendered":"https:\/\/beacheden.com\/shop\/uncategorized\/three-piece-split-swimsuit-printed-ins-halter-lace-up-swimsuit\/"},"modified":"2026-03-27T22:48:47","modified_gmt":"2026-03-28T05:48:47","slug":"maillot-de-bain-trois-pieces-fendu-maillot-de-bain-imprime-dos-nu-maillot-de-bain-a-lacets","status":"publish","type":"product","link":"https:\/\/beacheden.com\/fr\/maillot-de-bain-trois-pieces-fendu-maillot-de-bain-imprime-dos-nu-maillot-de-bain-a-lacets\/","title":{"rendered":"Maillot de bain trois pi\u00e8ces fendu Maillot de bain imprim\u00e9 dos nu lac\u00e9"},"content":{"rendered":"<p><b>Informations sur le produit :<\/b><br \/>\nMotif : Floral<br \/>\nNom du tissu : polyester<br \/>\nSc\u00e9nario applicable : <a href=\"https:\/\/beacheden.com\/fr\/maillot-de-bain-trois-pieces-fendu-maillot-de-bain-imprime-dos-nu-maillot-de-bain-a-lacets\/?wmc-currency=EUR\" title=\"Maillot de bain trois pi\u00e8ces fendu Maillot de bain imprim\u00e9 dos nu lac\u00e9\" target=\"_blank\" rel=\"noopener\"  data-wpil-monitor-id=\"109\">la natation et le pataugeage<\/a> Sports<br \/>\nCouleur : couleur de l'image 1, couleur de l'image 2, couleur de l'image 3<br \/>\nTaille : S, M, L, XL<br \/>\nSexe applicable : F\u00e9minin<br \/>\n\u00c2ge applicable : Adulte<br \/>\nComposition de la doublure : Fibre de polyester (polyester)<br \/>\nTeneur en ingr\u00e9dients de la doublure : 18<br \/>\nComposition du tissu : Fibre de polyester (polyester)<br \/>\nStyle : costume trois pi\u00e8ces<br \/>\nStyle du mod\u00e8le : sexy, moulant, <a href=\"https:\/\/beacheden.com\/fr\/bikini-papillon\/?wmc-currency=EUR\" title=\"Maillot de bain Bikini Femme Style Europ\u00e9en et Am\u00e9ricain Sexy Maillot de bain Papillon\" target=\"_blank\" rel=\"noopener\"  data-wpil-monitor-id=\"136\">Europ\u00e9en et am\u00e9ricain<\/a><br \/>\nPlage d'erreur : 2cm<br \/>\nDoublure : Polyester<\/p>\n<p><b>Taille :<\/b><\/p>\n<p><img decoding=\"async\" src=\"https:\/\/cc-west-usa.oss-accelerate.aliyuncs.com\/3c58d0bc-ed5e-4afe-bcd2-7a858258ac07.png?x-oss-process=image\/quality,q_100\" alt=\"\"><\/p>\n<p><b>Remarque :<\/b><\/p>\n<p>1. Les tailles asiatiques sont 1 \u00e0 2 tailles plus petites que les tailles europ\u00e9ennes et am\u00e9ricaines. Choisissez la taille la plus grande si votre taille se situe entre deux tailles. Veuillez tenir compte d'une diff\u00e9rence de 2 \u00e0 3 cm due aux mesures manuelles. 2. Si vous ne savez pas comment choisir votre taille, veuillez contacter notre service client\u00e8le. 3) Comme vous le savez, les ordinateurs affichent les couleurs diff\u00e9remment, la couleur de l'article r\u00e9el peut varier l\u00e9g\u00e8rement par rapport aux images suivantes.<\/p>\n<p><b>Liste d'emballage : <\/b><\/p>\n<p>Maillot de bain pour femmes X1<\/p>\n<p><b>Image du produit :<\/b><\/p>\n<p><img decoding=\"async\" src=\"https:\/\/cc-west-usa.oss-accelerate.aliyuncs.com\/22c6743b-f764-4d8d-8679-7e593da0a617.jpg\" alt=\"\"><br \/>\n<img decoding=\"async\" src=\"https:\/\/cc-west-usa.oss-accelerate.aliyuncs.com\/d8d34dc7-5f7e-47a1-8cd4-fc8b1fa4ad4b.jpg\" alt=\"\"><br \/>\n<img decoding=\"async\" src=\"https:\/\/cc-west-usa.oss-accelerate.aliyuncs.com\/0be2cdf3-043a-43cf-b36c-854529097a41.jpg\" alt=\"\"><br \/>\n<img decoding=\"async\" src=\"https:\/\/cc-west-usa.oss-accelerate.aliyuncs.com\/97856f43-bed0-46f2-b164-9fe00b19c7eb.jpg\" alt=\"\"><br \/>\n<img decoding=\"async\" src=\"https:\/\/cc-west-usa.oss-accelerate.aliyuncs.com\/18ea8bee-c8dc-48e1-9dff-fc62def28d5b.jpg\" alt=\"\"><br \/>\n<img decoding=\"async\" src=\"https:\/\/cc-west-usa.oss-accelerate.aliyuncs.com\/47bcccf4-0a36-4e07-8f22-562ba6e50d5b.jpg\" alt=\"\"><\/p>","protected":false},"excerpt":{"rendered":"<p>Product information: Pattern: Floral Fabric name: Polyester Applicable scenario: swimming and wading Sports Color: Picture Color 1, image color 2, color as in picture 3 Size: S,M,L,XL Applicable Gender: Female Applicable age: Adult Lining composition: Polyester Fiber (polyester) Content of lining ingredients: 18 Fabric composition: Polyester Fiber (polyester) Style: three-piece suit Pattern style: sexy, tight, [&#8230;]\n","protected":false},"featured_media":2400,"comment_status":"open","ping_status":"closed","template":"","meta":[],"product_brand":[],"product_cat":[16],"product_tag":[],"class_list":{"0":"post-2410","1":"product","2":"type-product","3":"status-publish","4":"has-post-thumbnail","6":"product_cat-cover-ups","8":"first","9":"instock","10":"taxable","11":"shipping-taxable","12":"purchasable","13":"product-type-variable"},"_links":{"self":[{"href":"https:\/\/beacheden.com\/fr\/wp-json\/wp\/v2\/product\/2410","targetHints":{"allow":["GET"]}}],"collection":[{"href":"https:\/\/beacheden.com\/fr\/wp-json\/wp\/v2\/product"}],"about":[{"href":"https:\/\/beacheden.com\/fr\/wp-json\/wp\/v2\/types\/product"}],"replies":[{"embeddable":true,"href":"https:\/\/beacheden.com\/fr\/wp-json\/wp\/v2\/comments?post=2410"}],"wp:featuredmedia":[{"embeddable":true,"href":"https:\/\/beacheden.com\/fr\/wp-json\/wp\/v2\/media\/2400"}],"wp:attachment":[{"href":"https:\/\/beacheden.com\/fr\/wp-json\/wp\/v2\/media?parent=2410"}],"wp:term":[{"taxonomy":"product_brand","embeddable":true,"href":"https:\/\/beacheden.com\/fr\/wp-json\/wp\/v2\/product_brand?post=2410"},{"taxonomy":"product_cat","embeddable":true,"href":"https:\/\/beacheden.com\/fr\/wp-json\/wp\/v2\/product_cat?post=2410"},{"taxonomy":"product_tag","embeddable":true,"href":"https:\/\/beacheden.com\/fr\/wp-json\/wp\/v2\/product_tag?post=2410"}],"curies":[{"name":"wp","href":"https:\/\/api.w.org\/{rel}","templated":true}]}}