{"id":2243,"date":"2023-03-16T03:21:49","date_gmt":"2023-03-16T10:21:49","guid":{"rendered":"https:\/\/beacheden.com\/shop\/uncategorized\/chan-double-new-swimsuit-solid-color-bikini-ladies-swimsuit-european-and-american-swimwear-foreign-trade-beanies\/"},"modified":"2025-07-21T14:50:34","modified_gmt":"2025-07-21T21:50:34","slug":"bikini-fluo","status":"publish","type":"product","link":"https:\/\/beacheden.com\/fr\/bikini-fluo\/","title":{"rendered":"Chan Double New Swimsuit Solid Color Bikini Ladies Swimsuit European and American Swimwear Foreign Trade Beanies"},"content":{"rendered":"<p>Mettez le feu aux poudres avec notre bikini n\u00e9on, o\u00f9 l'audace se m\u00eale \u00e0 la beaut\u00e9. Con\u00e7u pour faire sensation, ce maillot de bain vibrant est l'indispensable de l'\u00e9t\u00e9. Les teintes n\u00e9on \u00e9lectrisantes sont associ\u00e9es \u00e0 un tissu luxueux \u00e0 s\u00e9chage rapide qui \u00e9pouse vos courbes pour une coupe impeccable.<\/p>\n<p>Que vous soyez <a title=\"Maillot de bain une pi\u00e8ce Amazon Positioning Print Sexy Bikini Swimsuit\" href=\"https:\/\/beacheden.com\/fr\/bikini-a-motifs\/?wmc-currency=EUR\" target=\"_blank\" rel=\"noopener\" data-wpil-monitor-id=\"38\">se pr\u00e9lasser au bord de la piscine<\/a> ou de prendre le soleil \u00e0 la plage, ce bikini garantit que tous les regards sont braqu\u00e9s sur vous. Gr\u00e2ce \u00e0 ses bretelles r\u00e9glables et \u00e0 sa coupe enveloppante, le confort s'allie \u00e0 la confiance dans chaque d\u00e9tail. \u00c9levez votre jeu de maillots de bain, car la vie est trop courte pour l'ordinaire !<\/p>\n<p><b>Informations sur le produit :<br \/>\n<\/b>\u00c2ge d'application : adulte<br \/>\nStyle de motif : couleur unie<br \/>\nAvec tra\u00een\u00e9e en acier : avec coussinet thoracique sans support en acier<br \/>\nNiveau de qualit\u00e9 : premi\u00e8re classe<br \/>\nNom du tissu : nylon<\/p>\n<p><b>Informations sur la taille :<br \/>\n<\/b><img decoding=\"async\" style=\"max-width: 100%;\" src=\"https:\/\/cc-west-usa.oss-accelerate.aliyuncs.com\/86cee67d-dcab-442a-b019-600cf039be32.png\" alt=\"\"><b><br \/>\nRemarque :<\/b><br \/>\n1. Les tailles asiatiques sont 1 \u00e0 2 tailles plus petites que les tailles europ\u00e9ennes et am\u00e9ricaines. Choisissez la taille la plus grande si votre taille se situe entre deux tailles. Veuillez tenir compte d'une diff\u00e9rence de 2 \u00e0 3 cm due aux mesures manuelles.<br \/>\n2. Si vous ne savez pas comment choisir votre taille, veuillez contacter notre service client\u00e8le.<br \/>\n3. comme vous le savez, les ordinateurs affichent les couleurs diff\u00e9remment, la couleur de l'article r\u00e9el peut varier l\u00e9g\u00e8rement par rapport aux images suivantes.<\/p>\n<p><b>Liste d'emballage :<br \/>\n<\/b>Bikini x1<\/p>\n<p><img decoding=\"async\" style=\"max-width: 100%;\" src=\"https:\/\/cc-west-usa.oss-accelerate.aliyuncs.com\/45128e4d-0914-4399-a6cc-c04d451227fe.jpg\" alt=\"\"><img decoding=\"async\" style=\"max-width: 100%;\" src=\"https:\/\/cc-west-usa.oss-accelerate.aliyuncs.com\/b88336b8-4e61-41b3-b487-bec0019cace8.jpg\" alt=\"\"><img decoding=\"async\" style=\"max-width: 100%;\" src=\"https:\/\/cc-west-usa.oss-accelerate.aliyuncs.com\/54991f67-033e-4d7b-99e2-88e3ec1eae4e.jpg\" alt=\"\"><img loading=\"lazy\" decoding=\"async\" class=\"alignnone\" style=\"max-width: 100%;\" src=\"https:\/\/cc-west-usa.oss-accelerate.aliyuncs.com\/0258bf44-87d3-4c6b-bad6-fbb8a1b7fb6d.jpg\" alt=\"Bikini n\u00e9on\" width=\"1340\" height=\"1785\" \/><img decoding=\"async\" style=\"max-width: 100%;\" src=\"https:\/\/cc-west-usa.oss-accelerate.aliyuncs.com\/68edbdbe-f122-40ad-b5ca-eba8ec8f86ab.jpg\" alt=\"\"><img decoding=\"async\" style=\"max-width: 100%;\" src=\"https:\/\/cc-west-usa.oss-accelerate.aliyuncs.com\/23c39ef9-040e-456d-b17e-4484c8ca3b68.jpg\" alt=\"\"><\/p>","protected":false},"excerpt":{"rendered":"<p>Bikini n\u00e9on con\u00e7u pour les journ\u00e9es de plage audacieuses. Illuminez votre style avec des teintes accrocheuses, un tissu de qualit\u00e9 sup\u00e9rieure et une coupe impeccable. Parfait pour l'\u00e9t\u00e9 !<\/p>","protected":false},"featured_media":2237,"comment_status":"open","ping_status":"closed","template":"","meta":[],"product_brand":[],"product_cat":[40],"product_tag":[],"class_list":{"0":"post-2243","1":"product","2":"type-product","3":"status-publish","4":"has-post-thumbnail","6":"product_cat-bikini","8":"first","9":"instock","10":"taxable","11":"shipping-taxable","12":"purchasable","13":"product-type-variable"},"_links":{"self":[{"href":"https:\/\/beacheden.com\/fr\/wp-json\/wp\/v2\/product\/2243","targetHints":{"allow":["GET"]}}],"collection":[{"href":"https:\/\/beacheden.com\/fr\/wp-json\/wp\/v2\/product"}],"about":[{"href":"https:\/\/beacheden.com\/fr\/wp-json\/wp\/v2\/types\/product"}],"replies":[{"embeddable":true,"href":"https:\/\/beacheden.com\/fr\/wp-json\/wp\/v2\/comments?post=2243"}],"wp:featuredmedia":[{"embeddable":true,"href":"https:\/\/beacheden.com\/fr\/wp-json\/wp\/v2\/media\/2237"}],"wp:attachment":[{"href":"https:\/\/beacheden.com\/fr\/wp-json\/wp\/v2\/media?parent=2243"}],"wp:term":[{"taxonomy":"product_brand","embeddable":true,"href":"https:\/\/beacheden.com\/fr\/wp-json\/wp\/v2\/product_brand?post=2243"},{"taxonomy":"product_cat","embeddable":true,"href":"https:\/\/beacheden.com\/fr\/wp-json\/wp\/v2\/product_cat?post=2243"},{"taxonomy":"product_tag","embeddable":true,"href":"https:\/\/beacheden.com\/fr\/wp-json\/wp\/v2\/product_tag?post=2243"}],"curies":[{"name":"wp","href":"https:\/\/api.w.org\/{rel}","templated":true}]}}