{"id":2121,"date":"2023-03-16T03:14:02","date_gmt":"2023-03-16T10:14:02","guid":{"rendered":"https:\/\/beacheden.com\/shop\/uncategorized\/european-and-american-bikini-split-swimsuit-women\/"},"modified":"2025-11-01T13:31:42","modified_gmt":"2025-11-01T20:31:42","slug":"vetements-de-plage-sexy-pour-femmes","status":"publish","type":"product","link":"https:\/\/beacheden.com\/fr\/vetements-de-plage-sexy-pour-femmes\/","title":{"rendered":"Maillot de bain fendu europ\u00e9en et am\u00e9ricain pour femmes"},"content":{"rendered":"<p>V\u00eatements de plage sexy pour femmes qui allient style, confort et confiance. Con\u00e7ue pour flatter toutes les morphologies, notre collection pr\u00e9sente des coupes audacieuses, des motifs \u00e9clatants et des tissus de qualit\u00e9 sup\u00e9rieure qui sont aussi agr\u00e9ables \u00e0 porter qu'\u00e0 regarder.<\/p>\n<p>Que vous vous pr\u00e9lassiez au bord de la mer ou que vous sirotiez des cocktails au bord de la piscine, ces pi\u00e8ces sont parfaites pour faire tourner les t\u00eates tout en vous gardant au frais et \u00e0 l'aise. \u00c9levez votre <a href=\"https:\/\/beacheden.com\/fr\/bikini-noir\/?wmc-currency=EUR\" title=\"Bikini d&#039;\u00e9t\u00e9 pour femmes Sexy Halter Sheer Mesh Beach Swimsuit Commerce ext\u00e9rieur\" target=\"_blank\" rel=\"noopener\"  data-wpil-monitor-id=\"150\">garde-robe d'\u00e9t\u00e9 avec v\u00eatements de plage<\/a> qui c\u00e9l\u00e8bre votre beaut\u00e9 unique - parce que vous m\u00e9ritez de briller sous le soleil !<\/p>\n<p><b>Informations sur le produit :<br \/>\n<\/b>S'il s'agit d'une remorque en acier : avec coussin thoracique et sans support en acier.<br \/>\nComposition du tissu : fibre de polyester (polyester)<br \/>\nContenu du tissu : 82(%)<br \/>\nSc\u00e8ne applicable : <a href=\"https:\/\/beacheden.com\/fr\/bikinis-dete\/?wmc-currency=EUR\" title=\"Maillot de bain Bikini Push Up pour femmes, couleur unie et fendue, en nylon avec anneaux en acier\" target=\"_blank\" rel=\"noopener\"  data-wpil-monitor-id=\"195\">la natation et le pataugeage<\/a><br \/>\nCouleur : argent<\/p>\n<p><b>Informations sur la taille :<br \/>\n<\/b>Taille : S, M, L, XL<br \/>\n<img decoding=\"async\" style=\"max-width: 100%;\" src=\"https:\/\/cc-west-usa.oss-accelerate.aliyuncs.com\/0d0d7f93-f85e-4d68-8228-e608a6a0b4d7.png\" alt=\"\"><\/p>\n<p><b>Remarque :<br \/>\n<\/b>1. Les tailles asiatiques sont 1 \u00e0 2 tailles plus petites que les tailles europ\u00e9ennes et am\u00e9ricaines. Choisissez la taille la plus grande si votre taille se situe entre deux tailles. Veuillez tenir compte d'une diff\u00e9rence de 2 \u00e0 3 cm due aux mesures manuelles.<br \/>\n2. Si vous ne savez pas comment choisir votre taille, veuillez contacter notre service client\u00e8le.<br \/>\n3. comme vous le savez, les ordinateurs affichent les couleurs diff\u00e9remment, la couleur de l'article r\u00e9el peut varier l\u00e9g\u00e8rement par rapport aux images suivantes.<\/p>\n<p><b>Liste d'emballage :<br \/>\n<\/b><\/p>\n<p>Soutien-gorge*1 Culotte*1<\/p>\n<p>&nbsp;<\/p>\n<p><img decoding=\"async\" style=\"max-width: 100%;\" src=\"https:\/\/cc-west-usa.oss-accelerate.aliyuncs.com\/0f6cd8a4-a33b-4014-b76a-4fb2ab1e011b.jpg\" alt=\"\"><img decoding=\"async\" style=\"max-width: 100%;\" src=\"https:\/\/cc-west-usa.oss-accelerate.aliyuncs.com\/6bd264c5-b6e5-482f-be60-214ca8b0ad6d.jpg\" alt=\"\"><img loading=\"lazy\" decoding=\"async\" class=\"alignnone\" style=\"max-width: 100%;\" src=\"https:\/\/cc-west-usa.oss-accelerate.aliyuncs.com\/eaa0b8dc-b815-48ba-955b-441794ca58ab.jpg\" alt=\"V\u00eatements de plage sexy pour femmes\" width=\"1200\" height=\"1200\" \/><img decoding=\"async\" style=\"max-width: 100%;\" src=\"https:\/\/cc-west-usa.oss-accelerate.aliyuncs.com\/8732e64f-1659-4409-a262-45e97c7f9abb.jpg\" alt=\"\"><img loading=\"lazy\" decoding=\"async\" class=\"alignnone\" style=\"max-width: 100%;\" src=\"https:\/\/cc-west-usa.oss-accelerate.aliyuncs.com\/d78f824f-13c7-460c-8105-e248dbfd3562.jpg\" alt=\"V\u00eatements de plage sexy pour femmes\" width=\"1200\" height=\"1200\" \/><\/p>","protected":false},"excerpt":{"rendered":"<p>V\u00eatements de plage sexy pour femmes, con\u00e7us pour que vous vous sentiez s\u00fbre de vous et rayonnante. D\u00e9couvrez des styles chics, des couleurs vibrantes et des coupes haut de gamme parfaites pour toute journ\u00e9e de plage ou d'\u00e9vasion. Embrassez l'\u00e9l\u00e9gance d\u00e8s maintenant !<\/p>","protected":false},"featured_media":2116,"comment_status":"open","ping_status":"closed","template":"","meta":[],"product_brand":[],"product_cat":[40],"product_tag":[],"class_list":{"0":"post-2121","1":"product","2":"type-product","3":"status-publish","4":"has-post-thumbnail","6":"product_cat-bikini","8":"first","9":"instock","10":"taxable","11":"shipping-taxable","12":"purchasable","13":"product-type-variable"},"_links":{"self":[{"href":"https:\/\/beacheden.com\/fr\/wp-json\/wp\/v2\/product\/2121","targetHints":{"allow":["GET"]}}],"collection":[{"href":"https:\/\/beacheden.com\/fr\/wp-json\/wp\/v2\/product"}],"about":[{"href":"https:\/\/beacheden.com\/fr\/wp-json\/wp\/v2\/types\/product"}],"replies":[{"embeddable":true,"href":"https:\/\/beacheden.com\/fr\/wp-json\/wp\/v2\/comments?post=2121"}],"wp:featuredmedia":[{"embeddable":true,"href":"https:\/\/beacheden.com\/fr\/wp-json\/wp\/v2\/media\/2116"}],"wp:attachment":[{"href":"https:\/\/beacheden.com\/fr\/wp-json\/wp\/v2\/media?parent=2121"}],"wp:term":[{"taxonomy":"product_brand","embeddable":true,"href":"https:\/\/beacheden.com\/fr\/wp-json\/wp\/v2\/product_brand?post=2121"},{"taxonomy":"product_cat","embeddable":true,"href":"https:\/\/beacheden.com\/fr\/wp-json\/wp\/v2\/product_cat?post=2121"},{"taxonomy":"product_tag","embeddable":true,"href":"https:\/\/beacheden.com\/fr\/wp-json\/wp\/v2\/product_tag?post=2121"}],"curies":[{"name":"wp","href":"https:\/\/api.w.org\/{rel}","templated":true}]}}