{"id":2107,"date":"2023-03-16T03:13:11","date_gmt":"2023-03-16T10:13:11","guid":{"rendered":"https:\/\/beacheden.com\/shop\/uncategorized\/womens-ethnic-print-one-piece-swimsuit\/"},"modified":"2025-05-22T00:42:47","modified_gmt":"2025-05-22T07:42:47","slug":"maillot-de-bain-imprime-ethnique","status":"publish","type":"product","link":"https:\/\/beacheden.com\/fr\/maillot-de-bain-imprime-ethnique\/","title":{"rendered":"Maillot de bain une pi\u00e8ce \u00e0 imprim\u00e9 ethnique pour femmes"},"content":{"rendered":"<p>Faites des vagues cette saison avec nos superbes <strong>Maillot de bain imprim\u00e9 ethnique <\/strong>Ce maillot de bain a \u00e9t\u00e9 con\u00e7u pour allier l'art culturel intemporel \u00e0 la mode moderne des v\u00eatements de plage. Ce maillot de bain accrocheur pr\u00e9sente des motifs complexes et vibrants qui c\u00e9l\u00e8brent l'h\u00e9ritage tout en offrant une silhouette \u00e9l\u00e9gante et flatteuse pour toutes les morphologies.<\/p>\n<p>Fabriqu\u00e9 dans un tissu de qualit\u00e9 sup\u00e9rieure \u00e0 s\u00e9chage rapide, il assure un confort et une durabilit\u00e9 ultimes, que vous vous pr\u00e9lassiez au bord de la piscine ou que vous preniez le soleil \u00e0 la plage. Avec ses <a href=\"https:\/\/beacheden.com\/fr\/maillot-de-bain-une-piece-patchwork\/?wmc-currency=EUR\" title=\"Maillot de bain une pi\u00e8ce Maillot de bain patchwork Bikini\" target=\"_blank\" rel=\"noopener\"  data-wpil-monitor-id=\"30\">bretelles r\u00e9glables et maintien<\/a>Ce maillot de bain est aussi pratique qu'\u00e9l\u00e9gant. Am\u00e9liorez votre jeu de maillots de bain et exprimez votre personnalit\u00e9 unique, car se d\u00e9marquer n'a jamais \u00e9t\u00e9 aussi agr\u00e9able !<\/p>\n<p><b>Informations sur le produit :<\/b><\/p>\n<p>Nom du tissu : polyester<br \/>\nComposition du tissu : spandex<br \/>\nComposition du tissu : 86 (%)<br \/>\nPoids : 200 (g)<br \/>\nDoublure : polyester<br \/>\nComposition de la doublure : spandex<br \/>\nContenu de la doublure : 86 (%)<br \/>\nSc\u00e8ne d'application : fitness, <a href=\"https:\/\/beacheden.com\/fr\/bikini-imprime-africain\/?wmc-currency=EUR\" title=\"New Style Swimsuit Ladies Multi-strap Lace Ethnic Print Half-sleeve Sexy Split Bikini\" target=\"_blank\" rel=\"noopener\"  data-wpil-monitor-id=\"160\">la natation et le pataugeage<\/a><br \/>\nCouleur : noir<\/p>\n<p><b>Informations sur la taille :<\/b><br \/>\nTaille : S\/M\/L\/XL<\/p>\n<p><img decoding=\"async\" style=\"max-width: 100%;\" src=\"https:\/\/cc-west-usa.oss-accelerate.aliyuncs.com\/e5b9f8ca-838b-4769-aaa8-2be8a1e1afef.png\" alt=\"\"><\/p>\n<p><b style=\"font-size: 1em;\"><br \/>\nRemarque :<\/b><b><br \/>\n<\/b><\/p>\n<p>1. Les tailles asiatiques sont 1 \u00e0 2 tailles plus petites que les tailles europ\u00e9ennes et am\u00e9ricaines. Choisissez la taille la plus grande si votre taille se situe entre deux tailles. Veuillez tenir compte d'une diff\u00e9rence de 2 \u00e0 3 cm due aux mesures manuelles.<br \/>\n2. Si vous ne savez pas comment choisir votre taille, veuillez contacter notre service client\u00e8le.<br \/>\n3. comme vous le savez, les ordinateurs affichent les couleurs diff\u00e9remment, la couleur de l'article r\u00e9el peut varier l\u00e9g\u00e8rement par rapport aux images suivantes.<\/p>\n<p><b>Liste d'emballage :<\/b><\/p>\n<p>Bikini*1<\/p>\n<p>&nbsp;<\/p>\n<p><b>Image du produit :<\/b><\/p>\n<p><img decoding=\"async\" style=\"max-width: 100%;\" src=\"https:\/\/cc-west-usa.oss-accelerate.aliyuncs.com\/3fd736bb-87c5-4d96-9d9a-ba6ca5e4bb36.jpg\" alt=\"\"><img decoding=\"async\" style=\"max-width: 100%;\" src=\"https:\/\/cc-west-usa.oss-accelerate.aliyuncs.com\/d3d8003d-97a4-4a68-ad99-f8ba60983e88.jpg\" alt=\"\"><img decoding=\"async\" style=\"max-width: 100%;\" src=\"https:\/\/cc-west-usa.oss-accelerate.aliyuncs.com\/8309160d-0ca4-47b3-a437-71bc78e98673.jpg\" alt=\"\"><img decoding=\"async\" style=\"max-width: 100%;\" src=\"https:\/\/cc-west-usa.oss-accelerate.aliyuncs.com\/20ced0a2-d573-4121-81c7-4fb81bc3b532.jpg\" alt=\"\"><img loading=\"lazy\" decoding=\"async\" class=\"alignnone\" style=\"max-width: 100%;\" src=\"https:\/\/cc-west-usa.oss-accelerate.aliyuncs.com\/ae243d00-530e-49c1-95dc-cd492b195911.jpg\" alt=\"maillot de bain imprim\u00e9 ethnique\" width=\"750\" height=\"750\" \/><img decoding=\"async\" style=\"max-width: 100%;\" src=\"https:\/\/cc-west-usa.oss-accelerate.aliyuncs.com\/08b40af3-6dbe-477c-b0a5-5eefabec854e.jpg\" alt=\"\"><\/p>","protected":false},"excerpt":{"rendered":"<p>Maillot de bain \u00e0 imprim\u00e9 ethnique avec des motifs audacieux et une coupe flatteuse. C\u00e9l\u00e9brez la culture et <a href=\"https:\/\/beacheden.com\/fr\/bikini-metallique\/?wmc-currency=EUR\" title=\"Les maillots de bain sont plus \u00e0 la mode que les kinis Le style fendu des femmes\" target=\"_blank\" rel=\"noopener\"  data-wpil-monitor-id=\"29\">avec ces v\u00eatements de plage incontournables<\/a> pi\u00e8ce. Parfait pour les personnes s\u00fbres d'elles, \u00e0 l'aff\u00fbt des tendances et aimant les designs uniques.<\/p>","protected":false},"featured_media":2100,"comment_status":"open","ping_status":"closed","template":"","meta":[],"product_brand":[],"product_cat":[37,39],"product_tag":[],"class_list":{"0":"post-2107","1":"product","2":"type-product","3":"status-publish","4":"has-post-thumbnail","6":"product_cat-sale","7":"product_cat-swimsuit","9":"first","10":"instock","11":"sale","12":"taxable","13":"shipping-taxable","14":"purchasable","15":"product-type-variable"},"_links":{"self":[{"href":"https:\/\/beacheden.com\/fr\/wp-json\/wp\/v2\/product\/2107","targetHints":{"allow":["GET"]}}],"collection":[{"href":"https:\/\/beacheden.com\/fr\/wp-json\/wp\/v2\/product"}],"about":[{"href":"https:\/\/beacheden.com\/fr\/wp-json\/wp\/v2\/types\/product"}],"replies":[{"embeddable":true,"href":"https:\/\/beacheden.com\/fr\/wp-json\/wp\/v2\/comments?post=2107"}],"wp:featuredmedia":[{"embeddable":true,"href":"https:\/\/beacheden.com\/fr\/wp-json\/wp\/v2\/media\/2100"}],"wp:attachment":[{"href":"https:\/\/beacheden.com\/fr\/wp-json\/wp\/v2\/media?parent=2107"}],"wp:term":[{"taxonomy":"product_brand","embeddable":true,"href":"https:\/\/beacheden.com\/fr\/wp-json\/wp\/v2\/product_brand?post=2107"},{"taxonomy":"product_cat","embeddable":true,"href":"https:\/\/beacheden.com\/fr\/wp-json\/wp\/v2\/product_cat?post=2107"},{"taxonomy":"product_tag","embeddable":true,"href":"https:\/\/beacheden.com\/fr\/wp-json\/wp\/v2\/product_tag?post=2107"}],"curies":[{"name":"wp","href":"https:\/\/api.w.org\/{rel}","templated":true}]}}