{"id":2051,"date":"2023-03-16T03:08:57","date_gmt":"2023-03-16T10:08:57","guid":{"rendered":"https:\/\/beacheden.com\/shop\/uncategorized\/womens-high-end-diamond-nightclub-swimsuit-bikini\/"},"modified":"2025-05-05T19:33:55","modified_gmt":"2025-05-06T02:33:55","slug":"bikini-diamant-glamour","status":"publish","type":"product","link":"https:\/\/beacheden.com\/fr\/bikini-diamant-glamour\/","title":{"rendered":"Maillot de bain bo\u00eete de nuit haut de gamme \u00e0 diamants pour femmes Bikini"},"content":{"rendered":"<p>Les <strong>Bikini diamant glamour <\/strong> est la pi\u00e8ce de choix pour une \u00e9l\u00e9gance sans effort et une allure ind\u00e9niable. Orn\u00e9 de cristaux \u00e9blouissants, ce bikini luxueux capte la lumi\u00e8re sous tous les angles et vous fait briller comme jamais auparavant. Sa coupe flatteuse sculpte votre silhouette tout en offrant un confort in\u00e9gal\u00e9, ce qui le rend parfait pour les journ\u00e9es \u00e0 la plage ou pour se pr\u00e9lasser au bord de la piscine.<\/p>\n<p>Fabriqu\u00e9 \u00e0 partir de mat\u00e9riaux de premi\u00e8re qualit\u00e9 et durables, ce bikini allie harmonieusement style, qualit\u00e9 et fonctionnalit\u00e9. Que vous vous pr\u00e9lassiez au soleil ou que vous sirotiez des cocktails au bord de l'eau, le bikini Glamorous Diamond vous permet d'\u00eatre confiante et glamour sans effort. Offrez-vous le luxe, car vous m\u00e9ritez de briller !<\/p>\n<p><b>D\u00e9tails du produit :<\/b><br \/>\nSexe applicable : f\u00e9minin<br \/>\nNom du tissu : Nylon<br \/>\nTeneur en composants du tissu : 100 (%)<br \/>\nCouleur : rose, noir, vert<\/p>\n<p><b>Informations sur la taille :<\/b><br \/>\nTaille : S, M, L<\/p>\n<p><img decoding=\"async\" style=\"max-width: 100%;\" src=\"https:\/\/cc-west-usa.oss-accelerate.aliyuncs.com\/96f478fe-4a5c-4e5d-a1ec-dbfff14599e6.png\" alt=\"\"><\/p>\n<p><b>La pr\u00e9vention :<\/b><br \/>\n1. Les tailles asiatiques sont 1 \u00e0 2 tailles plus petites que les tailles europ\u00e9ennes et am\u00e9ricaines. Si votre taille se situe entre les deux, veuillez choisir la taille la plus grande. En raison des mesures manuelles, il y a une diff\u00e9rence de 2 \u00e0 3 cm.<br \/>\n2. Si vous ne savez pas comment choisir la taille, veuillez v\u00e9rifier soigneusement le tableau des tailles avant d'acheter l'article, ou contactez notre service client\u00e8le.<br \/>\n3. Comme vous le savez, les ordinateurs affichent les couleurs de diff\u00e9rentes mani\u00e8res, la couleur de l'article r\u00e9el peut \u00eatre l\u00e9g\u00e8rement diff\u00e9rente de l'image ci-dessous.<br \/>\n<b><br \/>\nContenu du paquet :<\/b><br \/>\nCombinaison X1<\/p>\n<p><img loading=\"lazy\" decoding=\"async\" class=\"alignnone\" style=\"max-width: 100%;\" src=\"https:\/\/cc-west-usa.oss-accelerate.aliyuncs.com\/82b86dd2-88d5-45be-af34-8168f5324788.jpg\" alt=\"Bikini diamant glamour\" width=\"800\" height=\"800\" \/><img decoding=\"async\" style=\"max-width: 100%;\" src=\"https:\/\/cc-west-usa.oss-accelerate.aliyuncs.com\/0993651f-2800-4bc4-8c41-c8ed49f9d2fc.jpg\" alt=\"\"><img decoding=\"async\" style=\"max-width: 100%;\" src=\"https:\/\/cc-west-usa.oss-accelerate.aliyuncs.com\/b6bca956-f6b1-40f7-a051-e5396453277b.jpg\" alt=\"\"><img decoding=\"async\" style=\"max-width: 100%;\" src=\"https:\/\/cc-west-usa.oss-accelerate.aliyuncs.com\/7fadcce5-49e8-4b19-8a64-21d0d74e78b4.jpg\" alt=\"\"><img decoding=\"async\" style=\"max-width: 100%;\" src=\"https:\/\/cc-west-usa.oss-accelerate.aliyuncs.com\/269d3020-d64e-4e49-8f08-5aace8fc326c.jpg\" alt=\"\"><img decoding=\"async\" style=\"max-width: 100%;\" src=\"https:\/\/cc-west-usa.oss-accelerate.aliyuncs.com\/b4e97c98-d7fc-476f-ae78-ee25b5541557.jpg\" alt=\"\"><\/p>","protected":false},"excerpt":{"rendered":"<p>Le bikini Glamorous Diamond est con\u00e7u pour celles qui aiment briller. Cette pi\u00e8ce accrocheuse allie \u00e9l\u00e9gance, \u00e9clat et coupe parfaite, vous permettant de vous d\u00e9marquer sans effort sous le soleil ou au bord de la piscine.<\/p>","protected":false},"featured_media":2045,"comment_status":"open","ping_status":"closed","template":"","meta":[],"product_brand":[],"product_cat":[37,39],"product_tag":[],"class_list":{"0":"post-2051","1":"product","2":"type-product","3":"status-publish","4":"has-post-thumbnail","6":"product_cat-sale","7":"product_cat-swimsuit","9":"first","10":"instock","11":"sale","12":"taxable","13":"shipping-taxable","14":"purchasable","15":"product-type-variable"},"_links":{"self":[{"href":"https:\/\/beacheden.com\/fr\/wp-json\/wp\/v2\/product\/2051","targetHints":{"allow":["GET"]}}],"collection":[{"href":"https:\/\/beacheden.com\/fr\/wp-json\/wp\/v2\/product"}],"about":[{"href":"https:\/\/beacheden.com\/fr\/wp-json\/wp\/v2\/types\/product"}],"replies":[{"embeddable":true,"href":"https:\/\/beacheden.com\/fr\/wp-json\/wp\/v2\/comments?post=2051"}],"wp:featuredmedia":[{"embeddable":true,"href":"https:\/\/beacheden.com\/fr\/wp-json\/wp\/v2\/media\/2045"}],"wp:attachment":[{"href":"https:\/\/beacheden.com\/fr\/wp-json\/wp\/v2\/media?parent=2051"}],"wp:term":[{"taxonomy":"product_brand","embeddable":true,"href":"https:\/\/beacheden.com\/fr\/wp-json\/wp\/v2\/product_brand?post=2051"},{"taxonomy":"product_cat","embeddable":true,"href":"https:\/\/beacheden.com\/fr\/wp-json\/wp\/v2\/product_cat?post=2051"},{"taxonomy":"product_tag","embeddable":true,"href":"https:\/\/beacheden.com\/fr\/wp-json\/wp\/v2\/product_tag?post=2051"}],"curies":[{"name":"wp","href":"https:\/\/api.w.org\/{rel}","templated":true}]}}