{"id":1970,"date":"2023-03-16T03:04:25","date_gmt":"2023-03-16T10:04:25","guid":{"rendered":"https:\/\/beacheden.com\/shop\/uncategorized\/print-zipper-long-sleeve-one-piece-swimsuit\/"},"modified":"2025-11-01T13:29:35","modified_gmt":"2025-11-01T20:29:35","slug":"maillot-de-bain-une-piece-a-fermeture-eclair","status":"publish","type":"product","link":"https:\/\/beacheden.com\/fr\/maillot-de-bain-une-piece-a-fermeture-eclair\/","title":{"rendered":"Maillot de bain une pi\u00e8ce \u00e0 manches longues avec fermeture \u00e0 glissi\u00e8re imprim\u00e9"},"content":{"rendered":"<p>Le maillot de bain une pi\u00e8ce \u00e0 fermeture \u00e9clair est votre choix id\u00e9al pour le style, le confort et l'assurance au bord de l'eau. Dot\u00e9 d'une fermeture \u00e9clair \u00e9l\u00e9gante, ce maillot de bain offre un ajustement s\u00fbr tout en accentuant vos courbes pour une silhouette flatteuse.<\/p>\n<p>Fabriqu\u00e9 dans un tissu de qualit\u00e9 sup\u00e9rieure \u00e0 s\u00e9chage rapide, il assure un confort tout au long de la journ\u00e9e, que vous vous pr\u00e9lassiez au bord de la piscine ou que vous plongiez dans les vagues. Son design moderne allie fonctionnalit\u00e9 et mode, ce qui le rend parfait pour toute aventure \u00e0 la plage ou \u00e0 la piscine. \u00c9levez votre <a href=\"https:\/\/beacheden.com\/fr\/maillot-de-bain-une-piece-push-up\/?wmc-currency=EUR\" title=\"Maillot de bain une pi\u00e8ce pour dames, imprim\u00e9 push up\" target=\"_blank\" rel=\"noopener\"  data-wpil-monitor-id=\"14\">jeu de maillots de bain avec une pi\u00e8ce<\/a> qui est aussi audacieux et unique que vous l'\u00eates !<\/p>\n<p><b>Vue d'ensemble :<\/b><br \/>\nLe soutien-gorge \u00e0 rembourrage amovible offre un excellent soutien et met en valeur votre silhouette, vous rapprochant ainsi de votre corps.<br \/>\nFabriqu\u00e9 en tissu doux et extensible de haute qualit\u00e9 \u00e0 s\u00e9chage rapide, pro-skin, \u00e9lastique et durable, il est facile \u00e0 porter et tr\u00e8s confortable.<br \/>\nAdorable <a href=\"https:\/\/beacheden.com\/fr\/maillot-de-bain-conservateur\/?wmc-currency=EUR\" title=\"New Bikini Conservative Skinny Sunscreen One Piece Swimsuit\" target=\"_blank\" rel=\"noopener\"  data-wpil-monitor-id=\"168\">Maillots de bain pour femmes<\/a>, Les couleurs vives et le style modeste sont parfaits pour la plage, les piscines, les croisi\u00e8res, le soleil, d'autres occasions ou tout autre endroit o\u00f9 vous le souhaitez.<\/p>\n<p>Note<br \/>\n1. Les tailles asiatiques sont 1 \u00e0 2 tailles plus petites que les tailles europ\u00e9ennes et am\u00e9ricaines. Choisissez la taille la plus grande si votre taille se situe entre deux tailles. Veuillez tenir compte d'une diff\u00e9rence de 2 \u00e0 3 cm due aux mesures manuelles.<br \/>\n2. Veuillez consulter attentivement le tableau des tailles avant d'acheter l'article. Si vous ne savez pas comment choisir votre taille, veuillez contacter notre service client\u00e8le.<br \/>\n3) Comme vous le savez, les ordinateurs affichent les couleurs diff\u00e9remment, la couleur de l'article r\u00e9el peut varier l\u00e9g\u00e8rement par rapport aux images suivantes.<\/p>\n<p><b>Sp\u00e9cifications :<\/b><br \/>\nStyle : Maillot de bain une pi\u00e8ce<br \/>\nSexe applicable : f\u00e9minin<br \/>\n\u00c2ge d'application : adulte<br \/>\nStyle du motif : grande \u00e9lasticit\u00e9, europ\u00e9en et am\u00e9ricain, conservateur<br \/>\nMod\u00e8le : Impression<br \/>\nNom du tissu : polyester<br \/>\nSc\u00e8nes applicables : fitness, beaut\u00e9, tendances sportives, <a href=\"https:\/\/beacheden.com\/fr\/maillot-de-bain-une-piece-taille-plus-2\/?wmc-currency=EUR\" title=\"Maillot de bain une pi\u00e8ce imprim\u00e9 pour femmes de taille sup\u00e9rieure\" target=\"_blank\" rel=\"noopener\"  data-wpil-monitor-id=\"140\">la natation et le pataugeage<\/a> sports<br \/>\nLongueur des manches : manches longues<br \/>\nTaille : S, M, L, XL, XXL<br \/>\n<b><br \/>\n<\/b><\/p>\n<p><b>Contenu de l'emballage :<\/b><br \/>\n1 * Maillot de bain<\/p>\n<p><img decoding=\"async\" style=\"max-width: 100%;\" src=\"https:\/\/cc-west-usa.oss-accelerate.aliyuncs.com\/1613638100587.jpg\" alt=\"\"><\/p>\n<p>&nbsp;<\/p>\n<p><img loading=\"lazy\" decoding=\"async\" class=\"alignnone\" style=\"max-width: 100%;\" src=\"https:\/\/cc-west-usa.oss-accelerate.aliyuncs.com\/1613638142693.jpg\" alt=\"Maillot de bain une pi\u00e8ce \u00e0 fermeture \u00e9clair\" width=\"1000\" height=\"1000\" \/><img decoding=\"async\" style=\"max-width: 100%;\" src=\"https:\/\/cc-west-usa.oss-accelerate.aliyuncs.com\/1613638142739.jpg\" alt=\"\"><img decoding=\"async\" style=\"max-width: 100%;\" src=\"https:\/\/cc-west-usa.oss-accelerate.aliyuncs.com\/1613638142716.jpg\" alt=\"\"><img decoding=\"async\" style=\"max-width: 100%;\" src=\"https:\/\/cc-west-usa.oss-accelerate.aliyuncs.com\/1613638142745.jpg\" alt=\"\"><img decoding=\"async\" style=\"max-width: 100%;\" src=\"https:\/\/cc-west-usa.oss-accelerate.aliyuncs.com\/1613638142738.jpg\" alt=\"\"><img decoding=\"async\" style=\"max-width: 100%;\" src=\"https:\/\/cc-west-usa.oss-accelerate.aliyuncs.com\/1613638142727.jpg\" alt=\"\"><\/p>","protected":false},"excerpt":{"rendered":"<p>Le maillot de bain une pi\u00e8ce \u00e0 fermeture \u00e9clair offre un design \u00e9l\u00e9gant, une coupe s\u00fbre et un confort tout au long de la journ\u00e9e. Parfait pour les journ\u00e9es \u00e0 la plage ou pour se pr\u00e9lasser \u00e0 la piscine, il allie fonctionnalit\u00e9 et chic.<\/p>","protected":false},"featured_media":1965,"comment_status":"open","ping_status":"closed","template":"","meta":[],"product_brand":[],"product_cat":[37,39],"product_tag":[],"class_list":{"0":"post-1970","1":"product","2":"type-product","3":"status-publish","4":"has-post-thumbnail","6":"product_cat-sale","7":"product_cat-swimsuit","9":"first","10":"instock","11":"sale","12":"taxable","13":"shipping-taxable","14":"purchasable","15":"product-type-variable"},"_links":{"self":[{"href":"https:\/\/beacheden.com\/fr\/wp-json\/wp\/v2\/product\/1970","targetHints":{"allow":["GET"]}}],"collection":[{"href":"https:\/\/beacheden.com\/fr\/wp-json\/wp\/v2\/product"}],"about":[{"href":"https:\/\/beacheden.com\/fr\/wp-json\/wp\/v2\/types\/product"}],"replies":[{"embeddable":true,"href":"https:\/\/beacheden.com\/fr\/wp-json\/wp\/v2\/comments?post=1970"}],"wp:featuredmedia":[{"embeddable":true,"href":"https:\/\/beacheden.com\/fr\/wp-json\/wp\/v2\/media\/1965"}],"wp:attachment":[{"href":"https:\/\/beacheden.com\/fr\/wp-json\/wp\/v2\/media?parent=1970"}],"wp:term":[{"taxonomy":"product_brand","embeddable":true,"href":"https:\/\/beacheden.com\/fr\/wp-json\/wp\/v2\/product_brand?post=1970"},{"taxonomy":"product_cat","embeddable":true,"href":"https:\/\/beacheden.com\/fr\/wp-json\/wp\/v2\/product_cat?post=1970"},{"taxonomy":"product_tag","embeddable":true,"href":"https:\/\/beacheden.com\/fr\/wp-json\/wp\/v2\/product_tag?post=1970"}],"curies":[{"name":"wp","href":"https:\/\/api.w.org\/{rel}","templated":true}]}}