{"id":1916,"date":"2023-03-16T03:02:47","date_gmt":"2023-03-16T10:02:47","guid":{"rendered":"https:\/\/beacheden.com\/shop\/uncategorized\/cross-border-hot-style-chain-bikini-sexy-plain-split-swimsuit-european-and-american-new-style-hot-selling-pin-buckle-swimwear-76322\/"},"modified":"2025-11-02T11:55:35","modified_gmt":"2025-11-02T19:55:35","slug":"bikini-a-chaines-2","status":"publish","type":"product","link":"https:\/\/beacheden.com\/fr\/bikini-a-chaines-2\/","title":{"rendered":"Cross-Border Hot Style Chain Bikini Sexy Plain Split Swimsuit European and American New Style Hot-Selling Pin Buckle Swimwear 76322"},"content":{"rendered":"<p>Les <strong>Bikini avec cha\u00eenes <\/strong> est votre nouvelle r\u00e9f\u00e9rence pour vous d\u00e9marquer cette saison. Con\u00e7ue dans un esprit d'audace, cette pi\u00e8ce accrocheuse est orn\u00e9e de cha\u00eenes complexes qui ajoutent une touche de sophistication \u00e0 vos tenues de plage.<\/p>\n<p>Fabriqu\u00e9 \u00e0 partir de mat\u00e9riaux durables de premi\u00e8re qualit\u00e9, il garantit un ajustement parfait tout en assurant un confort tout au long de la journ\u00e9e. Les bretelles r\u00e9glables et les cha\u00eenes strat\u00e9giquement plac\u00e9es cr\u00e9ent une silhouette personnalisable, qui vous permet d'adopter un style unique. Que vous soyez <a href=\"https:\/\/beacheden.com\/fr\/bikini-a-imprime-geometrique\/?wmc-currency=EUR\" title=\"Maillot de bain imprim\u00e9 bikini num\u00e9rique sexy trois pi\u00e8ces\" target=\"_blank\" rel=\"noopener\"  data-wpil-monitor-id=\"228\">se pr\u00e9lasser au bord de la piscine<\/a> ou pour prendre le soleil \u00e0 la plage, ce bikini rayonne d'assurance et d'allure. Am\u00e9liorez votre jeu de maillots de bain, car chaque d\u00e9tail compte.<\/p>\n<p><b>Informations sur le produit :<\/b><br \/>\nNum\u00e9ro de marchandise : 76322<br \/>\nCat\u00e9gorie d'approvisionnement : Spot<br \/>\nType de commerce ext\u00e9rieur : Exportation<br \/>\nSexe applicable : f\u00e9minin<br \/>\n\u00c2ge d'application : adulte<br \/>\nStyle de motif : sexy, europ\u00e9en et am\u00e9ricain, couleur unie<br \/>\nAvec remorque en acier : avec coussin thoracique sans support en acier<br \/>\nNiveau de qualit\u00e9 : premi\u00e8re classe<br \/>\nNom du tissu : Nylon<br \/>\nComposition du tissu : nylon\/nylon<\/p>\n<p><b>Informations sur la taille :<\/b><br \/>\n<img decoding=\"async\" style=\"max-width: 100%;\" src=\"https:\/\/cc-west-usa.oss-accelerate.aliyuncs.com\/1620982016829.png\" alt=\"\"><\/p>\n<p><b>Remarque :<\/b><br \/>\n1. Les tailles asiatiques sont 1 \u00e0 2 tailles plus petites que les tailles europ\u00e9ennes et am\u00e9ricaines. Choisissez la taille la plus grande si votre taille se situe entre deux tailles. Veuillez tenir compte d'une diff\u00e9rence de 2 \u00e0 3 cm due aux mesures manuelles.<br \/>\n2. Si vous ne savez pas comment choisir votre taille, veuillez contacter notre service client\u00e8le.<br \/>\n3. comme vous le savez, les ordinateurs affichent les couleurs diff\u00e9remment, la couleur de l'article r\u00e9el peut varier l\u00e9g\u00e8rement par rapport aux images suivantes.<\/p>\n<p><b>Liste d'emballage :<\/b><br \/>\nBikini X1<\/p>\n<p>&nbsp;<\/p>\n<p><img loading=\"lazy\" decoding=\"async\" class=\"alignnone\" style=\"max-width: 100%;\" src=\"https:\/\/cc-west-usa.oss-accelerate.aliyuncs.com\/1620982059666.jpg\" alt=\"Bikini avec cha\u00eenes\" width=\"800\" height=\"800\" \/><img decoding=\"async\" style=\"max-width: 100%;\" src=\"https:\/\/cc-west-usa.oss-accelerate.aliyuncs.com\/1620982059633.jpg\" alt=\"\"><img decoding=\"async\" style=\"max-width: 100%;\" src=\"https:\/\/cc-west-usa.oss-accelerate.aliyuncs.com\/1620982059667.jpg\" alt=\"\"><img decoding=\"async\" style=\"max-width: 100%;\" src=\"https:\/\/cc-west-usa.oss-accelerate.aliyuncs.com\/1620982059667.jpg\" alt=\"\"><img decoding=\"async\" style=\"max-width: 100%;\" src=\"https:\/\/cc-west-usa.oss-accelerate.aliyuncs.com\/1620982065711.jpg\" alt=\"\"><\/p>","protected":false},"excerpt":{"rendered":"<p>Le bikini Chain Detail offre un design chic et audacieux, parfait pour les trendsetters. Avec ses cha\u00eenes uniques, il allie \u00e9l\u00e9gance et audace, et vous permet de vous d\u00e9marquer sous le soleil. Id\u00e9al pour les journ\u00e9es de plage en toute confiance !<\/p>","protected":false},"featured_media":1908,"comment_status":"open","ping_status":"closed","template":"","meta":[],"product_brand":[],"product_cat":[37,39],"product_tag":[],"class_list":{"0":"post-1916","1":"product","2":"type-product","3":"status-publish","4":"has-post-thumbnail","6":"product_cat-sale","7":"product_cat-swimsuit","9":"first","10":"instock","11":"sale","12":"taxable","13":"shipping-taxable","14":"purchasable","15":"product-type-variable"},"_links":{"self":[{"href":"https:\/\/beacheden.com\/fr\/wp-json\/wp\/v2\/product\/1916","targetHints":{"allow":["GET"]}}],"collection":[{"href":"https:\/\/beacheden.com\/fr\/wp-json\/wp\/v2\/product"}],"about":[{"href":"https:\/\/beacheden.com\/fr\/wp-json\/wp\/v2\/types\/product"}],"replies":[{"embeddable":true,"href":"https:\/\/beacheden.com\/fr\/wp-json\/wp\/v2\/comments?post=1916"}],"wp:featuredmedia":[{"embeddable":true,"href":"https:\/\/beacheden.com\/fr\/wp-json\/wp\/v2\/media\/1908"}],"wp:attachment":[{"href":"https:\/\/beacheden.com\/fr\/wp-json\/wp\/v2\/media?parent=1916"}],"wp:term":[{"taxonomy":"product_brand","embeddable":true,"href":"https:\/\/beacheden.com\/fr\/wp-json\/wp\/v2\/product_brand?post=1916"},{"taxonomy":"product_cat","embeddable":true,"href":"https:\/\/beacheden.com\/fr\/wp-json\/wp\/v2\/product_cat?post=1916"},{"taxonomy":"product_tag","embeddable":true,"href":"https:\/\/beacheden.com\/fr\/wp-json\/wp\/v2\/product_tag?post=1916"}],"curies":[{"name":"wp","href":"https:\/\/api.w.org\/{rel}","templated":true}]}}