{"id":1780,"date":"2023-03-16T02:56:33","date_gmt":"2023-03-16T09:56:33","guid":{"rendered":"https:\/\/beacheden.com\/shop\/uncategorized\/solid-color-cross-bandage-swimsuit-split-bikini\/"},"modified":"2025-08-09T11:35:12","modified_gmt":"2025-08-09T18:35:12","slug":"maillot-de-bain-bandage","status":"publish","type":"product","link":"https:\/\/beacheden.com\/fr\/maillot-de-bain-bandage\/","title":{"rendered":"Solid Color Cross Bandage Swimsuit Split Bikini"},"content":{"rendered":"<p>Les <strong>maillot de bain bandage <\/strong> est un indispensable de l'\u00e9t\u00e9, con\u00e7u pour mettre en valeur votre corps gr\u00e2ce \u00e0 son design sculptant. Fabriqu\u00e9 dans un tissu bandage extensible de premi\u00e8re qualit\u00e9, ce maillot de bain \u00e9pouse vos courbes \u00e0 tous les bons endroits, offrant une coupe impeccable qui vous donne confiance en vous. Sa silhouette \u00e9l\u00e9gante vous permet de vous d\u00e9marquer, que vous vous pr\u00e9lassiez au bord de la piscine ou que vous preniez le soleil \u00e0 la plage.<\/p>\n<p>Con\u00e7ue pour le style et le confort, cette <a href=\"https:\/\/beacheden.com\/fr\/maillot-de-bain-une-piece-nouveau-style\/?wmc-currency=EUR\" title=\"New Style One-Piece Bikini Swimsuit Sexy Multicolor Ladies Swimwear\" target=\"_blank\" rel=\"noopener\"  data-wpil-monitor-id=\"103\">Maillot de bain \u00e0 bretelles r\u00e9glables<\/a> et un ajustement s\u00fbr, pour que vous puissiez vous d\u00e9placer sans effort \u00e0 chaque instant. \u00c9levez votre <a href=\"https:\/\/beacheden.com\/fr\/maillot-de-bain-une-piece-push-up\/?wmc-currency=EUR\" title=\"Maillot de bain une pi\u00e8ce pour dames, imprim\u00e9 push up\" target=\"_blank\" rel=\"noopener\"  data-wpil-monitor-id=\"15\">jeu de maillots de bain avec un maillot de bain bandage<\/a> qui allie une \u00e9l\u00e9gance audacieuse \u00e0 un soutien in\u00e9gal\u00e9 - parce que vous m\u00e9ritez de vous sentir fabuleuse !<\/p>\n<p><b>Informations sur le produit :<\/b><br \/>\nCouleur : rouge ros\u00e9<br \/>\nTaille : petite, moyenne, grande, 2XL<br \/>\nComposition de la doublure : Spandex<br \/>\nNom de la doublure : ammoniaque net<br \/>\nNom du tissu : polyester<br \/>\nSexe applicable : F\u00e9minin<br \/>\nComposition du tissu : Fibre de polyester (polyester)<\/p>\n<p><b>Informations sur la taille :<\/b><br \/>\n<img decoding=\"async\" src=\"https:\/\/cc-west-usa.oss-accelerate.aliyuncs.com\/539d08d4-25c5-4d01-a01a-d6328ee33b73.png?x-oss-process=image\/quality,q_100\" alt=\"\"><\/p>\n<p><b>\u00a0<\/b><\/p>\n<div><b>Remarque :<\/b><br \/>\n1. Les tailles asiatiques sont 1 \u00e0 2 tailles plus petites que les tailles europ\u00e9ennes et am\u00e9ricaines. Choisissez la taille la plus grande si votre taille se situe entre deux tailles. Veuillez tenir compte d'une diff\u00e9rence de 2 \u00e0 3 cm due aux mesures manuelles. 2. Si vous ne savez pas comment choisir votre taille, veuillez contacter notre service client\u00e8le. 3) Comme vous le savez, les ordinateurs affichent les couleurs diff\u00e9remment, la couleur de l'article r\u00e9el peut varier l\u00e9g\u00e8rement par rapport aux images suivantes.<br \/>\n<b>Liste d'emballage : <\/b>Top*1+Pantalon*1<b>Image du produit :<\/b><\/p>\n<p><img decoding=\"async\" src=\"https:\/\/cc-west-usa.oss-accelerate.aliyuncs.com\/e49cd273-fdb0-496e-a880-4cbc27c6988b.jpg\" alt=\"\"><br \/>\n<img decoding=\"async\" src=\"https:\/\/cc-west-usa.oss-accelerate.aliyuncs.com\/459c04a5-51b8-4e24-866a-36623571bc6a.jpg\" alt=\"\"><br \/>\n<img loading=\"lazy\" decoding=\"async\" class=\"alignnone\" src=\"https:\/\/cc-west-usa.oss-accelerate.aliyuncs.com\/759082e0-3026-47c5-b018-b45fbb8c50ea.jpg\" alt=\"Maillot de bain bandage\" width=\"1000\" height=\"1000\" \/><br \/>\n<img decoding=\"async\" src=\"https:\/\/cc-west-usa.oss-accelerate.aliyuncs.com\/3257b1d3-7421-4f77-875d-346115a992c7.jpg\" alt=\"\"><br \/>\n<img decoding=\"async\" src=\"https:\/\/cc-west-usa.oss-accelerate.aliyuncs.com\/f623ee93-db62-4ca6-bbe5-68585730be4a.jpg\" alt=\"\"><br \/>\n<img decoding=\"async\" src=\"https:\/\/cc-west-usa.oss-accelerate.aliyuncs.com\/00fd2440-63f5-4a33-9622-76331416df30.jpg\" alt=\"\"><br \/>\n<img decoding=\"async\" src=\"https:\/\/cc-west-usa.oss-accelerate.aliyuncs.com\/40d4bf2d-e997-43c6-bb8d-a765cdcb68ae.jpg\" alt=\"\"><br \/>\n<img decoding=\"async\" src=\"https:\/\/cc-west-usa.oss-accelerate.aliyuncs.com\/4226c421-52fd-44be-a62c-884afd46d644.jpg\" alt=\"\"><br \/>\n<img decoding=\"async\" src=\"https:\/\/cc-west-usa.oss-accelerate.aliyuncs.com\/154580f8-4008-42eb-90ea-3a7fd2fc9a47.jpg\" alt=\"\"><\/p>\n<\/div>","protected":false},"excerpt":{"rendered":"<p>Maillot de bain bandage con\u00e7u pour accentuer votre silhouette gr\u00e2ce \u00e0 sa coupe moulante. Fabriqu\u00e9 dans une mati\u00e8re extensible de haute qualit\u00e9, il garantit le confort tout en offrant une silhouette \u00e9l\u00e9gante et raffin\u00e9e en toute occasion. Sentez-vous fabuleuse et confiante tout au long de la journ\u00e9e !<\/p>","protected":false},"featured_media":7271,"comment_status":"open","ping_status":"closed","template":"","meta":[],"product_brand":[],"product_cat":[40],"product_tag":[],"class_list":{"0":"post-1780","1":"product","2":"type-product","3":"status-publish","4":"has-post-thumbnail","6":"product_cat-bikini","8":"first","9":"instock","10":"taxable","11":"shipping-taxable","12":"purchasable","13":"product-type-variable"},"_links":{"self":[{"href":"https:\/\/beacheden.com\/fr\/wp-json\/wp\/v2\/product\/1780","targetHints":{"allow":["GET"]}}],"collection":[{"href":"https:\/\/beacheden.com\/fr\/wp-json\/wp\/v2\/product"}],"about":[{"href":"https:\/\/beacheden.com\/fr\/wp-json\/wp\/v2\/types\/product"}],"replies":[{"embeddable":true,"href":"https:\/\/beacheden.com\/fr\/wp-json\/wp\/v2\/comments?post=1780"}],"wp:featuredmedia":[{"embeddable":true,"href":"https:\/\/beacheden.com\/fr\/wp-json\/wp\/v2\/media\/7271"}],"wp:attachment":[{"href":"https:\/\/beacheden.com\/fr\/wp-json\/wp\/v2\/media?parent=1780"}],"wp:term":[{"taxonomy":"product_brand","embeddable":true,"href":"https:\/\/beacheden.com\/fr\/wp-json\/wp\/v2\/product_brand?post=1780"},{"taxonomy":"product_cat","embeddable":true,"href":"https:\/\/beacheden.com\/fr\/wp-json\/wp\/v2\/product_cat?post=1780"},{"taxonomy":"product_tag","embeddable":true,"href":"https:\/\/beacheden.com\/fr\/wp-json\/wp\/v2\/product_tag?post=1780"}],"curies":[{"name":"wp","href":"https:\/\/api.w.org\/{rel}","templated":true}]}}