{"id":1662,"date":"2023-03-15T14:28:35","date_gmt":"2023-03-15T21:28:35","guid":{"rendered":"https:\/\/beacheden.com\/shop\/uncategorized\/tent-air-camping-mats-inflatable-cushion-double-outdoor-2-person-picnic-beach-two-plaid-blanket-baby-pad-home-rest-soft-mattress\/"},"modified":"2023-05-27T04:56:01","modified_gmt":"2023-05-27T11:56:01","slug":"tent-air-camping-mats-coussin-inflatable-double-outdoor-2-personnes-picnic-beach-deux-plaid-couverture-baby-pad-home-rest-souple-matelas","status":"publish","type":"product","link":"https:\/\/beacheden.com\/fr\/tent-air-camping-mats-coussin-inflatable-double-outdoor-2-personnes-picnic-beach-deux-plaid-couverture-baby-pad-home-rest-souple-matelas\/","title":{"rendered":"Tente Air Camping Tapis Gonflable Coussin Double Ext\u00e9rieur 2 personne Picnic Plage Deux Plaid Couverture b\u00e9b\u00e9 Pad Home Repos Soft Matelas"},"content":{"rendered":"<p>Mati\u00e8re : Lycra<\/p>\n<div data-spm-anchor-id=\"2114.10010108.1000023.i0.384e6729w0LhaF\"><img decoding=\"async\" src=\"https:\/\/cc-west-usa.oss-accelerate.aliyuncs.com\/16778016\/1631561288834486272.jpg\" alt=\"O1CN011nRQqNOS7OWhJDY_!!3998985086 (1)_\" \/><\/div>\n<div><strong><img decoding=\"async\" src=\"https:\/\/cc-west-usa.oss-accelerate.aliyuncs.com\/16778016\/1631561289455243264.jpg\" alt=\"4444444444444444444444444_\" \/><\/strong><\/div>\n<div><strong><img decoding=\"async\" src=\"https:\/\/cc-west-usa.oss-accelerate.aliyuncs.com\/16778016\/1631561291690807296.jpg\" alt=\"777777777777777GpS_!!3998985086__\" \/><\/strong><\/div>\n<div><\/div>\n<div><\/div>\n<div><strong><img decoding=\"async\" src=\"https:\/\/cc-west-usa.oss-accelerate.aliyuncs.com\/16778016\/1631561293213339648.jpg\" alt=\"TB2yLAus8smBKNjSZFsXXaXSVXa_!!874446831\" \/><\/strong><\/div>\n<div><strong><img decoding=\"async\" src=\"https:\/\/cc-west-usa.oss-accelerate.aliyuncs.com\/16778016\/1631561293649547264.jpg\" alt=\"O1CN011nRQqMUfo27Lb9O_!!3998985086\" \/><\/strong><\/div>\n<div><strong><img decoding=\"async\" src=\"https:\/\/cc-west-usa.oss-accelerate.aliyuncs.com\/16778016\/1631561294379356160.jpg\" alt=\"aXiDxK1RjSsD4q6z1DFXa0__\" \/><\/strong><\/div>\n<div><\/div>\n<div><strong><img decoding=\"async\" src=\"https:\/\/cc-west-usa.oss-accelerate.aliyuncs.com\/16778016\/1631561295201439744.jpg\" alt=\"TB2.DXEs0knBKNjSZKPXXX6OFXa_!!874446831\" \/><\/strong><\/div>\n<div><strong><img decoding=\"async\" src=\"https:\/\/cc-west-usa.oss-accelerate.aliyuncs.com\/16778016\/1631561297806102528.jpg\" alt=\"O1CN011nRQqKIzy2Yg2ac_!!3998985086\" \/><\/strong><\/div>\n<div><img decoding=\"async\" src=\"https:\/\/cc-west-usa.oss-accelerate.aliyuncs.com\/16778016\/1631561298112286720.jpg\" alt=\"HTB1dgN1epHM8KJSZJiq6zx3FXar\" \/><\/div>\n<div><img decoding=\"async\" src=\"https:\/\/cc-west-usa.oss-accelerate.aliyuncs.com\/16778016\/1631561299806785536.jpg\" alt=\"HTB1rQcqmlfH8KJjy1Xbq6zLdXXaM\" \/><\/div>\n<div><strong><img decoding=\"async\" src=\"https:\/\/cc-west-usa.oss-accelerate.aliyuncs.com\/16778016\/1631561300549177344.jpg\" alt=\"O1CN011nRQqMfheBfOGpS_!!3998985086\" \/><\/strong><\/div>\n<div><strong><img decoding=\"async\" src=\"https:\/\/cc-west-usa.oss-accelerate.aliyuncs.com\/16778016\/1631561304617652224.jpg\" alt=\"5555555555555KJjSspoXXX6MFXa_!!647400054_\" \/><\/strong><\/div>\n<div><img decoding=\"async\" src=\"https:\/\/cc-west-usa.oss-accelerate.aliyuncs.com\/16778016\/1631561305095802880.jpg\" alt=\"HTB1de74mnnI8KJjSszbq6z4KFXaI\" \/><\/div>\n<div><img decoding=\"async\" src=\"https:\/\/cc-west-usa.oss-accelerate.aliyuncs.com\/16778016\/1631561306945490944.jpg\" alt=\"-800_03\" \/><\/div>\n<div><img decoding=\"async\" src=\"https:\/\/cc-west-usa.oss-accelerate.aliyuncs.com\/16778016\/1631561307360727040.jpg\" alt=\"HTB1fNFCmsnI8KJjSsziq6z8QpXaw\" \/><\/div>\n<div><img decoding=\"async\" src=\"https:\/\/cc-west-usa.oss-accelerate.aliyuncs.com\/16778016\/1631561310695198720.jpg\" alt=\"QQ20180913092315\" \/><\/div>\n<div><img decoding=\"async\" src=\"https:\/\/cc-west-usa.oss-accelerate.aliyuncs.com\/16778016\/1631561312712658944.jpg\" alt=\"HTB1iF0pXiLrK1Rjy1zdq6ynnpXaf\" \/><\/div>\n<div><img decoding=\"async\" src=\"https:\/\/cc-west-usa.oss-accelerate.aliyuncs.com\/16778016\/1631561314050641920.jpg\" alt=\"20180913094202\" \/><\/div>\n<div><img decoding=\"async\" src=\"https:\/\/cc-west-usa.oss-accelerate.aliyuncs.com\/16778016\/1631561314453295104.jpg\" alt=\"TB2tcKWEeOSBuNjy0FdXXbDnVXa_!!3998985086\" \/><\/div>\n<div><img decoding=\"async\" src=\"https:\/\/cc-west-usa.oss-accelerate.aliyuncs.com\/16778016\/1631561315271184384.jpg\" alt=\"99999999897\" \/><\/div>\n<div><img decoding=\"async\" src=\"https:\/\/cc-west-usa.oss-accelerate.aliyuncs.com\/16778016\/1631561316764356608.jpg\" alt=\"TB2Wzy1EbGYBuNjy0FoXXciBFXa_!!3998985086\" \/><\/div>","protected":false},"excerpt":{"rendered":"<p>Mati\u00e8re : Lycra<\/p>","protected":false},"featured_media":1701,"comment_status":"open","ping_status":"closed","template":"","meta":[],"product_brand":[],"product_cat":[19],"product_tag":[],"class_list":{"0":"post-1662","1":"product","2":"type-product","3":"status-publish","4":"has-post-thumbnail","6":"product_cat-accessories","8":"first","9":"instock","10":"taxable","11":"shipping-taxable","12":"purchasable","13":"product-type-variable"},"_links":{"self":[{"href":"https:\/\/beacheden.com\/fr\/wp-json\/wp\/v2\/product\/1662","targetHints":{"allow":["GET"]}}],"collection":[{"href":"https:\/\/beacheden.com\/fr\/wp-json\/wp\/v2\/product"}],"about":[{"href":"https:\/\/beacheden.com\/fr\/wp-json\/wp\/v2\/types\/product"}],"replies":[{"embeddable":true,"href":"https:\/\/beacheden.com\/fr\/wp-json\/wp\/v2\/comments?post=1662"}],"wp:featuredmedia":[{"embeddable":true,"href":"https:\/\/beacheden.com\/fr\/wp-json\/wp\/v2\/media\/1701"}],"wp:attachment":[{"href":"https:\/\/beacheden.com\/fr\/wp-json\/wp\/v2\/media?parent=1662"}],"wp:term":[{"taxonomy":"product_brand","embeddable":true,"href":"https:\/\/beacheden.com\/fr\/wp-json\/wp\/v2\/product_brand?post=1662"},{"taxonomy":"product_cat","embeddable":true,"href":"https:\/\/beacheden.com\/fr\/wp-json\/wp\/v2\/product_cat?post=1662"},{"taxonomy":"product_tag","embeddable":true,"href":"https:\/\/beacheden.com\/fr\/wp-json\/wp\/v2\/product_tag?post=1662"}],"curies":[{"name":"wp","href":"https:\/\/api.w.org\/{rel}","templated":true}]}}