{"id":1629,"date":"2023-03-15T14:11:10","date_gmt":"2023-03-15T21:11:10","guid":{"rendered":"https:\/\/beacheden.com\/shop\/uncategorized\/folding-mat-beach-mat-leaky-sand-beach-mat-outdoor-travel-picnic-mat-camping-mat\/"},"modified":"2023-03-15T14:11:29","modified_gmt":"2023-03-15T21:11:29","slug":"matelas-pliant-matelas-de-plage-sable-fuyant-matelas-de-plage-outdoor-travel-picnic-mat-camping-mat","status":"publish","type":"product","link":"https:\/\/beacheden.com\/fr\/matelas-pliant-matelas-de-plage-sable-fuyant-matelas-de-plage-outdoor-travel-picnic-mat-camping-mat\/","title":{"rendered":"Tapis de plage pliable Tapis de plage \u00e0 fuites Tapis de plage \u00e0 l'ext\u00e9rieur Tapis de voyage Tapis de pique-nique Tapis de camping"},"content":{"rendered":"<p><b>Informations sur le produit :<\/b><\/p>\n<p>Couleur : Bleu\uff0cGray\uff0cGreen\uff0cMat spike\uff0cNavy blue\uff0cPink\uff0cPurple<br \/>motif : uni<br \/>Mati\u00e8re : Polyester<br \/>Dimensions :&nbsp;<span style=\"font-size: 1em\">0.5m*0.5m\/0.5m*1.5m\/1.2m*1.5m\/1.5m*1.5m\/1.5m*2m \/2m*2m<\/span><\/p>\n<p><b>Caract\u00e9ristiques :<\/b><\/p>\n<p>1. Pliable et facile \u00e0 transporter. Les mat\u00e9riaux durables s'adaptent \u00e0 tous les endroits.<br \/>2. Le sable s'\u00e9coule, le tapis est facile \u00e0 nettoyer et il n'est plus n\u00e9cessaire de s'inqui\u00e9ter pour les v\u00eatements ou la nourriture.<br \/>3. Trois options de couleur, vous pouvez choisir celle qui vous convient. Il est brillant et beau.<\/p>\n<p><b>Liste d'emballage :<\/b><span style=\"font-size: 1em\">Tapis de plage*1\/<\/span>Pointes de tapis*20\uff08<span style=\"font-size: 1em\">Achet\u00e9 s\u00e9par\u00e9ment<\/span><span style=\"font-size: 1em\">\uff09<\/span><\/p>\n<p><b>Produit pli\u00e9 en deux : <\/b>34*27*3<\/p>\n<p><b><br \/><\/b><\/p>\n<p><img decoding=\"async\" src=\"https:\/\/ae01.alicdn.com\/kf\/Hdf826ed266ed4d7aa41e28a9a1ea1ebdS.jpg?width=1024&amp;height=927&amp;hash=1951\" alt=\"\"><img decoding=\"async\" src=\"https:\/\/ae01.alicdn.com\/kf\/H2b69fde9da884cd0803626fc21979b17V.jpg?width=1001&amp;height=1001&amp;hash=2002\" alt=\"\"><img decoding=\"async\" src=\"https:\/\/ae01.alicdn.com\/kf\/H4d261a2a79dc4ec5aa49d46cf6322c22N.jpg?width=1001&amp;height=1001&amp;hash=2002\" alt=\"\"><img decoding=\"async\" src=\"https:\/\/ae01.alicdn.com\/kf\/Hf365eb97dcb84853ab7cf1910b77339dv.jpg?width=1001&amp;height=1001&amp;hash=2002\" alt=\"\"><img decoding=\"async\" src=\"https:\/\/ae01.alicdn.com\/kf\/Hac2ea6f2dbe74f49abcb9326065dc919m.jpg?width=1001&amp;height=1001&amp;hash=2002\" alt=\"\"><img decoding=\"async\" src=\"https:\/\/ae01.alicdn.com\/kf\/Hfcd6c695e7124c37bd974733234c5baaH.jpg?width=1001&amp;height=1001&amp;hash=2002\" alt=\"\"><img decoding=\"async\" src=\"https:\/\/ae01.alicdn.com\/kf\/H11338e776fa547e787eb0dcf3f569444T.jpg?width=1001&amp;height=1001&amp;hash=2002\" alt=\"\"><img decoding=\"async\" src=\"https:\/\/ae01.alicdn.com\/kf\/H17afeeaa6b374fed9b1ef59d0180a3aeR.jpg?width=1001&amp;height=1001&amp;hash=2002\" alt=\"\"><img decoding=\"async\" src=\"https:\/\/ae01.alicdn.com\/kf\/H0bf7a64e66894952b44ec7d8d7e31a28W.jpg?width=1001&amp;height=1001&amp;hash=2002\" alt=\"\"><img decoding=\"async\" src=\"https:\/\/ae01.alicdn.com\/kf\/He05a118ec8e245e68341b9dc1fd7d10bZ.jpg?width=1001&amp;height=1001&amp;hash=2002\" alt=\"\"><img decoding=\"async\" src=\"https:\/\/ae01.alicdn.com\/kf\/Hebe1670063a8484b9ee356241fc89aa1v.jpg?width=1001&amp;height=1001&amp;hash=2002\" alt=\"\"><img decoding=\"async\" src=\"https:\/\/ae01.alicdn.com\/kf\/H36449bab0d8e49569ddf1791d4236494g.jpg?width=1001&amp;height=1001&amp;hash=2002\" alt=\"\"><img decoding=\"async\" src=\"https:\/\/ae01.alicdn.com\/kf\/He184f614194f48b0807e8ab16819ae50R.jpg?width=1001&amp;height=1001&amp;hash=2002\" alt=\"\"><img decoding=\"async\" src=\"https:\/\/ae01.alicdn.com\/kf\/H8a0171bdbcc8407c91a7bc5900a6aadbG.jpg?width=1001&amp;height=1001&amp;hash=2002\" alt=\"\"><img decoding=\"async\" src=\"https:\/\/ae01.alicdn.com\/kf\/Hc770c4d2577a413bb710106e2450a65ay.jpg?width=1001&amp;height=1001&amp;hash=2002\" alt=\"\"><img decoding=\"async\" src=\"https:\/\/ae01.alicdn.com\/kf\/H5e4711c96b484ca994d4b418379ee49e4.jpg?width=1001&amp;height=1001&amp;hash=2002\" alt=\"\"><b><br \/><\/b><\/p>","protected":false},"excerpt":{"rendered":"<p>Product information: Color: Blue\uff0cGray\uff0cGreen\uff0cMat spike\uff0cNavy blue\uff0cPink\uff0cPurplepattern: plainMaterial: PolyesterDimensions:&nbsp;0.5m*0.5m\/0.5m*1.5m\/1.2m*1.5m\/1.5m*1.5m\/1.5m*2m \/2m*2m Features: 1. Foldable and easy to carry. Durable materials can fit anywhere.2. The sand will leak out, the mat is easy to clean, and there is no need to worry about clothes or food anymore.3. Three color options, you can choose the one you like. It [&#8230;]\n","protected":false},"featured_media":1619,"comment_status":"open","ping_status":"closed","template":"","meta":[],"product_brand":[],"product_cat":[19],"product_tag":[],"class_list":{"0":"post-1629","1":"product","2":"type-product","3":"status-publish","4":"has-post-thumbnail","6":"product_cat-accessories","8":"first","9":"instock","10":"taxable","11":"shipping-taxable","12":"purchasable","13":"product-type-variable"},"_links":{"self":[{"href":"https:\/\/beacheden.com\/fr\/wp-json\/wp\/v2\/product\/1629","targetHints":{"allow":["GET"]}}],"collection":[{"href":"https:\/\/beacheden.com\/fr\/wp-json\/wp\/v2\/product"}],"about":[{"href":"https:\/\/beacheden.com\/fr\/wp-json\/wp\/v2\/types\/product"}],"replies":[{"embeddable":true,"href":"https:\/\/beacheden.com\/fr\/wp-json\/wp\/v2\/comments?post=1629"}],"wp:featuredmedia":[{"embeddable":true,"href":"https:\/\/beacheden.com\/fr\/wp-json\/wp\/v2\/media\/1619"}],"wp:attachment":[{"href":"https:\/\/beacheden.com\/fr\/wp-json\/wp\/v2\/media?parent=1629"}],"wp:term":[{"taxonomy":"product_brand","embeddable":true,"href":"https:\/\/beacheden.com\/fr\/wp-json\/wp\/v2\/product_brand?post=1629"},{"taxonomy":"product_cat","embeddable":true,"href":"https:\/\/beacheden.com\/fr\/wp-json\/wp\/v2\/product_cat?post=1629"},{"taxonomy":"product_tag","embeddable":true,"href":"https:\/\/beacheden.com\/fr\/wp-json\/wp\/v2\/product_tag?post=1629"}],"curies":[{"name":"wp","href":"https:\/\/api.w.org\/{rel}","templated":true}]}}