{"id":15793,"date":"2025-04-27T09:57:09","date_gmt":"2025-04-27T16:57:09","guid":{"rendered":"https:\/\/beacheden.com\/beach-featured-hand-crochet-swimsuit-stitching-one-piece-skirt-sun-protection-sling-holiday-mesh-skirt\/"},"modified":"2026-03-14T22:27:17","modified_gmt":"2026-03-15T05:27:17","slug":"jupe-en-maille-de-protection-solaire","status":"publish","type":"product","link":"https:\/\/beacheden.com\/fr\/jupe-en-maille-de-protection-solaire\/","title":{"rendered":"Beach Featured Hand Crochet Swimsuit Stitching One-piece Skirt Sun Protection Sling Holiday Mesh Skirt"},"content":{"rendered":"<p>Les <strong>Jupe en maille de protection solaire <\/strong> est le m\u00e9lange ultime de style et de s\u00e9curit\u00e9 pour les aventures en plein air. Con\u00e7ue avec un tissu UPF 50+ avanc\u00e9, cette jupe l\u00e9g\u00e8re offre une protection sup\u00e9rieure contre les rayons UV nocifs, ce qui vous permet de rester \u00e0 l'aise et \u00e0 l'abri du soleil. La conception en maille respirante offre une libert\u00e9 de mouvement, ce qui la rend parfaite pour la randonn\u00e9e, la course \u00e0 pied ou le farniente sur la plage. Sa silhouette \u00e9l\u00e9gante et moderne flatte toutes les morphologies, tandis que la mati\u00e8re \u00e9vacuant l'humidit\u00e9 vous garde au frais et au sec tout au long de la journ\u00e9e.<\/p>\n<p>Que vous partiez \u00e0 la d\u00e9couverte de la nature ou que vous profitiez d'un apr\u00e8s-midi ensoleill\u00e9, la jupe en maille de protection solaire vous donne une allure fabuleuse sans compromettre le confort ou la sant\u00e9 de votre peau. Adoptez l'\u00e9l\u00e9gance sans effort et entrez dans le soleil en toute confiance !<\/p>\n<p><b>Informations sur le produit :<br \/>\n<\/b><\/p>\n<p>Nom du tissu : coton m\u00e9lang\u00e9<br \/>\nNom de la doublure : Coton m\u00e9lang\u00e9<br \/>\nCouleur : blanc, abricot, vert lac<\/p>\n<p>&nbsp;<\/p>\n<p><b> Liste d'emballage :<br \/>\n<\/b> 1X jupe en maille<\/p>\n<p><img decoding=\"async\" src=\"https:\/\/cf.cjdropshipping.com\/1618886274993.jpg\" alt=\"\"> <img loading=\"lazy\" decoding=\"async\" class=\"alignnone\" src=\"https:\/\/cf.cjdropshipping.com\/1618886274997.jpg\" alt=\"Jupe en maille de protection solaire\" width=\"1000\" height=\"1000\" \/> <img decoding=\"async\" src=\"https:\/\/cf.cjdropshipping.com\/1618886274990.jpg\" alt=\"\"> <img decoding=\"async\" src=\"https:\/\/cf.cjdropshipping.com\/1618886274992.jpg\" alt=\"\"> <img decoding=\"async\" src=\"https:\/\/cf.cjdropshipping.com\/1618886275328.jpg\" alt=\"\"> <img decoding=\"async\" src=\"https:\/\/cf.cjdropshipping.com\/1618886274994.jpg\" alt=\"\"> <img decoding=\"async\" src=\"https:\/\/cf.cjdropshipping.com\/1618886274997.jpg\" alt=\"\"><\/p>","protected":false},"excerpt":{"rendered":"<p>La jupe en maille de protection solaire combine la mode et la fonction, offrant une protection UPF 50+ contre les rayons UV. L\u00e9g\u00e8re, a\u00e9r\u00e9e, elle est parfaite pour les journ\u00e9es actives sous le soleil, tout en vous gardant au frais et \u00e9l\u00e9gante sans effort.<\/p>","protected":false},"featured_media":15784,"comment_status":"open","ping_status":"closed","template":"","meta":[],"product_brand":[],"product_cat":[16],"product_tag":[],"class_list":{"0":"post-15793","1":"product","2":"type-product","3":"status-publish","4":"has-post-thumbnail","6":"product_cat-cover-ups","8":"first","9":"instock","10":"taxable","11":"shipping-taxable","12":"purchasable","13":"product-type-variable"},"_links":{"self":[{"href":"https:\/\/beacheden.com\/fr\/wp-json\/wp\/v2\/product\/15793","targetHints":{"allow":["GET"]}}],"collection":[{"href":"https:\/\/beacheden.com\/fr\/wp-json\/wp\/v2\/product"}],"about":[{"href":"https:\/\/beacheden.com\/fr\/wp-json\/wp\/v2\/types\/product"}],"replies":[{"embeddable":true,"href":"https:\/\/beacheden.com\/fr\/wp-json\/wp\/v2\/comments?post=15793"}],"wp:featuredmedia":[{"embeddable":true,"href":"https:\/\/beacheden.com\/fr\/wp-json\/wp\/v2\/media\/15784"}],"wp:attachment":[{"href":"https:\/\/beacheden.com\/fr\/wp-json\/wp\/v2\/media?parent=15793"}],"wp:term":[{"taxonomy":"product_brand","embeddable":true,"href":"https:\/\/beacheden.com\/fr\/wp-json\/wp\/v2\/product_brand?post=15793"},{"taxonomy":"product_cat","embeddable":true,"href":"https:\/\/beacheden.com\/fr\/wp-json\/wp\/v2\/product_cat?post=15793"},{"taxonomy":"product_tag","embeddable":true,"href":"https:\/\/beacheden.com\/fr\/wp-json\/wp\/v2\/product_tag?post=15793"}],"curies":[{"name":"wp","href":"https:\/\/api.w.org\/{rel}","templated":true}]}}