{"id":15768,"date":"2025-04-27T05:07:05","date_gmt":"2025-04-27T12:07:05","guid":{"rendered":"https:\/\/beacheden.com\/temperament-beach-bikini-blouse\/"},"modified":"2025-09-23T12:22:26","modified_gmt":"2025-09-23T19:22:26","slug":"blouse-de-bikini-de-plage-a-temperament","status":"publish","type":"product","link":"https:\/\/beacheden.com\/fr\/blouse-de-bikini-de-plage-a-temperament\/","title":{"rendered":"Chemisier de bikini de plage Temperament"},"content":{"rendered":"<p>Les <strong>Chemisier de bikini de plage Temperament <\/strong> est un indispensable de l'\u00e9t\u00e9, con\u00e7u pour allier style et confort en toute transparence. Fabriqu\u00e9e dans un tissu l\u00e9ger et respirant, cette blouse vous permet de rester fra\u00eeche et confiante sous le soleil. Ses imprim\u00e9s vibrants et sa coupe flatteuse la rendent parfaite pour les journ\u00e9es \u00e0 la plage, les escapades tropicales ou les promenades d\u00e9contract\u00e9es au bord de la mer.<\/p>\n<p>Associ\u00e9e \u00e0 votre bikini pr\u00e9f\u00e9r\u00e9 ou \u00e0 un short taille haute, cette pi\u00e8ce polyvalente rehausse n'importe quel look. Embrassez votre charme unique et faites-vous remarquer avec le mod\u00e8le Temperament Beach. <a href=\"https:\/\/beacheden.com\/fr\/bikini-torsade-avec-couleurs-unies\/?wmc-currency=EUR\" title=\"New Foreign Trade Swimsuit Bikini une pi\u00e8ce en nylon de couleur unie avec pochette torsad\u00e9e pour femmes\" target=\"_blank\" rel=\"noopener\"  data-wpil-monitor-id=\"152\">Blouse de bikini - parce que c'est le moment de l'\u00e9t\u00e9<\/a> m\u00e9rite une \u00e9l\u00e9gance sans effort.<\/p>\n<p><b> Informations sur le produit :<br \/>\n<\/b><\/p>\n<p>Nom du tissu : dentelle<br \/>\nComposition du tissu principal : coton<br \/>\nCouleurs : Blanc, Noir<br \/>\nTaille : taille unique<\/p>\n<p>&nbsp;<\/p>\n<p><b> Informations sur la taille\uff1a<br \/>\n<\/b><\/p>\n<table border=\"0\" width=\"100%\" cellspacing=\"0\" cellpadding=\"0\">\n<tbody>\n<tr>\n<th>taille<\/th>\n<th>buste<\/th>\n<th>Longueur<\/th>\n<th>Longueur de la manche<\/th>\n<\/tr>\n<tr>\n<td>taille unique<\/td>\n<td>120<\/td>\n<td>110<\/td>\n<td>50<\/td>\n<\/tr>\n<\/tbody>\n<\/table>\n<p><b>Note<\/b> \uff1a<br \/>\n1. les tailles asiatiques sont 1 \u00e0 2 tailles plus petites que les tailles europ\u00e9ennes et am\u00e9ricaines. Choisissez la taille la plus grande si votre taille se situe entre deux tailles. Veuillez tenir compte d'une diff\u00e9rence de 2 \u00e0 3 cm due aux mesures manuelles.<br \/>\n2) Veuillez v\u00e9rifier le tableau des tailles avant d'acheter l'article, si vous ne savez pas comment choisir la taille, veuillez contacter notre service client\u00e8le.<br \/>\n3. comme vous le savez, les ordinateurs affichent les couleurs diff\u00e9remment, la couleur de l'article r\u00e9el peut varier l\u00e9g\u00e8rement par rapport aux images suivantes.<\/p>\n<p><b>Liste de colisage\uff1a<\/b><\/p>\n<p>Chemisier x1<\/p>\n<p>&nbsp;<\/p>\n<p><img loading=\"lazy\" decoding=\"async\" class=\"alignnone\" src=\"https:\/\/cf.cjdropshipping.com\/1618478559755.jpg\" alt=\"Blouse de bikini de plage \u00e0 temp\u00e9rament\" width=\"800\" height=\"800\" \/> <img decoding=\"async\" src=\"https:\/\/cf.cjdropshipping.com\/1618478559750.jpg\" alt=\"\"> <img decoding=\"async\" src=\"https:\/\/cf.cjdropshipping.com\/1618478559765.jpg\" alt=\"\"> <img decoding=\"async\" src=\"https:\/\/cf.cjdropshipping.com\/1618478559758.jpg\" alt=\"\"> <img decoding=\"async\" src=\"https:\/\/cf.cjdropshipping.com\/1618478559772.jpg\" alt=\"\"> <img decoding=\"async\" src=\"https:\/\/cf.cjdropshipping.com\/1618478559769.jpg\" alt=\"\"><\/p>","protected":false},"excerpt":{"rendered":"<p>La blouse de bikini de plage Temperament offre un style chic et vibrant et un confort sans effort. Brillez de mille feux cet \u00e9t\u00e9 !<\/p>","protected":false},"featured_media":15762,"comment_status":"open","ping_status":"closed","template":"","meta":[],"product_brand":[],"product_cat":[16],"product_tag":[],"class_list":{"0":"post-15768","1":"product","2":"type-product","3":"status-publish","4":"has-post-thumbnail","6":"product_cat-cover-ups","8":"first","9":"instock","10":"taxable","11":"shipping-taxable","12":"purchasable","13":"product-type-variable"},"_links":{"self":[{"href":"https:\/\/beacheden.com\/fr\/wp-json\/wp\/v2\/product\/15768","targetHints":{"allow":["GET"]}}],"collection":[{"href":"https:\/\/beacheden.com\/fr\/wp-json\/wp\/v2\/product"}],"about":[{"href":"https:\/\/beacheden.com\/fr\/wp-json\/wp\/v2\/types\/product"}],"replies":[{"embeddable":true,"href":"https:\/\/beacheden.com\/fr\/wp-json\/wp\/v2\/comments?post=15768"}],"wp:featuredmedia":[{"embeddable":true,"href":"https:\/\/beacheden.com\/fr\/wp-json\/wp\/v2\/media\/15762"}],"wp:attachment":[{"href":"https:\/\/beacheden.com\/fr\/wp-json\/wp\/v2\/media?parent=15768"}],"wp:term":[{"taxonomy":"product_brand","embeddable":true,"href":"https:\/\/beacheden.com\/fr\/wp-json\/wp\/v2\/product_brand?post=15768"},{"taxonomy":"product_cat","embeddable":true,"href":"https:\/\/beacheden.com\/fr\/wp-json\/wp\/v2\/product_cat?post=15768"},{"taxonomy":"product_tag","embeddable":true,"href":"https:\/\/beacheden.com\/fr\/wp-json\/wp\/v2\/product_tag?post=15768"}],"curies":[{"name":"wp","href":"https:\/\/api.w.org\/{rel}","templated":true}]}}