{"id":15736,"date":"2025-04-27T04:49:53","date_gmt":"2025-04-27T11:49:53","guid":{"rendered":"https:\/\/beacheden.com\/long-fringed-panel-beach-blouse-slip-dress\/"},"modified":"2025-12-07T15:45:11","modified_gmt":"2025-12-07T23:45:11","slug":"blouse-de-plage-a-franges","status":"publish","type":"product","link":"https:\/\/beacheden.com\/fr\/blouse-de-plage-a-franges\/","title":{"rendered":"Robe longue \u00e0 empi\u00e8cements frang\u00e9s pour le chemisier de plage"},"content":{"rendered":"<p>Le chemisier de plage \u00e0 franges est l'accessoire indispensable pour les beaux jours. Il allie un style sans effort \u00e0 un charme insouciant. Con\u00e7ue avec des franges d\u00e9licates et une silhouette d\u00e9contract\u00e9e, cette blouse capture l'essence du boho chic tout en vous gardant au frais et \u00e0 l'aise.<\/p>\n<p>Que vous vous promeniez le long du rivage ou que vous profitiez d'un d\u00eener au coucher du soleil, son tissu l\u00e9ger se drape magnifiquement pour un look \u00e9l\u00e9gant sans effort. Associ\u00e9 \u00e0 un jean, un short ou une jupe, ce v\u00eatement polyvalent passe sans probl\u00e8me de l'int\u00e9rieur \u00e0 l'ext\u00e9rieur, de l'ext\u00e9rieur \u00e0 l'int\u00e9rieur, de l'int\u00e9rieur \u00e0 l'ext\u00e9rieur. <a href=\"https:\/\/beacheden.com\/fr\/robe-longue-de-plage\/?wmc-currency=EUR\" title=\"Robe longue de plage \u00e0 bretelles bronzantes en perspective\" target=\"_blank\" rel=\"noopener\"  data-wpil-monitor-id=\"32\">du jour \u00e0 la nuit<\/a>. Rehaussez votre garde-robe avec le chemisier de plage \u00e0 franges et adoptez les vibrations intemporelles de la plage qui feront tourner les t\u00eates partout o\u00f9 vous irez !<\/p>\n<p><b>Informations sur le produit :<\/b><br \/>\nStyle de motif : plaid<br \/>\nAvec ou sans tra\u00een\u00e9e en acier : pas de support en acier et pas de coussin thoracique<br \/>\nNom du tissu : acrylique<br \/>\nComposition du tissu : 100 (%)<br \/>\nDomaine d'application : natation et pataugeage<br \/>\nCouleur : blanc, jaune, rose, noir, vert clair, bleu clair, vert militaire, rouge vin, abricot, bleu marine, violet clair, gris<\/p>\n<p><b>Informations sur la taille :<\/b><br \/>\nTaille : taille unique<\/p>\n<p>Unit\u00e9 : cm :<br \/>\n<img decoding=\"async\" src=\"https:\/\/cf.cjdropshipping.com\/880bc9ea-cfd7-449a-87ba-a5ff29a8ada1.png\" alt=\"\"><\/p>\n<p><b>La pr\u00e9vention :<\/b><br \/>\n1. Les tailles asiatiques sont 1 \u00e0 2 tailles plus petites que les tailles europ\u00e9ennes et am\u00e9ricaines. Choisissez la taille la plus grande si votre taille se situe entre deux tailles. Veuillez tenir compte d'une diff\u00e9rence de 2 \u00e0 3 cm due aux mesures manuelles.<br \/>\n2. Si vous ne savez pas comment choisir votre taille, veuillez contacter notre service client\u00e8le.<br \/>\n3. comme vous le savez, les ordinateurs affichent les couleurs diff\u00e9remment, la couleur de l'article r\u00e9el peut varier l\u00e9g\u00e8rement par rapport aux images suivantes.<\/p>\n<p><b> Liste d'emballage :<br \/>\n<\/b> Jupe \u00e0 bretelles*1<\/p>\n<p>&nbsp;<\/p>\n<p><img loading=\"lazy\" decoding=\"async\" class=\"alignnone\" src=\"https:\/\/cf.cjdropshipping.com\/d7d7c44f-dfaa-498f-a3d8-fac9125f90b1.jpg\" alt=\"Chemisier de plage \u00e0 franges\" width=\"1577\" height=\"1920\" \/> <img decoding=\"async\" src=\"https:\/\/cf.cjdropshipping.com\/e11a31c4-a4bf-4fcc-ae56-07d51b445ed9.jpg\" alt=\"\"> <img decoding=\"async\" src=\"https:\/\/cf.cjdropshipping.com\/0c7f0cce-efff-42b8-995d-dfd4a995305e.jpg\" alt=\"\"> <img decoding=\"async\" src=\"https:\/\/cf.cjdropshipping.com\/b3e43aa4-cee2-4d94-8a99-d88b19a77566.jpg\" alt=\"\"> <img decoding=\"async\" src=\"https:\/\/cf.cjdropshipping.com\/f7ad0f23-9595-470f-ae76-be6bca952c32.jpg\" alt=\"\"> <img decoding=\"async\" src=\"https:\/\/cf.cjdropshipping.com\/a1d2af9d-a135-4f1f-953b-8cc5c94ecf28.jpg\" alt=\"\"> <img loading=\"lazy\" decoding=\"async\" class=\"alignnone\" src=\"https:\/\/cf.cjdropshipping.com\/975567e7-bc61-43f3-b4ad-fa127ecf2a07.jpg\" alt=\"Chemisier de plage \u00e0 franges\" width=\"1516\" height=\"1919\" \/> <img decoding=\"async\" src=\"https:\/\/cf.cjdropshipping.com\/b37a4754-7a91-40b9-8bba-75443fa4da04.jpg\" alt=\"\"> <img decoding=\"async\" src=\"https:\/\/cf.cjdropshipping.com\/6b772c49-8708-4e9d-97c2-d3d2e23771da.jpg\" alt=\"\"><\/p>","protected":false},"excerpt":{"rendered":"<p>Le chemisier de plage \u00e0 franges est indispensable pour une \u00e9l\u00e9gance sans effort. Avec ses franges ludiques et son tissu l\u00e9ger, elle est id\u00e9ale pour <a href=\"https:\/\/beacheden.com\/fr\/couverture-a-franges\/?wmc-currency=EUR\" title=\"Beach Crochet Fringed Swimsuit Cover-up\" target=\"_blank\" rel=\"noopener\"  data-wpil-monitor-id=\"56\">les journ\u00e9es \u00e0 la plage ou les sorties d\u00e9contract\u00e9es<\/a>. Restez chic et confortable o\u00f9 que vous alliez.<\/p>","protected":false},"featured_media":15726,"comment_status":"open","ping_status":"closed","template":"","meta":[],"product_brand":[],"product_cat":[16],"product_tag":[],"class_list":{"0":"post-15736","1":"product","2":"type-product","3":"status-publish","4":"has-post-thumbnail","6":"product_cat-cover-ups","8":"first","9":"instock","10":"taxable","11":"shipping-taxable","12":"purchasable","13":"product-type-variable"},"_links":{"self":[{"href":"https:\/\/beacheden.com\/fr\/wp-json\/wp\/v2\/product\/15736","targetHints":{"allow":["GET"]}}],"collection":[{"href":"https:\/\/beacheden.com\/fr\/wp-json\/wp\/v2\/product"}],"about":[{"href":"https:\/\/beacheden.com\/fr\/wp-json\/wp\/v2\/types\/product"}],"replies":[{"embeddable":true,"href":"https:\/\/beacheden.com\/fr\/wp-json\/wp\/v2\/comments?post=15736"}],"wp:featuredmedia":[{"embeddable":true,"href":"https:\/\/beacheden.com\/fr\/wp-json\/wp\/v2\/media\/15726"}],"wp:attachment":[{"href":"https:\/\/beacheden.com\/fr\/wp-json\/wp\/v2\/media?parent=15736"}],"wp:term":[{"taxonomy":"product_brand","embeddable":true,"href":"https:\/\/beacheden.com\/fr\/wp-json\/wp\/v2\/product_brand?post=15736"},{"taxonomy":"product_cat","embeddable":true,"href":"https:\/\/beacheden.com\/fr\/wp-json\/wp\/v2\/product_cat?post=15736"},{"taxonomy":"product_tag","embeddable":true,"href":"https:\/\/beacheden.com\/fr\/wp-json\/wp\/v2\/product_tag?post=15736"}],"curies":[{"name":"wp","href":"https:\/\/api.w.org\/{rel}","templated":true}]}}