{"id":15654,"date":"2025-04-24T04:27:04","date_gmt":"2025-04-24T11:27:04","guid":{"rendered":"https:\/\/beacheden.com\/fashion-super-stretch-diamond-mesh-anti-sat-beach-skirt\/"},"modified":"2025-12-07T15:44:20","modified_gmt":"2025-12-07T23:44:20","slug":"jupe-de-plage","status":"publish","type":"product","link":"https:\/\/beacheden.com\/fr\/jupe-de-plage\/","title":{"rendered":"Jupe de plage Super Stretch Diamond Mesh Anti-sat Fashion"},"content":{"rendered":"<p>La jupe de plage est l'accessoire indispensable pour vos aventures ensoleill\u00e9es. Con\u00e7ue pour allier confort et style, cette jupe fluide se drape gracieusement, offrant une coupe flatteuse \u00e0 toutes les morphologies. Que vous vous promeniez le long du rivage ou que vous profitiez d'un d\u00eener au coucher du soleil, son tissu l\u00e9ger vous permet de vous d\u00e9placer sans effort tout en vous gardant au frais sous le soleil.<\/p>\n<p>Polyvalente et vibrante, elle s'associe parfaitement avec des maillots de bain, des d\u00e9bardeurs ou des tee-shirts d\u00e9contract\u00e9s, ce qui en fait une pi\u00e8ce incontournable de la garde-robe de plage ou de vacances. Rehaussez votre look estival avec une jupe de plage aussi radieuse que vous !<\/p>\n<p><b>Informations sur le produit :<\/b><br \/>\nSource de l'image principale : Prises de vue r\u00e9elles avec des mod\u00e8les<br \/>\nCat\u00e9gorie d'approvisionnement : Spot<br \/>\nStyle : Sexy<br \/>\nMotif : impression en couleur<br \/>\nProcessus : Impression\/teinture<br \/>\nType d'inventaire : commande globale<br \/>\nStyle : Basique<br \/>\nForme de combinaison : pi\u00e8ce unique<br \/>\nLongueur de la jupe : jupe mi-longue<br \/>\nType de jupe : jupe crayon<\/p>\n<p><b>Informations sur la taille :<\/b><br \/>\n<img decoding=\"async\" src=\"https:\/\/cf.cjdropshipping.com\/a021fdee-bbd4-4152-9e84-26bc4417e622.png\" alt=\"\"><\/p>\n<p><b>Remarque :<\/b><\/p>\n<p>1. Les tailles asiatiques sont 1 \u00e0 2 tailles plus petites que les tailles europ\u00e9ennes et am\u00e9ricaines. Choisissez la taille la plus grande si votre taille se situe entre deux tailles. Veuillez tenir compte d'une diff\u00e9rence de 2 \u00e0 3 cm due aux mesures manuelles.<\/p>\n<p>2. Si vous ne savez pas comment choisir votre taille, veuillez contacter notre service client\u00e8le.<\/p>\n<p>3. comme vous le savez, les ordinateurs affichent les couleurs diff\u00e9remment, la couleur de l'article r\u00e9el peut varier l\u00e9g\u00e8rement par rapport aux images suivantes.<\/p>\n<p><b><br \/>\nListe d'emballage : <\/b><br \/>\nRobe x1<\/p>\n<p>&nbsp;<\/p>\n<p><img decoding=\"async\" src=\"https:\/\/cf.cjdropshipping.com\/c3f4b7aa-5952-4220-99ca-af390f2a8633.jpg\" alt=\"\"> <img decoding=\"async\" src=\"https:\/\/cf.cjdropshipping.com\/84408c8e-290b-4209-85ea-13eda1f0c704.jpg\" alt=\"\"> <img decoding=\"async\" src=\"https:\/\/cf.cjdropshipping.com\/6219e767-eca8-4bdf-920b-dc954b502884.jpg\" alt=\"\"> <img decoding=\"async\" src=\"https:\/\/cf.cjdropshipping.com\/8e2e0c82-e805-4a77-aa0c-84c8227be6d2.jpg\" alt=\"\"> <img loading=\"lazy\" decoding=\"async\" class=\"alignnone\" src=\"https:\/\/cf.cjdropshipping.com\/95d60e42-6ef1-4540-9560-6a63c2e6d3db.jpg\" alt=\"Jupe de plage\" width=\"1920\" height=\"1919\" \/><\/p>","protected":false},"excerpt":{"rendered":"<p>La jupe de plage est indispensable pour une \u00e9l\u00e9gance sans effort au bord de la mer. Fluide, confortable et chic, elle est id\u00e9ale pour les promenades ensoleill\u00e9es ou pour se pr\u00e9lasser avec style. Associez-la \u00e0 des sandales pour un look c\u00f4tier inoubliable !<\/p>","protected":false},"featured_media":15649,"comment_status":"open","ping_status":"closed","template":"","meta":[],"product_brand":[],"product_cat":[16],"product_tag":[],"class_list":{"0":"post-15654","1":"product","2":"type-product","3":"status-publish","4":"has-post-thumbnail","6":"product_cat-cover-ups","8":"first","9":"instock","10":"taxable","11":"shipping-taxable","12":"purchasable","13":"product-type-variable"},"_links":{"self":[{"href":"https:\/\/beacheden.com\/fr\/wp-json\/wp\/v2\/product\/15654","targetHints":{"allow":["GET"]}}],"collection":[{"href":"https:\/\/beacheden.com\/fr\/wp-json\/wp\/v2\/product"}],"about":[{"href":"https:\/\/beacheden.com\/fr\/wp-json\/wp\/v2\/types\/product"}],"replies":[{"embeddable":true,"href":"https:\/\/beacheden.com\/fr\/wp-json\/wp\/v2\/comments?post=15654"}],"wp:featuredmedia":[{"embeddable":true,"href":"https:\/\/beacheden.com\/fr\/wp-json\/wp\/v2\/media\/15649"}],"wp:attachment":[{"href":"https:\/\/beacheden.com\/fr\/wp-json\/wp\/v2\/media?parent=15654"}],"wp:term":[{"taxonomy":"product_brand","embeddable":true,"href":"https:\/\/beacheden.com\/fr\/wp-json\/wp\/v2\/product_brand?post=15654"},{"taxonomy":"product_cat","embeddable":true,"href":"https:\/\/beacheden.com\/fr\/wp-json\/wp\/v2\/product_cat?post=15654"},{"taxonomy":"product_tag","embeddable":true,"href":"https:\/\/beacheden.com\/fr\/wp-json\/wp\/v2\/product_tag?post=15654"}],"curies":[{"name":"wp","href":"https:\/\/api.w.org\/{rel}","templated":true}]}}