{"id":15610,"date":"2025-04-24T03:58:03","date_gmt":"2025-04-24T10:58:03","guid":{"rendered":"https:\/\/beacheden.com\/ladies-halter-backless-beach-bikini-three-piece\/"},"modified":"2025-11-24T05:55:02","modified_gmt":"2025-11-24T13:55:02","slug":"bikini-dos-nu","status":"publish","type":"product","link":"https:\/\/beacheden.com\/fr\/bikini-dos-nu\/","title":{"rendered":"Bikini de plage trois pi\u00e8ces dos nu pour dames"},"content":{"rendered":"<p>Le bikini dos nu est l'accessoire indispensable de l'\u00e9t\u00e9. Il est con\u00e7u pour se d\u00e9marquer avec audace tout en offrant un confort in\u00e9gal\u00e9. Con\u00e7ue avec pr\u00e9cision, cette pi\u00e8ce \u00e9tonnante pr\u00e9sente une coupe dos nu flatteuse qui met en valeur votre assurance et votre style. Fabriqu\u00e9 dans un tissu de qualit\u00e9 sup\u00e9rieure \u00e0 s\u00e9chage rapide, il assure un ajustement parfait et un confort tout au long de la journ\u00e9e sous le soleil.<\/p>\n<p>Que vous soyez <a href=\"https:\/\/beacheden.com\/fr\/bikini-triangle\/?wmc-currency=EUR\" title=\"Femmes en maillot de bain europ\u00e9en et am\u00e9ricain \u00e0 fente triangulaire\" target=\"_blank\" rel=\"noopener\"  data-wpil-monitor-id=\"172\">se pr\u00e9lasser au bord de la piscine<\/a> ou en se promenant sur la plage, ce bikini allie sans effort \u00e9l\u00e9gance et fonctionnalit\u00e9. Les bretelles r\u00e9glables et les liens personnalisables offrent un look sur mesure, vous assurant de vous sentir aussi \u00e9tonnante que vous le paraissez. Am\u00e9liorez votre jeu de maillots de bain - adoptez l'allure du <a href=\"https:\/\/beacheden.com\/fr\/bikini-metallique-2\/?wmc-currency=EUR\" title=\"Maillot de bain fendu pour femmes en tissu bronzant\" target=\"_blank\" rel=\"noopener\"  data-wpil-monitor-id=\"104\">bikini dos nu<\/a> et briller \u00e0 chaque pas !<\/p>\n<p><b>Informations sur le produit :<\/b><br \/>\nSexe applicable : f\u00e9minin<br \/>\nGroupe d'\u00e2ge concern\u00e9 : adulte<br \/>\nMod\u00e8le : dos nu, Europe et Am\u00e9rique<br \/>\nComposition du tissu : Polyester (Polyester)<br \/>\nCouleur : Vert<\/p>\n<p><b>Informations sur la taille :<\/b><br \/>\nTaille : S, M, L<\/p>\n<table>\n<colgroup>\n<col \/>\n<col \/> <\/colgroup>\n<tbody>\n<tr>\n<td>Taille\uff08cm\uff09<\/td>\n<td>Buste<\/td>\n<td>Taille<\/td>\n<td>Hanches<\/td>\n<\/tr>\n<tr>\n<td>S<\/td>\n<td>74-80<\/td>\n<td>68-72<\/td>\n<td>78-85<\/td>\n<\/tr>\n<tr>\n<td>M<\/td>\n<td>78-85<\/td>\n<td>72-86<\/td>\n<td>85-91<\/td>\n<\/tr>\n<tr>\n<td>L<\/td>\n<td>82-90<\/td>\n<td>76-80<\/td>\n<td>91-97<\/td>\n<\/tr>\n<tr>\n<td>XL<\/td>\n<td>86-95<\/td>\n<td>80-84<\/td>\n<td>97-105<\/td>\n<\/tr>\n<\/tbody>\n<\/table>\n<p>&nbsp;<\/p>\n<p><b>Note\uff1a<\/b><br \/>\n1. Les tailles asiatiques sont 1 \u00e0 2 tailles plus petites que les tailles europ\u00e9ennes et am\u00e9ricaines. Choisissez la taille la plus grande si votre taille se situe entre deux tailles. Veuillez tenir compte d'une diff\u00e9rence de 2 \u00e0 3 cm due aux mesures manuelles.<br \/>\n2. Si vous ne savez pas comment choisir votre taille, veuillez contacter notre service client\u00e8le.<br \/>\n3. comme vous le savez, les ordinateurs affichent les couleurs diff\u00e9remment, la couleur de l'article r\u00e9el peut varier l\u00e9g\u00e8rement par rapport aux images suivantes.<\/p>\n<p>&nbsp;<\/p>\n<p><b>Liste d'emballage :<\/b><\/p>\n<p>Soutien-gorge*1 Culotte*1 S <span style=\"font-size: 1em;\">jupe courte*1<\/span><\/p>\n<p><span style=\"font-size: 1em;\"><br \/>\n<\/span><\/p>\n<p><img decoding=\"async\" src=\"https:\/\/cf.cjdropshipping.com\/2676e5a9-0e4a-4cda-a537-01649255bbea.jpg\" alt=\"\"> <img decoding=\"async\" src=\"https:\/\/cf.cjdropshipping.com\/45108b65-7d93-4752-abae-3a92dab3dad8.jpg\" alt=\"\"> <img decoding=\"async\" src=\"https:\/\/cf.cjdropshipping.com\/4e88d88a-35b0-4502-a365-8312c69c75f6.jpg\" alt=\"\"> <img decoding=\"async\" src=\"https:\/\/cf.cjdropshipping.com\/c50e2535-fbb0-4142-bd2b-cbfb23b291f3.jpg\" alt=\"\"> <img loading=\"lazy\" decoding=\"async\" class=\"alignnone\" src=\"https:\/\/cf.cjdropshipping.com\/6d8d2c20-3182-4b08-8885-89d13c7146f0.jpg\" alt=\"Bikini sans dos\" width=\"1340\" height=\"1785\" \/> <img decoding=\"async\" src=\"https:\/\/cf.cjdropshipping.com\/a22cc404-2bc1-4ae1-8eb8-c5a708a6c5a3.jpg\" alt=\"\"><\/p>","protected":false},"excerpt":{"rendered":"<p>Bikini sans dos con\u00e7u pour accentuer vos courbes avec \u00e9l\u00e9gance et assurance. Parfait pour <a href=\"https:\/\/beacheden.com\/fr\/haut-de-bikini-en-crochet\/?wmc-currency=EUR\" title=\"Maillot de bain en crochet fait \u00e0 la main Bikini Swimsuit Top\" target=\"_blank\" rel=\"noopener\"  data-wpil-monitor-id=\"69\">les journ\u00e9es \u00e0 la plage ou le farniente au bord de la piscine<\/a>Cette pi\u00e8ce chic allie harmonieusement style et confort. Rehaussez votre garde-robe estivale d\u00e8s aujourd'hui !<\/p>","protected":false},"featured_media":15604,"comment_status":"open","ping_status":"closed","template":"","meta":[],"product_brand":[],"product_cat":[16],"product_tag":[],"class_list":{"0":"post-15610","1":"product","2":"type-product","3":"status-publish","4":"has-post-thumbnail","6":"product_cat-cover-ups","8":"first","9":"instock","10":"taxable","11":"shipping-taxable","12":"purchasable","13":"product-type-variable"},"_links":{"self":[{"href":"https:\/\/beacheden.com\/fr\/wp-json\/wp\/v2\/product\/15610","targetHints":{"allow":["GET"]}}],"collection":[{"href":"https:\/\/beacheden.com\/fr\/wp-json\/wp\/v2\/product"}],"about":[{"href":"https:\/\/beacheden.com\/fr\/wp-json\/wp\/v2\/types\/product"}],"replies":[{"embeddable":true,"href":"https:\/\/beacheden.com\/fr\/wp-json\/wp\/v2\/comments?post=15610"}],"wp:featuredmedia":[{"embeddable":true,"href":"https:\/\/beacheden.com\/fr\/wp-json\/wp\/v2\/media\/15604"}],"wp:attachment":[{"href":"https:\/\/beacheden.com\/fr\/wp-json\/wp\/v2\/media?parent=15610"}],"wp:term":[{"taxonomy":"product_brand","embeddable":true,"href":"https:\/\/beacheden.com\/fr\/wp-json\/wp\/v2\/product_brand?post=15610"},{"taxonomy":"product_cat","embeddable":true,"href":"https:\/\/beacheden.com\/fr\/wp-json\/wp\/v2\/product_cat?post=15610"},{"taxonomy":"product_tag","embeddable":true,"href":"https:\/\/beacheden.com\/fr\/wp-json\/wp\/v2\/product_tag?post=15610"}],"curies":[{"name":"wp","href":"https:\/\/api.w.org\/{rel}","templated":true}]}}