{"id":15506,"date":"2025-04-19T06:29:19","date_gmt":"2025-04-19T13:29:19","guid":{"rendered":"https:\/\/beacheden.com\/specially-for-womens-hard-packed-mesh-split-swimsuit\/"},"modified":"2025-11-24T06:01:12","modified_gmt":"2025-11-24T14:01:12","slug":"bikini-tropical","status":"publish","type":"product","link":"https:\/\/beacheden.com\/fr\/bikini-tropical\/","title":{"rendered":"Sp\u00e9cialement pour les femmes Maillot de bain fendu en maille \u00e0 structure dure"},"content":{"rendered":"<p>Les ensembles de bikinis tropicaux sont con\u00e7us pour que vous vous sentiez confiante et rayonnante sous le soleil. Avec leurs motifs \u00e9clatants, leurs bretelles r\u00e9glables et leurs mati\u00e8res douces et durables, ces bikinis offrent \u00e0 la fois style et confort.<\/p>\n<p>Parfait pour les escapades \u00e0 la plage ou pour se pr\u00e9lasser au bord de la piscine, chaque pi\u00e8ce est con\u00e7ue pour mettre en valeur vos courbes naturelles tout en offrant une coupe impeccable. Embrassez l'essence du paradis - le bikini tropical de vos r\u00eaves vous attend !<\/p>\n<p><b>Informations sur le produit :<\/b><br \/>\nAvec ou sans tra\u00een\u00e9e en acier : avec support en acier avec coussinet thoracique<br \/>\nNom du tissu : Nylon<br \/>\nContenu du tissu : 80 (%)<br \/>\nCouleur : jaune, violet, bleu paon, bleu saphir, bleu clair, rouge rose, rouge vin, vert, orange, orange, bleu fonc\u00e9<\/p>\n<p><b>Informations sur la taille :<\/b><br \/>\nTaille : S, M, L<br \/>\n<img decoding=\"async\" src=\"https:\/\/cf.cjdropshipping.com\/0d21e6d8-a4ff-4b1f-aa85-6806f0474816.jpg\" alt=\"\"><\/p>\n<p><b>Remarque :<\/b><br \/>\n1. Les tailles asiatiques sont 1 \u00e0 2 tailles plus petites que les tailles europ\u00e9ennes et am\u00e9ricaines. Choisissez la taille la plus grande si votre taille se situe entre deux tailles. Veuillez tenir compte d'une diff\u00e9rence de 2 \u00e0 3 cm due aux mesures manuelles.<br \/>\n2. Si vous ne savez pas comment choisir votre taille, veuillez contacter notre service client\u00e8le.<br \/>\n3. comme vous le savez, les ordinateurs affichent les couleurs diff\u00e9remment, la couleur de l'article r\u00e9el peut varier l\u00e9g\u00e8rement par rapport aux images suivantes.<\/p>\n<p><b>Liste d'emballage :<\/b><\/p>\n<p>Top*1+pantalon*1+manteau*1<\/p>\n<p><img loading=\"lazy\" decoding=\"async\" class=\"alignnone\" src=\"https:\/\/cf.cjdropshipping.com\/be510380-6edb-49d2-9d6a-c5ddb3f38d73.jpg\" alt=\"Bikini tropical\" width=\"1340\" height=\"1785\" \/> <img decoding=\"async\" src=\"https:\/\/cf.cjdropshipping.com\/b4218aea-a994-494e-ba70-bf7eef734779.jpg\" alt=\"\"> <img decoding=\"async\" src=\"https:\/\/cf.cjdropshipping.com\/d78b74fa-45b6-448a-96d9-fda5eab495c8.jpg\" alt=\"\"> <img decoding=\"async\" src=\"https:\/\/cf.cjdropshipping.com\/86423698-7f7c-42eb-a2be-254fe5633859.jpg\" alt=\"\"> <img decoding=\"async\" src=\"https:\/\/cf.cjdropshipping.com\/cb671f35-9cd9-4a39-942a-3dcfa512a261.jpg\" alt=\"\"> <img decoding=\"async\" src=\"https:\/\/cf.cjdropshipping.com\/abb2895e-1c32-4600-8507-1d8e901edef1.jpg\" alt=\"\"> <img decoding=\"async\" src=\"https:\/\/cf.cjdropshipping.com\/3297e834-750b-4c00-9ecb-9891e2d7b1be.jpg\" alt=\"\"> <img decoding=\"async\" src=\"https:\/\/cf.cjdropshipping.com\/a7bd8be8-1e8b-4859-a735-76a5c08367f5.jpg\" alt=\"\"> <img decoding=\"async\" src=\"https:\/\/cf.cjdropshipping.com\/2852c325-40c6-4249-9485-106102346326.jpg\" alt=\"\"><\/p>","protected":false},"excerpt":{"rendered":"<p>Les collections de bikinis tropicaux donnent vie \u00e0 l'ambiance des \u00eeles. Avec des imprim\u00e9s audacieux, des tissus luxueux et des coupes parfaites, ces collections de bikinis tropicaux donnent vie aux \u00eeles. <a href=\"https:\/\/beacheden.com\/fr\/bikini-brillant-pour-lete\/?wmc-currency=EUR\" title=\"Ensemble Bikini Sexy Halter Shiny Swimsuit\" target=\"_blank\" rel=\"noopener\"  data-wpil-monitor-id=\"123\">Les bikinis sont les indispensables de l'\u00e9t\u00e9<\/a> pour des aventures inoubliables en bord de mer.<\/p>","protected":false},"featured_media":15496,"comment_status":"open","ping_status":"closed","template":"","meta":[],"product_brand":[],"product_cat":[16],"product_tag":[],"class_list":{"0":"post-15506","1":"product","2":"type-product","3":"status-publish","4":"has-post-thumbnail","6":"product_cat-cover-ups","8":"first","9":"instock","10":"taxable","11":"shipping-taxable","12":"purchasable","13":"product-type-variable"},"_links":{"self":[{"href":"https:\/\/beacheden.com\/fr\/wp-json\/wp\/v2\/product\/15506","targetHints":{"allow":["GET"]}}],"collection":[{"href":"https:\/\/beacheden.com\/fr\/wp-json\/wp\/v2\/product"}],"about":[{"href":"https:\/\/beacheden.com\/fr\/wp-json\/wp\/v2\/types\/product"}],"replies":[{"embeddable":true,"href":"https:\/\/beacheden.com\/fr\/wp-json\/wp\/v2\/comments?post=15506"}],"wp:featuredmedia":[{"embeddable":true,"href":"https:\/\/beacheden.com\/fr\/wp-json\/wp\/v2\/media\/15496"}],"wp:attachment":[{"href":"https:\/\/beacheden.com\/fr\/wp-json\/wp\/v2\/media?parent=15506"}],"wp:term":[{"taxonomy":"product_brand","embeddable":true,"href":"https:\/\/beacheden.com\/fr\/wp-json\/wp\/v2\/product_brand?post=15506"},{"taxonomy":"product_cat","embeddable":true,"href":"https:\/\/beacheden.com\/fr\/wp-json\/wp\/v2\/product_cat?post=15506"},{"taxonomy":"product_tag","embeddable":true,"href":"https:\/\/beacheden.com\/fr\/wp-json\/wp\/v2\/product_tag?post=15506"}],"curies":[{"name":"wp","href":"https:\/\/api.w.org\/{rel}","templated":true}]}}