{"id":15464,"date":"2025-04-13T02:14:10","date_gmt":"2025-04-13T09:14:10","guid":{"rendered":"https:\/\/beacheden.com\/printed-drawstring-shorts-high-waist-bikini-swimsuit-swimwear\/"},"modified":"2025-11-01T13:39:20","modified_gmt":"2025-11-01T20:39:20","slug":"short-bikini","status":"publish","type":"product","link":"https:\/\/beacheden.com\/fr\/short-bikini\/","title":{"rendered":"Short \u00e0 cordon imprim\u00e9 Taille haute Bikini Maillot de bain Maillots de bain"},"content":{"rendered":"<p>Faites des vagues cette saison avec notre <strong>Bikini short <\/strong>Ce maillot de bain a \u00e9t\u00e9 con\u00e7u pour combiner la mode et la fonctionnalit\u00e9 sans effort. Ce deux-pi\u00e8ces remarquable se compose d'un haut de bikini \u00e9l\u00e9gant associ\u00e9 \u00e0 un short confortable qui donne confiance en soi et qui offre la couverture parfaite sans sacrifier le style. Fabriqu\u00e9 dans un tissu de haute qualit\u00e9 \u00e0 s\u00e9chage rapide, il est id\u00e9al pour la natation, les bains de soleil ou les aventures au bord de la plage.<\/p>\n<p>La coupe flatteuse met en valeur vos formes naturelles tout en vous permettant d'\u00eatre \u00e0 l'aise toute la journ\u00e9e. Que vous soyez <a href=\"https:\/\/beacheden.com\/fr\/bikini-triangle\/?wmc-currency=EUR\" title=\"Femmes en maillot de bain europ\u00e9en et am\u00e9ricain \u00e0 fente triangulaire\" target=\"_blank\" rel=\"noopener\"  data-wpil-monitor-id=\"173\">se pr\u00e9lasser au bord de la piscine<\/a> ou de plonger dans les vagues de l'oc\u00e9an, ce bikini court vous permet d'\u00eatre belle et de vous sentir bien. Am\u00e9liorez votre jeu de maillots de bain - choisissez le confort, choisissez la confiance, choisissez VOUS !<\/p>\n<p><b>Informations sur le produit :<\/b><br \/>\nCouleur : ZH289RE<br \/>\nTaille : S, M, L, XL, XXL<br \/>\nStyle : slip<br \/>\nDoublure : Polyester<br \/>\nSc\u00e9nario applicable : <a href=\"https:\/\/beacheden.com\/fr\/bikini-imprime-africain\/?wmc-currency=EUR\" title=\"New Style Swimsuit Ladies Multi-strap Lace Ethnic Print Half-sleeve Sexy Split Bikini\" target=\"_blank\" rel=\"noopener\"  data-wpil-monitor-id=\"163\">la natation et le pataugeage<\/a> Sports<br \/>\nSexe applicable : F\u00e9minin<br \/>\nLongueur des manches : sans manches<\/p>\n<p>&nbsp;<\/p>\n<div><\/div>\n<p>Taille :<\/p>\n<p><b>\u00a0<\/b><\/p>\n<div><img decoding=\"async\" src=\"https:\/\/cf.cjdropshipping.com\/02fe347e-f8f2-483c-9315-e0fb970d1c3c.png?x-oss-process=image\/quality,q_100\" alt=\"\"><br \/>\n<b><br \/>\n<\/b><\/div>\n<div><b>\u00a0<\/b><\/div>\n<div><b>\u00a0<\/b><\/div>\n<div><b>Unit\u00e9\uff1acm<\/b><\/div>\n<div><b>\u00a0<\/b><\/div>\n<div>\n<p><b>Remarque :<\/b><\/p>\n<p>1. Les tailles asiatiques sont 1 \u00e0 2 tailles plus petites que les tailles europ\u00e9ennes et am\u00e9ricaines. Choisissez la taille la plus grande si votre taille se situe entre deux tailles. Veuillez tenir compte d'une diff\u00e9rence de 2 \u00e0 3 cm due aux mesures manuelles.<\/p>\n<p>2. Si vous ne savez pas comment choisir votre taille, veuillez contacter notre service client\u00e8le.<\/p>\n<p>3. comme vous le savez, les ordinateurs affichent les couleurs diff\u00e9remment, la couleur de l'article r\u00e9el peut varier l\u00e9g\u00e8rement par rapport aux images suivantes.<\/p>\n<p><b>\u00a0<\/b><\/p>\n<div><\/div>\n<div>\n<p><b>Liste d'emballage : <\/b><\/p>\n<p>Pantalon * 1+ Sous-v\u00eatements * 1<\/p>\n<p><b>\u00a0<\/b><\/p>\n<div><b>\u00a0<\/b><\/div>\n<div>\n<p><b>Image du produit :<\/b><\/p>\n<p><img decoding=\"async\" src=\"https:\/\/cf.cjdropshipping.com\/25fcb8c7-181c-44ac-a48e-e07ce37ebb7c.jpg\" alt=\"\"><br \/>\n<img decoding=\"async\" src=\"https:\/\/cf.cjdropshipping.com\/6c61a3ba-9505-4941-91ed-a97675409a03.jpg\" alt=\"\"><br \/>\n<img decoding=\"async\" src=\"https:\/\/cf.cjdropshipping.com\/76c215be-76f2-4f3d-a673-4b440a8845ca.jpg\" alt=\"\"><br \/>\n<img decoding=\"async\" src=\"https:\/\/cf.cjdropshipping.com\/e26bb69d-d280-446a-8038-b619cd789b77.jpg\" alt=\"\"><br \/>\n<img decoding=\"async\" src=\"https:\/\/cf.cjdropshipping.com\/989bda2e-5b6d-4359-a0ac-fff8db0e13de.jpg\" alt=\"\"><\/p>\n<\/div>\n<\/div>\n<\/div>","protected":false},"excerpt":{"rendered":"<p>Le bikini court offre un m\u00e9lange chic de style et de confort, parfait pour les personnes actives. <a href=\"https:\/\/beacheden.com\/fr\/bikini-deux-pieces-imprime\/?wmc-currency=EUR\" title=\"Bikini deux pi\u00e8ces imprim\u00e9\" target=\"_blank\" rel=\"noopener\"  data-wpil-monitor-id=\"112\">les journ\u00e9es \u00e0 la plage ou le farniente au bord de la piscine<\/a>. Con\u00e7ue pour flatter toutes les morphologies, cette robe de chambre tendance a \u00e9t\u00e9 con\u00e7ue pour s'adapter \u00e0 toutes les morphologies. <a href=\"https:\/\/beacheden.com\/fr\/bikini-grande-taille\/?wmc-currency=EUR\" title=\"Maillot de bain bikini fendu \u00e0 imprim\u00e9 mode pour femmes\" target=\"_blank\" rel=\"noopener\"  data-wpil-monitor-id=\"177\">maillots de bain<\/a> associe des vibrations ludiques \u00e0 une couverture pratique pour que vous vous sentiez confiante et insouciante tout au long de la journ\u00e9e.<\/p>","protected":false},"featured_media":15456,"comment_status":"open","ping_status":"closed","template":"","meta":[],"product_brand":[],"product_cat":[40],"product_tag":[],"class_list":{"0":"post-15464","1":"product","2":"type-product","3":"status-publish","4":"has-post-thumbnail","6":"product_cat-bikini","8":"first","9":"instock","10":"taxable","11":"shipping-taxable","12":"purchasable","13":"product-type-variable"},"_links":{"self":[{"href":"https:\/\/beacheden.com\/fr\/wp-json\/wp\/v2\/product\/15464","targetHints":{"allow":["GET"]}}],"collection":[{"href":"https:\/\/beacheden.com\/fr\/wp-json\/wp\/v2\/product"}],"about":[{"href":"https:\/\/beacheden.com\/fr\/wp-json\/wp\/v2\/types\/product"}],"replies":[{"embeddable":true,"href":"https:\/\/beacheden.com\/fr\/wp-json\/wp\/v2\/comments?post=15464"}],"wp:featuredmedia":[{"embeddable":true,"href":"https:\/\/beacheden.com\/fr\/wp-json\/wp\/v2\/media\/15456"}],"wp:attachment":[{"href":"https:\/\/beacheden.com\/fr\/wp-json\/wp\/v2\/media?parent=15464"}],"wp:term":[{"taxonomy":"product_brand","embeddable":true,"href":"https:\/\/beacheden.com\/fr\/wp-json\/wp\/v2\/product_brand?post=15464"},{"taxonomy":"product_cat","embeddable":true,"href":"https:\/\/beacheden.com\/fr\/wp-json\/wp\/v2\/product_cat?post=15464"},{"taxonomy":"product_tag","embeddable":true,"href":"https:\/\/beacheden.com\/fr\/wp-json\/wp\/v2\/product_tag?post=15464"}],"curies":[{"name":"wp","href":"https:\/\/api.w.org\/{rel}","templated":true}]}}