{"id":15413,"date":"2025-04-13T01:58:18","date_gmt":"2025-04-13T08:58:18","guid":{"rendered":"https:\/\/beacheden.com\/european-and-american-bikini-solid-color-split-high-waist-swimsuit\/"},"modified":"2025-07-21T14:43:36","modified_gmt":"2025-07-21T21:43:36","slug":"bikini-sexy-a-taille-haute-avec-cotes-fendus","status":"publish","type":"product","link":"https:\/\/beacheden.com\/fr\/bikini-sexy-a-taille-haute-avec-cotes-fendus\/","title":{"rendered":"Bikini europ\u00e9en et am\u00e9ricain Bikini fendu de couleur unie Maillot de bain taille haute"},"content":{"rendered":"<p>\u00c9levez votre jeu de maillots de bain avec le <em>Bikini sexy taille haute avec c\u00f4t\u00e9s fendus <\/em>Ce bikini a \u00e9t\u00e9 con\u00e7u pour faire sensation. Ce superbe bikini allie le charme r\u00e9tro \u00e0 une touche de modernit\u00e9, avec une coupe taille haute qui flatte vos courbes et des c\u00f4t\u00e9s fendus qui ajoutent une touche d'allure.<\/p>\n<p>Parfait pour les journ\u00e9es \u00e0 la plage ou pour se pr\u00e9lasser au bord de la piscine, ce bikini offre \u00e0 la fois confort et style, pour que vous vous sentiez s\u00fbre de vous et imparable. Fabriqu\u00e9 avec des mat\u00e9riaux de qualit\u00e9 sup\u00e9rieure, il offre une coupe ajust\u00e9e tout en restant doux et durable. Que vous preniez le soleil ou que vous plongiez dans les vagues, ce bikini est parfait. <a href=\"https:\/\/beacheden.com\/fr\/bikini-brillant-pour-lete\/?wmc-currency=EUR\" title=\"Ensemble Bikini Sexy Halter Shiny Swimsuit\" target=\"_blank\" rel=\"noopener\"  data-wpil-monitor-id=\"122\">Le bikini est l'accessoire indispensable de l'\u00e9t\u00e9<\/a>. Adoptez l'audace, adoptez l'\u00e9l\u00e9gance - c'est plus qu'un maillot de bain, c'est une ambiance.<\/p>\n<p><b>Informations sur le produit :<\/b><br \/>\nMotif : couleur unie, taille haute, grande \u00e9lasticit\u00e9, europ\u00e9en et am\u00e9ricain<br \/>\nAvec remorque en acier : avec coussin thoracique sans support en acier<br \/>\nComposition du tissu : nylon<br \/>\nComposition du tissu : 80%<br \/>\nCouleur : beige, rose, noir, bleu lac, vert arm\u00e9e<\/p>\n<p><b>\u00a0<\/b><\/p>\n<p><b>Taille du produit :<\/b><br \/>\nS,M,L,XL,XXL,XXXL<\/p>\n<table>\n<colgroup>\n<col \/> <\/colgroup>\n<tbody>\n<tr>\n<td>Taille<\/td>\n<td>S<\/td>\n<td>M<\/td>\n<td>L<\/td>\n<td>XL<\/td>\n<td>XXL<\/td>\n<td>XXXL<\/td>\n<\/tr>\n<tr>\n<td>Buste<\/td>\n<td>76-88<\/td>\n<td>80-92<\/td>\n<td>84-96<\/td>\n<td>88-100<\/td>\n<td>92-104<\/td>\n<td>96-108<\/td>\n<\/tr>\n<tr>\n<td>Taille<\/td>\n<td>68-74<\/td>\n<td>74-78<\/td>\n<td>78-82<\/td>\n<td>82-86<\/td>\n<td>86-90<\/td>\n<td>90-94<\/td>\n<\/tr>\n<tr>\n<td>Hanches<\/td>\n<td>78-94<\/td>\n<td>82-98<\/td>\n<td>86-102<\/td>\n<td>90-106<\/td>\n<td>94-110<\/td>\n<td>98-114<\/td>\n<\/tr>\n<\/tbody>\n<\/table>\n<p><b>\u00a0<\/b><\/p>\n<p><b>Pr\u00e9cautions :<\/b><br \/>\n1. <a href=\"https:\/\/beacheden.com\/fr\/bikini-plisse\/?wmc-currency=EUR\" title=\"Bikini pliss\u00e9 de couleur unie pour femmes europ\u00e9ennes et am\u00e9ricaines\" target=\"_blank\" rel=\"noopener\"  data-wpil-monitor-id=\"165\">Tailles asiatiques<\/a> sont 1 \u00e0 2 tailles plus petites que les Europ\u00e9ens et les Am\u00e9ricains. Choisissez la taille la plus grande si votre taille se situe entre deux tailles. Veuillez tenir compte d'une diff\u00e9rence de 2 \u00e0 3 cm due aux mesures manuelles.<br \/>\n2. Veuillez consulter attentivement le tableau des tailles avant d'acheter l'article. Si vous ne savez pas comment choisir votre taille, veuillez contacter notre service client\u00e8le.<br \/>\n3) Comme vous le savez, les ordinateurs affichent les couleurs diff\u00e9remment, la couleur de l'article r\u00e9el peut varier l\u00e9g\u00e8rement par rapport aux images suivantes.<\/p>\n<p><b>\u00a0<\/b><\/p>\n<p><b>Liste d'emballage :<\/b><br \/>\nMaillot de bain x1<\/p>\n<p><img decoding=\"async\" src=\"https:\/\/cf.cjdropshipping.com\/16778016\/1631691047069421568.jpg\" alt=\"8d8d6f33b9b0fe4cd5f3086e5e8076\" \/><\/p>\n<p><img decoding=\"async\" src=\"https:\/\/cf.cjdropshipping.com\/16778016\/1631691054665306112.jpg\" alt=\"ind\u00e9fini\" \/><\/p>\n<p><img decoding=\"async\" src=\"https:\/\/cf.cjdropshipping.com\/16778016\/1631691061053231104.jpg\" alt=\"ind\u00e9fini\" \/><\/p>\n<p><img decoding=\"async\" src=\"https:\/\/cf.cjdropshipping.com\/16778016\/1631691080330252288.jpg\" alt=\"ind\u00e9fini\" \/><\/p>\n<p><img decoding=\"async\" src=\"https:\/\/cf.cjdropshipping.com\/16778016\/1631691089834545152.jpg\" alt=\"ind\u00e9fini\" \/><\/p>\n<p><img decoding=\"async\" src=\"https:\/\/cf.cjdropshipping.com\/16778016\/1631691099208814592.jpg\" alt=\"ind\u00e9fini\" \/><\/p>\n<p><img loading=\"lazy\" decoding=\"async\" class=\"alignnone\" src=\"https:\/\/cf.cjdropshipping.com\/16778016\/1631691140086501376.jpg\" alt=\"Bikini sexy taille haute avec c\u00f4t\u00e9s fendus\" width=\"1199\" height=\"1799\" \/><\/p>\n<p><img decoding=\"async\" src=\"https:\/\/cf.cjdropshipping.com\/16778016\/1631691159187361792.jpg\" alt=\"ind\u00e9fini\" \/><\/p>\n<p><img decoding=\"async\" src=\"https:\/\/cf.cjdropshipping.com\/16778016\/1631691168179949568.jpg\" alt=\"ind\u00e9fini\" \/><\/p>\n<p><img decoding=\"async\" src=\"https:\/\/cf.cjdropshipping.com\/16778016\/1631691176128155648.jpg\" alt=\"ind\u00e9fini\" \/><\/p>\n<p><img decoding=\"async\" src=\"https:\/\/cf.cjdropshipping.com\/16778016\/1631691191978430464.jpg\" alt=\"ind\u00e9fini\" \/><\/p>\n<p><img decoding=\"async\" src=\"https:\/\/cf.cjdropshipping.com\/16778016\/1631691201264619520.jpg\" alt=\"ind\u00e9fini\" \/><\/p>\n<p><img decoding=\"async\" src=\"https:\/\/cf.cjdropshipping.com\/16778016\/1631691201457557504.jpg\" alt=\"ind\u00e9fini\" \/><\/p>\n<p><img decoding=\"async\" src=\"https:\/\/cf.cjdropshipping.com\/16778016\/1631691209753890816.jpg\" alt=\"ind\u00e9fini\" \/><\/p>\n<p><img decoding=\"async\" src=\"https:\/\/cf.cjdropshipping.com\/16778016\/1631691218129915904.jpg\" alt=\"ind\u00e9fini\" \/><\/p>\n<p><img decoding=\"async\" src=\"https:\/\/cf.cjdropshipping.com\/16778016\/1631691226342363136.jpg\" alt=\"ind\u00e9fini\" \/><\/p>\n<p><img decoding=\"async\" src=\"https:\/\/cf.cjdropshipping.com\/16778016\/1631691235376893952.jpg\" alt=\"ind\u00e9fini\" \/><\/p>\n<p><img decoding=\"async\" src=\"https:\/\/cf.cjdropshipping.com\/16778016\/1631691245158010880.jpg\" alt=\"ind\u00e9fini\" \/><\/p>\n<p><img decoding=\"async\" src=\"https:\/\/cf.cjdropshipping.com\/16778016\/1631691252682592256.jpg\" alt=\"ind\u00e9fini\" \/><\/p>\n<p><img decoding=\"async\" src=\"https:\/\/cf.cjdropshipping.com\/16778016\/1631691260530135040.jpg\" alt=\"ind\u00e9fini\" \/><\/p>","protected":false},"excerpt":{"rendered":"<p>Le bikini sexy \u00e0 taille haute et c\u00f4t\u00e9s fendus allie \u00e9l\u00e9gance et allure. Con\u00e7u pour flatter vos courbes, cette pi\u00e8ce chic vous permet de vous d\u00e9marquer avec assurance au bord de la piscine ou de l'oc\u00e9an.<\/p>","protected":false},"featured_media":15407,"comment_status":"open","ping_status":"closed","template":"","meta":[],"product_brand":[],"product_cat":[40],"product_tag":[],"class_list":{"0":"post-15413","1":"product","2":"type-product","3":"status-publish","4":"has-post-thumbnail","6":"product_cat-bikini","8":"first","9":"instock","10":"taxable","11":"shipping-taxable","12":"purchasable","13":"product-type-variable"},"_links":{"self":[{"href":"https:\/\/beacheden.com\/fr\/wp-json\/wp\/v2\/product\/15413","targetHints":{"allow":["GET"]}}],"collection":[{"href":"https:\/\/beacheden.com\/fr\/wp-json\/wp\/v2\/product"}],"about":[{"href":"https:\/\/beacheden.com\/fr\/wp-json\/wp\/v2\/types\/product"}],"replies":[{"embeddable":true,"href":"https:\/\/beacheden.com\/fr\/wp-json\/wp\/v2\/comments?post=15413"}],"wp:featuredmedia":[{"embeddable":true,"href":"https:\/\/beacheden.com\/fr\/wp-json\/wp\/v2\/media\/15407"}],"wp:attachment":[{"href":"https:\/\/beacheden.com\/fr\/wp-json\/wp\/v2\/media?parent=15413"}],"wp:term":[{"taxonomy":"product_brand","embeddable":true,"href":"https:\/\/beacheden.com\/fr\/wp-json\/wp\/v2\/product_brand?post=15413"},{"taxonomy":"product_cat","embeddable":true,"href":"https:\/\/beacheden.com\/fr\/wp-json\/wp\/v2\/product_cat?post=15413"},{"taxonomy":"product_tag","embeddable":true,"href":"https:\/\/beacheden.com\/fr\/wp-json\/wp\/v2\/product_tag?post=15413"}],"curies":[{"name":"wp","href":"https:\/\/api.w.org\/{rel}","templated":true}]}}