{"id":15310,"date":"2025-04-12T14:40:43","date_gmt":"2025-04-12T21:40:43","guid":{"rendered":"https:\/\/beacheden.com\/bikini-underwire-fashion-digital-printing\/"},"modified":"2025-07-21T14:49:06","modified_gmt":"2025-07-21T21:49:06","slug":"bikini-asymetrique-avec-couleur-unie-2","status":"publish","type":"product","link":"https:\/\/beacheden.com\/fr\/bikini-asymetrique-avec-couleur-unie-2\/","title":{"rendered":"Bikini \u00e0 armatures Impression num\u00e9rique"},"content":{"rendered":"<p>Faites des vagues avec notre <strong>Bikini asym\u00e9trique de couleur unie <\/strong>Ce maillot de bain a \u00e9t\u00e9 con\u00e7u pour faire tourner les t\u00eates et renforcer votre confiance en vous. Ce maillot de bain saisissant associe une coupe asym\u00e9trique moderne \u00e0 une palette de couleurs unies pour un look \u00e0 la fois audacieux et sophistiqu\u00e9.<\/p>\n<p>Fabriqu\u00e9 dans un tissu extensible de haute qualit\u00e9, il assure une coupe confortable et flatteuse pour toutes les morphologies. Son design unique met en valeur vos courbes tout en offrant une touche d'\u00e9l\u00e9gance, ce qui le rend parfait pour <a href=\"https:\/\/beacheden.com\/fr\/bikini-en-crochet-fait-main-2\/?wmc-currency=EUR\" title=\"Bikini de plage en crochet fait \u00e0 la main Maillot de bain pour femme\" target=\"_blank\" rel=\"noopener\"  data-wpil-monitor-id=\"107\">les journ\u00e9es \u00e0 la plage ou le farniente au bord de la piscine<\/a>. Sortez du lot et assumez votre individualit\u00e9. <a href=\"https:\/\/beacheden.com\/fr\/bikini-fluo\/?wmc-currency=EUR\" title=\"Chan Double New Swimsuit Solid Color Bikini Ladies Swimsuit European and American Swimwear Foreign Trade Beanies\" target=\"_blank\" rel=\"noopener\"  data-wpil-monitor-id=\"131\">Le bikini est l'accessoire indispensable de l'\u00e9t\u00e9<\/a>!<\/p>\n<p><b>D\u00e9tails du produit :<\/b><br \/>\nSexe applicable : f\u00e9minin<br \/>\nNom du tissu : polyester<br \/>\nContenu du tissu : 82 (%)<br \/>\nCouleur : jaune, noir, marbre bleu, peau de serpent rouge, marbre vert, marbre rouge, bleu saphir, peau de serpent jaune, peau de serpent bleu<\/p>\n<p><b>Informations sur la taille :<\/b><br \/>\nTaille : S, M, L, XL, 2XL<\/p>\n<p><img decoding=\"async\" src=\"https:\/\/cf.cjdropshipping.com\/5b402425-4bc5-420d-ad40-92b3f5f589b8.png\" alt=\"\"><\/p>\n<p><b>La pr\u00e9vention :<\/b><br \/>\n1. Les tailles asiatiques sont 1 \u00e0 2 tailles plus petites que les tailles <a href=\"https:\/\/beacheden.com\/fr\/bikini-asymetrique-avec-couleur-unie\/?wmc-currency=EUR\" title=\"Maillot de bain fendu de couleur unie pour dames europ\u00e9ennes et am\u00e9ricaines\" target=\"_blank\" rel=\"noopener\"  data-wpil-monitor-id=\"106\">Europ\u00e9en et am\u00e9ricain<\/a> personnes. Choisissez la taille la plus grande si votre taille se situe entre deux tailles. Veuillez tenir compte d'une diff\u00e9rence de 2 \u00e0 3 cm due aux mesures manuelles.<br \/>\n2. Si vous ne savez pas comment choisir votre taille, veuillez contacter notre service client\u00e8le.<br \/>\n3. comme vous le savez, les ordinateurs affichent les couleurs diff\u00e9remment, la couleur de l'article r\u00e9el peut varier l\u00e9g\u00e8rement par rapport aux images suivantes.<br \/>\n<b><br \/>\nContenu du paquet : <\/b><br \/>\nMaillot de bain pour dames en polyester X1<\/p>\n<p><img loading=\"lazy\" decoding=\"async\" class=\"alignnone\" src=\"https:\/\/cf.cjdropshipping.com\/2855b243-89f7-4882-8437-d0207685098a.jpg\" alt=\"Bikini asym\u00e9trique de couleur unie\" width=\"1600\" height=\"1600\" \/> <img decoding=\"async\" src=\"https:\/\/cf.cjdropshipping.com\/9bf773a8-2c16-4e0a-9784-a99216a9ec86.jpg\" alt=\"\"> <img decoding=\"async\" src=\"https:\/\/cf.cjdropshipping.com\/3bb434de-1a5b-4b3a-9e10-b8c5bcac69b6.jpg\" alt=\"\"> <img decoding=\"async\" src=\"https:\/\/cf.cjdropshipping.com\/ee847eda-23df-450b-ad19-5244bd43e4eb.jpg\" alt=\"\"> <img decoding=\"async\" src=\"https:\/\/cf.cjdropshipping.com\/1ebebeff-333c-4bc0-b38a-7ca39573800a.jpg\" alt=\"\"> <img decoding=\"async\" src=\"https:\/\/cf.cjdropshipping.com\/bcd6e9b0-403d-41c4-8608-c6244210b2cf.jpg\" alt=\"\"> <img decoding=\"async\" src=\"https:\/\/cf.cjdropshipping.com\/afcdfa13-cb66-46c8-b74c-dd243549ef15.jpg\" alt=\"\"> <img decoding=\"async\" src=\"https:\/\/cf.cjdropshipping.com\/36040907-607e-4da2-b293-fd3958f034ba.jpg\" alt=\"\"> <img decoding=\"async\" src=\"https:\/\/cf.cjdropshipping.com\/b9a351fb-fc4c-4b35-b7ef-89b6c06c3f0f.jpg\" alt=\"\"><\/p>","protected":false},"excerpt":{"rendered":"<p>Le bikini asym\u00e9trique de couleur unie red\u00e9finit l'\u00e9l\u00e9gance et le style. Son design unique offre une coupe flatteuse, parfaite pour se d\u00e9marquer \u00e0 la plage ou au bord de la piscine. Ce maillot de bain \u00e0 la fois audacieux et sophistiqu\u00e9 vous donnera confiance en vous.<\/p>","protected":false},"featured_media":15301,"comment_status":"open","ping_status":"closed","template":"","meta":[],"product_brand":[],"product_cat":[40],"product_tag":[],"class_list":{"0":"post-15310","1":"product","2":"type-product","3":"status-publish","4":"has-post-thumbnail","6":"product_cat-bikini","8":"first","9":"instock","10":"taxable","11":"shipping-taxable","12":"purchasable","13":"product-type-variable"},"_links":{"self":[{"href":"https:\/\/beacheden.com\/fr\/wp-json\/wp\/v2\/product\/15310","targetHints":{"allow":["GET"]}}],"collection":[{"href":"https:\/\/beacheden.com\/fr\/wp-json\/wp\/v2\/product"}],"about":[{"href":"https:\/\/beacheden.com\/fr\/wp-json\/wp\/v2\/types\/product"}],"replies":[{"embeddable":true,"href":"https:\/\/beacheden.com\/fr\/wp-json\/wp\/v2\/comments?post=15310"}],"wp:featuredmedia":[{"embeddable":true,"href":"https:\/\/beacheden.com\/fr\/wp-json\/wp\/v2\/media\/15301"}],"wp:attachment":[{"href":"https:\/\/beacheden.com\/fr\/wp-json\/wp\/v2\/media?parent=15310"}],"wp:term":[{"taxonomy":"product_brand","embeddable":true,"href":"https:\/\/beacheden.com\/fr\/wp-json\/wp\/v2\/product_brand?post=15310"},{"taxonomy":"product_cat","embeddable":true,"href":"https:\/\/beacheden.com\/fr\/wp-json\/wp\/v2\/product_cat?post=15310"},{"taxonomy":"product_tag","embeddable":true,"href":"https:\/\/beacheden.com\/fr\/wp-json\/wp\/v2\/product_tag?post=15310"}],"curies":[{"name":"wp","href":"https:\/\/api.w.org\/{rel}","templated":true}]}}