{"id":15293,"date":"2025-04-12T14:32:04","date_gmt":"2025-04-12T21:32:04","guid":{"rendered":"https:\/\/beacheden.com\/black-solid-color-split-bikini-swimsuit\/"},"modified":"2025-11-01T13:39:18","modified_gmt":"2025-11-01T20:39:18","slug":"bikini-etincelant-avec-triangle","status":"publish","type":"product","link":"https:\/\/beacheden.com\/fr\/bikini-etincelant-avec-triangle\/","title":{"rendered":"Maillot de bain bikini fendu de couleur unie noir"},"content":{"rendered":"<p>\u00c9levez votre jeu de maillots de bain avec notre bikini \u00e9tincelant avec top triangulaire, con\u00e7u pour vous donner l'impression d'\u00eatre invincible. Cette pi\u00e8ce \u00e9blouissante pr\u00e9sente une coupe triangle flatteuse qui accentue vos courbes naturelles, tandis que le tissu scintillant capte la lumi\u00e8re pour un effet sensationnel.<\/p>\n<p>Les bretelles l\u00e9g\u00e8res et r\u00e9glables garantissent un ajustement parfait, offrant \u00e0 la fois confort et confiance. Que vous soyez <a href=\"https:\/\/beacheden.com\/fr\/bikini-triangle\/?wmc-currency=EUR\" title=\"Femmes en maillot de bain europ\u00e9en et am\u00e9ricain \u00e0 fente triangulaire\" target=\"_blank\" rel=\"noopener\"  data-wpil-monitor-id=\"170\">se pr\u00e9lasser au bord de la piscine<\/a> ou de prendre le soleil \u00e0 la plage, ce bikini est votre ultime d\u00e9claration de style. Adoptez le glamour audacieux et brillez plus que jamais, car vous m\u00e9ritez de vous d\u00e9marquer !<\/p>\n<p><b>Informations sur le produit :<\/b><br \/>\nCouleur : Noir<br \/>\nTaille : S, M, L<br \/>\nStyle : slip, bikini, boxer, bikini triangle, bikini jupe, maillot de bain fendu, maillot de bain surf d\u00e9contract\u00e9<br \/>\nStyle de motif : couleur unie<br \/>\nNom de la doublure : Nylon<br \/>\nSc\u00e9narios d'application : natation et pataugeage<br \/>\nSexe applicable : F\u00e9minin<br \/>\n\u00c2ge applicable : Adulte<\/p>\n<p><b>Taille :<\/b><\/p>\n<p><img decoding=\"async\" src=\"https:\/\/cf.cjdropshipping.com\/0adc77e3-7a2e-4764-8edc-f24cb9ab3ab9.jpg?x-oss-process=image\/quality,q_100\" alt=\"\"><\/p>\n<p>&nbsp;<\/p>\n<p><b>Remarque :<\/b><\/p>\n<p>1. Les tailles asiatiques sont 1 \u00e0 2 tailles plus petites que les tailles europ\u00e9ennes et am\u00e9ricaines. Choisissez la taille la plus grande si votre taille se situe entre deux tailles. Veuillez tenir compte d'une diff\u00e9rence de 2 \u00e0 3 cm due aux mesures manuelles. 2. Si vous ne savez pas comment choisir votre taille, veuillez contacter notre service client\u00e8le. 3) Comme vous le savez, les ordinateurs affichent les couleurs diff\u00e9remment, la couleur de l'article r\u00e9el peut varier l\u00e9g\u00e8rement par rapport aux images suivantes.<br \/>\n<b>Liste d'emballage : <\/b><\/p>\n<p>Slip * 1 Soutien-gorge * 1<br \/>\n<b>Image du produit :<\/b><\/p>\n<p><img loading=\"lazy\" decoding=\"async\" class=\"alignnone\" src=\"https:\/\/cf.cjdropshipping.com\/1af6fd53-ae18-439f-a488-874a579eaa6a.jpg\" alt=\"Bikini \u00e9tincelant avec top triangulaire\" width=\"1340\" height=\"1785\" \/><br \/>\n<img decoding=\"async\" src=\"https:\/\/cf.cjdropshipping.com\/94306aeb-2265-4b10-b76d-865c03443082.jpg\" alt=\"\"><br \/>\n<img decoding=\"async\" src=\"https:\/\/cf.cjdropshipping.com\/7027f6bb-922f-476e-aecb-b8385db28bb0.jpg\" alt=\"\"><\/p>","protected":false},"excerpt":{"rendered":"<p>Bikini \u00e9tincelant avec haut triangulaire con\u00e7u pour vous \u00e9blouir. Combine <a href=\"https:\/\/beacheden.com\/fr\/bikini-triangle-2\/?wmc-currency=EUR\" title=\"Bikini europ\u00e9en et am\u00e9ricain \u00e0 triangle suspendu et \u00e0 encolure crois\u00e9e\" target=\"_blank\" rel=\"noopener\"  data-wpil-monitor-id=\"94\">confort et style<\/a> sans effort, vous permettant ainsi de voler la vedette o\u00f9 que vous alliez. Parfait pour une ambiance de plage confiante !<\/p>","protected":false},"featured_media":15289,"comment_status":"open","ping_status":"closed","template":"","meta":[],"product_brand":[],"product_cat":[40],"product_tag":[],"class_list":{"0":"post-15293","1":"product","2":"type-product","3":"status-publish","4":"has-post-thumbnail","6":"product_cat-bikini","8":"first","9":"instock","10":"taxable","11":"shipping-taxable","12":"purchasable","13":"product-type-variable"},"_links":{"self":[{"href":"https:\/\/beacheden.com\/fr\/wp-json\/wp\/v2\/product\/15293","targetHints":{"allow":["GET"]}}],"collection":[{"href":"https:\/\/beacheden.com\/fr\/wp-json\/wp\/v2\/product"}],"about":[{"href":"https:\/\/beacheden.com\/fr\/wp-json\/wp\/v2\/types\/product"}],"replies":[{"embeddable":true,"href":"https:\/\/beacheden.com\/fr\/wp-json\/wp\/v2\/comments?post=15293"}],"wp:featuredmedia":[{"embeddable":true,"href":"https:\/\/beacheden.com\/fr\/wp-json\/wp\/v2\/media\/15289"}],"wp:attachment":[{"href":"https:\/\/beacheden.com\/fr\/wp-json\/wp\/v2\/media?parent=15293"}],"wp:term":[{"taxonomy":"product_brand","embeddable":true,"href":"https:\/\/beacheden.com\/fr\/wp-json\/wp\/v2\/product_brand?post=15293"},{"taxonomy":"product_cat","embeddable":true,"href":"https:\/\/beacheden.com\/fr\/wp-json\/wp\/v2\/product_cat?post=15293"},{"taxonomy":"product_tag","embeddable":true,"href":"https:\/\/beacheden.com\/fr\/wp-json\/wp\/v2\/product_tag?post=15293"}],"curies":[{"name":"wp","href":"https:\/\/api.w.org\/{rel}","templated":true}]}}