{"id":15265,"date":"2025-04-11T03:04:57","date_gmt":"2025-04-11T10:04:57","guid":{"rendered":"https:\/\/beacheden.com\/womens-sexy-tube-top-high-waist-split-swimsuit\/"},"modified":"2025-07-21T14:15:14","modified_gmt":"2025-07-21T21:15:14","slug":"bikini-tube-avec-design-taille-haute","status":"publish","type":"product","link":"https:\/\/beacheden.com\/fr\/bikini-tube-avec-design-taille-haute\/","title":{"rendered":"Maillot de bain Sexy Tube Top High Waist Split pour femmes"},"content":{"rendered":"<p>Entrez dans l'\u00e9t\u00e9 en toute confiance avec notre bikini tubulaire \u00e0 taille haute. Cette superbe pi\u00e8ce allie \u00e9l\u00e9gance intemporelle et style moderne, et est con\u00e7ue pour flatter toutes les courbes. Le haut tubulaire offre une coupe s\u00fbre et sans bretelles, tandis que le bas \u00e0 taille haute permet de contr\u00f4ler le ventre et d'obtenir une silhouette d'inspiration r\u00e9tro.<\/p>\n<p>Fabriqu\u00e9 dans un tissu de qualit\u00e9 sup\u00e9rieure \u00e0 s\u00e9chage rapide, ce bikini assure confort et maintien tout au long de la journ\u00e9e. Que vous vous pr\u00e9lassiez au bord de la piscine ou que vous preniez le soleil \u00e0 la plage, cet ensemble est le choix id\u00e9al pour un glamour sans effort. Laissez-vous envahir par la d\u00e9esse qui sommeille en vous et faites des vagues cette saison !<\/p>\n<p><b>\u00a0Informations sur le produit :<\/b><\/p>\n<p>Sexe applicable : f\u00e9minin<br \/>\nComposition du tissu : polypropyl\u00e8ne<br \/>\nContenu de la composition du tissu : 1 (%)<br \/>\nCouleurs : Blanc, Noir<\/p>\n<p>&nbsp;<\/p>\n<p><b>Informations sur la taille :<\/b><br \/>\nTaille : S, M, L, XL<\/p>\n<table border=\"0\" width=\"100%\" cellspacing=\"0\" cellpadding=\"0\">\n<tbody>\n<tr>\n<th>TAILLE<\/th>\n<th>Hauteur sugg\u00e9r\u00e9e (CM)<\/th>\n<th>poids recommand\u00e9( <span style=\"font-size: 1em;\">f\u00e9lin<\/span> <span style=\"font-size: 1em;\">)<\/span><\/th>\n<th>Tour de taille (pied)<\/th>\n<th>buste<\/th>\n<\/tr>\n<tr>\n<td>S<\/td>\n<td>152-165<\/td>\n<td>80-100<\/td>\n<td>Moins de 2 pieds<\/td>\n<td>70A-75B<\/td>\n<\/tr>\n<tr>\n<td>M<\/td>\n<td>152-170<\/td>\n<td>98-112<\/td>\n<td>2-2.1<\/td>\n<td>75A-80B<\/td>\n<\/tr>\n<tr>\n<td>L<\/td>\n<td>155-170<\/td>\n<td>112-128<\/td>\n<td>2.2-2.3<\/td>\n<td>75B-80C<\/td>\n<\/tr>\n<tr>\n<td>XL<\/td>\n<td>160-175<\/td>\n<td>128-140<\/td>\n<td>2.3-2.5<\/td>\n<td>80B-85D<\/td>\n<\/tr>\n<\/tbody>\n<\/table>\n<p>&nbsp;<\/p>\n<p><b>Pr\u00e9cautions :<\/b><\/p>\n<p>1. Les tailles asiatiques sont 1 \u00e0 2 tailles plus petites que les tailles europ\u00e9ennes et am\u00e9ricaines. Choisissez la taille la plus grande si votre taille se situe entre deux tailles. Veuillez tenir compte d'une diff\u00e9rence de 2 \u00e0 3 cm due aux mesures manuelles.<\/p>\n<p>2. Veuillez consulter attentivement le tableau des tailles avant d'acheter l'article. Si vous ne savez pas comment choisir votre taille, veuillez contacter notre service client\u00e8le.<\/p>\n<p>3) Comme vous le savez, les ordinateurs affichent les couleurs diff\u00e9remment, la couleur de l'article r\u00e9el peut varier l\u00e9g\u00e8rement par rapport aux images suivantes.<\/p>\n<p>&nbsp;<\/p>\n<p><b>Liste d'emballage :\u00a0<\/b><\/p>\n<p>1*bra+pantalon*1<\/p>\n<p>&nbsp;<\/p>\n<p><img loading=\"lazy\" decoding=\"async\" class=\"alignnone\" src=\"https:\/\/cf.cjdropshipping.com\/1618189157160.jpg\" alt=\"Bikini tubulaire \u00e0 taille haute\" width=\"800\" height=\"1066\" \/> <img decoding=\"async\" src=\"https:\/\/cf.cjdropshipping.com\/1618189157157.jpg\" alt=\"\"><\/p>\n<p><img decoding=\"async\" src=\"https:\/\/cf.cjdropshipping.com\/1618189172897.jpg\" alt=\"\"> <img decoding=\"async\" src=\"https:\/\/cf.cjdropshipping.com\/1618189172892.jpg\" alt=\"\"> <img decoding=\"async\" src=\"https:\/\/cf.cjdropshipping.com\/1618189192787.jpg\" alt=\"\"> <img decoding=\"async\" src=\"https:\/\/cf.cjdropshipping.com\/1618189192789.jpg\" alt=\"\"><\/p>","protected":false},"excerpt":{"rendered":"<p>Le bikini tubulaire \u00e0 taille haute offre un look chic d'inspiration r\u00e9tro. Parfaitement con\u00e7u pour flatter toutes les morphologies, il combine <a href=\"https:\/\/beacheden.com\/fr\/bikini-triangle-2\/?wmc-currency=EUR\" title=\"Bikini europ\u00e9en et am\u00e9ricain \u00e0 triangle suspendu et \u00e0 encolure crois\u00e9e\" target=\"_blank\" rel=\"noopener\"  data-wpil-monitor-id=\"96\">confort et style<\/a> sans effort. Am\u00e9liorez votre jeu de v\u00eatements de plage d\u00e8s aujourd'hui !<\/p>","protected":false},"featured_media":15259,"comment_status":"open","ping_status":"closed","template":"","meta":[],"product_brand":[],"product_cat":[40],"product_tag":[],"class_list":{"0":"post-15265","1":"product","2":"type-product","3":"status-publish","4":"has-post-thumbnail","6":"product_cat-bikini","8":"first","9":"instock","10":"taxable","11":"shipping-taxable","12":"purchasable","13":"product-type-variable"},"_links":{"self":[{"href":"https:\/\/beacheden.com\/fr\/wp-json\/wp\/v2\/product\/15265","targetHints":{"allow":["GET"]}}],"collection":[{"href":"https:\/\/beacheden.com\/fr\/wp-json\/wp\/v2\/product"}],"about":[{"href":"https:\/\/beacheden.com\/fr\/wp-json\/wp\/v2\/types\/product"}],"replies":[{"embeddable":true,"href":"https:\/\/beacheden.com\/fr\/wp-json\/wp\/v2\/comments?post=15265"}],"wp:featuredmedia":[{"embeddable":true,"href":"https:\/\/beacheden.com\/fr\/wp-json\/wp\/v2\/media\/15259"}],"wp:attachment":[{"href":"https:\/\/beacheden.com\/fr\/wp-json\/wp\/v2\/media?parent=15265"}],"wp:term":[{"taxonomy":"product_brand","embeddable":true,"href":"https:\/\/beacheden.com\/fr\/wp-json\/wp\/v2\/product_brand?post=15265"},{"taxonomy":"product_cat","embeddable":true,"href":"https:\/\/beacheden.com\/fr\/wp-json\/wp\/v2\/product_cat?post=15265"},{"taxonomy":"product_tag","embeddable":true,"href":"https:\/\/beacheden.com\/fr\/wp-json\/wp\/v2\/product_tag?post=15265"}],"curies":[{"name":"wp","href":"https:\/\/api.w.org\/{rel}","templated":true}]}}